{"id":2756,"date":"2022-07-04T23:58:49","date_gmt":"2022-07-04T15:58:49","guid":{"rendered":"https:\/\/www.quartzite-stone.com\/product\/patagonia-white-granite\/"},"modified":"2022-09-27T18:08:10","modified_gmt":"2022-09-27T10:08:10","slug":"patagonia-granito-blanco","status":"publish","type":"product","link":"https:\/\/www.quartzite-stone.com\/es\/products\/patagonia-white-granite\/","title":{"rendered":"Granito Blanco Patagonia"},"content":{"rendered":"<p>INFORMACI\u00d3N ADICIONAL<\/p>\n<table>\n<tbody>\n<tr>\n<td width=\"124\"><strong>MATERIAL<\/strong><\/td>\n<td width=\"444\">Granito<\/td>\n<\/tr>\n<tr>\n<td width=\"124\"><strong>COLOR<\/strong><\/td>\n<td width=\"444\">Blanco<\/td>\n<\/tr>\n<tr>\n<td width=\"124\"><strong>PA\u00cdS DE ORIGEN<\/strong><\/td>\n<td width=\"444\">Brasil<\/td>\n<\/tr>\n<tr>\n<td width=\"124\"><strong>ACABADO DE LA SUPERFICIE<\/strong><\/td>\n<td width=\"444\">Pulido, afilado con piedra, revestido de cuero<\/td>\n<\/tr>\n<tr>\n<td width=\"124\"><strong>USAR<\/strong><\/td>\n<td width=\"444\">Cocinas, Ba\u00f1os, Pisos, Paredes, Azulejos, Losas<\/td>\n<\/tr>\n<tr>\n<td width=\"124\"><strong>DISPONIBILIDAD<\/strong><\/td>\n<td width=\"444\">Por favor, compruebe la disponibilidad de stock con HRST STONE para visitar.<\/p>\n<p>Las muestras de piedra tampoco est\u00e1n disponibles para cada selecci\u00f3n de piedra, consulte la disponibilidad.<\/td>\n<\/tr>\n<\/tbody>\n<\/table>\n<p>&nbsp;<\/p>\n<p>El granito blanco de Patagonia puede ser una de las piedras m\u00e1s complejas disponibles. Una mezcla de granito y cuarcita, esta piedra puede tener dos dise\u00f1os distintivos. Con secciones de cristalino gris y \u00e1reas marfil\/amarillas con cristales grises, marrones, negros. Esta es una piedra dram\u00e1tica ideal para el cliente que busca hacer una declaraci\u00f3n y que reconoce su belleza. Perfecto para pared decorativa, encimera de cocina o tocador de ba\u00f1o.<\/p>\n<p>El Granito Blanco Patagonia es una hermosa piedra con capas de color que van del marfil al negro. Los tonos y colores se mezclan de forma ecl\u00e9ctica, d\u00e1ndole m\u00e1s car\u00e1cter que otras piedras del mercado. Tambi\u00e9n tiene dos caracter\u00edsticas distintas: presenta un cristalino gris de manera prominente mientras que tambi\u00e9n muestra cristales de cuarcita de color \u00e1mbar contra su capa base oscura. Esta combinaci\u00f3n lo hace perfecto para los alrededores de la chimenea, las paredes decorativas o las brillantes encimeras de la cocina, \u00a1o incluso como la parte superior del tocador del ba\u00f1o!<\/p>\n<p><img decoding=\"async\" class=\"aligncenter\" src=\"https:\/\/data.adwebcloud.com\/public\/material\/220426a7q47o\/product\/imageFile_1664271829590.jpg\" alt=\"\" \/><\/p>\n<p><img decoding=\"async\" class=\"aligncenter\" src=\"https:\/\/data.adwebcloud.com\/public\/material\/220426a7q47o\/product\/imageFile_1664271830768.jpg\" alt=\"\" \/><\/p>\n<p><img decoding=\"async\" class=\"aligncenter\" src=\"https:\/\/data.adwebcloud.com\/public\/material\/220426a7q47o\/product\/imageFile_1664271831695.jpg\" alt=\"\" \/><\/p>\n<p><img decoding=\"async\" class=\"aligncenter\" src=\"https:\/\/data.adwebcloud.com\/public\/material\/220426a7q47o\/product\/imageFile_1664271832773.jpg\" alt=\"\" \/><\/p>","protected":false},"excerpt":{"rendered":"<p>El granito blanco de Patagonia puede ser una de las piedras m\u00e1s complejas disponibles. Una mezcla de granito y cuarcita, esta piedra puede tener dos dise\u00f1os distintivos. Con secciones de cristalino gris y \u00e1reas marfil\/amarillas con cristales grises, marrones, negros. Esta es una piedra dram\u00e1tica ideal para el cliente...<\/p>","protected":false},"featured_media":3860,"comment_status":"closed","ping_status":"closed","template":"","meta":[],"product_brand":[],"product_cat":[205],"product_tag":[385],"class_list":{"0":"post-2756","1":"product","2":"type-product","3":"status-publish","4":"has-post-thumbnail","6":"product_cat-granite","7":"product_tag-bathroomsfloorsgranitekitchensslabstileswallswhite","9":"first","10":"instock","11":"product-type-simple"},"_links":{"self":[{"href":"https:\/\/www.quartzite-stone.com\/es\/wp-json\/wp\/v2\/product\/2756","targetHints":{"allow":["GET"]}}],"collection":[{"href":"https:\/\/www.quartzite-stone.com\/es\/wp-json\/wp\/v2\/product"}],"about":[{"href":"https:\/\/www.quartzite-stone.com\/es\/wp-json\/wp\/v2\/types\/product"}],"replies":[{"embeddable":true,"href":"https:\/\/www.quartzite-stone.com\/es\/wp-json\/wp\/v2\/comments?post=2756"}],"wp:featuredmedia":[{"embeddable":true,"href":"https:\/\/www.quartzite-stone.com\/es\/wp-json\/wp\/v2\/media\/3860"}],"wp:attachment":[{"href":"https:\/\/www.quartzite-stone.com\/es\/wp-json\/wp\/v2\/media?parent=2756"}],"wp:term":[{"taxonomy":"product_brand","embeddable":true,"href":"https:\/\/www.quartzite-stone.com\/es\/wp-json\/wp\/v2\/product_brand?post=2756"},{"taxonomy":"product_cat","embeddable":true,"href":"https:\/\/www.quartzite-stone.com\/es\/wp-json\/wp\/v2\/product_cat?post=2756"},{"taxonomy":"product_tag","embeddable":true,"href":"https:\/\/www.quartzite-stone.com\/es\/wp-json\/wp\/v2\/product_tag?post=2756"}],"curies":[{"name":"wp","href":"https:\/\/api.w.org\/{rel}","templated":true}]}}