{"id":2748,"date":"2022-07-04T23:58:49","date_gmt":"2022-07-04T15:58:49","guid":{"rendered":"https:\/\/www.quartzite-stone.com\/product\/pink-lady-cristallo-quartzite\/"},"modified":"2023-06-27T12:09:17","modified_gmt":"2023-06-27T04:09:17","slug":"cuarcita-cristallo-pink-lady","status":"publish","type":"product","link":"https:\/\/www.quartzite-stone.com\/es\/products\/pink-lady-cristallo-quartzite\/","title":{"rendered":"Pink Lady Cristallo Cuarcita"},"content":{"rendered":"<p>INFORMACI\u00d3N ADICIONAL<\/p>\n<table>\n<tbody>\n<tr>\n<td width=\"124\"><strong>MATERIAL<\/strong><\/td>\n<td width=\"444\">Cuarcita<\/td>\n<\/tr>\n<tr>\n<td width=\"124\"><strong>COLOR<\/strong><\/td>\n<td width=\"444\">Rosa<\/td>\n<\/tr>\n<tr>\n<td width=\"124\"><strong>PA\u00cdS DE ORIGEN<\/strong><\/td>\n<td width=\"444\">Brasil<\/td>\n<\/tr>\n<tr>\n<td width=\"124\"><strong>ACABADO DE LA SUPERFICIE<\/strong><\/td>\n<td width=\"444\">Pulido, afilado con piedra, revestido de cuero<\/td>\n<\/tr>\n<tr>\n<td width=\"124\"><strong>USAR<\/strong><\/td>\n<td width=\"444\">Cocinas, Ba\u00f1os, Pisos, Paredes, Azulejos, Losas<\/td>\n<\/tr>\n<tr>\n<td width=\"124\"><strong>DISPONIBILIDAD<\/strong><\/td>\n<td width=\"444\">Por favor, compruebe la disponibilidad de stock con HRST STONE para visitar.<\/p>\n<p>Las muestras de piedra tampoco est\u00e1n disponibles para cada selecci\u00f3n de piedra, consulte la disponibilidad.<\/p>\n<\/td>\n<\/tr>\n<\/tbody>\n<\/table>\n<p>La Cuarcita Pink Lady Cristallo es un cuarzo puro, totalmente transl\u00facido, con un fondo blanco rosado y finas vetas rosa-beige y doradas. Si desea una encimera de color rosa que le d\u00e9 un toque femenino, elija la Cuarcita Pink Lady Cristallo. Esta Cuarcita Pink Lady Cristallo presenta un fondo rosa fr\u00edo con texturas doradas, creando un aspecto multidimensional en toda la pizarra. La Cuarcita Pink Lady Cristallo es perfecta para cocinas y ba\u00f1os, as\u00ed como para espacios exteriores.<\/p>\n<p>Cristallo es una elegante cuarcita blanca caracterizada por un fondo inusualmente blanco con finas texturas beige y grises que acent\u00faan el car\u00e1cter cristalino natural del material.<\/p>\n<p>Pink Cristallo Pink es un cuarzo puro, totalmente transl\u00facido, con un fondo blanco rosado y una fina textura beige rosada y dorada. Sus sutiles matices crean un ambiente suave y et\u00e9reo que transmite una sensaci\u00f3n de elegancia.<\/p>\n<p><img decoding=\"async\" class=\"aligncenter\" src=\"https:\/\/data.adwebcloud.com\/public\/material\/220426a7q47o\/product\/imageFile_1664271819567.jpg\" alt=\"\" \/><\/p>\n<p>Esta cuarcita en particular se presenta en hermosos tonos rosa suave que van desde el rosa rubor al salm\u00f3n o el coral. El intrincado veteado del cuarzo Pink Lady Cristallo realza a\u00fan m\u00e1s su atractivo visual. Estas texturas var\u00edan en color, apareciendo a menudo en blanco, crema, gris, o incluso un toque de oro, que contrasta muy bien con el fondo rosa.<\/p>\n<p><img decoding=\"async\" class=\"aligncenter\" src=\"https:\/\/data.adwebcloud.com\/public\/material\/220426a7q47o\/product\/imageFile_1664271820373.jpg\" alt=\"\" \/><\/p>\n<p>La piedra de cuarzo Pink Lady Cristallo tiene muchos usos. Se utiliza habitualmente en encimeras de cocina, lavabos, salpicaderos y revestimientos de suelos y paredes. Su aspecto sofisticado la convierte en una elecci\u00f3n popular para crear una pieza o un punto focal en proyectos de dise\u00f1o de interiores.<\/p>\n<p>Al seleccionar Cuarzo Cristallo Pink Lady es importante tener en cuenta que la variaci\u00f3n en la textura y el color es una caracter\u00edstica inherente a la piedra natural. Se recomienda revisar y seleccionar las tablas espec\u00edficas que pretende utilizar para asegurarse de que se ajustan a su visi\u00f3n del dise\u00f1o.<\/p>\n<p><img decoding=\"async\" class=\"aligncenter\" src=\"https:\/\/data.adwebcloud.com\/public\/material\/220426a7q47o\/product\/imageFile_1664271821149.jpg\" alt=\"\" \/><\/p>\n<p>En general, el Cuarzo Cristallo Pink Lady es una piedra radiante y duradera con un suave tono rosa y un atractivo veteado. Su belleza, resistencia y versatilidad la convierten en una gran elecci\u00f3n para a\u00f1adir elegancia y sofisticaci\u00f3n a cualquier espacio.<\/p><\/p>","protected":false},"excerpt":{"rendered":"<p>Pink Lady Cristallo Quartzite es un cuarzo puro, totalmente transl\u00facido, con un fondo rosa-blanco y finas vetas rosa-beige y doradas. Si desea una encimera rosa fresca que le d\u00e9 un ambiente femenino, aseg\u00farese de elegir Pink Lady Cristallo Quartzite. Esta cuarcita Pink Lady Cristallo presenta un fresco ...<\/p>","protected":false},"featured_media":7245,"comment_status":"closed","ping_status":"closed","template":"","meta":[],"product_brand":[],"product_cat":[195],"product_tag":[988,989,993,994,995,990,991,992],"class_list":{"0":"post-2748","1":"product","2":"type-product","3":"status-publish","4":"has-post-thumbnail","6":"product_cat-quartzite","7":"product_tag-cristallo-rosa-quartzite","8":"product_tag-pink-cristallo-quartzite","9":"product_tag-pink-lady-cristallo-quartzite-slabs","10":"product_tag-pink-lady-cristallo-quartzite-tiles","11":"product_tag-pink-lady-cristallo-quartzite-walls","12":"product_tag-pink-lady-quartzite","13":"product_tag-pink-quartzite","14":"product_tag-rosa-quartzite","16":"first","17":"instock","18":"product-type-simple"},"_links":{"self":[{"href":"https:\/\/www.quartzite-stone.com\/es\/wp-json\/wp\/v2\/product\/2748","targetHints":{"allow":["GET"]}}],"collection":[{"href":"https:\/\/www.quartzite-stone.com\/es\/wp-json\/wp\/v2\/product"}],"about":[{"href":"https:\/\/www.quartzite-stone.com\/es\/wp-json\/wp\/v2\/types\/product"}],"replies":[{"embeddable":true,"href":"https:\/\/www.quartzite-stone.com\/es\/wp-json\/wp\/v2\/comments?post=2748"}],"wp:featuredmedia":[{"embeddable":true,"href":"https:\/\/www.quartzite-stone.com\/es\/wp-json\/wp\/v2\/media\/7245"}],"wp:attachment":[{"href":"https:\/\/www.quartzite-stone.com\/es\/wp-json\/wp\/v2\/media?parent=2748"}],"wp:term":[{"taxonomy":"product_brand","embeddable":true,"href":"https:\/\/www.quartzite-stone.com\/es\/wp-json\/wp\/v2\/product_brand?post=2748"},{"taxonomy":"product_cat","embeddable":true,"href":"https:\/\/www.quartzite-stone.com\/es\/wp-json\/wp\/v2\/product_cat?post=2748"},{"taxonomy":"product_tag","embeddable":true,"href":"https:\/\/www.quartzite-stone.com\/es\/wp-json\/wp\/v2\/product_tag?post=2748"}],"curies":[{"name":"wp","href":"https:\/\/api.w.org\/{rel}","templated":true}]}}