{"id":2715,"date":"2022-07-04T23:57:22","date_gmt":"2022-07-04T15:57:22","guid":{"rendered":"https:\/\/www.quartzite-stone.com\/product\/oyster-white-quartzite\/"},"modified":"2023-06-27T16:28:14","modified_gmt":"2023-06-27T08:28:14","slug":"cuarcita-blanca-ostra","status":"publish","type":"product","link":"https:\/\/www.quartzite-stone.com\/es\/products\/oyster-white-quartzite\/","title":{"rendered":"Cuarcita blanca ostra"},"content":{"rendered":"<p>INFORMACI\u00d3N ADICIONAL<\/p>\n<table>\n<tbody>\n<tr>\n<td width=\"124\"><strong>MATERIAL<\/strong><\/td>\n<td width=\"444\">Granito<\/td>\n<\/tr>\n<tr>\n<td width=\"124\"><strong>COLOR<\/strong><\/td>\n<td width=\"444\">crema<\/td>\n<\/tr>\n<tr>\n<td width=\"124\"><strong>PA\u00cdS DE ORIGEN<\/strong><\/td>\n<td width=\"444\">Brasil<\/td>\n<\/tr>\n<tr>\n<td width=\"124\"><strong>ACABADO DE LA SUPERFICIE<\/strong><\/td>\n<td width=\"444\">Pulido, afilado con piedra, revestido de cuero<\/td>\n<\/tr>\n<tr>\n<td width=\"124\"><strong>USAR<\/strong><\/td>\n<td width=\"444\">Cocinas, Ba\u00f1os, Pisos, Paredes, Azulejos, Losas<\/td>\n<\/tr>\n<tr>\n<td width=\"124\"><strong>DISPONIBILIDAD<\/strong><\/td>\n<td width=\"444\">Por favor, compruebe la disponibilidad de stock con HRST STONE para visitar.<\/p>\n<p>Las muestras de piedra tampoco est\u00e1n disponibles para cada selecci\u00f3n de piedra, consulte la disponibilidad.<\/p>\n<\/td>\n<\/tr>\n<\/tbody>\n<\/table>\n<p>Oyster White Quartzite tiene un aspecto contempor\u00e1neo con sus patrones en capas, texturizados y moteados, &quot;efectos especiales&quot; que la naturaleza ha proporcionado durante milenios. Los colores de este m\u00e1rmol, desde el blanco hasta el gris p\u00e1lido y oscuro, pueden combinarse con otros materiales para muchas aplicaciones y utilizarse para los mejores proyectos de dise\u00f1o que requieren un acento especial.<\/p>\n<p>La Cuarcita Blanca Ostra es una piedra natural de color blanco con texturas en gris claro, negro y verde. Esta piedra tiene una cierta transmisi\u00f3n de luz. Los tres colores de blanco, negro y verde en la superficie de la losa est\u00e1n intercalados, y la imagen tiene la sensaci\u00f3n de ostras.<\/p>\n<p><img decoding=\"async\" class=\"aligncenter\" src=\"https:\/\/data.adwebcloud.com\/public\/material\/220426a7q47o\/product\/imageFile_1664271807933.jpg\" alt=\"\" \/><\/p>\n<p>El color de la cuarcita blanca de ostra puede variar de blanco cremoso a gris claro, asemej\u00e1ndose a los tonos suaves y sutiles de las conchas de ostra. Esta paleta de colores neutros le permite combinar a la perfecci\u00f3n con varios estilos de dise\u00f1o y combinaciones de colores. La piedra a menudo exhibe una ligera translucidez, lo que le da una profundidad y un inter\u00e9s visual \u00fanicos.<\/p>\n<p>Una de las caracter\u00edsticas notables de Oyster White Quartzite es su hermoso veteado y patrones. Puede presentar delicadas vetas en tonos de gris, beige o incluso toques de azul p\u00e1lido o verde. Estas vetas a\u00f1aden dimensi\u00f3n y car\u00e1cter a la piedra, creando un aspecto cautivador y sofisticado.<\/p>\n<p><img decoding=\"async\" class=\"aligncenter\" src=\"https:\/\/data.adwebcloud.com\/public\/material\/220426a7q47o\/product\/imageFile_1664271808809.jpg\" alt=\"\" \/><\/p>\n<p>M\u00e1s all\u00e1 de su atractivo est\u00e9tico, Oyster White Quartzite ofrece una excelente durabilidad y rendimiento. Tiene una alta resistencia al calor, los rayones y las manchas, lo que lo hace adecuado para una amplia gama de aplicaciones. Se usa com\u00fanmente para encimeras, salpicaderos, pisos y revestimientos de paredes tanto en entornos residenciales como comerciales.<\/p>\n<p>Oyster White Quartzite brinda un aspecto atemporal y cl\u00e1sico, lo que lo hace vers\u00e1til para una variedad de temas de dise\u00f1o de interiores. Combina bien con diferentes acabados de gabinetes, materiales para pisos y elementos decorativos, lo que permite infinitas posibilidades para crear espacios elegantes y cohesivos.<\/p>\n<p><img decoding=\"async\" class=\"aligncenter\" src=\"https:\/\/data.adwebcloud.com\/public\/material\/220426a7q47o\/product\/imageFile_1664271809722.jpg\" alt=\"\" \/><\/p>\n<p>Oyster White Quartzite brinda un aspecto atemporal y cl\u00e1sico, lo que lo hace vers\u00e1til para una variedad de temas de dise\u00f1o de interiores. Combina bien con diferentes acabados de gabinetes, materiales para pisos y elementos decorativos, lo que permite infinitas posibilidades para crear espacios elegantes y cohesivos.<\/p>\n<p>Al seleccionar Oyster White Quartzite, es importante tener en cuenta que las variaciones de color, vetas y patrones son inherentes a la piedra natural. Es aconsejable ver y elegir las losas espec\u00edficas que pretende utilizar para asegurarse de que cumplan con los requisitos est\u00e9ticos deseados.<\/p>\n<p>En resumen, la cuarcita blanca ostra es una piedra natural sofisticada y duradera con una paleta de colores neutros y vetas intrincadas. Su versatilidad, combinada con su fuerza y elegancia, lo convierte en una opci\u00f3n popular para agregar un toque de sofisticaci\u00f3n a cualquier espacio residencial o comercial.<\/p><\/p>","protected":false},"excerpt":{"rendered":"<p>Oyster White Quartzite tiene un aspecto contempor\u00e1neo con sus patrones en capas, texturizados y moteados, &quot;efectos especiales&quot; que la naturaleza ha proporcionado durante milenios. Los colores de este m\u00e1rmol, desde el blanco hasta el gris p\u00e1lido y oscuro, se pueden combinar con otros materiales para muchas aplicaciones y se pueden usar para \u2026<\/p>","protected":false},"featured_media":7322,"comment_status":"closed","ping_status":"closed","template":"","meta":[],"product_brand":[],"product_cat":[195],"product_tag":[1023,1024,1025,1026,1028,1027,1029,1030],"class_list":{"0":"post-2715","1":"product","2":"type-product","3":"status-publish","4":"has-post-thumbnail","6":"product_cat-quartzite","7":"product_tag-oyster-white-quartzite-bathrooms","8":"product_tag-oyster-white-quartzite-countertop","9":"product_tag-oyster-white-quartzite-floors","10":"product_tag-oyster-white-quartzite-kitchens","11":"product_tag-oyster-white-quartzite-slabs","12":"product_tag-oyster-white-quartzite-table","13":"product_tag-oyster-white-quartzite-tiles","14":"product_tag-oyster-white-quartzite-walls","16":"first","17":"instock","18":"product-type-simple"},"_links":{"self":[{"href":"https:\/\/www.quartzite-stone.com\/es\/wp-json\/wp\/v2\/product\/2715","targetHints":{"allow":["GET"]}}],"collection":[{"href":"https:\/\/www.quartzite-stone.com\/es\/wp-json\/wp\/v2\/product"}],"about":[{"href":"https:\/\/www.quartzite-stone.com\/es\/wp-json\/wp\/v2\/types\/product"}],"replies":[{"embeddable":true,"href":"https:\/\/www.quartzite-stone.com\/es\/wp-json\/wp\/v2\/comments?post=2715"}],"wp:featuredmedia":[{"embeddable":true,"href":"https:\/\/www.quartzite-stone.com\/es\/wp-json\/wp\/v2\/media\/7322"}],"wp:attachment":[{"href":"https:\/\/www.quartzite-stone.com\/es\/wp-json\/wp\/v2\/media?parent=2715"}],"wp:term":[{"taxonomy":"product_brand","embeddable":true,"href":"https:\/\/www.quartzite-stone.com\/es\/wp-json\/wp\/v2\/product_brand?post=2715"},{"taxonomy":"product_cat","embeddable":true,"href":"https:\/\/www.quartzite-stone.com\/es\/wp-json\/wp\/v2\/product_cat?post=2715"},{"taxonomy":"product_tag","embeddable":true,"href":"https:\/\/www.quartzite-stone.com\/es\/wp-json\/wp\/v2\/product_tag?post=2715"}],"curies":[{"name":"wp","href":"https:\/\/api.w.org\/{rel}","templated":true}]}}