{"id":2666,"date":"2022-07-04T23:55:55","date_gmt":"2022-07-04T15:55:55","guid":{"rendered":"https:\/\/www.quartzite-stone.com\/product\/london-grey-quartzite\/"},"modified":"2023-06-27T16:27:59","modified_gmt":"2023-06-27T08:27:59","slug":"cuarcita-gris-londres","status":"publish","type":"product","link":"https:\/\/www.quartzite-stone.com\/es\/products\/london-grey-quartzite\/","title":{"rendered":"Cuarcita gris Londres"},"content":{"rendered":"<p>INFORMACI\u00d3N ADICIONAL<\/p>\n<table>\n<tbody>\n<tr>\n<td width=\"124\"><strong>MATERIAL<\/strong><\/td>\n<td width=\"444\">Cuarcita<\/td>\n<\/tr>\n<tr>\n<td width=\"124\"><strong>COLOR<\/strong><\/td>\n<td width=\"444\">Gris<\/td>\n<\/tr>\n<tr>\n<td width=\"124\"><strong>PA\u00cdS DE ORIGEN<\/strong><\/td>\n<td width=\"444\">Brasil<\/td>\n<\/tr>\n<tr>\n<td width=\"124\"><strong>ACABADO DE LA SUPERFICIE<\/strong><\/td>\n<td width=\"444\">Pulido, afilado con piedra, revestido de cuero<\/td>\n<\/tr>\n<tr>\n<td width=\"124\"><strong>USAR<\/strong><\/td>\n<td width=\"444\">Cocinas, Ba\u00f1os, Pisos, Paredes, Azulejos, Losas<\/td>\n<\/tr>\n<tr>\n<td width=\"124\"><strong>DISPONIBILIDAD<\/strong><\/td>\n<td width=\"444\">Por favor, compruebe la disponibilidad de stock con HRST STONE para visitar.<\/p>\n<p>Las muestras de piedra tampoco est\u00e1n disponibles para cada selecci\u00f3n de piedra, consulte la disponibilidad.<\/p>\n<\/td>\n<\/tr>\n<\/tbody>\n<\/table>\n<p>London Grey Quartzite es una piedra gris oscuro con un brillo sutil que se adapta tanto a dise\u00f1os de cocina claros como oscuros. La cuarcita gris Londres no es porosa y es muy resistente a las manchas y los rayones. Es un material ideal para ba\u00f1os y cocinas porque tiene cuatro veces m\u00e1s resistencia y el doble de impacto en comparaci\u00f3n con la piedra natural como el granito.<\/p>\n<\/p>\n<p><img decoding=\"async\" class=\"aligncenter\" src=\"https:\/\/data.adwebcloud.com\/public\/material\/220426a7q47o\/product\/imageFile_1664271847050.jpg\" alt=\"\" \/><\/p>\n<p>Gris Londres. El acabado transl\u00facido London Grey Quartzite lo hace \u00fanico entre muchas otras variantes de cuarzo gris. Un gris claro opaco elocuente se mezcla con una textura de carb\u00f3n suave. Por lo general, la serie London Grey Supernatural tiene un acabado pulido y pulido. Est\u00e1ndar, Jumbo. Un gris claro opaco y elocuente con una textura carb\u00f3n suave que es expresiva. est\u00e1 siendo ampliamente utilizado.<\/p>\n<p><img decoding=\"async\" class=\"aligncenter\" src=\"https:\/\/data.adwebcloud.com\/public\/material\/220426a7q47o\/product\/imageFile_1664271847842.jpg\" alt=\"\" \/><\/p>\n<p>La cuarcita gris Londres es una de las rocas m\u00e1s duraderas y qu\u00edmicamente resistentes que se encuentran en la superficie de la tierra. Al igual que otras piedras naturales, la cuarcita es una piedra extra\u00edda que se considera lujosa y de alta gama. Cuando se trata adecuadamente, la cuarcita resiste la humedad, las bacterias, las manchas, los rayones y tambi\u00e9n es resistente al calor. Cuando se calientan durante el proceso de fabricaci\u00f3n, las escamas de cuarzo individuales se recristalizan, dando como resultado un hermoso y decorativo patr\u00f3n brillante.<\/p>\n<p><img decoding=\"async\" class=\"aligncenter\" src=\"https:\/\/data.adwebcloud.com\/public\/material\/220426a7q47o\/product\/imageFile_1664271848845.jpg\" alt=\"\" \/><\/p>\n<p>Duradera, resistente a los rayones y vers\u00e1til, la cuarcita gris Londres es una excelente opci\u00f3n de material, mientras que el tono intenso del gris Londres tambi\u00e9n la convierte en una excelente opci\u00f3n de color para soluciones exteriores e interiores.<\/p>\n<p>Use cuarcita gris Londres para gabinetes de ba\u00f1o, revestimientos exteriores, adoquines exteriores, pisos interiores, paredes interiores, encimeras de cocina y otros proyectos de dise\u00f1o.<\/p><\/p>","protected":false},"excerpt":{"rendered":"<p>London Grey Quartzite es una piedra gris oscuro con un brillo sutil que se adapta tanto a dise\u00f1os de cocina claros como oscuros. La cuarcita gris Londres no es porosa y es muy resistente a las manchas y los rayones. Es un material ideal para ba\u00f1os y cocinas porque tiene cuatro veces m\u00e1s resistencia y el doble de impacto\u2026<\/p>","protected":false},"featured_media":7324,"comment_status":"closed","ping_status":"closed","template":"","meta":[],"product_brand":[],"product_cat":[195],"product_tag":[1006,1031,1034,1032,1033,1035,1036,1037],"class_list":{"0":"post-2666","1":"product","2":"type-product","3":"status-publish","4":"has-post-thumbnail","6":"product_cat-quartzite","7":"product_tag-grey-quartzite","8":"product_tag-london-grey-quartzite-bathrooms","9":"product_tag-london-grey-quartzite-countertops","10":"product_tag-london-grey-quartzite-floors","11":"product_tag-london-grey-quartzite-kitchens","12":"product_tag-london-grey-quartzite-slabs","13":"product_tag-london-grey-quartzite-tiles","14":"product_tag-london-grey-quartzite-walls","16":"first","17":"instock","18":"product-type-simple"},"_links":{"self":[{"href":"https:\/\/www.quartzite-stone.com\/es\/wp-json\/wp\/v2\/product\/2666","targetHints":{"allow":["GET"]}}],"collection":[{"href":"https:\/\/www.quartzite-stone.com\/es\/wp-json\/wp\/v2\/product"}],"about":[{"href":"https:\/\/www.quartzite-stone.com\/es\/wp-json\/wp\/v2\/types\/product"}],"replies":[{"embeddable":true,"href":"https:\/\/www.quartzite-stone.com\/es\/wp-json\/wp\/v2\/comments?post=2666"}],"wp:featuredmedia":[{"embeddable":true,"href":"https:\/\/www.quartzite-stone.com\/es\/wp-json\/wp\/v2\/media\/7324"}],"wp:attachment":[{"href":"https:\/\/www.quartzite-stone.com\/es\/wp-json\/wp\/v2\/media?parent=2666"}],"wp:term":[{"taxonomy":"product_brand","embeddable":true,"href":"https:\/\/www.quartzite-stone.com\/es\/wp-json\/wp\/v2\/product_brand?post=2666"},{"taxonomy":"product_cat","embeddable":true,"href":"https:\/\/www.quartzite-stone.com\/es\/wp-json\/wp\/v2\/product_cat?post=2666"},{"taxonomy":"product_tag","embeddable":true,"href":"https:\/\/www.quartzite-stone.com\/es\/wp-json\/wp\/v2\/product_tag?post=2666"}],"curies":[{"name":"wp","href":"https:\/\/api.w.org\/{rel}","templated":true}]}}