{"id":2586,"date":"2022-07-04T23:52:04","date_gmt":"2022-07-04T15:52:04","guid":{"rendered":"https:\/\/www.quartzite-stone.com\/product\/china-ice-green-marble\/"},"modified":"2022-09-27T17:43:37","modified_gmt":"2022-09-27T09:43:37","slug":"marmol-verde-hielo-china","status":"publish","type":"product","link":"https:\/\/www.quartzite-stone.com\/es\/products\/china-ice-green-marble\/","title":{"rendered":"China M\u00e1rmol verde hielo"},"content":{"rendered":"<h2><strong>Introducci\u00f3n al m\u00e1rmol verde hielo de china<\/strong><\/h2>\n<p>En los \u00faltimos dos a\u00f1os, hay muchas variedades de piedra populares en el mercado, desde microcristalina, a losas de roca, piedras de lujo, a prometer terrazo, etc., el m\u00e1rmol verde hielo de china es un noble y misterioso producto m\u00e1s vendido. El m\u00e1rmol verde hielo de China se produce en Yunnan. En t\u00e9rminos de color, no es un color muy puro, el color de fondo es blanco, la placa es de color negro, verde, etc. Una mezcla de colores o colores de gradaci\u00f3n, por lo que el excelente m\u00e1rmol verde hielo de China se produce en yunnan, por lo que es m\u00e1s misterioso como decoraci\u00f3n de fondo. Es uno de los m\u00e1rmoles verdes m\u00e1s populares.<\/p>\n<p>El m\u00e1rmol verde hielo de China tiene un color naturalmente saturado, no contiene pigmentos artificiales, es puramente natural y respetuoso con el medio ambiente. Como representante de los productos respetuosos con el medio ambiente, el m\u00e1rmol verde hielo de China tiene naturalmente sus propias caracter\u00edsticas. El excelente m\u00e1rmol verde hielo de China no s\u00f3lo tiene una buena rigidez y no es f\u00e1cil de deformar, sino que su dureza tambi\u00e9n es relativamente alta en comparaci\u00f3n con productos similares, y su resistencia al desgaste tambi\u00e9n es fuerte, por lo que no hay necesidad de preocuparse por su integridad y est\u00e9tica al chocar con otros objetos duros.<\/p>\n<p>El excelente m\u00e1rmol verde hielo de China viene con sus propias regulaciones en las l\u00edneas ca\u00f3ticas. El esp\u00edritu se convierte en un poema, y el brillo es como el jade. El temperamento moderno y limpio se infiltra con elegancia, haciendo que la gente se sienta segura y c\u00f3moda, interpretando un estilo \u00fanico de lujo elegante y ligero.<\/p>\n<p>China m\u00e1rmol verde hielo es una piedra verde impresionante que har\u00e1 una declaraci\u00f3n. White Beauty es otro nombre para este stone.Ice m\u00e1rmol verde es un verde\uff0cblanco y negro colores mixtos. <a href=\"https:\/\/www.quartzite-stone.com\/es\/producto-2\/espana-armani-marmol-marron\/\">m\u00e1rmol natural de china<\/a>. Este m\u00e1rmol puede ser retroiluminada con LED en la parte posterior, por lo que es ampliamente aplicaci\u00f3n para el revestimiento de paredes como la pared de TV, pared de la chimenea, zona de techo, etc. Tambi\u00e9n, se puede combinar con el gabinete de cocina o puerta de entrada, haci\u00e9ndolos ser \u00fanico.<\/p>\n<p>&nbsp;<\/p>\n<h2><strong>Ventajas y beneficios del m\u00e1rmol verde china ice<\/strong><\/h2>\n<ol>\n<li>Hermoso patr\u00f3n: El m\u00e1rmol verde hielo de China tiene un tipo de belleza natural, textura suave y delicada, y es suave y brillante, lujoso y atmosf\u00e9rico.<\/li>\n<li>Protecci\u00f3n ecol\u00f3gica del medio ambiente: El m\u00e1rmol verde hielo de porcelana natural es como las plantas y los \u00e1rboles en la vida natural. Puede llevarse muy bien con los seres humanos, y no hay sustancias radiactivas que afectan a la salud humana<\/li>\n<li>Cl\u00e1sico y atemporal: Excelente m\u00e1rmol verde hielo china tiene caracter\u00edsticas \u00fanicas y escasez.<\/li>\n<\/ol>\n<p>&nbsp;<\/p>\n<h2><strong>Informaci\u00f3n complementaria<\/strong><\/h2>\n<table width=\"568\">\n<tbody>\n<tr>\n<td width=\"148\"><strong>MATERIAL<\/strong><\/td>\n<td width=\"420\">M\u00e1rmol<\/td>\n<\/tr>\n<tr>\n<td width=\"148\"><strong>COLOR<\/strong><\/td>\n<td width=\"420\">Verde, blanco y negro<\/td>\n<\/tr>\n<tr>\n<td width=\"148\"><strong>PA\u00cdS DE ORIGEN<\/strong><\/td>\n<td width=\"420\">Porcelana<\/td>\n<\/tr>\n<tr>\n<td width=\"148\"><strong>ACABADO DE LA SUPERFICIE<\/strong><\/td>\n<td width=\"420\">Pulido, afilado con piedra, revestido de cuero<\/td>\n<\/tr>\n<tr>\n<td width=\"148\"><strong>USAR<\/strong><\/td>\n<td width=\"420\">Cocinas, Ba\u00f1os, Pisos, Paredes, Chimenea, Azulejos, Losas<\/td>\n<\/tr>\n<tr>\n<td width=\"148\"><strong>DISPONIBILIDAD<\/strong><\/td>\n<td width=\"420\">Consulte la disponibilidad de existencias con el equipo de ventas de HRST stone.<\/p>\n<p>Las muestras de piedra tampoco est\u00e1n disponibles para cada selecci\u00f3n de piedra, consulte la disponibilidad.<\/td>\n<\/tr>\n<\/tbody>\n<\/table>\n<p>&nbsp;<\/p>\n<p><img decoding=\"async\" class=\"aligncenter\" src=\"https:\/\/data.adwebcloud.com\/public\/material\/220426a7q47o\/product\/imageFile_1664271757338.jpg\" alt=\"\" \/><\/p>\n<p><img decoding=\"async\" class=\"aligncenter\" src=\"https:\/\/data.adwebcloud.com\/public\/material\/220426a7q47o\/product\/imageFile_1664271758229.jpg\" alt=\"\" \/><\/p>\n<p><img fetchpriority=\"high\" decoding=\"async\" class=\"aligncenter\" src=\"https:\/\/data.adwebcloud.com\/public\/material\/220426a7q47o\/product\/imageFile_1664271759203.jpg\" alt=\"\" width=\"750\" height=\"600\" \/><\/p>","protected":false},"excerpt":{"rendered":"<p>En los \u00faltimos dos a\u00f1os, hay muchas variedades de piedra populares en el mercado, desde microcristalina, a losas de roca, piedras de lujo, a prometer terrazo, etc., el m\u00e1rmol verde hielo de China es un noble y misterioso producto m\u00e1s vendido.<\/p>","protected":false},"featured_media":3644,"comment_status":"closed","ping_status":"closed","template":"","meta":[],"product_brand":[],"product_cat":[175],"product_tag":[373],"class_list":{"0":"post-2586","1":"product","2":"type-product","3":"status-publish","4":"has-post-thumbnail","6":"product_cat-marble","7":"product_tag-bathroomsfireplacefloorsgreenwhiteblackkitchensmarbleslabstileswalls","9":"first","10":"instock","11":"product-type-simple"},"_links":{"self":[{"href":"https:\/\/www.quartzite-stone.com\/es\/wp-json\/wp\/v2\/product\/2586","targetHints":{"allow":["GET"]}}],"collection":[{"href":"https:\/\/www.quartzite-stone.com\/es\/wp-json\/wp\/v2\/product"}],"about":[{"href":"https:\/\/www.quartzite-stone.com\/es\/wp-json\/wp\/v2\/types\/product"}],"replies":[{"embeddable":true,"href":"https:\/\/www.quartzite-stone.com\/es\/wp-json\/wp\/v2\/comments?post=2586"}],"wp:featuredmedia":[{"embeddable":true,"href":"https:\/\/www.quartzite-stone.com\/es\/wp-json\/wp\/v2\/media\/3644"}],"wp:attachment":[{"href":"https:\/\/www.quartzite-stone.com\/es\/wp-json\/wp\/v2\/media?parent=2586"}],"wp:term":[{"taxonomy":"product_brand","embeddable":true,"href":"https:\/\/www.quartzite-stone.com\/es\/wp-json\/wp\/v2\/product_brand?post=2586"},{"taxonomy":"product_cat","embeddable":true,"href":"https:\/\/www.quartzite-stone.com\/es\/wp-json\/wp\/v2\/product_cat?post=2586"},{"taxonomy":"product_tag","embeddable":true,"href":"https:\/\/www.quartzite-stone.com\/es\/wp-json\/wp\/v2\/product_tag?post=2586"}],"curies":[{"name":"wp","href":"https:\/\/api.w.org\/{rel}","templated":true}]}}