{"id":2578,"date":"2022-07-04T23:52:04","date_gmt":"2022-07-04T15:52:04","guid":{"rendered":"https:\/\/www.quartzite-stone.com\/product\/arabescato-orobico-gold-marble\/"},"modified":"2022-09-27T17:59:53","modified_gmt":"2022-09-27T09:59:53","slug":"marmol-dorado-arabescato-orobico","status":"publish","type":"product","link":"https:\/\/www.quartzite-stone.com\/es\/products\/arabescato-orobico-gold-marble\/","title":{"rendered":"Arabescato Orobico Oro M\u00e1rmol"},"content":{"rendered":"<p>INFORMACI\u00d3N ADICIONAL<\/p>\n<table>\n<tbody>\n<tr>\n<td width=\"124\"><strong>MATERIAL<\/strong><\/td>\n<td width=\"444\">m\u00e1rmol<\/td>\n<\/tr>\n<tr>\n<td width=\"124\"><strong>COLOR<\/strong><\/td>\n<td width=\"444\">Oro\/Amarillo<\/td>\n<\/tr>\n<tr>\n<td width=\"124\"><strong>PA\u00cdS DE ORIGEN<\/strong><\/td>\n<td width=\"444\">Italia<\/td>\n<\/tr>\n<tr>\n<td width=\"124\"><strong>ACABADO DE LA SUPERFICIE<\/strong><\/td>\n<td width=\"444\">Pulido, afilado con piedra, revestido de cuero<\/td>\n<\/tr>\n<tr>\n<td width=\"124\"><strong>USAR<\/strong><\/td>\n<td width=\"444\">Cocinas, Ba\u00f1os, Pisos, Paredes, Azulejos, Losas<\/td>\n<\/tr>\n<tr>\n<td width=\"124\"><strong>DISPONIBILIDAD<\/strong><\/td>\n<td width=\"444\">Por favor, compruebe la disponibilidad de stock con HRST STONE para visitar.<\/p>\n<p>Las muestras de piedra tampoco est\u00e1n disponibles para cada selecci\u00f3n de piedra, consulte la disponibilidad.<\/td>\n<\/tr>\n<\/tbody>\n<\/table>\n<p>Las losas de m\u00e1rmol Arabescato Orobico se extraen en Italia. Vetas blancas y doradas recorren un fondo gris oscuro o claro, produci\u00e9ndonos un dise\u00f1o distintivo. Es muy apreciado para la decoraci\u00f3n de fondos, suelos y escaleras, todo lo cual contribuye al car\u00e1cter distintivo y la belleza de su hogar.<\/p>\n<p>El M\u00e1rmol Orobico Arabescato es un tipo de m\u00e1rmol amarillo extra\u00eddo en Italia. Esta piedra es especialmente bueno para encimeras, monumentos, mosaicos, escaleras, exterior - pared interior y aplicaciones de suelo, fuentes y otros proyectos de dise\u00f1o. Tambi\u00e9n llamado Orobico Gold Marble, Arabescato Orobico Giallo Marble. El m\u00e1rmol Arabescato Orobico Giallo se puede procesar en pulido, corte aserrado, lijado, Rockfaced, chorro de arena, Tumbled y as\u00ed sucesivamente.<\/p>\n<p>Las piedras naturales conservan una belleza intemporal. Los materiales m\u00e1s codiciados de todo el mundo hacen que las estancias sean especiales y crean un ambiente magn\u00edfico y elegante. Una colecci\u00f3n de m\u00e1rmoles, granitos, \u00f3nices, travertinos y calizas que decoran con elegancia, con colores vivos o delicados y tonos armoniosos. El valor de la variedad enriquece las estancias gracias a una elaboraci\u00f3n \u00fanica realizada con tecnolog\u00eda innovadora. Para una decoraci\u00f3n con estilo y efectos impactantes.<\/p>\n<p><img decoding=\"async\" class=\"aligncenter\" src=\"https:\/\/data.adwebcloud.com\/public\/material\/220426a7q47o\/product\/imageFile_1664271753799.jpg\" alt=\"\" \/><\/p>\n<p><img decoding=\"async\" class=\"aligncenter\" src=\"https:\/\/data.adwebcloud.com\/public\/material\/220426a7q47o\/product\/imageFile_1664271755183.jpg\" alt=\"\" \/><\/p>\n<p><img decoding=\"async\" class=\"aligncenter\" src=\"https:\/\/data.adwebcloud.com\/public\/material\/220426a7q47o\/product\/imageFile_1664271756211.jpg\" alt=\"\" \/><\/p>","protected":false},"excerpt":{"rendered":"<p>Las losas de m\u00e1rmol Arabescato Orobico se extraen en Italia. Las vetas blancas y doradas recorren un fondo gris claro o oscuro, produciendo un dise\u00f1o distintivo para nosotros. Es muy apreciado por su decoraci\u00f3n de fondo, piso y escalera, todo lo cual contribuye a la distinci\u00f3n de su hogar...<\/p>","protected":false},"featured_media":3813,"comment_status":"closed","ping_status":"closed","template":"","meta":[],"product_brand":[],"product_cat":[175],"product_tag":[372],"class_list":{"0":"post-2578","1":"product","2":"type-product","3":"status-publish","4":"has-post-thumbnail","6":"product_cat-marble","7":"product_tag-bathroomsfloorsgoldyellowkitchensmarbleslabstileswalls","9":"first","10":"instock","11":"product-type-simple"},"_links":{"self":[{"href":"https:\/\/www.quartzite-stone.com\/es\/wp-json\/wp\/v2\/product\/2578","targetHints":{"allow":["GET"]}}],"collection":[{"href":"https:\/\/www.quartzite-stone.com\/es\/wp-json\/wp\/v2\/product"}],"about":[{"href":"https:\/\/www.quartzite-stone.com\/es\/wp-json\/wp\/v2\/types\/product"}],"replies":[{"embeddable":true,"href":"https:\/\/www.quartzite-stone.com\/es\/wp-json\/wp\/v2\/comments?post=2578"}],"wp:featuredmedia":[{"embeddable":true,"href":"https:\/\/www.quartzite-stone.com\/es\/wp-json\/wp\/v2\/media\/3813"}],"wp:attachment":[{"href":"https:\/\/www.quartzite-stone.com\/es\/wp-json\/wp\/v2\/media?parent=2578"}],"wp:term":[{"taxonomy":"product_brand","embeddable":true,"href":"https:\/\/www.quartzite-stone.com\/es\/wp-json\/wp\/v2\/product_brand?post=2578"},{"taxonomy":"product_cat","embeddable":true,"href":"https:\/\/www.quartzite-stone.com\/es\/wp-json\/wp\/v2\/product_cat?post=2578"},{"taxonomy":"product_tag","embeddable":true,"href":"https:\/\/www.quartzite-stone.com\/es\/wp-json\/wp\/v2\/product_tag?post=2578"}],"curies":[{"name":"wp","href":"https:\/\/api.w.org\/{rel}","templated":true}]}}