{"id":2570,"date":"2022-07-04T23:52:04","date_gmt":"2022-07-04T15:52:04","guid":{"rendered":"https:\/\/www.quartzite-stone.com\/product\/serpeggiante-classico-marble\/"},"modified":"2022-09-27T17:59:42","modified_gmt":"2022-09-27T09:59:42","slug":"marmol-serpeggiante-classico","status":"publish","type":"product","link":"https:\/\/www.quartzite-stone.com\/es\/products\/serpeggiante-classico-marble\/","title":{"rendered":"M\u00e1rmol Serpeggiante Classico"},"content":{"rendered":"<p>INFORMACI\u00d3N ADICIONAL<\/p>\n<table>\n<tbody>\n<tr>\n<td width=\"124\"><strong>MATERIAL<\/strong><\/td>\n<td width=\"444\">M\u00e1rmol<\/td>\n<\/tr>\n<tr>\n<td width=\"124\"><strong>COLOR<\/strong><\/td>\n<td width=\"444\">Beige<\/td>\n<\/tr>\n<tr>\n<td width=\"124\"><strong>PA\u00cdS DE ORIGEN<\/strong><\/td>\n<td width=\"444\">Italia<\/td>\n<\/tr>\n<tr>\n<td width=\"124\"><strong>ACABADO DE LA SUPERFICIE<\/strong><\/td>\n<td width=\"444\">Pulido, afilado con piedra, revestido de cuero<\/td>\n<\/tr>\n<tr>\n<td width=\"124\"><strong>USAR<\/strong><\/td>\n<td width=\"444\">Cocinas, Ba\u00f1os, Pisos, Paredes, Azulejos, Losas<\/td>\n<\/tr>\n<tr>\n<td width=\"124\"><strong>DISPONIBILIDAD<\/strong><\/td>\n<td width=\"444\">Por favor, compruebe la disponibilidad de stock con HRST STONE para visitar.<\/p>\n<p>Las muestras de piedra tampoco est\u00e1n disponibles para cada selecci\u00f3n de piedra, consulte la disponibilidad.<\/td>\n<\/tr>\n<\/tbody>\n<\/table>\n<p>El m\u00e1rmol Serpeggiante Classico es de color beige c\u00e1lido, de textura fina, de textura clara, silencioso y de gran alcance, creando un espacio elegante, pero sin perseguir el centro de atenci\u00f3n. Las capas son distintas, agregando un poco de flexibilidad, prestando atenci\u00f3n a la armon\u00eda pero rechazando la unidad. Incluso si se usa en un \u00e1rea grande, no le dar\u00e1 a la gente una sensaci\u00f3n de monoton\u00eda.<\/p>\n<p>Al mismo tiempo, Classic Serpeggiante Trani es un m\u00e1rmol beige que se extrae en Italia. Exteriores, interiores, revestimientos de paredes, fregaderos, lavabos, mosaicos, escaleras, encimeras y otros proyectos de dise\u00f1o se benefician enormemente de esta piedra.<\/p>\n<p><img fetchpriority=\"high\" decoding=\"async\" class=\"aligncenter\" src=\"https:\/\/data.adwebcloud.com\/public\/material\/220426a7q47o\/product\/imageFile_1664271750869.jpg\" alt=\"\" width=\"750\" height=\"600\" \/><\/p>\n<p><img decoding=\"async\" class=\"aligncenter\" src=\"https:\/\/data.adwebcloud.com\/public\/material\/220426a7q47o\/product\/imageFile_1664271751773.jpg\" alt=\"\" width=\"750\" height=\"600\" \/><\/p>\n<p><img decoding=\"async\" class=\"aligncenter\" src=\"https:\/\/data.adwebcloud.com\/public\/material\/220426a7q47o\/product\/imageFile_1664271752776.jpg\" alt=\"\" \/><\/p>","protected":false},"excerpt":{"rendered":"<p>El m\u00e1rmol Serpeggiante Classico es de color beige c\u00e1lido, de textura fina, de textura clara, silencioso y de gran alcance, creando un espacio elegante, pero sin perseguir el centro de atenci\u00f3n. Las capas son distintas, agregando un poco de flexibilidad, prestando atenci\u00f3n a la armon\u00eda pero rechazando la unidad. Incluso si se usa\u2026<\/p>","protected":false},"featured_media":3809,"comment_status":"closed","ping_status":"closed","template":"","meta":[],"product_brand":[],"product_cat":[175],"product_tag":[371],"class_list":{"0":"post-2570","1":"product","2":"type-product","3":"status-publish","4":"has-post-thumbnail","6":"product_cat-marble","7":"product_tag-bathroomsbeigefloorskitchensmarbleslabstileswalls","9":"first","10":"instock","11":"product-type-simple"},"_links":{"self":[{"href":"https:\/\/www.quartzite-stone.com\/es\/wp-json\/wp\/v2\/product\/2570","targetHints":{"allow":["GET"]}}],"collection":[{"href":"https:\/\/www.quartzite-stone.com\/es\/wp-json\/wp\/v2\/product"}],"about":[{"href":"https:\/\/www.quartzite-stone.com\/es\/wp-json\/wp\/v2\/types\/product"}],"replies":[{"embeddable":true,"href":"https:\/\/www.quartzite-stone.com\/es\/wp-json\/wp\/v2\/comments?post=2570"}],"wp:featuredmedia":[{"embeddable":true,"href":"https:\/\/www.quartzite-stone.com\/es\/wp-json\/wp\/v2\/media\/3809"}],"wp:attachment":[{"href":"https:\/\/www.quartzite-stone.com\/es\/wp-json\/wp\/v2\/media?parent=2570"}],"wp:term":[{"taxonomy":"product_brand","embeddable":true,"href":"https:\/\/www.quartzite-stone.com\/es\/wp-json\/wp\/v2\/product_brand?post=2570"},{"taxonomy":"product_cat","embeddable":true,"href":"https:\/\/www.quartzite-stone.com\/es\/wp-json\/wp\/v2\/product_cat?post=2570"},{"taxonomy":"product_tag","embeddable":true,"href":"https:\/\/www.quartzite-stone.com\/es\/wp-json\/wp\/v2\/product_tag?post=2570"}],"curies":[{"name":"wp","href":"https:\/\/api.w.org\/{rel}","templated":true}]}}