{"id":2543,"date":"2022-07-04T23:50:43","date_gmt":"2022-07-04T15:50:43","guid":{"rendered":"https:\/\/www.quartzite-stone.com\/product\/ceppo-nova-marble\/"},"modified":"2025-08-27T11:53:44","modified_gmt":"2025-08-27T03:53:44","slug":"marmol-ceppo-nova","status":"publish","type":"product","link":"https:\/\/www.quartzite-stone.com\/es\/products\/ceppo-nova-marble\/","title":{"rendered":"M\u00e1rmol Ceppo Nova"},"content":{"rendered":"<p>INFORMACI\u00d3N ADICIONAL<\/p>\n<table>\n<tbody>\n<tr>\n<td width=\"124\"><strong>MATERIAL<\/strong><\/td>\n<td width=\"444\">M\u00e1rmol<\/td>\n<\/tr>\n<tr>\n<td width=\"124\"><strong>COLOR<\/strong><\/td>\n<td width=\"444\">Gris<\/td>\n<\/tr>\n<tr>\n<td width=\"124\"><strong>PA\u00cdS DE ORIGEN<\/strong><\/td>\n<td width=\"444\">Italia<\/td>\n<\/tr>\n<tr>\n<td width=\"124\"><strong>ACABADO DE LA SUPERFICIE<\/strong><\/td>\n<td width=\"444\">Pulido, afilado con piedra, revestido de cuero<\/td>\n<\/tr>\n<tr>\n<td width=\"124\"><strong>USAR<\/strong><\/td>\n<td width=\"444\">Cocinas, Ba\u00f1os, Pisos, Paredes, Azulejos, Losas<\/td>\n<\/tr>\n<tr>\n<td width=\"124\"><strong>DISPONIBILIDAD<\/strong><\/td>\n<td width=\"444\">Por favor, compruebe la disponibilidad de stock con HRST STONE para visitar.<\/p>\n<p>Las muestras de piedra tampoco est\u00e1n disponibles para cada selecci\u00f3n de piedra, consulte la disponibilidad.<\/td>\n<\/tr>\n<\/tbody>\n<\/table>\n<p>Ceppo Romano es una hermosa piedra brecha beige arenosa compuesta de fragmentos de roca irregulares de diversas formas y gravas. Esta piedra es particularmente adecuada para encimeras de cocinas y ba\u00f1os, huecos de escaleras, piedra de construcci\u00f3n, piedra ornamental, aplicaciones de paredes internas y externas, mosaicos, patrones de chorro de agua y otros proyectos de dise\u00f1o. Pulido, abujardado, ca\u00eddo, cepillado, pulido, partido, cortado a m\u00e1quina, superficie natural, pulido con chorro de arena, lavado con \u00e1cido, peinado, cuero, chorro de agua, relleno, cincelado, decapado y m\u00e1s acabados disponibles para el m\u00e1rmol Ceppo Romano.<\/p>\n<p>El m\u00e1rmol Ceppo Nova es una hermosa piedra brecha de color beige arena, formada por piezas irregulares de roca con diferentes formas y gravas distinguibles. Esta piedra es especialmente buena para encimeras de cocina y ba\u00f1o, escaleras, piedra de construcci\u00f3n, piedra ornamental, aplicaciones de paredes interiores y exteriores, mosaicos, patrones de chorro de agua y otros proyectos de dise\u00f1o. El m\u00e1rmol Ceppo Nova se puede procesar en pulido, abujardado, ca\u00eddo, cepillado, pulido, dividido, cortado a m\u00e1quina, superficie natural, pulido con chorro de arena, lavado con \u00e1cido, peinado, cuero, chorro de agua, relleno, cincelado, decapado, etc.<\/p>\n<p><span style=\"font-family: Calibri;\">Propiedades f\u00edsicas<\/span><\/p>\n<p><span style=\"font-family: Calibri;\">1. Buen rendimiento antiincrustante<\/span><\/p>\n<p><span style=\"font-family: Calibri;\">La alta temperatura y la combusti\u00f3n lenta por encima de 1200 <\/span><span style=\"font-family: \u5b8b\u4f53;\">\u2103 <\/span><span style=\"font-family: Calibri;\">aseg\u00farese de que el m\u00e1rmol ceppo nova tenga una estructura densa, baja absorci\u00f3n de agua y un rendimiento antiincrustante de hasta grado 4;<\/span><\/p>\n<p><span style=\"font-family: Calibri;\">2. Resistencia a \u00e1cidos y \u00e1lcalis<\/span><\/p>\n<p><span style=\"font-family: Calibri;\">Esto se debe a que el principal componente del esmalte superficial del m\u00e1rmol ceppo nova es el di\u00f3xido de silicio. Despu\u00e9s de la cocci\u00f3n a alta temperatura, se forma un material de mullita que puede resistir eficazmente los \u00e1cidos y los \u00e1lcalis;<\/span><\/p>\n<p><span style=\"font-family: Calibri;\">3. Alta dureza, m\u00e1s resistente al desgaste.<\/span><\/p>\n<p><span style=\"font-family: Calibri;\">La dureza de Mohs de las baldosas de m\u00e1rmol puede alcanzar 5~6, lo que significa que la fricci\u00f3n de la superficie del zapato hace que sea dif\u00edcil rayar la superficie de las baldosas de m\u00e1rmol, e incluso con un cuchillo, es dif\u00edcil formar rayas en la superficie de las baldosas de m\u00e1rmol. ;<\/span><\/p>\n<p><span style=\"font-family: Calibri;\">4. Alta resistencia a la flexi\u00f3n<\/span><\/p>\n<p><span style=\"font-family: Calibri;\">Incluso si las baldosas se colocan en diagonal y se pisan sobre la superficie de las baldosas, a\u00fan pueden tener una buena fuerza de soporte y la dificultad de construcci\u00f3n se reduce considerablemente en comparaci\u00f3n con el fr\u00e1gil m\u00e1rmol;<\/span><\/p>\n<p><span style=\"font-family: Calibri;\">5. Buen rendimiento antideslizante.<\/span><\/p>\n<p><span style=\"font-family: Calibri;\">Incluso en ba\u00f1os y otros lugares p\u00fablicos, el m\u00e1rmol ceppo nova<\/span><\/p>\n<p><span style=\"font-family: Calibri;\">Tambi\u00e9n se desempe\u00f1\u00f3 bien.<\/span><\/p>\n<p><img decoding=\"async\" class=\"aligncenter\" src=\"https:\/\/data.adwebcloud.com\/public\/material\/220426a7q47o\/product\/imageFile_1663316939140.jpg\" alt=\"\" \/><\/p>\n<p><img fetchpriority=\"high\" decoding=\"async\" class=\"aligncenter\" src=\"https:\/\/data.adwebcloud.com\/public\/material\/220426a7q47o\/product\/imageFile_1663316940504.jpg\" alt=\"\" width=\"750\" height=\"600\" \/><\/p>\n<p><img decoding=\"async\" class=\"aligncenter\" src=\"https:\/\/data.adwebcloud.com\/public\/material\/220426a7q47o\/product\/imageFile_1663316941628.jpg\" alt=\"\" \/><\/p>\n<p><img decoding=\"async\" class=\"aligncenter\" src=\"https:\/\/data.adwebcloud.com\/public\/material\/220426a7q47o\/product\/imageFile_1663316942915.jpg\" alt=\"\" \/><\/p>","protected":false},"excerpt":{"rendered":"<p>Ceppo Romano es una hermosa piedra brecha beige arenosa compuesta de fragmentos de roca irregulares de diversas formas y gravas. Esta piedra es especialmente adecuada para encimeras de cocinas y ba\u00f1os, huecos de escaleras, piedra de construcci\u00f3n, piedra ornamental, aplicaciones en paredes interiores y exteriores, mosaicos.<\/p>","protected":false},"featured_media":4470,"comment_status":"closed","ping_status":"closed","template":"","meta":[],"product_brand":[],"product_cat":[175],"product_tag":[2139,2136,2137,2140,2141,2138],"class_list":{"0":"post-2543","1":"product","2":"type-product","3":"status-publish","4":"has-post-thumbnail","6":"product_cat-marble","7":"product_tag-ceppo-nova-marble-flooring","8":"product_tag-ceppo-nova-marble-slab","9":"product_tag-forssil-grey-marble","10":"product_tag-fossil-grey-marble-bathroom","11":"product_tag-marble-wall-covering","12":"product_tag-nova-pavo-marble-tile","14":"first","15":"instock","16":"product-type-simple"},"_links":{"self":[{"href":"https:\/\/www.quartzite-stone.com\/es\/wp-json\/wp\/v2\/product\/2543","targetHints":{"allow":["GET"]}}],"collection":[{"href":"https:\/\/www.quartzite-stone.com\/es\/wp-json\/wp\/v2\/product"}],"about":[{"href":"https:\/\/www.quartzite-stone.com\/es\/wp-json\/wp\/v2\/types\/product"}],"replies":[{"embeddable":true,"href":"https:\/\/www.quartzite-stone.com\/es\/wp-json\/wp\/v2\/comments?post=2543"}],"wp:featuredmedia":[{"embeddable":true,"href":"https:\/\/www.quartzite-stone.com\/es\/wp-json\/wp\/v2\/media\/4470"}],"wp:attachment":[{"href":"https:\/\/www.quartzite-stone.com\/es\/wp-json\/wp\/v2\/media?parent=2543"}],"wp:term":[{"taxonomy":"product_brand","embeddable":true,"href":"https:\/\/www.quartzite-stone.com\/es\/wp-json\/wp\/v2\/product_brand?post=2543"},{"taxonomy":"product_cat","embeddable":true,"href":"https:\/\/www.quartzite-stone.com\/es\/wp-json\/wp\/v2\/product_cat?post=2543"},{"taxonomy":"product_tag","embeddable":true,"href":"https:\/\/www.quartzite-stone.com\/es\/wp-json\/wp\/v2\/product_tag?post=2543"}],"curies":[{"name":"wp","href":"https:\/\/api.w.org\/{rel}","templated":true}]}}