{"id":2517,"date":"2022-07-04T23:50:43","date_gmt":"2022-07-04T15:50:43","guid":{"rendered":"https:\/\/www.quartzite-stone.com\/product\/bianco-statuario-white-marble\/"},"modified":"2025-08-27T11:59:00","modified_gmt":"2025-08-27T03:59:00","slug":"bianco-statuario-marmol-blanco","status":"publish","type":"product","link":"https:\/\/www.quartzite-stone.com\/es\/products\/bianco-statuario-white-marble\/","title":{"rendered":"Bianco Statuario M\u00e1rmol Blanco"},"content":{"rendered":"<h2>Bianco statuario m\u00e1rmol blanco color y caracter\u00edsticas<\/h2>\n<p>M\u00e1rmol blanco estatuario Bianco de cantera italiana, con fondo blanco, rayas gris claro con finas vetas \u00e1mbar y oro. Est\u00e1 disponible en una variedad de superficies acabadas, que incluyen esmerilado, pulido, etc., y tambi\u00e9n puede usarse para paredes y baldosas. El m\u00e1rmol blanco Bianco statuario es el material m\u00e1s popular para residencias de lujo y proyectos hoteleros.<\/p>\n<p>El m\u00e1rmol blanco Bianco statuario es un material y un patr\u00f3n muy popular, que aporta un toque retro al dise\u00f1o moderno. El m\u00e1rmol blanco fashion bianco statuario es muy din\u00e1mico y vibrante y es perfecto para combinar con todos los colores negros. La textura de la superficie ST75 piedra blanda natural hecha a mano le da al patr\u00f3n un toque aterciopelado y tambi\u00e9n aporta un efecto irregular visualmente natural. El moderno traje de m\u00e1rmol blanco bianco statuario es direccional.<\/p>\n<p>&nbsp;<\/p>\n<h2>Una introducci\u00f3n b\u00e1sica al m\u00e1rmol blanco bianco statuario<\/h2>\n<ul>\n<li>Color blanco<\/li>\n<li>Pa\u00eds de origen: Italia<\/li>\n<li>Propiedades f\u00edsicas: tasa de absorci\u00f3n de agua 0.11%<\/li>\n<li>Caracter\u00edsticas del tablero: fondo blanco, seda gris claro, punto, grano fino, seda gris claro, buena resistencia a \u00e1cidos y \u00e1lcalis<\/li>\n<li>\u00c1mbito de aplicaci\u00f3n: el m\u00e1rmol blanco estatuario de Bianco es un tipo de m\u00e1rmol blanco amado por dise\u00f1adores y propietarios. Es ampliamente utilizado en hoteles de alta gama, villas de alta gama, lugares de ocio de alta gama, pisos, paredes, tallados, encimeras, chimeneas, artesan\u00edas, mosaicos, columnas, mesas, paredes de fondo, etc., para decoraci\u00f3n y materiales de decoraci\u00f3n. .<\/li>\n<\/ul>\n<p>&nbsp;<\/p>\n<h2>M\u00e9todos de mantenimiento y protecci\u00f3n.<\/h2>\n<ol>\n<li>Use una m\u00e1quina enceradora para aplicar cera, o use una plataforma lenta o una plataforma de alta velocidad para rociar el m\u00e1rmol blanco fashion bianco statuario.<\/li>\n<li>Use un agente de tratamiento de superficie de cristal \u00e1cido para limpiar el m\u00e1rmol blanco fashion bianco statuario.<\/li>\n<li>Polvo para esmerilar y pulir.<\/li>\n<li>Pulpa de pulido Jingliang, coloque una peque\u00f1a cantidad de pasta de pulido en la superficie de la piedra, use una m\u00e1quina de piso de 175 velocidades con una almohadilla de fibra blanca para pulir, o con algod\u00f3n de alambre de acero para pulir m\u00e1rmol blanco estatuario bianco.<\/li>\n<\/ol>\n<p>&nbsp;<\/p>\n<h2><strong><b>informaci\u00f3n adicional<\/b><\/strong><\/h2>\n<table>\n<tbody>\n<tr>\n<td width=\"124\"><strong>MATERIAL<\/strong><\/td>\n<td width=\"444\">M\u00e1rmol<\/td>\n<\/tr>\n<tr>\n<td width=\"124\"><strong>COLOR<\/strong><\/td>\n<td width=\"444\">Blanco<\/td>\n<\/tr>\n<tr>\n<td width=\"124\"><strong>PA\u00cdS DE ORIGEN<\/strong><\/td>\n<td width=\"444\">Italia<\/td>\n<\/tr>\n<tr>\n<td width=\"124\"><strong>ACABADO DE LA SUPERFICIE<\/strong><\/td>\n<td width=\"444\">Pulido, afilado con piedra, revestido de cuero<\/td>\n<\/tr>\n<tr>\n<td width=\"124\"><strong>USAR<\/strong><\/td>\n<td width=\"444\">Cocinas, Ba\u00f1os, Pisos, Paredes, Azulejos, Losas<\/td>\n<\/tr>\n<tr>\n<td width=\"124\"><strong>DISPONIBILIDAD<\/strong><\/td>\n<td width=\"444\">Por favor, compruebe la disponibilidad de stock con HRST STONE para visitar.<\/p>\n<p>Las muestras de piedra tampoco est\u00e1n disponibles para cada selecci\u00f3n de piedra, consulte la disponibilidad.<\/td>\n<\/tr>\n<\/tbody>\n<\/table>\n<p>HRST Stone ha sido un fabricante y exportador l\u00edder de materiales naturales <a href=\"https:\/\/www.quartzite-stone.com\/es\/producto-2\/marmol-blanco-calacatta\/\">m\u00e1rmol blanco calacatta<\/a> ,bianco statuario marmol blanco,petit marmol antiguo mas de 20 a\u00f1os, y es reconocida por sus productos de alta calidad y excelente servicio al cliente. Tenemos nuestro propio equipo de fabricaci\u00f3n y control de calidad que inspecciona y certifica cada producto.<\/p>\n<p>Una suave filigrana de l\u00edneas grises se funde con un delicado fondo blanco para realzar este material con su sutileza. Sus suaves l\u00edneas grises se entrecruzan y se funden con un blanco suave y delicado hasta desdibujarse. Esta sutileza lo convierte en un material muy distinguido. Sobre un fondo blanco, una mara\u00f1a de l\u00edneas en diferentes tonos de gris se entrecruzan uniformemente con el m\u00e1rmol Statuarietto. Esa sensaci\u00f3n de l\u00edneas que recuerdan a las neuronas en constante estado de sinapsis es lo que hace que este material brille con innumerables posibilidades decorativas. No es de extra\u00f1ar que su uso est\u00e9 tan extendido que sea una apuesta segura tanto para interiores como para exteriores, y en la mayor\u00eda de estilos. Esta versatilidad es lo que la define y le da una personalidad muy especial. Solo o combinado con otros m\u00e1rmoles y materiales, el resultado final ser\u00e1 inmejorable.<\/p>\n<p>Fondo blanco con fin\u00edsimas vetas gris claro por peque\u00f1as vetas \u00e1mbar y oro en m\u00e1rmol Bianco Statuario White Slab de cantera italiana. Se presenta en diversos acabados, como apomazado, pulido y apomazado, as\u00ed como en baldosas para paredes y suelos. Es el material preferido para los proyectos residenciales y hoteleros de alta gama.<\/p>\n<p><img decoding=\"async\" class=\"aligncenter\" src=\"https:\/\/data.adwebcloud.com\/public\/material\/220426a7q47o\/product\/imageFile_1664271733125.jpg\" alt=\"\" \/><\/p>\n<p><img decoding=\"async\" class=\"aligncenter\" src=\"https:\/\/data.adwebcloud.com\/public\/material\/220426a7q47o\/product\/imageFile_1664271734104.jpg\" alt=\"\" \/><\/p>\n<p><img decoding=\"async\" class=\"aligncenter\" src=\"https:\/\/data.adwebcloud.com\/public\/material\/220426a7q47o\/product\/imageFile_1664271734864.jpg\" alt=\"\" \/><\/p>\n<p><img decoding=\"async\" class=\"aligncenter\" src=\"https:\/\/data.adwebcloud.com\/public\/material\/220426a7q47o\/product\/imageFile_1664271735643.jpg\" alt=\"\" \/><\/p>","protected":false},"excerpt":{"rendered":"<p>HRST Stone ha sido un fabricante y exportador l\u00edder de piedras naturales durante m\u00e1s de 20 a\u00f1os y es reconocido por sus productos de alta calidad y su excelente servicio al cliente. Contamos con nuestro propio equipo de fabricaci\u00f3n y control de calidad que inspecciona y certifica el m\u00e1rmol blanco fashion bianco statuario.<\/p>","protected":false},"featured_media":3797,"comment_status":"closed","ping_status":"closed","template":"","meta":[],"product_brand":[],"product_cat":[175],"product_tag":[176,177,178,179,2141,180,181,182,183],"class_list":{"0":"post-2517","1":"product","2":"type-product","3":"status-publish","4":"has-post-thumbnail","6":"product_cat-marble","7":"product_tag-bathrooms","8":"product_tag-floors","9":"product_tag-kitchens","10":"product_tag-marble","11":"product_tag-marble-wall-covering","12":"product_tag-slabs","13":"product_tag-tiles","14":"product_tag-walls","15":"product_tag-white","17":"first","18":"instock","19":"product-type-simple"},"_links":{"self":[{"href":"https:\/\/www.quartzite-stone.com\/es\/wp-json\/wp\/v2\/product\/2517","targetHints":{"allow":["GET"]}}],"collection":[{"href":"https:\/\/www.quartzite-stone.com\/es\/wp-json\/wp\/v2\/product"}],"about":[{"href":"https:\/\/www.quartzite-stone.com\/es\/wp-json\/wp\/v2\/types\/product"}],"replies":[{"embeddable":true,"href":"https:\/\/www.quartzite-stone.com\/es\/wp-json\/wp\/v2\/comments?post=2517"}],"wp:featuredmedia":[{"embeddable":true,"href":"https:\/\/www.quartzite-stone.com\/es\/wp-json\/wp\/v2\/media\/3797"}],"wp:attachment":[{"href":"https:\/\/www.quartzite-stone.com\/es\/wp-json\/wp\/v2\/media?parent=2517"}],"wp:term":[{"taxonomy":"product_brand","embeddable":true,"href":"https:\/\/www.quartzite-stone.com\/es\/wp-json\/wp\/v2\/product_brand?post=2517"},{"taxonomy":"product_cat","embeddable":true,"href":"https:\/\/www.quartzite-stone.com\/es\/wp-json\/wp\/v2\/product_cat?post=2517"},{"taxonomy":"product_tag","embeddable":true,"href":"https:\/\/www.quartzite-stone.com\/es\/wp-json\/wp\/v2\/product_tag?post=2517"}],"curies":[{"name":"wp","href":"https:\/\/api.w.org\/{rel}","templated":true}]}}