{"id":2508,"date":"2022-07-04T23:49:04","date_gmt":"2022-07-04T15:49:04","guid":{"rendered":"https:\/\/www.quartzite-stone.com\/product\/bianco-carrara-marble\/"},"modified":"2025-08-27T11:41:20","modified_gmt":"2025-08-27T03:41:20","slug":"marmol-blanco-de-carrara","status":"publish","type":"product","link":"https:\/\/www.quartzite-stone.com\/es\/products\/carrara-white-marble\/","title":{"rendered":"M\u00e1rmol blanco de carrara"},"content":{"rendered":"<p>INFORMACI\u00d3N ADICIONAL<\/p>\n<table>\n<tbody>\n<tr>\n<td width=\"124\"><strong>MATERIAL<\/strong><\/td>\n<td width=\"444\">M\u00e1rmol<\/td>\n<\/tr>\n<tr>\n<td width=\"124\"><strong>COLOR<\/strong><\/td>\n<td width=\"444\">Blanco<\/td>\n<\/tr>\n<tr>\n<td width=\"124\"><strong>PA\u00cdS DE ORIGEN<\/strong><\/td>\n<td width=\"444\">Italia<\/td>\n<\/tr>\n<tr>\n<td width=\"124\"><strong>ACABADO DE LA SUPERFICIE<\/strong><\/td>\n<td width=\"444\">Pulido, afilado con piedra, revestido de cuero<\/td>\n<\/tr>\n<tr>\n<td width=\"124\"><strong>USAR<\/strong><\/td>\n<td width=\"444\">Cocinas, Ba\u00f1os, Pisos, Paredes, Azulejos, Losas<\/td>\n<\/tr>\n<tr>\n<td width=\"124\"><strong>DISPONIBILIDAD<\/strong><\/td>\n<td width=\"444\">Por favor, compruebe la disponibilidad de stock con HRST STONE para visitar.<\/p>\n<p>Las muestras de piedra tampoco est\u00e1n disponibles para cada selecci\u00f3n de piedra, consulte la disponibilidad.<\/td>\n<\/tr>\n<\/tbody>\n<\/table>\n<p>El m\u00e1rmol blanco de Carrara es un verdadero cl\u00e1sico italiano. Extra\u00eddo en la costa occidental de Italia, en la provincia de Carrara, al norte de Pisa, este material se utiliz\u00f3 en la estatua de David de Miguel \u00c1ngel y ha seguido siendo el m\u00e1rmol preferido en la era moderna. Tiene un elegante fondo blanco y el cl\u00e1sico veteado gris.<\/p>\n<p>Esta hermosa piedra natural de m\u00e1rmol blanco de Carrara es el complemento perfecto para cualquier dise\u00f1o, desde la est\u00e9tica cl\u00e1sica hasta la moderna, y es excelente para salas de estar, cocinas y ba\u00f1os, entre otros materiales de m\u00e1rmol natural.<\/p>\n<p>Comenzando con su uso como una impresionante baldosa de m\u00e1rmol para pisos, las losas y losetas de m\u00e1rmol de Bianco Carrara se han utilizado para producir algunas de las estructuras y obras de arte m\u00e1s exquisitas del mundo. Este m\u00e1rmol blanco de Carrara todav\u00eda se asocia con la grandeza y la elegancia en la actualidad.<\/p>\n<p>Carrara, una losa de m\u00e1rmol, es de color blanco y textura pura, y se caracteriza por el cristal, los copos de nieve y la transparencia.<\/p>\n<p>Caracter\u00edsticas: el color base es blanco, la distribuci\u00f3n de la textura o las l\u00edneas grises atraviesan el tablero, la distribuci\u00f3n de la textura es natural, la luminosidad es excelente, 120 grados, la textura es fina y el brillo es alto. Es una variedad de m\u00e1rmol de alta calidad.<\/p>\n<p>\u00c1mbito de aplicaci\u00f3n: los materiales muy finos se utilizan principalmente en edificios con altos requisitos de decoraci\u00f3n arquitect\u00f3nica, como paredes interiores, cilindros, pisos y escaleras de grandes edificios p\u00fablicos como edificios monumentales, hoteles, salas de exposiciones, teatros, centros comerciales, bibliotecas , aeropuertos y estaciones, etc. Tambi\u00e9n se pueden usar para barandas de escaleras, escritorios de servicio, paneles enrollables, ranuras, paneles de alf\u00e9izares de ventanas, rodapi\u00e9s y m\u00e1s.<\/p>\n<p>El m\u00e1rmol blanco de Carrara es un tipo de piedra natural que se extrae de la ciudad de Carrara, ubicada en la regi\u00f3n Toscana de Italia. Es conocido por su distintivo fondo blanco y vetas grises, que pueden variar en intensidad y patr\u00f3n seg\u00fan la cantera y el bloque de donde se extrae.<\/p>\n<p>El m\u00e1rmol de Carrara se ha utilizado durante siglos en escultura y arquitectura, y contin\u00faa siendo una opci\u00f3n popular para encimeras, pisos y otras aplicaciones decorativas. Es una piedra relativamente suave y porosa, lo que significa que puede ser propensa a rayarse y mancharse si no se sella y mantiene adecuadamente. Sin embargo, con el cuidado adecuado, el m\u00e1rmol de carrara puede agregar un aspecto atemporal y elegante a cualquier espacio.<\/p>\n<h3 style=\"font-size: 19px;\">Caracter\u00edsticas del m\u00e1rmol blanco de carrara<\/h3>\n<p>El m\u00e1rmol de Carrara es una piedra natural muy apreciada por su belleza y durabilidad. Estas son algunas de sus caracter\u00edsticas clave:<\/p>\n<ol style=\"list-style-type: decimal;\">\n<li>Color: El m\u00e1rmol de Carrara tiene un fondo blanco o blanco gris\u00e1ceo con vetas grises. Las vetas pueden variar en intensidad, desde ligeras y sutiles hasta audaces y pronunciadas.<\/li>\n<li>Textura: el m\u00e1rmol de Carrara tiene una superficie lisa y pulida que es fr\u00eda al tacto. Tiene un grano fino y uniforme que le da una sensaci\u00f3n de lujo.<\/li>\n<li>Durabilidad: el m\u00e1rmol blanco de Carrara es una piedra dura y densa que es resistente al rayado, astillado y agrietado. Tambi\u00e9n es resistente al calor, por lo que es una buena opci\u00f3n para usar en cocinas y ba\u00f1os.<\/li>\n<li>Versatilidad: el m\u00e1rmol de Carrara es una opci\u00f3n popular para una amplia gama de aplicaciones, que incluyen encimeras, pisos, revestimientos cer\u00e1micos y detalles arquitect\u00f3nicos. Es adecuado tanto para uso interior como exterior.<\/li>\n<li>Rareza: el m\u00e1rmol blanco de Carrara se extrae en la regi\u00f3n de Carrara en la Toscana, Italia, y se considera uno de los m\u00e1rmoles m\u00e1s buscados del mundo. Su rareza y belleza lo convierten en un material de construcci\u00f3n de primera calidad.<\/li>\n<\/ol>\n<p><img decoding=\"async\" class=\"aligncenter\" src=\"https:\/\/data.adwebcloud.com\/public\/material\/220426a7q47o\/product\/imageFile_1664271725013.jpg\" alt=\"\" \/><\/p>\n<p><img decoding=\"async\" class=\"aligncenter\" src=\"https:\/\/data.adwebcloud.com\/public\/material\/220426a7q47o\/product\/imageFile_1664271725771.jpg\" alt=\"\" \/><\/p>\n<p><img decoding=\"async\" class=\"aligncenter\" src=\"https:\/\/data.adwebcloud.com\/public\/material\/220426a7q47o\/product\/imageFile_1664271726749.jpg\" alt=\"\" \/><\/p>\n<p><img decoding=\"async\" class=\"aligncenter\" src=\"https:\/\/data.adwebcloud.com\/public\/material\/220426a7q47o\/product\/imageFile_1664271727637.jpg\" alt=\"\" \/><\/p>\n<h3 style=\"font-size: 19px;\">Preguntas m\u00e1s frecuentes<\/h3>\n<p>P: \u00bfQu\u00e9 es el m\u00e1rmol blanco de Carrara?<br \/>\nR: El m\u00e1rmol de Carrara es una piedra natural que proviene de Carrara, Italia. Es un tipo de m\u00e1rmol muy apreciado por su elegante aspecto y durabilidad.<\/p>\n<p>P: \u00bfCu\u00e1les son las caracter\u00edsticas del m\u00e1rmol de Carrara?<br \/>\nR: El M\u00e1rmol de Carrara se caracteriza por su fondo blanco con suaves vetas grises. Tiene una textura fina y un acabado pulido o apomazado.<\/p>\n<p>P: \u00bfCu\u00e1l es el rango de precios del m\u00e1rmol de Carrara?<br \/>\nR: El precio del m\u00e1rmol de Carrara puede variar seg\u00fan la calidad, el grosor y la disponibilidad. Generalmente, cae en el rango de precio medio a alto para la piedra natural.<\/p>\n<p>P: \u00bfCu\u00e1les son los usos comunes del m\u00e1rmol de Carrara?<br \/>\nR: El m\u00e1rmol blanco de Carrara se usa com\u00fanmente para encimeras, pisos, paredes, salpicaderos y detalles decorativos.<\/p>\n<p>P: \u00bfC\u00f3mo se mantiene el m\u00e1rmol de Carrara?<br \/>\nR: Para mantener el m\u00e1rmol de Carrara, es importante limpiar los derrames de inmediato y evitar el uso de limpiadores \u00e1cidos o abrasivos. El sellado regular tambi\u00e9n puede ayudar a proteger la superficie de las manchas y el grabado.<\/p>\n<p>P: \u00bfEl m\u00e1rmol de Carrara es adecuado para \u00e1reas de alto tr\u00e1fico?<br \/>\nR: El m\u00e1rmol de Carrara es una piedra natural duradera y puede soportar un tr\u00e1fico peatonal de moderado a alto. Sin embargo, puede ser m\u00e1s propenso a rayarse y grabarse que otros tipos de piedra.<\/p>\n<p>P: \u00bfSe puede usar el m\u00e1rmol de Carrara en aplicaciones al aire libre?<br \/>\nR: El m\u00e1rmol de Carrara no se recomienda para uso en exteriores, ya que es susceptible a las manchas y la decoloraci\u00f3n por la exposici\u00f3n a los elementos.<\/p>\n<p>P: \u00bfC\u00f3mo puede saber si el m\u00e1rmol blanco de Carrara es genuino?<br \/>\nR: El m\u00e1rmol de Carrara genuino tendr\u00e1 una variaci\u00f3n natural en el veteado y la coloraci\u00f3n. Tambi\u00e9n tendr\u00e1 un alto nivel de translucidez y una sensaci\u00f3n fresca al tacto.<\/p>\n<p>P: \u00bfEl m\u00e1rmol de Carrara requiere sellado?<br \/>\nR: El m\u00e1rmol de Carrara es una piedra natural porosa y debe sellarse peri\u00f3dicamente para ayudar a proteger contra las manchas y el grabado.<\/p>","protected":false},"excerpt":{"rendered":"<p>El m\u00e1rmol blanco de Carrara es un verdadero cl\u00e1sico italiano. Extra\u00eddo en la costa occidental de Italia, en la provincia de Carrara, al norte de Pisa, este material se utiliz\u00f3 en la estatua de David de Miguel \u00c1ngel y ha seguido siendo el m\u00e1rmol preferido en la era moderna. Tiene un elegante fondo blanco ...<\/p>","protected":false},"featured_media":5826,"comment_status":"closed","ping_status":"closed","template":"","meta":[],"product_brand":[],"product_cat":[175],"product_tag":[487,488,2134,480,486,481,482,484,485,483,183],"class_list":{"0":"post-2508","1":"product","2":"type-product","3":"status-publish","4":"has-post-thumbnail","6":"product_cat-marble","7":"product_tag-bianco-carrara-marble","8":"product_tag-bianco-carrara-marble-tile","9":"product_tag-carrara-marble-tables","10":"product_tag-carrara-white-marble-bathrooms","11":"product_tag-carrara-white-marble-countertop","12":"product_tag-carrara-white-marble-floors","13":"product_tag-carrara-white-marble-kitchens","14":"product_tag-carrara-white-marble-slabs","15":"product_tag-carrara-white-marble-tiles","16":"product_tag-italian-carrara-white-marble","17":"product_tag-white","19":"first","20":"instock","21":"product-type-simple"},"_links":{"self":[{"href":"https:\/\/www.quartzite-stone.com\/es\/wp-json\/wp\/v2\/product\/2508","targetHints":{"allow":["GET"]}}],"collection":[{"href":"https:\/\/www.quartzite-stone.com\/es\/wp-json\/wp\/v2\/product"}],"about":[{"href":"https:\/\/www.quartzite-stone.com\/es\/wp-json\/wp\/v2\/types\/product"}],"replies":[{"embeddable":true,"href":"https:\/\/www.quartzite-stone.com\/es\/wp-json\/wp\/v2\/comments?post=2508"}],"wp:featuredmedia":[{"embeddable":true,"href":"https:\/\/www.quartzite-stone.com\/es\/wp-json\/wp\/v2\/media\/5826"}],"wp:attachment":[{"href":"https:\/\/www.quartzite-stone.com\/es\/wp-json\/wp\/v2\/media?parent=2508"}],"wp:term":[{"taxonomy":"product_brand","embeddable":true,"href":"https:\/\/www.quartzite-stone.com\/es\/wp-json\/wp\/v2\/product_brand?post=2508"},{"taxonomy":"product_cat","embeddable":true,"href":"https:\/\/www.quartzite-stone.com\/es\/wp-json\/wp\/v2\/product_cat?post=2508"},{"taxonomy":"product_tag","embeddable":true,"href":"https:\/\/www.quartzite-stone.com\/es\/wp-json\/wp\/v2\/product_tag?post=2508"}],"curies":[{"name":"wp","href":"https:\/\/api.w.org\/{rel}","templated":true}]}}