{"id":2499,"date":"2022-07-04T23:49:04","date_gmt":"2022-07-04T15:49:04","guid":{"rendered":"https:\/\/www.quartzite-stone.com\/product\/calacatta-white-marble\/"},"modified":"2025-08-27T11:43:32","modified_gmt":"2025-08-27T03:43:32","slug":"marmol-blanco-calacatta","status":"publish","type":"product","link":"https:\/\/www.quartzite-stone.com\/es\/products\/calacatta-white-marble\/","title":{"rendered":"M\u00e1rmol Blanco Calacatta"},"content":{"rendered":"<p>INFORMACI\u00d3N ADICIONAL<\/p>\n<table>\n<tbody>\n<tr>\n<td width=\"124\"><strong>MATERIAL<\/strong><\/td>\n<td width=\"444\">M\u00e1rmol<\/td>\n<\/tr>\n<tr>\n<td width=\"124\"><strong>COLOR<\/strong><\/td>\n<td width=\"444\">Blanco<\/td>\n<\/tr>\n<tr>\n<td width=\"124\"><strong>PA\u00cdS DE ORIGEN<\/strong><\/td>\n<td width=\"444\">Italia<\/td>\n<\/tr>\n<tr>\n<td width=\"124\"><strong>ACABADO DE LA SUPERFICIE<\/strong><\/td>\n<td width=\"444\">Pulido, afilado con piedra, revestido de cuero<\/td>\n<\/tr>\n<tr>\n<td width=\"124\"><strong>USAR<\/strong><\/td>\n<td width=\"444\">Cocinas, Ba\u00f1os, Pisos, Paredes, Azulejos, Losas<\/td>\n<\/tr>\n<tr>\n<td width=\"124\"><strong>DISPONIBILIDAD<\/strong><\/td>\n<td width=\"444\">Por favor, compruebe la disponibilidad de stock con HRST STONE para visitar.<\/p>\n<p>Las muestras de piedra tampoco est\u00e1n disponibles para cada selecci\u00f3n de piedra, consulte la disponibilidad.<\/td>\n<\/tr>\n<\/tbody>\n<\/table>\n<p>El Calacatta es un m\u00e1rmol blanco (m\u00e1rmol calc\u00edtico), piedra natural. Presenta un cromatismo peculiar, en el que un fondo blanquecino con fin\u00edsimas vetas de color gris claro se ve salpicado por diminutas notas ambarinas y doradas.Protagonista orgulloso de la cultura italiana, este m\u00e1rmol exhala y transmite el humanismo renacentista, testigo de numerosos proyectos colosales.<a class=\"wpil_keyword_link\" title=\"m\u00e1rmol calacatta\" href=\"https:\/\/www.quartzite-stone.com\/es\/producto-2\/marmol-calacatta-viola\/\" data-wpil-keyword-link=\"linked\">m\u00e1rmol calacatta<\/a> es un testimonio intemporal que nos recuerda que la belleza de los cl\u00e1sicos, aunque se reinterpreten, siempre vuelven. Una piedra natural inigualable si arquitectos e interioristas quieren vestir con elegancia interiores de lujo.<\/p>\n<p>Las Baldosas de M\u00e1rmol Calacatta Blanco pueden combinarse libremente con varios lugares para satisfacer las demandas de espacio de diferentes familias y diferentes lugares, y pueden crearEl M\u00e1rmol Calacatta Blanco se importa de Italia debido a su disponibilidad restringida y a la fuerte demanda de todo el mundo, lo que lo hace extremadamente valioso.<\/p>\n<p>Las Losas de M\u00e1rmol Blanco Calacatta tienen vetas muy finas con un veteado grueso y prominente para una est\u00e9tica tradicional.e un impacto decorativo de alta calidad al espacio, traduciendo la singularidad m\u00e1s r\u00fastica y mostrando una sensaci\u00f3n de confort natural y original.<\/p>\n<p><img decoding=\"async\" class=\"aligncenter\" src=\"https:\/\/data.adwebcloud.com\/public\/material\/220426a7q47o\/product\/imageFile_1664271721477.jpg\" alt=\"\" \/><\/p>\n<p><img decoding=\"async\" class=\"aligncenter\" src=\"https:\/\/data.adwebcloud.com\/public\/material\/220426a7q47o\/product\/imageFile_1664271722354.jpg\" alt=\"\" \/><\/p>\n<p><img decoding=\"async\" class=\"aligncenter\" src=\"https:\/\/data.adwebcloud.com\/public\/material\/220426a7q47o\/product\/imageFile_1664271723391.jpg\" alt=\"\" \/><\/p>\n<p><img decoding=\"async\" class=\"aligncenter\" src=\"https:\/\/data.adwebcloud.com\/public\/material\/220426a7q47o\/product\/imageFile_1664271724156.jpg\" alt=\"\" \/><\/p>","protected":false},"excerpt":{"rendered":"<p>El Calacatta es un m\u00e1rmol blanco (m\u00e1rmol calc\u00edtico), piedra natural. Presenta un cromatismo peculiar, en el que un fondo blanquecino con vetas muy finas de color gris claro est\u00e1n puntuadas por diminutas notas ambarinas y doradas.Protagonista orgulloso de la cultura italiana, este m\u00e1rmol exhala y transmite ...<\/p>","protected":false},"featured_media":3793,"comment_status":"closed","ping_status":"closed","template":"","meta":[],"product_brand":[],"product_cat":[175],"product_tag":[176,2135,177,178,179,180,181,182,183],"class_list":{"0":"post-2499","1":"product","2":"type-product","3":"status-publish","4":"has-post-thumbnail","6":"product_cat-marble","7":"product_tag-bathrooms","8":"product_tag-calacatta-marble-tables","9":"product_tag-floors","10":"product_tag-kitchens","11":"product_tag-marble","12":"product_tag-slabs","13":"product_tag-tiles","14":"product_tag-walls","15":"product_tag-white","17":"first","18":"instock","19":"product-type-simple"},"_links":{"self":[{"href":"https:\/\/www.quartzite-stone.com\/es\/wp-json\/wp\/v2\/product\/2499","targetHints":{"allow":["GET"]}}],"collection":[{"href":"https:\/\/www.quartzite-stone.com\/es\/wp-json\/wp\/v2\/product"}],"about":[{"href":"https:\/\/www.quartzite-stone.com\/es\/wp-json\/wp\/v2\/types\/product"}],"replies":[{"embeddable":true,"href":"https:\/\/www.quartzite-stone.com\/es\/wp-json\/wp\/v2\/comments?post=2499"}],"wp:featuredmedia":[{"embeddable":true,"href":"https:\/\/www.quartzite-stone.com\/es\/wp-json\/wp\/v2\/media\/3793"}],"wp:attachment":[{"href":"https:\/\/www.quartzite-stone.com\/es\/wp-json\/wp\/v2\/media?parent=2499"}],"wp:term":[{"taxonomy":"product_brand","embeddable":true,"href":"https:\/\/www.quartzite-stone.com\/es\/wp-json\/wp\/v2\/product_brand?post=2499"},{"taxonomy":"product_cat","embeddable":true,"href":"https:\/\/www.quartzite-stone.com\/es\/wp-json\/wp\/v2\/product_cat?post=2499"},{"taxonomy":"product_tag","embeddable":true,"href":"https:\/\/www.quartzite-stone.com\/es\/wp-json\/wp\/v2\/product_tag?post=2499"}],"curies":[{"name":"wp","href":"https:\/\/api.w.org\/{rel}","templated":true}]}}