{"id":2490,"date":"2022-07-04T23:49:04","date_gmt":"2022-07-04T15:49:04","guid":{"rendered":"https:\/\/www.quartzite-stone.com\/product\/calacatta-viola\/"},"modified":"2023-05-24T12:38:39","modified_gmt":"2023-05-24T04:38:39","slug":"marmol-calacatta-viola","status":"publish","type":"product","link":"https:\/\/www.quartzite-stone.com\/es\/products\/calacatta-viola-marble\/","title":{"rendered":"M\u00e1rmol viola calacatta"},"content":{"rendered":"<p><strong>M\u00c1RMOL PULIDO CALACATTA VIOLA<\/strong><\/p>\n<p>En el mundo de la piedra natural, el m\u00e1rmol Calacatta ha sido durante mucho tiempo el material elegido para encimeras de cocina y ba\u00f1os por su aspecto tradicional y atemporal.<\/p>\n<p>El m\u00e1rmol Calacatta Viola es apropiado para tareas de dise\u00f1o interior de yates de m\u00e1rmol, como encimeras, suelos exclusivos, encimeras de cocina y paredes.<\/p>\n<p>M\u00e1rmol Calacatta Viola, tambi\u00e9n conocido como Breccia Vagli. El cl\u00e1sico m\u00e1rmol italiano que se asemeja a l\u00e1minas de hielo flotando en un profundo mar rojo. Un m\u00e1rmol impresionante que puede hacer una declaraci\u00f3n en cualquier espacio.<\/p>\n<p>El m\u00e1rmol Calacatta puede utilizarse como fregadero macizo para encimeras de cocina:<\/p>\n<ul>\n<li>M\u00e1rmol Calacatta Viola<\/li>\n<li>Fregadero Rect\u00e1ngulo<\/li>\n<li>Fregadero de m\u00e1rmol a medida rectangular<\/li>\n<li>Fregadero con desag\u00fce oculto<\/li>\n<li>Fregadero de m\u00e1rmol Farmhouse<\/li>\n<li>Decoraci\u00f3n de ba\u00f1os<\/li>\n<\/ul>\n<p><img decoding=\"async\" src=\"https:\/\/data.adwebcloud.com\/public\/material\/220426a7q47o\/product\/7391f928-292c-456f-9954-02b83fa258ac.jpg\" \/><\/p>\n<p>Ahora cada vez m\u00e1s gente elige <strong>Calacatta Viola Marbre para accesorios y muebles de m\u00e1rmol<\/strong><\/p>\n<p>Los muebles y accesorios son un magn\u00edfico m\u00e9todo adicional para utilizar el m\u00e1rmol en su entorno. <strong>Mesas bajas <\/strong>de m\u00e1rmol Calacatta Viola dar\u00e1n a sus espacios un aspecto atractivo desde el primer momento. Utilice z\u00f3calos de m\u00e1rmol para exponer sus obras de arte originales o retratos familiares. Los limones y otras frutas tienen un aspecto atractivo en los platos de m\u00e1rmol Calacatta Viola de las encimeras de la cocina.<\/p>\n<p><img fetchpriority=\"high\" decoding=\"async\" src=\"https:\/\/data.adwebcloud.com\/public\/material\/220426a7q47o\/product\/7a4050f6-f50f-4013-bab3-9d8a04977ec7.jpg\" width=\"651\" height=\"521\" \/><\/p>\n<p>&nbsp;<strong>Calacatta Viola Marbre<\/strong> Las m\u00faltiples dimensiones de esta piedra son impresionantes. En la superficie de esta seductora piedra, una pl\u00e9tora de motivos parecen combinarse y moverse, haciendo temer que abandonen su lienzo y se inmiscuyan en este mundo. Los tonos profundos del fondo han conseguido mimetizarse y destacar al mismo tiempo.<\/p>\n<p><img decoding=\"async\" src=\"https:\/\/data.adwebcloud.com\/public\/material\/220426a7q47o\/product\/996c4110-eb91-4ef0-8be1-c1f3ef077644.jpg\" width=\"665\" height=\"532\" \/><\/p>\n<p>Audazmente lujoso, el m\u00e1rmol calacatta viola encanta a los espectadores con su extraordinario dise\u00f1o de salpicaduras curvas de color blanco n\u00edveo que parecen flotar entre un llamativo veteado de profundos tonos rojo vino y ros\u00e1ceos. El vibrante contraste del blanco cristalino con los tonos m\u00e1s oscuros confiere a este m\u00e1rmol una dimensionalidad inigualable. En la superficie se forma un bello ritmo que infunde a esta piedra natural una sofisticaci\u00f3n atemporal.<\/p>\n<p>&nbsp;<\/p>\n<p>El m\u00e1rmol calacatta de moda es un complemento irresistible para cualquier interior, ya que infunde una sensaci\u00f3n de romanticismo y grandeza. El fino dibujo y la profundidad de esta piedra natural transforman sin esfuerzo tanto hogares como oficinas en elegantes temas de conversaci\u00f3n que asombran e impresionan. Aporte un toque de moda a su cocina con un magn\u00edfico salpicadero de m\u00e1rmol, eleve el lujo de sus cuartos de ba\u00f1o con encimeras y lavabos de m\u00e1rmol, o convierta su chimenea en un punto focal utilizando baldosas de m\u00e1rmol para detallar los alrededores con impresionantes paredes de m\u00e1rmol. Reviva el aspecto y la sensaci\u00f3n de sus espacios interiores infundi\u00e9ndoles una espectacular y glamurosa piedra de m\u00e1rmol blanco.<\/p>\n<p>&nbsp;<\/p>\n<p>Incorporar a su hogar un m\u00e1rmol tan vibrante como el calacatta viola de moda puede parecer algo desalentador por su dise\u00f1o atrevido y sus tonos vivos. Sin embargo, la clave para transformar sus espacios con esta exclusiva piedra natural es utilizarla en peque\u00f1as dosis -acentos y piezas llamativas- en lugar de en grandes cantidades que abrumen la vista. En este caso, menos es infinitamente m\u00e1s.<\/p>\n<p>&nbsp;<\/p>\n<h3 style=\"font-size: 19px\">Utilice el m\u00e1rmol como parte de su suelo o paredes<\/h3>\n<p>Infunda un toque de color a su cocina empleando un fascinante salpicadero de m\u00e1rmol calacatta viola. Este toque de color y dise\u00f1o crear\u00e1 un elegante punto focal que realzar\u00e1 la estancia en lugar de competir con otros elementos. En el caso de los cuartos de ba\u00f1o, utilice paredes de m\u00e1rmol s\u00f3lo en la ducha. De nuevo, esto dar\u00e1 lugar a un deslumbrante punto de conversaci\u00f3n, a\u00f1adiendo un toque de color y sofisticaci\u00f3n a la habitaci\u00f3n.<\/p>\n<p>&nbsp;<\/p>\n<h3 style=\"font-size: 19px\">Muebles y accesorios de m\u00e1rmol<\/h3>\n<p>Otra forma fabulosa de incluir el m\u00e1rmol en su entorno es a trav\u00e9s de muebles y accesorios. Las mesas de centro de m\u00e1rmol Calacatta aportar\u00e1n al instante un estilo seductor a sus salones. Utilice z\u00f3calos de m\u00e1rmol para exponer sus obras de arte personalizadas o retratos familiares. Las exclusivas fuentes de m\u00e1rmol calacatta viola son una forma seductora de exponer limones u otras frutas en las encimeras de la cocina.<\/p>\n<p>&nbsp;<\/p>\n<h3 style=\"font-size: 19px\">Una sorprendente variaci\u00f3n de una piedra cl\u00e1sica<\/h3>\n<h3>\u00bfC\u00f3mo describir la belleza de forma creativa? M\u00e1rmol Calacatta Viola de Quartzite-Stone<\/h3>\n<p>La superficie recuerda al hielo cremoso flotando en equilibrio sobre un mar rojo intenso. Se trata de un look diferente a cualquier otro, que combina el blanco cl\u00e1sico y el violeta profundo, con la rica textura de <a href=\"https:\/\/www.quartzite-stone.com\/es\/marmol\/\">m\u00e1rmol calacatta<\/a> que cautiva y llega al coraz\u00f3n. Pulido o abrillantado, este m\u00e1rmol calacatta viola es un testimonio de lujo chic.<\/p>\n<p>&nbsp;<\/p>\n<h3 style=\"font-size: 19px\">Lujoso y funcional<\/h3>\n<p>El m\u00e1rmol calacatta viola es resistente al calor, por lo que no hay que preocuparse por las marcas de quemaduras en la encimera de la cocina o el cuarto de ba\u00f1o. El m\u00e1rmol calacatta viola es a la vez pr\u00e1ctico y emocionante para usar en paredes, suelos, fondos y estaciones de trabajo de oficina.<\/p>\n<p>&nbsp;<\/p>\n<h3 style=\"font-size: 19px\">\u00danico y maravilloso<\/h3>\n<p>Durante d\u00e9cadas, la naturaleza ha creado estas intrincadas vetas en la superficie del m\u00e1rmol a trav\u00e9s del calor y la presi\u00f3n, sentando las bases del fino car\u00e1cter del m\u00e1rmol calacatta. Verdaderamente \u00fanica, esta pieza de moda de m\u00e1rmol calacatta viola representa un vibrante proceso natural, con una po\u00e9tica e intensa yuxtaposici\u00f3n de colores en la superficie del m\u00e1rmol calacatta viola.<\/p>\n<p>&nbsp;<\/p>\n<h3 style=\"font-size: 19px\">V\u00edstete para impresionar<\/h3>\n<p>Esta encimera de m\u00e1rmol calacatta es elegante e irradia luz, por lo que es la elecci\u00f3n perfecta para iluminar zonas de estar y a\u00f1adir profundidad y dramatismo a ba\u00f1os, tocadores y cocinas.<\/p>\n<p>&nbsp;<\/p>\n<h3 style=\"font-size: 19px\">informaci\u00f3n adicional<\/h3>\n<table>\n<tbody>\n<tr>\n<td width=\"124\"><strong>MATERIAL<\/strong><\/td>\n<td width=\"444\">M\u00e1rmol<\/td>\n<\/tr>\n<tr>\n<td width=\"124\"><strong>COLOR<\/strong><\/td>\n<td width=\"444\">Blanco<\/td>\n<\/tr>\n<tr>\n<td width=\"124\"><strong>PA\u00cdS DE ORIGEN<\/strong><\/td>\n<td width=\"444\">Italia<\/td>\n<\/tr>\n<tr>\n<td width=\"124\"><strong>ACABADO DE LA SUPERFICIE<\/strong><\/td>\n<td width=\"444\">Pulido, afilado con piedra, revestido de cuero<\/td>\n<\/tr>\n<tr>\n<td width=\"124\"><strong>USAR<\/strong><\/td>\n<td width=\"444\">Cocinas, Ba\u00f1os, Suelos, Paredes, Baldosas, Losas,Mesa<\/td>\n<\/tr>\n<tr>\n<td width=\"124\"><strong>DISPONIBILIDAD<\/strong><\/td>\n<td width=\"444\">Por favor, compruebe la disponibilidad de stock con HRST STONE para visitar.<\/p>\n<p>Las muestras de piedra tampoco est\u00e1n disponibles para cada selecci\u00f3n de piedra, consulte la disponibilidad.<\/p>\n<\/td>\n<\/tr>\n<\/tbody>\n<\/table>\n<p><img decoding=\"async\" class=\"aligncenter\" src=\"https:\/\/data.adwebcloud.com\/public\/material\/220426a7q47o\/product\/imageFile_1663316947220.jpg\" alt=\"\" width=\"750\" height=\"600\" \/><\/p>\n<p><img loading=\"lazy\" decoding=\"async\" class=\"aligncenter\" src=\"https:\/\/data.adwebcloud.com\/public\/material\/220426a7q47o\/product\/imageFile_1663316948027.jpg\" alt=\"\" width=\"750\" height=\"742\" \/><\/p>\n<p><img loading=\"lazy\" decoding=\"async\" class=\"aligncenter\" src=\"https:\/\/data.adwebcloud.com\/public\/material\/220426a7q47o\/product\/imageFile_1663316948795.jpg\" alt=\"\" width=\"750\" height=\"600\" \/><\/p>\n<p><img loading=\"lazy\" decoding=\"async\" class=\"aligncenter\" src=\"https:\/\/data.adwebcloud.com\/public\/material\/220426a7q47o\/product\/imageFile_1663316949563.jpg\" alt=\"\" width=\"750\" height=\"600\" \/><\/p>\n<p>&nbsp;<\/p>\n<h3 style=\"font-size: 19px\">Caracter\u00edsticas del m\u00e1rmol calacatta<\/h3>\n<p>El m\u00e1rmol Calacatta viola es un m\u00e1rmol italiano de alta calidad muy apreciado por su fondo blanco y sus vetas grises. Estas son algunas de sus caracter\u00edsticas:<\/p>\n<ol>\n<li>Color: El m\u00e1rmol Calacatta viola tiene una base de color blanco puro con gruesas vetas grises. El color de las vetas puede variar del gris claro al gris oscuro.<\/li>\n<li>Textura: Este m\u00e1rmol tiene un acabado liso, pulido y fr\u00edo al tacto. La superficie de la piedra puede presentar ligeras variaciones de textura debido a imperfecciones naturales.<\/li>\n<li>Durabilidad: El m\u00e1rmol Calacatta es una piedra muy duradera que puede soportar un uso y un desgaste intensos. Es una elecci\u00f3n popular para encimeras de cocina, suelos y superficies de ba\u00f1o.<\/li>\n<li>Coste: El m\u00e1rmol Calacatta viola es uno de los tipos de m\u00e1rmol m\u00e1s caros debido a su rareza y a su gran demanda. El precio puede variar en funci\u00f3n de la calidad, el color y el tama\u00f1o de la losa.<\/li>\n<li>Mantenimiento: El m\u00e1rmol es una piedra porosa, por lo que requiere un sellado regular para evitar manchas y da\u00f1os. Tambi\u00e9n es sensible a las sustancias \u00e1cidas, como el zumo de lim\u00f3n o el vinagre.<\/li>\n<li>Flexibilidad de dise\u00f1o: El m\u00e1rmol Calacatta puede utilizarse en una gran variedad de estilos de dise\u00f1o, desde el tradicional al moderno. Su atrevido veteado puede crear un efecto espectacular en cualquier espacio.<\/li>\n<\/ol>\n<p>Esta llamativa variedad de m\u00e1rmol sirve para una gran variedad de prop\u00f3sitos, ya que se sugiere para muchos dise\u00f1os. Con su resplandeciente veteado lila-p\u00farpura, el m\u00e1rmol Calacatta viola es conocido por su amplia gama de aplicaciones, que incluyen revestimientos de paredes, suelos interiores y exteriores, superficies de ba\u00f1os y encimeras, as\u00ed como la fabricaci\u00f3n de art\u00edculos ornamentales \u00fanicos. Su aspecto elegante y con estilo da un toque novedoso a cualquier lugar que no hace m\u00e1s que llamar la atenci\u00f3n.<\/p>\n<p>Para su hogar, hotel, villa y otros proyectos de ba\u00f1os residenciales comerciales, est\u00e1n disponibles las encimeras de lavabo de m\u00e1rmol Calacatta Viola ideales. Rico, de color cabernet Calacatta m\u00e1rmol tiene un tinte blanco lechoso. Cuando se utiliza como una gran decoraci\u00f3n de ba\u00f1o o un fondo de libro emparejado para lo que puede terminar siendo su habitaci\u00f3n favorita en la casa, estos naturalmente audaz Calacatta Viola m\u00e1rmol vanidad Tops son a\u00fan m\u00e1s sorprendentes.<\/p><\/p>","protected":false},"excerpt":{"rendered":"<p>Capturado de una de las canteras de m\u00e1rmol m\u00e1s antiguas de Italia, el m\u00e1rmol calacatta viola llega a donde ninguna superficie de m\u00e1rmol ha llegado antes. La pieza central de la cocina perfecta para su hogar, Calacatta Viola Marble presenta ricos tonos de cabernet y un color blanco cremoso.<\/p>","protected":false},"featured_media":6275,"comment_status":"closed","ping_status":"closed","template":"","meta":[],"product_brand":[],"product_cat":[175],"product_tag":[601,598,599,600],"class_list":{"0":"post-2490","1":"product","2":"type-product","3":"status-publish","4":"has-post-thumbnail","6":"product_cat-marble","7":"product_tag-calacatta-viola-marble-plinth","8":"product_tag-calacatta-viola-marble-table","9":"product_tag-calacatta-violet-marble-big-slabs-and-wall-tiles","10":"product_tag-marmi-calacatta-viola-countertops","12":"first","13":"instock","14":"product-type-simple"},"_links":{"self":[{"href":"https:\/\/www.quartzite-stone.com\/es\/wp-json\/wp\/v2\/product\/2490","targetHints":{"allow":["GET"]}}],"collection":[{"href":"https:\/\/www.quartzite-stone.com\/es\/wp-json\/wp\/v2\/product"}],"about":[{"href":"https:\/\/www.quartzite-stone.com\/es\/wp-json\/wp\/v2\/types\/product"}],"replies":[{"embeddable":true,"href":"https:\/\/www.quartzite-stone.com\/es\/wp-json\/wp\/v2\/comments?post=2490"}],"wp:featuredmedia":[{"embeddable":true,"href":"https:\/\/www.quartzite-stone.com\/es\/wp-json\/wp\/v2\/media\/6275"}],"wp:attachment":[{"href":"https:\/\/www.quartzite-stone.com\/es\/wp-json\/wp\/v2\/media?parent=2490"}],"wp:term":[{"taxonomy":"product_brand","embeddable":true,"href":"https:\/\/www.quartzite-stone.com\/es\/wp-json\/wp\/v2\/product_brand?post=2490"},{"taxonomy":"product_cat","embeddable":true,"href":"https:\/\/www.quartzite-stone.com\/es\/wp-json\/wp\/v2\/product_cat?post=2490"},{"taxonomy":"product_tag","embeddable":true,"href":"https:\/\/www.quartzite-stone.com\/es\/wp-json\/wp\/v2\/product_tag?post=2490"}],"curies":[{"name":"wp","href":"https:\/\/api.w.org\/{rel}","templated":true}]}}