{"id":8894,"date":"2023-12-22T16:55:44","date_gmt":"2023-12-22T08:55:44","guid":{"rendered":"https:\/\/www.quartzite-stone.com\/product\/ariston-white-marble\/"},"modified":"2023-12-22T17:15:35","modified_gmt":"2023-12-22T09:15:35","slug":"ariston-weiser-marmor","status":"publish","type":"product","link":"https:\/\/www.quartzite-stone.com\/de\/products\/ariston-white-marble\/","title":{"rendered":"Ariston Wei\u00dfer Marmor"},"content":{"rendered":"<p>Ariston White Marble ist so wei\u00df wie Jade, seine Partikel sind fein, sehr rein wei\u00df, eingelegt mit sehr reinem Grau, mit wenigen Linien und nat\u00fcrlicher Textur. Es ist so charmant, dass man es sich nicht vorstellen kann.<\/p>\n<p>So wie die wei\u00dfen Wolken, die am klaren Himmel schweben, k\u00f6nnen die Menschen der Versuchung nicht widerstehen. Sch\u00f6n und elegant, aber weich in der Textur, ist er ein zarter Stein. Denn hochwertiger wei\u00dfer Ariston-Marmor ist der wei\u00dfeste aller Steine.<\/p>\n<p><img fetchpriority=\"high\" decoding=\"async\" src=\"https:\/\/data.adwebcloud.com\/public\/material\/220426a7q47o\/product\/e49b2596450e675a16e52920864e_1703235166945.jpg\" width=\"800\" height=\"534\" alt=\"Ariston Wei\u00dfe Marmorplatte\" \/><\/p>\n<p><strong>Merkmale:<\/strong> Aus Griechenland stammend, mit K\u00f6per und gepunkteten Blumen.<br \/><strong>Physikalische Eigenschaften: <\/strong>Volumendichte: 2,63g\/cm3<br \/><strong>Druckfestigkeit:<\/strong> 130Mpa<br \/><strong>Biegewiderstand:<\/strong> 11.12Mpa<br \/><strong>Wasseraufnahme:<\/strong> 0.18%<\/p>\n<p><strong>Klassifizierung der Ebenen:<\/strong><\/p>\n<p>Ariston Wei\u00dfer Marmor Premium: Wei\u00dfer Hintergrund mit gleichm\u00e4\u00dfig verteilten feinen Linien und ohne M\u00e4ngel.<br \/>Ariston White Marble Level 1: Feine Linien sind gleichm\u00e4\u00dfig auf einem wei\u00dfen Hintergrund mit wenigen Fehlern verteilt.<br \/>Ariston White Marble Standardqualit\u00e4t: keine Anforderungen an die Hintergrundfarbe, viele M\u00e4ngel.<\/p>\n<p>Wei\u00dfer Ariston-Marmor wird nur in Griechenland abgebaut, und da das Abbauvolumen begrenzt ist, ist der Preis f\u00fcr diese Art von Stein im Allgemeinen relativ hoch. Hochwertige Hotels, Villen und andere Dekorationen verwenden Ariston White Marble f\u00fcr die Dekoration, die den Adel und die Eleganz besser widerspiegeln kann.<\/p>\n<p><img decoding=\"async\" src=\"https:\/\/data.adwebcloud.com\/public\/material\/220426a7q47o\/product\/AristonWhiteMarble2_1703235187117.jpg\" width=\"750\" height=\"750\" alt=\"Ariston Wei\u00dfer Marmor im Badezimmer\" \/><\/p>\n<p>Auf dem chinesischen Markt werden in der Regel gro\u00dfe Platten von etwa 1,8 cm mit einer durchschnittlichen H\u00f6he von etwa 1,6 bis 1,8 Metern und einer L\u00e4nge von etwa 2,8 Metern verkauft. Daher sollten Designer bei der Materialauswahl und beim Design auf angemessene Gr\u00f6\u00dfen achten, da sonst nicht nur viele Ressourcen verschwendet werden, sondern auch die Kosten f\u00fcr die Verarbeitung erheblich steigen.<\/p>\n<p>Bei der Verarbeitung darf er nicht mit anderen Steinen zusammengeschnitten werden, die leicht verblassen, und er darf auch nicht zusammen mit anderen verf\u00e4rbten Steinen gelagert werden, da er sonst eine Verschmutzung verursacht;<\/p>\n<p>Nach dem Zuschnitt auf die vorgesehene Gr\u00f6\u00dfe sollte er rechtzeitig getrocknet werden, und dann sollte eine sechsseitige Schutzbehandlung mit einem steinspezifischen Schutzmittel erfolgen. Das Schutzmittel sollte gleichm\u00e4\u00dfig aufgetragen werden, so dass nach dem Auftragen und Trocknen des Schutzes kein Spritzwasser in das Innere des Steins eindringt.<\/p>\n<p>Die Textur von Ariston White Marble ist relativ weich. Wenn er nicht richtig verpackt ist, wird er beim Transport leicht besch\u00e4digt. Daher muss die Kiste f\u00fcr den Ferntransport mit einer bestimmten Schaumstoffdicke gef\u00fcllt werden. Im Allgemeinen ist ein Zentimeter Schaumstoff ausreichend. Nach dem Verpacken darf der Stein darin nicht ersch\u00fcttert werden.<\/p>\n<p><img decoding=\"async\" src=\"https:\/\/data.adwebcloud.com\/public\/material\/220426a7q47o\/product\/AristonWhiteMarble8_1703235206301.jpg\" width=\"800\" height=\"800\" alt=\"Ariston Wei\u00dfe Marmortreppe\" \/><\/p>\n<p><strong>Raumanwendung von Ariston White Marble:<\/strong><br \/>In Bezug auf die Raumanwendung ist Yashibai aufgrund seiner harten und zarten Textur f\u00fcr moderne Stile geeignet. Wegen seines ruhigen, eleganten, weichen und einfachen Dekorationsstils wird er von modernen jungen Menschen sehr geliebt. Der moderne und einfache Stil offenbart eine zur\u00fcckhaltende, luxuri\u00f6se Sch\u00f6nheit.<\/p>\n<p><img loading=\"lazy\" decoding=\"async\" src=\"https:\/\/data.adwebcloud.com\/public\/material\/220426a7q47o\/product\/AristonWhiteMarble1_1703235223654.jpg\" width=\"800\" height=\"800\" alt=\"Ariston White Marble Wand- und Bodenfliesen\" \/><\/p>\n<p>Der aus Griechenland stammende wei\u00dfe Marmor Ariston hebt sich als hochwertiger Marmor unter den wei\u00dfen Baumaterialien ab. Seine unverf\u00e4lschte Farbe, die feinen Partikel und das reinwei\u00dfe Aussehen mit dezenten grauen Einsprengseln machen ihn zu einem fesselnden und charmanten Stein, der Bilder von wei\u00dfen Wolken an einem klaren Himmel hervorruft.<\/p>\n<p><strong>Eleganz im Ursprung:<\/strong><br \/>Ariston-Marmor aus der Region Drama in Griechenland ist bekannt f\u00fcr seine Eleganz, Reinheit und zeitlose Sch\u00f6nheit. Die Grundfarbe, ein helles und cremiges Wei\u00df, strahlt Raffinesse aus, w\u00e4hrend die komplizierte graue Maserung f\u00fcr Tiefe und visuelles Interesse sorgt. Die zarten, aber markanten Adern des Marmors variieren in Intensit\u00e4t und Dicke und tragen zu einem einzigartigen Erscheinungsbild bei.<\/p>\n<p><strong>Begrenztes Angebot, Premium-Qualit\u00e4t:<\/strong><br \/>Der wei\u00dfe Marmor Ariston kommt ausschlie\u00dflich in Griechenland vor, und sein begrenztes Abbauvolumen steigert seinen Wert. Daher wird er h\u00e4ufig f\u00fcr hochwertige Projekte wie die Ausstattung luxuri\u00f6ser Hotels und Villen gew\u00e4hlt, die ein Gef\u00fchl von Adel und Eleganz vermitteln.<\/p>\n<p><strong>\u00dcberlegungen zum Design:<\/strong><br \/>Auf dem chinesischen Markt wird Ariston White Marble in der Regel in gro\u00dfen Platten verkauft, was unterstreicht, wie wichtig es ist, bei der Gestaltung auf Ressourceneffizienz zu achten. Designern wird empfohlen, geeignete Gr\u00f6\u00dfen zu w\u00e4hlen, um Abfall und Verarbeitungskosten zu minimieren.<\/p>\n<p><strong>Verarbeitung und Wartung:<\/strong><br \/>Bei der Verarbeitung ist besondere Sorgfalt geboten, um zu vermeiden, dass Ariston White Marble mit Steinen geschnitten wird, die zum Ausbleichen neigen, oder dass er neben verf\u00e4rbten Steinen gelagert wird, da dies zu Verunreinigungen f\u00fchren kann. Nach dem Schneiden muss der Marmor rechtzeitig getrocknet und einer umfassenden sechsseitigen Schutzbehandlung mit einem steinspezifischen Mittel unterzogen werden, um das Eindringen von Wasser zu verhindern.<\/p>\n<p><strong>Handhabung und Transport:<\/strong><br \/>Aufgrund seiner relativ weichen Beschaffenheit ist die richtige Verpackung von entscheidender Bedeutung, um Sch\u00e4den beim Transport zu vermeiden. Bei Langstreckentransporten sollten die Kisten mit einer ausreichend dicken Schaumstoffschicht gef\u00fcllt werden, um die Stabilit\u00e4t zu gew\u00e4hrleisten und zu verhindern, dass der Stein durch Ersch\u00fctterungen besch\u00e4digt wird.<\/p>\n<p><strong>Raumanwendung:<\/strong><br \/>Ariston White Marble findet dank seiner harten und doch zarten Textur den idealen Platz in modernen Stilen. Seine ruhige, elegante und weiche \u00c4sthetik f\u00fcgt sich nahtlos in moderne und schlichte Einrichtungsstile ein und macht ihn zu einer bevorzugten Wahl f\u00fcr Zeitgenossen, die eine luxuri\u00f6se, zur\u00fcckhaltende Sch\u00f6nheit suchen.<\/p>\n<p>Zusammenfassend l\u00e4sst sich sagen, dass Ariston White Marble nicht nur ein optisch beeindruckender Naturstein ist, sondern auch ein Zeugnis f\u00fcr die Kunstfertigkeit und das handwerkliche K\u00f6nnen, die mit ihm einhergehen. Seine Seltenheit in Kombination mit seiner einzigartigen Optik macht ihn zu einem begehrten Material f\u00fcr alle, die ihren R\u00e4umen Raffinesse und Eleganz verleihen wollen.<\/p>\n<\/p>\n<p><strong>FAQ:<\/strong><\/p>\n<p><strong>Welche Nation produziert den gr\u00f6\u00dften wei\u00dfen Marmor?<\/strong><\/p>\n<p>Welches Land die beste Qualit\u00e4t von wei\u00dfem Marmor hat, l\u00e4sst sich nicht mit Sicherheit sagen, da verschiedene Faktoren wie Verarbeitungsprozesse, geologische Bedingungen und Abbauverfahren die Qualit\u00e4t des Marmors beeinflussen k\u00f6nnen. Einige L\u00e4nder sind jedoch f\u00fcr ihren hochwertigen wei\u00dfen Marmor bekannt. Hervorragender Marmor wird seit langem in Italien hergestellt, und eine der bekanntesten Sorten ist der Carrara-Marmor. Griechenland ist international f\u00fcr seinen wei\u00dfen Marmor bekannt, insbesondere f\u00fcr den bekannten Thassos-Marmor. Spanien, Indien und die T\u00fcrkei sind f\u00fcr die Herstellung von hochwertigem wei\u00dfem Marmor bekannt. Die Wahl des besten wei\u00dfen Marmors h\u00e4ngt letztlich vom pers\u00f6nlichen Geschmack und den besonderen Bed\u00fcrfnissen ab.<\/p>\n<\/p>\n<p><strong>Welche Oberfl\u00e4che eignet sich am besten f\u00fcr Ariston White Marble?<\/strong><\/p>\n<p>Die Wahl der Behandlung f\u00fcr Wandverkleidungen und Bodenfliesen aus Ariston Marmor h\u00e4ngt vom gew\u00fcnschten Aussehen und den pers\u00f6nlichen Vorlieben ab. 1. Poliert: Diese Option ist sehr beliebt, da sie dem Marmor eine gl\u00e4nzende, glatte Oberfl\u00e4che verleiht, die die ihm innewohnende Sch\u00f6nheit und Maserung hervorhebt. Das Licht wird von der polierten Oberfl\u00e4che reflektiert und verleiht dem St\u00fcck ein opulentes und raffiniertes Aussehen. 2. Geschliffen: Diese Ausf\u00fchrung verleiht der flachen Oberfl\u00e4che ein satiniertes oder mattes Aussehen. Im Gegensatz zur gl\u00e4nzenden Oberfl\u00e4che wird die dem Marmor innewohnende Sch\u00f6nheit auf eine dezentere Art und Weise pr\u00e4sentiert. Au\u00dferdem sind polierte Beschichtungen schmutz- und kratzfester.3. Beledert: Bei dieser Oberfl\u00e4chenbehandlung wird der Marmor so bearbeitet, dass eine leicht strukturierte Oberfl\u00e4che mit einem sanften Glanz entsteht. Die gelederte Oberfl\u00e4che verleiht dem Marmor Tiefe und Charakter und ist eine gute Wahl f\u00fcr alle, die ein einzigartiges und rustikales Aussehen suchen. 4. Geb\u00fcrstet: Hierbei wird die Marmoroberfl\u00e4che geb\u00fcrstet, um ein strukturiertes und leicht verwittertes Aussehen zu erzielen. Die geb\u00fcrstete Oberfl\u00e4che verleiht dem Marmor ein nat\u00fcrliches und antikes Aussehen, das oft an \u00e4ltere Steinoberfl\u00e4chen erinnert. Welches Finish f\u00fcr Ariston Marmor-Fensterb\u00e4nke am besten geeignet ist, h\u00e4ngt letztlich von den pers\u00f6nlichen Vorlieben und dem allgemeinen Stil und Design des Raums ab, in dem sie eingebaut werden sollen. Es wird empfohlen, sich von einem Fachmann beraten zu lassen oder einen Ausstellungsraum zu besuchen, um die verschiedenen Oberfl\u00e4chen pers\u00f6nlich zu sehen und eine fundierte Entscheidung zu treffen.<\/p>","protected":false},"excerpt":{"rendered":"<p>Ariston White Marble stammt aus Griechenland und ist ein hochwertiges wei\u00dfes Baumaterial mit einer nat\u00fcrlichen Textur und feinen Partikeln.<\/p>","protected":false},"featured_media":8899,"comment_status":"open","ping_status":"closed","template":"","meta":[],"product_brand":[],"product_cat":[175],"product_tag":[1699,1698,1697,1704,1700,1702,1701,1703],"class_list":{"0":"post-8894","1":"product","2":"type-product","3":"status-publish","4":"has-post-thumbnail","6":"product_cat-marble","7":"product_tag-ariston-marble","8":"product_tag-ariston-white-marble-price","9":"product_tag-ariston-white-marble-slabs","10":"product_tag-ariston-white-marble-tiles","11":"product_tag-bianco-ariston-marble","12":"product_tag-drama-white-marble","13":"product_tag-galaxy-classico-marble","14":"product_tag-kavala-white-marble","16":"first","17":"instock","18":"shipping-taxable","19":"product-type-simple"},"_links":{"self":[{"href":"https:\/\/www.quartzite-stone.com\/de\/wp-json\/wp\/v2\/product\/8894","targetHints":{"allow":["GET"]}}],"collection":[{"href":"https:\/\/www.quartzite-stone.com\/de\/wp-json\/wp\/v2\/product"}],"about":[{"href":"https:\/\/www.quartzite-stone.com\/de\/wp-json\/wp\/v2\/types\/product"}],"replies":[{"embeddable":true,"href":"https:\/\/www.quartzite-stone.com\/de\/wp-json\/wp\/v2\/comments?post=8894"}],"wp:featuredmedia":[{"embeddable":true,"href":"https:\/\/www.quartzite-stone.com\/de\/wp-json\/wp\/v2\/media\/8899"}],"wp:attachment":[{"href":"https:\/\/www.quartzite-stone.com\/de\/wp-json\/wp\/v2\/media?parent=8894"}],"wp:term":[{"taxonomy":"product_brand","embeddable":true,"href":"https:\/\/www.quartzite-stone.com\/de\/wp-json\/wp\/v2\/product_brand?post=8894"},{"taxonomy":"product_cat","embeddable":true,"href":"https:\/\/www.quartzite-stone.com\/de\/wp-json\/wp\/v2\/product_cat?post=8894"},{"taxonomy":"product_tag","embeddable":true,"href":"https:\/\/www.quartzite-stone.com\/de\/wp-json\/wp\/v2\/product_tag?post=8894"}],"curies":[{"name":"wp","href":"https:\/\/api.w.org\/{rel}","templated":true}]}}