{"id":8699,"date":"2023-12-04T17:55:28","date_gmt":"2023-12-04T09:55:28","guid":{"rendered":"https:\/\/www.quartzite-stone.com\/product\/fossil-black-marble\/"},"modified":"2023-12-04T18:39:42","modified_gmt":"2023-12-04T10:39:42","slug":"fossiler-schwarzer-marmor","status":"publish","type":"product","link":"https:\/\/www.quartzite-stone.com\/de\/products\/fossil-black-marble\/","title":{"rendered":"Fossil Schwarzer Marmor"},"content":{"rendered":"<p><strong>Schwarzer Fossil-Marmor: zeitlose Eleganz<\/strong><br \/>Fossil Black Marble ist ein faszinierender Naturstein, der eine geheimnisvolle und elegante Atmosph\u00e4re schafft. Sein dunkelgrauer Unterton schafft eine attraktive Kulisse und macht ihn zu einer beliebten Wahl bei Liebhabern der Inneneinrichtung. Erfahren Sie mehr \u00fcber die einzigartigen Eigenschaften, die Herkunft, die weltweite Beliebtheit, die Spezifikationen und vieles mehr, was fossilisierten schwarzen Marmor zu einem einzigartigen und begehrten Material macht.<\/p>\n<p><img fetchpriority=\"high\" decoding=\"async\" src=\"https:\/\/data.adwebcloud.com\/public\/material\/220426a7q47o\/product\/FossilBlackMarble10_1701683612252.jpg\" width=\"750\" height=\"750\" alt=\"Schwarze Marmorplatte Fossil\" \/><\/p>\n<p><strong>Faszinierende Alleinstellungsmerkmale<\/strong><br \/><strong>gut erhaltene Fossilien<\/strong><br \/>Der schwarze Fossil-Marmor zeichnet sich durch seine gut erhaltenen Fossilien aus, die seiner Oberfl\u00e4che einen einzigartigen und auff\u00e4lligen Charakter verleihen. Jede Platte erz\u00e4hlt die Geschichte der Erde und ist damit nicht nur ein Material, sondern ein Kunstwerk.<\/p>\n<p>Urspr\u00fcnge und Steinbr\u00fcche: Marokkos Geschenk an die Welt<br \/><strong>Italienische Herkunft<\/strong><br \/>Dieser au\u00dfergew\u00f6hnliche schwarze fossile Marmor stammt aus Steinbr\u00fcchen in Marokko und wird von Bao Mining in Italien, einem Land, das f\u00fcr seine reiche Geschichte des Steinhandwerks bekannt ist, popul\u00e4r gemacht. Jede Platte spiegelt das Fachwissen italienischer Handwerker wider und ist damit ein Symbol f\u00fcr Qualit\u00e4t und Kunstfertigkeit.<\/p>\n<p>Zwei Steinbr\u00fcche, zwei Optionen<br \/>Fossiler schwarzer Marmor ist vielf\u00e4ltig, denn es gibt zwei Steinbr\u00fcche - einen mit schwarzem Hintergrund und einen mit braunem Hintergrund und versteinerter Oberfl\u00e4che. Diese Dualit\u00e4t erm\u00f6glicht eine Vielzahl von Gestaltungsm\u00f6glichkeiten.<\/p>\n<p><strong>Globale Popularit\u00e4t: Globale Sensation<\/strong><br \/><strong>Verk\u00e4ufe \u00fcber Kontinente hinweg<\/strong><br \/>Fossiler schwarzer Marmor ist weit \u00fcber seine marokkanische Herkunft hinaus beliebt. L\u00e4nder auf der ganzen Welt lieben diesen Marmor wegen seiner \u00c4sthetik und seines zeitlosen Reizes. Seine Vielseitigkeit hat ihn zu einem Grundnahrungsmittel f\u00fcr verschiedene Designkulturen gemacht.<\/p>\n<p>Spezifikationen: Ma\u00dfgeschneidert f\u00fcr Eleganz<br \/>Standard-Dicke<br \/>Der schwarze Marmor Fossil wird in einer Standardplattenst\u00e4rke von 1,8 cm geliefert. Das macht ihn ideal f\u00fcr Boden- und Wandverkleidungen und sorgt f\u00fcr ein nahtloses und raffiniertes Finish.<\/p>\n<p><img decoding=\"async\" src=\"https:\/\/data.adwebcloud.com\/public\/material\/220426a7q47o\/product\/FossilBlackMarble2_1701683625687.jpg\" width=\"800\" height=\"800\" alt=\"Fossil Schwarze Marmorwand\" \/><\/p>\n<p><strong>Sicherung der Qualit\u00e4t: Strenge Standards<\/strong><br \/><strong>Hochwertig<\/strong><br \/>Beide Steinbr\u00fcche, die versteinerten schwarzen Marmor anbieten, halten sich an hohe Qualit\u00e4tsstandards. Dadurch wird sichergestellt, dass jedes St\u00fcck die Erwartungen an Haltbarkeit, Sch\u00f6nheit und Langlebigkeit erf\u00fcllt.<\/p>\n<p>Der Wert von Fossilien: Unbezahlbare Sch\u00f6nheit zu einem erschwinglichen Preis<br \/><strong>Ewiger Wert<\/strong><br \/>Fossilien, die sich \u00fcber Tausende von Jahren gebildet haben, verleihen dem fossilen schwarzen Marmor einen unersetzlichen Wert. Obwohl dieser Marmor unbezahlbar ist, ist er erstaunlich erschwinglich und erm\u00f6glicht es Hausbesitzern, ein St\u00fcck Geschichte in ihre Wohnr\u00e4ume zu bringen.<\/p>\n<p>Anpassungsm\u00f6glichkeiten: Ma\u00dfgeschneidert nach pers\u00f6nlichem Geschmack<br \/><strong>Auswahl der Dicke<\/strong><br \/>F\u00fcr diejenigen, die besondere Anforderungen haben, bietet Fossil Black Marble individuelle Anpassungsm\u00f6glichkeiten in Bezug auf die Dicke. Ob 2 cm oder 3 cm, der Marmor kann nach pers\u00f6nlichen Vorlieben zugeschnitten werden.<\/p>\n<p>Verf\u00fcgbare Oberfl\u00e4chen: poliert, matt oder Leder<br \/><strong>Vielseitige Ausf\u00fchrung<\/strong><br \/>Die Oberfl\u00e4che eines Marmors kann seine allgemeine Sch\u00f6nheit erheblich beeinflussen. Fossil Black Marble bietet Optionen f\u00fcr verschiedene Geschm\u00e4cker: poliert f\u00fcr Glanz, matt f\u00fcr subtile Eleganz und mit Lederseiten f\u00fcr ein haptisches Erlebnis.<\/p>\n<p>Bestellinformationen: Machen Sie Fossil Black Marble zu Ihrem Eigentum<br \/><strong>Kontaktiere uns<\/strong><br \/>Wenn der Reiz des fossilen schwarzen Marmors Ihre Fantasie befl\u00fcgelt, z\u00f6gern Sie nicht, uns zu kontaktieren. Ob es sich um ein privates oder gewerbliches Projekt handelt, unser Team ist bereit, Ihnen beim Erwerb dieses au\u00dfergew\u00f6hnlichen Natursteins zu helfen.<\/p>\n<p>abschlie\u00dfend<br \/>Zusammenfassend l\u00e4sst sich sagen, dass fossiler schwarzer Marmor mehr als nur ein Material ist: Er ist ein Ausdruck zeitloser Eleganz und geologischer Geschichte. Von seinen einzigartigen Eigenschaften und italienischen Urspr\u00fcngen bis hin zu seiner weltweiten Beliebtheit und den M\u00f6glichkeiten der individuellen Gestaltung - jeder Aspekt steigert seine Attraktivit\u00e4t. Betrachten Sie Fossil Black Marmor nicht nur als eine Wahl f\u00fcr Ihren Raum, sondern als eine Investition in Raffinesse und Sch\u00f6nheit.<\/p>\n<p><img decoding=\"async\" src=\"https:\/\/data.adwebcloud.com\/public\/material\/220426a7q47o\/product\/FossilBlackMarble3_1701683643028.jpg\" width=\"800\" height=\"800\" alt=\"Fossil Schwarzer Marmor Geledert\" \/><\/p>\n<p><strong>H\u00e4ufig gestellte Fragen<\/strong><br \/><strong>Sind die Fossilien in Black Marble Fossils echt?<\/strong><\/p>\n<p>Ja, sicher. Fossiler schwarzer Marmor enth\u00e4lt gut erhaltene Fossilien, die jede Marmorplatte zu einem Zeugen der Erdgeschichte machen.<br \/>Kann ich Fossil Black Marble f\u00fcr Au\u00dfenanwendungen verwenden?<\/p>\n<p>Obwohl sie in erster Linie f\u00fcr den Innenbereich empfohlen werden, k\u00f6nnen einige Oberfl\u00e4chen und St\u00e4rken auch f\u00fcr den Au\u00dfenbereich geeignet sein.<br \/><strong>Ist schwarzer Marmor von Fossil teuer?<\/strong><\/p>\n<p>Obwohl Fossilien unbezahlbar sind, ist fossiler schwarzer Marmor \u00fcberraschend erschwinglich und f\u00fcr Hausbesitzer erschwinglich.<br \/><strong>Wie reinigt und pflegt man schwarzen Fossil-Marmor?<\/strong><\/p>\n<p>Eine regelm\u00e4\u00dfige Reinigung mit einem milden, pH-neutralen Reiniger wird empfohlen. Vermeiden Sie scharfe Chemikalien, um seine nat\u00fcrliche Sch\u00f6nheit zu erhalten.<\/p>\n<p><strong>K\u00f6nnen wir eine Probe des schwarzen Marmors von Fossil bekommen?<\/strong><\/p>\n<p>Ja, sicher. Unsere Probe ist frei, Probe Gr\u00f6\u00dfe ist 15x15cm oder 20x20cm. Aber die Fracht muss von Ihrer Seite bezahlt werden.<\/p>","protected":false},"excerpt":{"rendered":"<p>Fossil Black Marble ist ein einzigartiger und begehrter Naturstein mit einem dunkelgrauen Unterton, der ihn zu einer beliebten Wahl bei Einrichtungsliebhabern macht. Er stammt aus Marokko und Italien und weist gut erhaltene Fossilien auf, die seiner Oberfl\u00e4che einen einzigartigen und auff\u00e4lligen Charakter verleihen. Der Marmor ist sehr vielf\u00e4ltig: Zwei Steinbr\u00fcche - einer mit schwarzem und einer mit braunem Hintergrund und versteinerter Oberfl\u00e4che - erm\u00f6glichen eine Vielzahl von Gestaltungsm\u00f6glichkeiten.<\/p>","protected":false},"featured_media":8700,"comment_status":"open","ping_status":"closed","template":"","meta":[],"product_brand":[],"product_cat":[175],"product_tag":[1605,1609,1608,1610,1604,1606,1607],"class_list":{"0":"post-8699","1":"product","2":"type-product","3":"status-publish","4":"has-post-thumbnail","6":"product_cat-marble","7":"product_tag-black-fossil-marble","8":"product_tag-fossil-black-marble-countertop","9":"product_tag-fossil-black-marble-price","10":"product_tag-fossil-black-marble-slab","11":"product_tag-fossil-marble-slab","12":"product_tag-moroccan-fossil-marble","13":"product_tag-nero-fossil-marble","15":"first","16":"instock","17":"shipping-taxable","18":"product-type-simple"},"_links":{"self":[{"href":"https:\/\/www.quartzite-stone.com\/de\/wp-json\/wp\/v2\/product\/8699","targetHints":{"allow":["GET"]}}],"collection":[{"href":"https:\/\/www.quartzite-stone.com\/de\/wp-json\/wp\/v2\/product"}],"about":[{"href":"https:\/\/www.quartzite-stone.com\/de\/wp-json\/wp\/v2\/types\/product"}],"replies":[{"embeddable":true,"href":"https:\/\/www.quartzite-stone.com\/de\/wp-json\/wp\/v2\/comments?post=8699"}],"wp:featuredmedia":[{"embeddable":true,"href":"https:\/\/www.quartzite-stone.com\/de\/wp-json\/wp\/v2\/media\/8700"}],"wp:attachment":[{"href":"https:\/\/www.quartzite-stone.com\/de\/wp-json\/wp\/v2\/media?parent=8699"}],"wp:term":[{"taxonomy":"product_brand","embeddable":true,"href":"https:\/\/www.quartzite-stone.com\/de\/wp-json\/wp\/v2\/product_brand?post=8699"},{"taxonomy":"product_cat","embeddable":true,"href":"https:\/\/www.quartzite-stone.com\/de\/wp-json\/wp\/v2\/product_cat?post=8699"},{"taxonomy":"product_tag","embeddable":true,"href":"https:\/\/www.quartzite-stone.com\/de\/wp-json\/wp\/v2\/product_tag?post=8699"}],"curies":[{"name":"wp","href":"https:\/\/api.w.org\/{rel}","templated":true}]}}