{"id":8426,"date":"2023-08-18T18:06:36","date_gmt":"2023-08-18T10:06:36","guid":{"rendered":"https:\/\/www.quartzite-stone.com\/product\/dover-white-marble\/"},"modified":"2023-08-18T18:09:20","modified_gmt":"2023-08-18T10:09:20","slug":"weiser-marmor-von-dover","status":"publish","type":"product","link":"https:\/\/www.quartzite-stone.com\/de\/products\/dover-white-marble\/","title":{"rendered":"Dover wei\u00dfer Marmor"},"content":{"rendered":"<p>Dover White Marble ist eine Marmorart, die sich durch eine wei\u00dfe Grundfarbe mit subtilen grauen und beigen Adern auszeichnet. Aufgrund seines eleganten und zeitlosen Aussehens ist er eine beliebte Wahl f\u00fcr eine Vielzahl von architektonischen und dekorativen Anwendungen.<\/p>\n<p><img fetchpriority=\"high\" decoding=\"async\" src=\"https:\/\/data.adwebcloud.com\/public\/material\/220426a7q47o\/product\/OysterWhiteQuartzite3_1692352584283.jpg\" width=\"800\" height=\"800\" alt=\"\" \/><\/p>\n<p>Wei\u00dfer Dover-Marmor ist f\u00fcr seine Vielseitigkeit bekannt und kann sowohl f\u00fcr Innen- als auch f\u00fcr Au\u00dfenprojekte verwendet werden. Er wird h\u00e4ufig f\u00fcr B\u00f6den, W\u00e4nde, Arbeitsplatten und um Kamine herum verwendet. Durch seine hellen und neutralen Farben eignet er sich f\u00fcr eine Vielzahl von Designstilen, von traditionell bis modern.<\/p>\n<p><img decoding=\"async\" src=\"https:\/\/data.adwebcloud.com\/public\/material\/220426a7q47o\/product\/OysterWhiteQuartzite9_1692352595690.jpg\" width=\"800\" height=\"800\" alt=\"\" \/><\/p>\n<p>Dover White Marble ist fein und strukturiert und nach Yumai White der beliebteste wei\u00dfe Stein bei Designern. Erstklassige M\u00f6belmarken wie Baxter haben bereits viele Entw\u00fcrfe mit ihm gemacht.<\/p>\n<p><img decoding=\"async\" src=\"https:\/\/data.adwebcloud.com\/public\/material\/220426a7q47o\/product\/OysterWhiteQuartzite10_1692352606747.jpg\" width=\"800\" height=\"800\" alt=\"\" \/><\/p>\n<\/p>\n<p>Dover wei\u00dfer Marmor ist modisch im Stil, geeignet f\u00fcr den Hintergrund Wand und Arbeitsplatte Dekoration von Home Dekoration. Wir k\u00f6nnen sehen, dass viele Leute den Esstisch von Fendi Bai auf gro\u00dfen Videoplattformen vorstellen. Als ein italienischer wei\u00dfer Stein ist der nat\u00fcrliche Preis nicht niedrig. Je nach Plattenoberfl\u00e4che liegt der Preis von Dover wei\u00dfem Marmor zwischen $80-400 pro Quadratmeter.<\/p>\n<p><img loading=\"lazy\" decoding=\"async\" src=\"https:\/\/data.adwebcloud.com\/public\/material\/220426a7q47o\/product\/weixintupian_20230818175924_1692352794761.jpg\" width=\"750\" height=\"1000\" alt=\"\" \/><\/p>\n<\/p>\n<p>Dover White Marble ist f\u00fcr seine Vielseitigkeit bekannt und kann sowohl f\u00fcr Innen- als auch f\u00fcr Au\u00dfengestaltungsprojekte verwendet werden. Er wird h\u00e4ufig f\u00fcr Bodenbel\u00e4ge, Wandverkleidungen, Arbeitsplatten und Kaminumrandungen verwendet. Aufgrund seiner hellen und neutralen Farbe eignet er sich f\u00fcr eine breite Palette von Designstilen, von traditionell bis modern.<\/p>\n<p>Diese Art von Marmor ist bekannt f\u00fcr seine Langlebigkeit und Hitzebest\u00e4ndigkeit, was ihn zu einer praktischen Wahl f\u00fcr Bereiche mit hohem Fu\u00dfg\u00e4ngeraufkommen oder in denen Hitzeeinwirkung ein Problem darstellt. Au\u00dferdem ist er relativ leicht zu reinigen und zu pflegen, was ihn zu einer beliebten Wahl f\u00fcr private und gewerbliche Anwendungen macht.<\/p>\n<p>Wie bei allen Natursteinen ist es wichtig, Dover White Marble von seri\u00f6sen Lieferanten zu beziehen, die ethische und nachhaltige Praktiken anwenden. Um seine Langlebigkeit zu gew\u00e4hrleisten und seine nat\u00fcrliche Sch\u00f6nheit zu bewahren, sollte auch auf die richtige Pflege und Wartung geachtet werden. Eine regelm\u00e4\u00dfige Versiegelung und Reinigung mit nicht scheuernden Produkten wird empfohlen, um den Marmor vor Flecken und Kratzern zu sch\u00fctzen.<\/p>\n<p>Insgesamt ist wei\u00dfer Dover-Marmor eine klassische und elegante Wahl f\u00fcr alle, die ein zeitloses und anspruchsvolles Aussehen f\u00fcr ihre Innen- oder Au\u00dfengestaltung suchen.<\/p><\/p>","protected":false},"excerpt":{"rendered":"<p>Dover White Marble ist ein vielseitiger und eleganter Marmor mit subtiler grauer und beiger Maserung, der sich sowohl f\u00fcr Innen- als auch f\u00fcr Au\u00dfengestaltungsprojekte eignet. Durch seine helle und neutrale Farbe passt er sowohl zu traditionellen als auch zu modernen Stilen. Dover White Marble ist langlebig, hitzebest\u00e4ndig und leicht zu reinigen, was ihn zu einem beliebten Bodenbelag f\u00fcr Wohn- und Gesch\u00e4ftsr\u00e4ume macht. Um seine Langlebigkeit zu gew\u00e4hrleisten und seine nat\u00fcrliche Sch\u00f6nheit zu erhalten, ist es wichtig, ihn von seri\u00f6sen Lieferanten zu beziehen und ethische Praktiken zu befolgen. Eine regelm\u00e4\u00dfige Versiegelung und Reinigung mit nicht scheuernden Produkten wird empfohlen.<\/p>","protected":false},"featured_media":8427,"comment_status":"open","ping_status":"closed","template":"","meta":[],"product_brand":[],"product_cat":[175],"product_tag":[1497,1499,1502,1498,1503,1501,1500],"class_list":{"0":"post-8426","1":"product","2":"type-product","3":"status-publish","4":"has-post-thumbnail","6":"product_cat-marble","7":"product_tag-dover-white-marble","8":"product_tag-dover-white-marble-countertop","9":"product_tag-dover-white-marble-price","10":"product_tag-dover-white-marble-slab","11":"product_tag-dover-white-marble-supplier","12":"product_tag-dover-white-marble-table","13":"product_tag-dover-white-marble-tiles","15":"first","16":"instock","17":"shipping-taxable","18":"product-type-simple"},"_links":{"self":[{"href":"https:\/\/www.quartzite-stone.com\/de\/wp-json\/wp\/v2\/product\/8426","targetHints":{"allow":["GET"]}}],"collection":[{"href":"https:\/\/www.quartzite-stone.com\/de\/wp-json\/wp\/v2\/product"}],"about":[{"href":"https:\/\/www.quartzite-stone.com\/de\/wp-json\/wp\/v2\/types\/product"}],"replies":[{"embeddable":true,"href":"https:\/\/www.quartzite-stone.com\/de\/wp-json\/wp\/v2\/comments?post=8426"}],"wp:featuredmedia":[{"embeddable":true,"href":"https:\/\/www.quartzite-stone.com\/de\/wp-json\/wp\/v2\/media\/8427"}],"wp:attachment":[{"href":"https:\/\/www.quartzite-stone.com\/de\/wp-json\/wp\/v2\/media?parent=8426"}],"wp:term":[{"taxonomy":"product_brand","embeddable":true,"href":"https:\/\/www.quartzite-stone.com\/de\/wp-json\/wp\/v2\/product_brand?post=8426"},{"taxonomy":"product_cat","embeddable":true,"href":"https:\/\/www.quartzite-stone.com\/de\/wp-json\/wp\/v2\/product_cat?post=8426"},{"taxonomy":"product_tag","embeddable":true,"href":"https:\/\/www.quartzite-stone.com\/de\/wp-json\/wp\/v2\/product_tag?post=8426"}],"curies":[{"name":"wp","href":"https:\/\/api.w.org\/{rel}","templated":true}]}}