{"id":8200,"date":"2023-07-14T18:39:58","date_gmt":"2023-07-14T10:39:58","guid":{"rendered":"https:\/\/www.quartzite-stone.com\/product\/vitoria-regia-quartzite\/"},"modified":"2023-07-14T18:42:33","modified_gmt":"2023-07-14T10:42:33","slug":"vitoria-regia-quarzit","status":"publish","type":"product","link":"https:\/\/www.quartzite-stone.com\/de\/products\/vitoria-regia-quartzite\/","title":{"rendered":"Vitoria Regia Quarzit"},"content":{"rendered":"<p>Vitoria Regia Quarzit ist ein nat\u00fcrlicher Quarzit aus Brasilien. Das Material hat seinen Namen von dem Naturwunder \"K\u00f6nig Victoria\", einer riesigen Wasserpflanze mit gro\u00dfen runden Bl\u00e4ttern, die im schlammigen Wasser des Amazonas schwimmt.<\/p>\n<p>Die gro\u00dfe kreisf\u00f6rmige Oberfl\u00e4che des Vitoria Regia-Quarzits erinnert tats\u00e4chlich an diese Pflanze.<\/p>\n<p><img fetchpriority=\"high\" decoding=\"async\" src=\"https:\/\/data.adwebcloud.com\/public\/material\/220426a7q47o\/product\/VitoriaRegiaQuartzite4_1689331072341.jpg\" width=\"800\" height=\"600\" alt=\"\" \/><br \/>Wenn man sich die Quarzitplatte von Vitoria Regia genau ansieht, erkennt man die glasigen Konturen des Lavakissens, die durch das Gewicht so vieler gestapelter Steine verursachte Verformung und die Matrix aus Schluff und Sand, die die Luftblasen zu einer Einheit zusammenh\u00e4lt.<\/p>\n<p>Die Farben der Lavablasen erinnern an Moos und W\u00e4lder und geben uns ein Gef\u00fchl der Ruhe, und wir k\u00f6nnen feststellen, dass die dunklen Gr\u00fcnt\u00f6ne zwischen den einzelnen Wolken der Szene eine gewisse Tiefe verleihen, so als ob die Wolken ins Unendliche tendieren.<\/p>\n<p>Vitoria Regia Quarzit ist als einzigartiger und exotischer Naturstein bekannt, der den Charakter und die Sch\u00f6nheit von Marmor mit der H\u00e4rte und Porosit\u00e4t von Granit verbindet.<\/p>\n<p><img decoding=\"async\" src=\"https:\/\/data.adwebcloud.com\/public\/material\/220426a7q47o\/product\/VitoriaRegiaQuartzite4_1689331086480.jpg\" width=\"800\" height=\"800\" alt=\"\" \/><\/p>\n<p>Dieser Naturstein kommt am besten in gro\u00dfen R\u00e4umen zur Geltung, eignet sich aber auch f\u00fcr Badezimmer- und Wandverkleidungen, K\u00fcchen-, Arbeits- und Tischplatten, Fu\u00dfb\u00f6den in Buchform oder andere Gestaltungsprojekte.<\/p>\n<p><img decoding=\"async\" src=\"https:\/\/data.adwebcloud.com\/public\/material\/220426a7q47o\/product\/VitoriaRegiaQuartzite3_1689331095986.jpg\" width=\"800\" height=\"800\" alt=\"\" \/><\/p>\n<p>Sie k\u00f6nnen eine Tafel sogar wie ein Gem\u00e4lde an die Wand h\u00e4ngen, zum Gl\u00fcck finden Sie in unserem Lager eine gro\u00dfe Anzahl beschlagnahmter Tafeln.<\/p>\n<p>Die Quarzit-Arbeitsplatte Vitoria Regia wirkt besonders gut, wenn sie poliert ist, obwohl wir auch geschliffene Oberfl\u00e4chen empfehlen k\u00f6nnen.<\/p>\n<p>Zusammenfassend l\u00e4sst sich sagen, dass dieser Quarzit ein weiterer wunderbarer Naturstein aus dem gro\u00dfen und sch\u00f6nen Land Brasilien ist.<\/p><\/p>","protected":false},"excerpt":{"rendered":"<p>Vitoria Regia ist ein exotischer Naturstein mit Marmoreigenschaften und -\u00e4sthetik, aber dennoch Granith\u00e4rte und Porosit\u00e4t. Es ist ideal f\u00fcr Innenarchitekturprojekte, Badezimmerverkleidungen, K\u00fcchenoberfl\u00e4chen, Tischplatten und passende Fu\u00dfb\u00f6den. Poliert oder satiniert ist Vitoria Regia ein wundersch\u00f6ner brasilianischer Stein.<\/p>","protected":false},"featured_media":8201,"comment_status":"open","ping_status":"closed","template":"","meta":[],"product_brand":[],"product_cat":[195],"product_tag":[1469,1468,1467,1344,1464,1461,1463,1462,1466,1465],"class_list":{"0":"post-8200","1":"product","2":"type-product","3":"status-publish","4":"has-post-thumbnail","6":"product_cat-quartzite","7":"product_tag-brazil-green-quartzite","8":"product_tag-green-peace-quartzite","9":"product_tag-green-peas-quartzite","10":"product_tag-green-quartzite-countertop","11":"product_tag-vitoria-regia-quartzite-countertop","12":"product_tag-vitoria-regia-quartzite-kitchen","13":"product_tag-vitoria-regia-quartzite-price","14":"product_tag-vitoria-regia-quartzite-slab","15":"product_tag-vitoria-regia-quartzite-tiles","16":"product_tag-vitoria-regia-quartzite-wall","18":"first","19":"instock","20":"shipping-taxable","21":"product-type-simple"},"_links":{"self":[{"href":"https:\/\/www.quartzite-stone.com\/de\/wp-json\/wp\/v2\/product\/8200","targetHints":{"allow":["GET"]}}],"collection":[{"href":"https:\/\/www.quartzite-stone.com\/de\/wp-json\/wp\/v2\/product"}],"about":[{"href":"https:\/\/www.quartzite-stone.com\/de\/wp-json\/wp\/v2\/types\/product"}],"replies":[{"embeddable":true,"href":"https:\/\/www.quartzite-stone.com\/de\/wp-json\/wp\/v2\/comments?post=8200"}],"wp:featuredmedia":[{"embeddable":true,"href":"https:\/\/www.quartzite-stone.com\/de\/wp-json\/wp\/v2\/media\/8201"}],"wp:attachment":[{"href":"https:\/\/www.quartzite-stone.com\/de\/wp-json\/wp\/v2\/media?parent=8200"}],"wp:term":[{"taxonomy":"product_brand","embeddable":true,"href":"https:\/\/www.quartzite-stone.com\/de\/wp-json\/wp\/v2\/product_brand?post=8200"},{"taxonomy":"product_cat","embeddable":true,"href":"https:\/\/www.quartzite-stone.com\/de\/wp-json\/wp\/v2\/product_cat?post=8200"},{"taxonomy":"product_tag","embeddable":true,"href":"https:\/\/www.quartzite-stone.com\/de\/wp-json\/wp\/v2\/product_tag?post=8200"}],"curies":[{"name":"wp","href":"https:\/\/api.w.org\/{rel}","templated":true}]}}