{"id":7729,"date":"2023-07-06T17:44:06","date_gmt":"2023-07-06T09:44:06","guid":{"rendered":"https:\/\/www.quartzite-stone.com\/product\/blue-fusion-quartzite\/"},"modified":"2023-07-06T18:39:27","modified_gmt":"2023-07-06T10:39:27","slug":"blauer-fusionsquarzit","status":"publish","type":"product","link":"https:\/\/www.quartzite-stone.com\/de\/products\/blue-fusion-quartzite\/","title":{"rendered":"Blauer Fusionsquarzit"},"content":{"rendered":"<p>Blue Fusion Quartzite ist ein atemberaubender Naturstein, der f\u00fcr seine atemberaubenden Blaut\u00f6ne und seine auff\u00e4llige Optik bekannt ist. Mit seiner lebendigen Farbpalette und den einzigartigen Maserungsmustern verleiht dieser Quarzit jedem Raum einen Hauch von Eleganz und Raffinesse.<\/p>\n<p><img fetchpriority=\"high\" decoding=\"async\" src=\"https:\/\/data.adwebcloud.com\/public\/material\/220426a7q47o\/product\/IMG_6497_1688636505747.jpg\" width=\"800\" height=\"600\" alt=\"\" \/><\/p>\n<p>Blue Fusion Quartzite zeichnet sich durch eine faszinierende Mischung aus satten Blaut\u00f6nen aus, die von tiefem Saphirblau bis zu sanftem Himmelblau reichen, durchzogen von Adern und Wirbeln aus Wei\u00df, Grau und manchmal einem Hauch von Gr\u00fcn. Diese faszinierende Kombination erzeugt einen dynamischen und visuell dramatischen Effekt und macht es zu einem Blickfang in jedem Design.<\/p>\n<p>Einer der Hauptvorteile von Blau <a class=\"wpil_keyword_link\" href=\"https:\/\/www.quartzite-stone.com\/de\/produkt-2\/fusionsnachtquarzit\/\"   title=\"Fusionsquarzit\" data-wpil-keyword-link=\"linked\">Fusionsquarzit<\/a> ist seine Vielseitigkeit. Es kann in einer Vielzahl von Anwendungen eingesetzt werden, darunter K\u00fcchenarbeitsplatten, Badezimmerwaschtische, Baroberfl\u00e4chen und sogar Zierw\u00e4nde. Seine Haltbarkeit und Best\u00e4ndigkeit gegen Hitze, Kratzer und Flecken machen es zu einer praktischen Wahl f\u00fcr stark frequentierte Bereiche.<\/p>\n<p><img decoding=\"async\" src=\"https:\/\/data.adwebcloud.com\/public\/material\/220426a7q47o\/product\/IMG_3750_1688636557331.jpg\" width=\"800\" height=\"533\" alt=\"\" \/><\/p>\n<p>Zus\u00e4tzlich zu seiner Sch\u00f6nheit und Haltbarkeit bietet Blue Fusion Quartzite auch ein Gef\u00fchl von Ruhe und Gelassenheit. Die beruhigenden Blaut\u00f6ne rufen ein Gef\u00fchl von Frieden und Entspannung hervor und schaffen eine beruhigende Atmosph\u00e4re in jedem Raum.<\/p>\n<p>Ob in ein zeitgen\u00f6ssisches, modernes oder sogar k\u00fcstennahes Design integriert, Blue Fusion Quartzite verleiht einen Hauch von Luxus. Es erg\u00e4nzt m\u00fchelos sowohl helle als auch dunkle M\u00f6bel und sorgt je nach gew\u00fcnschter \u00c4sthetik f\u00fcr einen auff\u00e4lligen Kontrast oder eine nahtlose Mischung.<\/p>\n<p><img decoding=\"async\" src=\"https:\/\/data.adwebcloud.com\/public\/material\/220426a7q47o\/product\/photobank2_1688636572412.jpg\" width=\"750\" height=\"750\" alt=\"\" \/><\/p>\n<p>Die einzigartigen Maserungsmuster von Blue Fusion Quartzite verleihen jedem Raum Tiefe und Charakter. Jede Platte ist ein Kunstwerk mit ihren eigenen Variationen und Bewegungen, die ein dynamisches und organisches Erscheinungsbild erzeugen.<\/p>\n<p>Das Hinzuf\u00fcgen von Blue Fusion Quartzite zu einem Raum verwandelt ihn sofort in ein Statement-St\u00fcck und hebt das Gesamtdesign auf eine neue Ebene der Eleganz. Ob als Arbeitsplatte, K\u00fcchenr\u00fcckwand oder sogar als Wasserfallinsel \u2013 seine markante Pr\u00e4senz und faszinierende Sch\u00f6nheit hinterlassen einen bleibenden Eindruck.<\/p>\n<p><img loading=\"lazy\" decoding=\"async\" src=\"https:\/\/data.adwebcloud.com\/public\/material\/220426a7q47o\/product\/Fusion2_1688636584369.jpg\" width=\"750\" height=\"750\" alt=\"\" \/><\/p>\n<p>Zusammenfassend ist Blue Fusion Quartzite ein wirklich bemerkenswerter Naturstein, der Sch\u00f6nheit, Haltbarkeit und Vielseitigkeit vereint. Seine leuchtenden Blaut\u00f6ne, komplizierten \u00c4derungsmuster und seine beruhigende Ausstrahlung machen es zur idealen Wahl f\u00fcr alle, die in ihren Wohnr\u00e4umen ein luxuri\u00f6ses und faszinierendes Ambiente schaffen m\u00f6chten.<\/p><\/p>","protected":false},"excerpt":{"rendered":"<p>Blue Fusion Quartzite ist ein atemberaubender Naturstein mit leuchtenden Blaut\u00f6nen und einzigartigen Maserungsmustern, der jedem Raum Eleganz und Raffinesse verleiht. Seine lebendige Farbpalette und die komplizierten Maserungsmuster erzeugen einen dynamischen und dramatischen Effekt und machen es zu einem Blickfang in jedem Design.<\/p><\/p>","protected":false},"featured_media":7737,"comment_status":"open","ping_status":"closed","template":"","meta":[],"product_brand":[],"product_cat":[195],"product_tag":[1249,1255,1250,1251,1248,309,1254,1253,1252],"class_list":{"0":"post-7729","1":"product","2":"type-product","3":"status-publish","4":"has-post-thumbnail","6":"product_cat-quartzite","7":"product_tag-blue-fusion-quartzite-countertop","8":"product_tag-blue-fusion-quartzite-flooring","9":"product_tag-blue-fusion-quartzite-kitchen","10":"product_tag-blue-fusion-quartzite-price","11":"product_tag-blue-fusion-quartzite-slab","12":"product_tag-blue-quartzite","13":"product_tag-fusion-quartzite-countertop","14":"product_tag-fusion-quartzite-price","15":"product_tag-fusion-quartzite-slab","17":"first","18":"instock","19":"shipping-taxable","20":"product-type-simple"},"_links":{"self":[{"href":"https:\/\/www.quartzite-stone.com\/de\/wp-json\/wp\/v2\/product\/7729","targetHints":{"allow":["GET"]}}],"collection":[{"href":"https:\/\/www.quartzite-stone.com\/de\/wp-json\/wp\/v2\/product"}],"about":[{"href":"https:\/\/www.quartzite-stone.com\/de\/wp-json\/wp\/v2\/types\/product"}],"replies":[{"embeddable":true,"href":"https:\/\/www.quartzite-stone.com\/de\/wp-json\/wp\/v2\/comments?post=7729"}],"wp:featuredmedia":[{"embeddable":true,"href":"https:\/\/www.quartzite-stone.com\/de\/wp-json\/wp\/v2\/media\/7737"}],"wp:attachment":[{"href":"https:\/\/www.quartzite-stone.com\/de\/wp-json\/wp\/v2\/media?parent=7729"}],"wp:term":[{"taxonomy":"product_brand","embeddable":true,"href":"https:\/\/www.quartzite-stone.com\/de\/wp-json\/wp\/v2\/product_brand?post=7729"},{"taxonomy":"product_cat","embeddable":true,"href":"https:\/\/www.quartzite-stone.com\/de\/wp-json\/wp\/v2\/product_cat?post=7729"},{"taxonomy":"product_tag","embeddable":true,"href":"https:\/\/www.quartzite-stone.com\/de\/wp-json\/wp\/v2\/product_tag?post=7729"}],"curies":[{"name":"wp","href":"https:\/\/api.w.org\/{rel}","templated":true}]}}