{"id":7618,"date":"2023-06-28T18:08:38","date_gmt":"2023-06-28T10:08:38","guid":{"rendered":"https:\/\/www.quartzite-stone.com\/product\/sequoia-brown-quartzite\/"},"modified":"2023-06-28T18:21:27","modified_gmt":"2023-06-28T10:21:27","slug":"mammutbaum-quarzit-braun","status":"publish","type":"product","link":"https:\/\/www.quartzite-stone.com\/de\/products\/sequoia-brown-quartzite\/","title":{"rendered":"Sequoia-Braunquarzit"},"content":{"rendered":"<p>Sequoia Brown Quartzite ist ein atemberaubender Naturstein, der f\u00fcr seine satte braune Farbe und seine komplizierten Muster bekannt ist. Dabei handelt es sich um eine Quarzitart, die aus Sandstein gebildet und hohen Temperaturen und hohem Druck ausgesetzt wird, um ein haltbares und widerstandsf\u00e4higes Material zu bilden.<\/p>\n<p>Sequoia Brown Quartz ist in verschiedenen Braunt\u00f6nen erh\u00e4ltlich, von einem hellen Karamellton bis zu einem tieferen Schokoladenton. Diese warmen und erdigen Farben verleihen jedem Raum W\u00e4rme und Eleganz. Farbver\u00e4nderungen innerhalb der rotholzbraunen Quarzitplatten sorgen f\u00fcr Tiefe und visuelles Interesse und sorgen f\u00fcr ein attraktives und einzigartiges Erscheinungsbild.<\/p>\n<p><img fetchpriority=\"high\" decoding=\"async\" src=\"https:\/\/data.adwebcloud.com\/public\/material\/220426a7q47o\/product\/hongshanmu2500_1687946807739.jpg\" width=\"600\" height=\"450\" alt=\"Sequoia Brown Quarzitplatte\" \/><\/p>\n<p>Eines der charakteristischen Merkmale von Sequoia Brown Quartzite ist sein kompliziertes Ader- und Wirbelmuster. Diese nat\u00fcrlichen Muster gibt es in einer Vielzahl von Farben, von zarten, d\u00fcnnen Streifen bis hin zu rauen Texturen, in Wei\u00df-, Grau- und sogar Goldt\u00f6nen. Diese Muster verleihen dem Stein visuelle Struktur und Bewegung und unterstreichen so seine allgemeine Sch\u00f6nheit und seinen Charakter.<\/p>\n<p>Sequoia Brown Quartz ist nicht nur sch\u00f6n, sondern bietet auch au\u00dfergew\u00f6hnliche Haltbarkeit und Leistung. Es weist eine hohe Kratz-, Hitze- und Fleckenbest\u00e4ndigkeit auf und eignet sich f\u00fcr eine Vielzahl von Anwendungen. Es wird h\u00e4ufig in Arbeitsplatten, B\u00f6den, R\u00fcckw\u00e4nden und Wandverkleidungen verwendet, um Funktionalit\u00e4t und ein nat\u00fcrliches, raffiniertes Gef\u00fchl zu bieten.<\/p>\n<p><img decoding=\"async\" src=\"https:\/\/data.adwebcloud.com\/public\/material\/220426a7q47o\/product\/SequoiaBrownQuartzite4_1687946835688.jpg\" width=\"600\" height=\"600\" alt=\"\" \/><\/p>\n<p>Redwood Quartz ist ein vielseitiger Stein, der zu einer Vielzahl von Designstilen passt. Es l\u00e4sst sich gut mit verschiedenen Farbpaletten, Schrankoberfl\u00e4chen und Bodenbelagsmaterialien kombinieren und bietet eine Vielzahl von Gestaltungsm\u00f6glichkeiten. Ob als Blickfang oder als Akzent, Sequoia Brown Quartz verleiht jedem Raum zeitlose Sch\u00f6nheit und Eleganz.<\/p>\n<p><img decoding=\"async\" src=\"https:\/\/data.adwebcloud.com\/public\/material\/220426a7q47o\/product\/SequoiaBrownQuartzite7_1687946854578.jpg\" width=\"600\" height=\"600\" alt=\"\" \/><\/p>\n<p>Es ist zu beachten, dass Natursteine, einschlie\u00dflich Redwood-Braunquarz, in Farbe, Maserung und Muster variieren k\u00f6nnen. Es wird empfohlen, die spezifischen Paneele, die Sie verwenden m\u00f6chten, zu pr\u00fcfen und auszuw\u00e4hlen, um sicherzustellen, dass sie Ihren gew\u00fcnschten \u00e4sthetischen Vorlieben entsprechen.<\/p>\n<p>Zusammenfassend l\u00e4sst sich sagen, dass Sequoia Brown Quartz ein attraktiver Naturstein ist, der f\u00fcr seine satte braune Farbe, sein kompliziertes Muster und seine au\u00dfergew\u00f6hnliche Haltbarkeit bekannt ist. Seine warmen und erdigen Farbt\u00f6ne in Kombination mit seiner einzigartigen Textur machen es zu einer beliebten Wahl, wenn es darum geht, Wohn- und Gewerber\u00e4umen Eleganz und Raffinesse zu verleihen.<\/p><\/p>","protected":false},"excerpt":{"rendered":"<p>Sequoia Brown Quartzite ist ein Naturstein mit satter brauner Farbe und komplizierten Mustern. Es besteht aus Sandstein und ist langlebig und widerstandsf\u00e4hig. Die Farbt\u00f6ne reichen von Karamell bis Schokolade. Sein kompliziertes \u00c4derungs- und Wirbelmuster verleiht dem Stein Struktur und Bewegung. Dieser Stein ist \u00e4u\u00dferst kratz-, hitze- und fleckenbest\u00e4ndig und eignet sich daher f\u00fcr verschiedene Anwendungen. Aufgrund seines nat\u00fcrlichen, raffinierten Aussehens wird es h\u00e4ufig f\u00fcr Arbeitsplatten, B\u00f6den, R\u00fcckw\u00e4nde und Wandverkleidungen verwendet.<\/p><\/p>","protected":false},"featured_media":7619,"comment_status":"open","ping_status":"closed","template":"","meta":[],"product_brand":[],"product_cat":[195],"product_tag":[1015,1181,1182,1183,1188,1184,1187,1186,1185],"class_list":{"0":"post-7618","1":"product","2":"type-product","3":"status-publish","4":"has-post-thumbnail","6":"product_cat-quartzite","7":"product_tag-brown-quartzite","8":"product_tag-sequoia-brown-quartzite-countertops","9":"product_tag-sequoia-brown-quartzite-price","10":"product_tag-sequoia-brown-quartzite-slab","11":"product_tag-sequoia-brown-quartzite-table","12":"product_tag-sequoia-brown-quartzite-tiles","13":"product_tag-sequoia-brown-quartzite-wall","14":"product_tag-sequoia-quartzite","15":"product_tag-sequoia-wood-quartzite","17":"first","18":"instock","19":"shipping-taxable","20":"product-type-simple"},"_links":{"self":[{"href":"https:\/\/www.quartzite-stone.com\/de\/wp-json\/wp\/v2\/product\/7618","targetHints":{"allow":["GET"]}}],"collection":[{"href":"https:\/\/www.quartzite-stone.com\/de\/wp-json\/wp\/v2\/product"}],"about":[{"href":"https:\/\/www.quartzite-stone.com\/de\/wp-json\/wp\/v2\/types\/product"}],"replies":[{"embeddable":true,"href":"https:\/\/www.quartzite-stone.com\/de\/wp-json\/wp\/v2\/comments?post=7618"}],"wp:featuredmedia":[{"embeddable":true,"href":"https:\/\/www.quartzite-stone.com\/de\/wp-json\/wp\/v2\/media\/7619"}],"wp:attachment":[{"href":"https:\/\/www.quartzite-stone.com\/de\/wp-json\/wp\/v2\/media?parent=7618"}],"wp:term":[{"taxonomy":"product_brand","embeddable":true,"href":"https:\/\/www.quartzite-stone.com\/de\/wp-json\/wp\/v2\/product_brand?post=7618"},{"taxonomy":"product_cat","embeddable":true,"href":"https:\/\/www.quartzite-stone.com\/de\/wp-json\/wp\/v2\/product_cat?post=7618"},{"taxonomy":"product_tag","embeddable":true,"href":"https:\/\/www.quartzite-stone.com\/de\/wp-json\/wp\/v2\/product_tag?post=7618"}],"curies":[{"name":"wp","href":"https:\/\/api.w.org\/{rel}","templated":true}]}}