{"id":7600,"date":"2023-06-28T17:11:50","date_gmt":"2023-06-28T09:11:50","guid":{"rendered":"https:\/\/www.quartzite-stone.com\/product\/brown-silk-quartzite\/"},"modified":"2023-06-28T17:15:28","modified_gmt":"2023-06-28T09:15:28","slug":"brauner-seidenquarzit","status":"publish","type":"product","link":"https:\/\/www.quartzite-stone.com\/de\/products\/brown-silk-quartzite\/","title":{"rendered":"Brauner Seidenquarzit"},"content":{"rendered":"<p>Brauner Seidenquarzit ist in verschiedenen Braunt\u00f6nen erh\u00e4ltlich, von heller Br\u00e4une bis hin zu sattem Schokoladenbraun. Dieser warme Farbton verleiht jedem Raum W\u00e4rme und Eleganz. Die unterschiedlichen Braunt\u00f6ne im Stein schaffen Tiefe und visuelles Interesse und machen ihn zu einer beliebten Wahl f\u00fcr alle, die eine nat\u00fcrliche und erdige \u00c4sthetik suchen.<\/p>\n<p><img fetchpriority=\"high\" decoding=\"async\" src=\"https:\/\/data.adwebcloud.com\/public\/material\/220426a7q47o\/product\/BrownSilkQuartzite12_1687943374386.jpg\" width=\"750\" height=\"750\" alt=\"\" \/><\/p>\n<p>Brauner Seidenquarz zeichnet sich durch sein auff\u00e4lliges Muster und seine Textur aus. Er hat eine feine, glatte Textur und Wellen und reicht in der Farbe von Creme bis Dunkelbraun. Diese Muster verleihen dem Stein Bewegung und Textur und verleihen ihm eine einzigartige Pers\u00f6nlichkeit. Jede braune Seidenquarz-Platte ist ein Unikat und hat ein einzigartiges Aussehen.<\/p>\n<p>Neben seiner hervorragenden \u00c4sthetik bietet brauner Seidenquarzstein auch Haltbarkeit und Leistung. Er ist sehr widerstandsf\u00e4hig gegen Kratzer, Hitze und Flecken und eignet sich f\u00fcr eine Vielzahl von Anwendungen. Er wird h\u00e4ufig f\u00fcr K\u00fcchenarbeitsplatten, Badezimmereinrichtungen, Kamineinfassungen und Fu\u00dfb\u00f6den verwendet. Seine Strapazierf\u00e4higkeit gew\u00e4hrleistet Langlebigkeit, selbst in stark beanspruchten Bereichen.<\/p>\n<p><img decoding=\"async\" src=\"https:\/\/data.adwebcloud.com\/public\/material\/220426a7q47o\/product\/BrownSilkQuartzite2_1687943390219.jpg\" width=\"800\" height=\"545\" alt=\"\" \/><\/p>\n<p>Die warmen und neutralen Farbt\u00f6ne des braunen Seidenquarzsteins machen ihn vielseitig einsetzbar und erg\u00e4nzen eine Vielzahl von Designstilen. Er f\u00fcgt sich sowohl in moderne als auch in traditionelle R\u00e4ume ein und verleiht ihnen einen Hauch von nat\u00fcrlicher Sch\u00f6nheit und Eleganz. Er l\u00e4sst sich gut mit verschiedenen Schrankoberfl\u00e4chen, Bodenmaterialien und Farbschemata kombinieren und erm\u00f6glicht so eine flexible Gestaltung.<\/p>\n<p><img decoding=\"async\" src=\"https:\/\/data.adwebcloud.com\/public\/material\/220426a7q47o\/product\/BrownSilkQuartzite5_1687943405596.jpg\" width=\"800\" height=\"600\" alt=\"\" \/><\/p>\n<p>Bei der Auswahl von braunem Seidenquarzit ist es wichtig zu beachten, dass Variationen in Farbe, Maserung und Muster dem Naturstein inh\u00e4rent sind. Es wird empfohlen, die spezifischen Platten, die Sie verwenden m\u00f6chten, zu pr\u00fcfen und auszuw\u00e4hlen, um sicherzustellen, dass sie Ihren gew\u00fcnschten \u00e4sthetischen Pr\u00e4ferenzen entsprechen.<\/p>\n<p><img loading=\"lazy\" decoding=\"async\" src=\"https:\/\/data.adwebcloud.com\/public\/material\/220426a7q47o\/product\/BrownSilkQuartzite11_1687943423356.jpg\" width=\"750\" height=\"750\" alt=\"\" \/><\/p>\n<p>Zusammenfassend l\u00e4sst sich sagen, dass brauner Seidenquarzit ein attraktiver Naturstein mit warmen Braunt\u00f6nen, flie\u00dfenden Mustern und einzigartigen Maserungen ist. Seine Langlebigkeit, Vielseitigkeit und sein unverwechselbares Aussehen machen ihn zu einer beliebten Wahl, wenn es darum geht, einer Vielzahl von Architektur- und Designprojekten nat\u00fcrliche Sch\u00f6nheit und Raffinesse zu verleihen.<\/p><\/p>","protected":false},"excerpt":{"rendered":"<p>Brauner Seidenquarz ist ein wundersch\u00f6ner und einzigartiger Naturstein, der f\u00fcr seinen warmen Braunton und sein einzigartiges Muster bekannt ist. Es handelt sich um eine Art Quarzit, der aus Sandstein gebildet wird und im Laufe der Zeit hohen Temperaturen und hohem Druck ausgesetzt wurde, um ein dichtes und haltbares Material zu bilden.<\/p><\/p>","protected":false},"featured_media":7601,"comment_status":"open","ping_status":"closed","template":"","meta":[],"product_brand":[],"product_cat":[195],"product_tag":[1178,1175,1173,1174,1177,1179,1176],"class_list":{"0":"post-7600","1":"product","2":"type-product","3":"status-publish","4":"has-post-thumbnail","6":"product_cat-quartzite","7":"product_tag-brown-silk-granite","8":"product_tag-brown-silk-quartzite-countertops","9":"product_tag-brown-silk-quartzite-price","10":"product_tag-brown-silk-quartzite-slab","11":"product_tag-meteor-shower-granite","12":"product_tag-moonrock-quartzite","13":"product_tag-silk-brown-granite","15":"first","16":"instock","17":"shipping-taxable","18":"product-type-simple"},"_links":{"self":[{"href":"https:\/\/www.quartzite-stone.com\/de\/wp-json\/wp\/v2\/product\/7600","targetHints":{"allow":["GET"]}}],"collection":[{"href":"https:\/\/www.quartzite-stone.com\/de\/wp-json\/wp\/v2\/product"}],"about":[{"href":"https:\/\/www.quartzite-stone.com\/de\/wp-json\/wp\/v2\/types\/product"}],"replies":[{"embeddable":true,"href":"https:\/\/www.quartzite-stone.com\/de\/wp-json\/wp\/v2\/comments?post=7600"}],"wp:featuredmedia":[{"embeddable":true,"href":"https:\/\/www.quartzite-stone.com\/de\/wp-json\/wp\/v2\/media\/7601"}],"wp:attachment":[{"href":"https:\/\/www.quartzite-stone.com\/de\/wp-json\/wp\/v2\/media?parent=7600"}],"wp:term":[{"taxonomy":"product_brand","embeddable":true,"href":"https:\/\/www.quartzite-stone.com\/de\/wp-json\/wp\/v2\/product_brand?post=7600"},{"taxonomy":"product_cat","embeddable":true,"href":"https:\/\/www.quartzite-stone.com\/de\/wp-json\/wp\/v2\/product_cat?post=7600"},{"taxonomy":"product_tag","embeddable":true,"href":"https:\/\/www.quartzite-stone.com\/de\/wp-json\/wp\/v2\/product_tag?post=7600"}],"curies":[{"name":"wp","href":"https:\/\/api.w.org\/{rel}","templated":true}]}}