{"id":7555,"date":"2023-06-27T22:42:58","date_gmt":"2023-06-27T14:42:58","guid":{"rendered":"https:\/\/www.quartzite-stone.com\/product\/grey-marble-table\/"},"modified":"2023-06-27T23:18:31","modified_gmt":"2023-06-27T15:18:31","slug":"grauer-marmortisch-2","status":"publish","type":"product","link":"https:\/\/www.quartzite-stone.com\/de\/products\/grey-marble-table\/","title":{"rendered":"Grauer Marmortisch"},"content":{"rendered":"<p>Bei diesem grauen Marmortisch handelt es sich um einen Tisch aus naturgrauem Terrazzo-Marmor. Marmor ist ein Naturstein, der f\u00fcr seine Haltbarkeit, Sch\u00f6nheit und einzigartigen Maserungsmuster bekannt ist. Ein grauer Marmortisch kann in verschiedenen Formen und Gr\u00f6\u00dfen erh\u00e4ltlich sein, beispielsweise rund, quadratisch, rechteckig oder oval. Er kann als Esstisch, Couchtisch, Beistelltisch oder Konsolentisch verwendet werden. Ein grauer Marmortisch kann jedem Raum Eleganz und Raffinesse verleihen und verschiedene Einrichtungsstile erg\u00e4nzen, von modern bis traditionell. Au\u00dferdem ist es leicht zu pflegen, da es nur gelegentlich mit einer milden Seifen- und Wasserl\u00f6sung gereinigt werden muss.<\/p>\n<p><img fetchpriority=\"high\" decoding=\"async\" src=\"https:\/\/data.adwebcloud.com\/public\/material\/220426a7q47o\/product\/GreyMarbleTable24_1687876381912.jpg\" width=\"800\" height=\"800\" alt=\"Runder Tisch aus grauem Marmor\" \/><\/p>\n<p>Ein grauer Marmortisch kann die \u00c4sthetik jedes Raumes sofort aufwerten und ihm einen Hauch von Luxus und Raffinesse verleihen. Seine glatte und polierte Oberfl\u00e4che erzeugt in Kombination mit den einzigartigen nat\u00fcrlichen Maserungsmustern einen atemberaubenden visuellen Effekt, der den Raum eleganter und raffinierter wirken l\u00e4sst. Dar\u00fcber hinaus machen die Strapazierf\u00e4higkeit und Langlebigkeit von Marmor ihn zu einer lohnenden Investition und stellen sicher, dass der graue Marmortisch auch in den kommenden Jahren ein stilvolles und zeitloses St\u00fcck bleibt.<\/p>\n<p><img decoding=\"async\" src=\"https:\/\/data.adwebcloud.com\/public\/material\/220426a7q47o\/product\/GreyMarbleTable17_1687876441619.jpg\" width=\"800\" height=\"800\" alt=\"Grauer Marmortisch\" \/><\/p>\n<p>Wir stellen diesen quadratischen Couchtisch aus grauem Marmor mit exquisiter Verarbeitung her und legen gro\u00dfen Wert auf jedes Detail, um seine Qualit\u00e4t und Sch\u00f6nheit sicherzustellen. Der nat\u00fcrliche graue Marmor wird aufgrund seiner einzigartigen Muster und Haltbarkeit sorgf\u00e4ltig ausgew\u00e4hlt und dann fachm\u00e4nnisch zu einem atemberaubenden Tisch verarbeitet, der die nat\u00fcrliche Sch\u00f6nheit des Steins zur Geltung bringt. Unsere erfahrenen Handwerker verwenden pr\u00e4zise Schneid- und Poliertechniken, um eine glatte und makellose Oberfl\u00e4che zu schaffen und gleichzeitig die komplizierten Maserungsmuster hervorzuheben, die jedes St\u00fcck Marmor zu einem echten Unikat machen. Das Ergebnis ist ein grauer Marmortisch, der nicht nur ein funktionales M\u00f6belst\u00fcck, sondern auch ein Kunstwerk ist, das jedem Raum Eleganz und Raffinesse verleiht.<\/p>\n<p><img decoding=\"async\" src=\"https:\/\/data.adwebcloud.com\/public\/material\/220426a7q47o\/product\/GreyMarbleTable22_1687876468681.jpg\" width=\"800\" height=\"800\" alt=\"\" \/><\/p>\n<p>Wenn Sie an einem \u00e4hnlichen Couchtisch, Esstisch, Beistelltisch oder Arbeitsplatten interessiert sind, z\u00f6gern Sie bitte nicht, uns zu kontaktieren. Wir k\u00f6nnen die Gr\u00f6\u00dfe, die Form und das Design des schwarzen Marmortisches an Ihre speziellen Bed\u00fcrfnisse und Vorlieben anpassen. Unser Expertenteam wird eng mit Ihnen zusammenarbeiten, um sicherzustellen, dass das Endprodukt Ihre Erwartungen \u00fcbertrifft und perfekt zu Ihrem Raum passt. Mit unserem Engagement f\u00fcr Qualit\u00e4t und Kundenzufriedenheit k\u00f6nnen Sie darauf vertrauen, dass Sie einen sch\u00f6nen und funktionalen Tisch aus grauem Marmor erhalten, der jahrelang halten wird.<\/p><\/p>","protected":false},"excerpt":{"rendered":"<\/p>","protected":false},"featured_media":7563,"comment_status":"open","ping_status":"closed","template":"","meta":[],"product_brand":[],"product_cat":[460],"product_tag":[1150,1151,1149,1152,1148,1153,1147],"class_list":{"0":"post-7555","1":"product","2":"type-product","3":"status-publish","4":"has-post-thumbnail","6":"product_cat-stone-furniture","7":"product_tag-gray-marble-dining-table","8":"product_tag-gray-marble-table","9":"product_tag-grey-marble-coffee-table","10":"product_tag-grey-marble-desk","11":"product_tag-grey-marble-dining-table","12":"product_tag-grey-marble-square-dining-table","13":"product_tag-grey-marble-table","15":"first","16":"instock","17":"shipping-taxable","18":"product-type-simple"},"_links":{"self":[{"href":"https:\/\/www.quartzite-stone.com\/de\/wp-json\/wp\/v2\/product\/7555","targetHints":{"allow":["GET"]}}],"collection":[{"href":"https:\/\/www.quartzite-stone.com\/de\/wp-json\/wp\/v2\/product"}],"about":[{"href":"https:\/\/www.quartzite-stone.com\/de\/wp-json\/wp\/v2\/types\/product"}],"replies":[{"embeddable":true,"href":"https:\/\/www.quartzite-stone.com\/de\/wp-json\/wp\/v2\/comments?post=7555"}],"wp:featuredmedia":[{"embeddable":true,"href":"https:\/\/www.quartzite-stone.com\/de\/wp-json\/wp\/v2\/media\/7563"}],"wp:attachment":[{"href":"https:\/\/www.quartzite-stone.com\/de\/wp-json\/wp\/v2\/media?parent=7555"}],"wp:term":[{"taxonomy":"product_brand","embeddable":true,"href":"https:\/\/www.quartzite-stone.com\/de\/wp-json\/wp\/v2\/product_brand?post=7555"},{"taxonomy":"product_cat","embeddable":true,"href":"https:\/\/www.quartzite-stone.com\/de\/wp-json\/wp\/v2\/product_cat?post=7555"},{"taxonomy":"product_tag","embeddable":true,"href":"https:\/\/www.quartzite-stone.com\/de\/wp-json\/wp\/v2\/product_tag?post=7555"}],"curies":[{"name":"wp","href":"https:\/\/api.w.org\/{rel}","templated":true}]}}