{"id":6082,"date":"2023-05-15T16:04:20","date_gmt":"2023-05-15T08:04:20","guid":{"rendered":"https:\/\/www.quartzite-stone.com\/product\/alpinus-granite-table-top\/"},"modified":"2023-06-10T10:18:19","modified_gmt":"2023-06-10T02:18:19","slug":"alpinus-granit-tischplatte","status":"publish","type":"product","link":"https:\/\/www.quartzite-stone.com\/de\/products\/alpinus-granite-table-top\/","title":{"rendered":"Tischplatte aus Alpinus-Granit"},"content":{"rendered":"<p style=\"line-height: 1.5\"><strong>Alpinus-Granit<\/strong><\/p>\n<p style=\"line-height: 1.5\">&nbsp; &nbsp; Alpinus Granit ist ein luxuri\u00f6ser Stein, der in Brasilien hergestellt wird, mit schillernden Farben, kristalliner Textur, brillantem Glanz und graugr\u00fcnem Hintergrund, durchsetzt mit goldgelben und braunen Linien, die die Linien der gesamten Platte wechselhaft, schillernd, nat\u00fcrlich und sich gegenseitig erg\u00e4nzend machen, exquisit extrem.<br \/>&nbsp; &nbsp; Alpinus-Granit ist ein einzigartiger, kostbarer und erschwinglicher Naturstein, der Edelsteine enth\u00e4lt. Die Qualit\u00e4t hat das Niveau von Edelsteinen erreicht, und die jaspishaltigen Edelsteine (schwarzfleckiger Turmalin ist allgemein als Jaspis bekannt, der zu Schmuck geschliffen werden kann) haben einen sehr hohen Sammelwert.<br \/>&nbsp; &nbsp; Alpinus Granit verbindet chinesische und europ\u00e4ische Designstile und hat einen modernen und leichten Luxusdesignstil. Er ist ein relativ neutraler Luxusstein und ein vielseitiger dekorativer Stein. Er eignet sich f\u00fcr Hintergrundw\u00e4nde, Arbeitsplatten, W\u00e4nde, Esstische, B\u00f6den und Eing\u00e4nge.<br \/>&nbsp; &nbsp; Alpinus Granit ist aufgrund seiner nat\u00fcrlichen Inhaltsstoffe im Vergleich zu anderen Produkten schwer zu bearbeiten. Aufgrund des Einflusses seiner eigenen Bestandteile ist er sehr schwer zu schneiden. Die wei\u00dfe Hintergrundfarbe Stein ist leicht zu Huang, um die Haltbarkeit \/ Integrit\u00e4t \/ Helligkeit des Produkts zu optimieren und zuf\u00e4llige Faktoren in allen Konfigurationsprozessen zu vermeiden, nimmt unsere Fabrik ma\u00dfgeschneiderte zur\u00fcck Mesh, importiert Leim und Schleifwerkzeuge, die richtig gel\u00f6st werden kann, Gro\u00df l\u00f6sen die Sorgen der Verbraucher bei der Verwendung.<img decoding=\"async\" src=\"https:\/\/data.adwebcloud.com\/public\/material\/220426a7q47o\/product\/AlpinusGraniteTableTop_1684137764781.jpg\" alt=\"\" \/><br \/>&nbsp; &nbsp; Alpinus Granit ist ein Naturstein mit einer geheimnisvollen Anziehungskraft. Milchiges Wei\u00df und schwarzes Cyan sind schichtweise ineinander verwoben. Die Farbkombination ist einfach, aber zur\u00fcckhaltend und luxuri\u00f6s. Pfauenfedern sind leicht und funkelnd, sie leuchten hell.<br \/>&nbsp; &nbsp; Alpinus-Granit ist auch lichtdurchl\u00e4ssig. Wenn die Lichtquelle an der Unterseite des Steins leuchtet, scheint es, als ob ein Stromsto\u00df voller Kraft ausbrechen w\u00fcrde. Wenn sich das Licht und die Farbe des Steins selbst verweben, scheint man die Morgend\u00e4mmerung sehen zu k\u00f6nnen. In der aufgehenden Sonne scheint das goldene Licht direkt durch die Wolken hindurch auf die Erde, oder es kann so stark sein wie ein Ph\u00f6nix im Nirwana, und das Gef\u00fchl der Macht wogt in der Stille.<br \/>&nbsp; &nbsp; Egal, ob es zu einer modernen, minimalistischen Einrichtung oder einem klassischen Retro-Stil passt, die Farbe des Alpinus-Granits kann das Gef\u00fchl der Stabilit\u00e4t der gesamten Einrichtung verst\u00e4rken und den Raum insgesamt moderner machen. Vor der Beleuchtung wirkt er ruhig und gro\u00dfz\u00fcgig, wie eine Business-Elite. Nach der Beleuchtung machen die einzigartigen lichtdurchl\u00e4ssigen Eigenschaften des Alpinus-Granits ihn zu einem lebendigen Empork\u00f6mmling, der den gesamten Wohnbereich erhellt.<img decoding=\"async\" src=\"https:\/\/data.adwebcloud.com\/public\/material\/220426a7q47o\/product\/NaturalAlpinusGranite_1684137776431.jpg\" alt=\"\" \/><br \/>&nbsp; &nbsp; Die Menge des Abbaus jedes echten Luxussteins ist begrenzt, und Alpinus-Granit als Spitzenreiter in der Kategorie der Luxussteine verf\u00fcgt \u00fcber knappe Bodensch\u00e4tze, hochwertiger Alpinus-Granit ist noch seltener, und auch seine Lagerplatten werden immer weniger. Die Seltenheit macht die Sch\u00f6nheit des Goldenen Pfaus noch wertvoller.<\/p>\n<p style=\"line-height: 1.5\">&nbsp; &nbsp; Alpinus Granit hat eine au\u00dfergew\u00f6hnliche \u00c4sthetik mit sch\u00f6nen, einzigartigen Mustern, die neutrale Farbt\u00f6ne wie Beige, Grau und Schwarz aufweisen. Die nat\u00fcrlichen Maserungen und Sprenkel verleihen jedem St\u00fcck Charakter und sorgen f\u00fcr einen unverwechselbaren Look, der sicher beeindruckt.<img decoding=\"async\" src=\"https:\/\/data.adwebcloud.com\/public\/material\/220426a7q47o\/product\/AlpinusGraniteSlab_1684137789232.jpg\" alt=\"\" \/><\/p>\n<p style=\"line-height: 1.5\">&nbsp; &nbsp; Bei HRST Stone haben wir mehr als 1500 Quadratmeter dieses exquisiten Granits in unserem Bestand, so dass wir alle Ihre Designw\u00fcnsche effizient erf\u00fcllen k\u00f6nnen. Mit unserem Videoauswahlverfahren k\u00f6nnen Sie aus unseren verf\u00fcgbaren St\u00fccken eines ausw\u00e4hlen, das nahtlos zu Ihrem gew\u00fcnschten Stil passt. Dar\u00fcber hinaus bieten wir individuelle Designl\u00f6sungen an, die es Ihnen erm\u00f6glichen, Ihr St\u00fcck in Gr\u00f6\u00dfe, Form und Ausf\u00fchrung an Ihre Bed\u00fcrfnisse anzupassen.<\/p>\n<p style=\"line-height: 1.5\">&nbsp; &nbsp; Wir sind stolz darauf, unseren Kunden au\u00dfergew\u00f6hnliche Produkte und Dienstleistungen zu bieten. Unsere qualifizierten Handwerker bearbeiten Ihre Auftr\u00e4ge innerhalb von 14 Tagen und sorgen f\u00fcr eine p\u00fcnktliche Lieferung und hervorragende Qualit\u00e4t. Wir freuen uns \u00fcber die Gelegenheit, Ihnen unsere Produkte und unser Fachwissen zur Verf\u00fcgung zu stellen.<\/p>","protected":false},"excerpt":{"rendered":"<p>Alpinus-Granit ist eine Art elfenbeinfarbener, cremewei\u00dfer Sockel mit goldbraunen und schwarzen Sommersprossen, exotischer Granit, der in Brasilien abgebaut wird. Dieser Stein eignet sich besonders gut f\u00fcr Arbeitsplatten, Mosaike, Au\u00dfen- und Innenwand- und Bodenanwendungen, Springbrunnen, Pool- und Wandverkleidungen und andere Designprojekte. Es wird auch Alpinus-Granit, Alpinus-Wei\u00dfgranit, Branco-Alpinus-Granit, Alpin-Wei\u00dfgranit, Alpen-Wei\u00dfgranit, Bianco-Alpinus-Granit und Golden-Peacock-Granit genannt.<\/p>","protected":false},"featured_media":6805,"comment_status":"open","ping_status":"closed","template":"","meta":[],"product_brand":[],"product_cat":[460],"product_tag":[766,761,763,770,762,764,769,765,767,768],"class_list":{"0":"post-6082","1":"product","2":"type-product","3":"status-publish","4":"has-post-thumbnail","6":"product_cat-stone-furniture","7":"product_tag-alpin-white-granite-wall-tiles","8":"product_tag-alpinus-granite-coffee-table","9":"product_tag-alpinus-granite-furniture","10":"product_tag-alpinus-granite-island-top","11":"product_tag-alpinus-granite-slabs","12":"product_tag-alpinus-white-granite-countertop","13":"product_tag-bianco-alpinus-granite-table-top","14":"product_tag-branco-alpinus-granite-dining-table","15":"product_tag-golden-peacock-granite-coffee-table","16":"product_tag-luxury-granite-slabs","18":"first","19":"instock","20":"shipping-taxable","21":"product-type-simple"},"_links":{"self":[{"href":"https:\/\/www.quartzite-stone.com\/de\/wp-json\/wp\/v2\/product\/6082","targetHints":{"allow":["GET"]}}],"collection":[{"href":"https:\/\/www.quartzite-stone.com\/de\/wp-json\/wp\/v2\/product"}],"about":[{"href":"https:\/\/www.quartzite-stone.com\/de\/wp-json\/wp\/v2\/types\/product"}],"replies":[{"embeddable":true,"href":"https:\/\/www.quartzite-stone.com\/de\/wp-json\/wp\/v2\/comments?post=6082"}],"wp:featuredmedia":[{"embeddable":true,"href":"https:\/\/www.quartzite-stone.com\/de\/wp-json\/wp\/v2\/media\/6805"}],"wp:attachment":[{"href":"https:\/\/www.quartzite-stone.com\/de\/wp-json\/wp\/v2\/media?parent=6082"}],"wp:term":[{"taxonomy":"product_brand","embeddable":true,"href":"https:\/\/www.quartzite-stone.com\/de\/wp-json\/wp\/v2\/product_brand?post=6082"},{"taxonomy":"product_cat","embeddable":true,"href":"https:\/\/www.quartzite-stone.com\/de\/wp-json\/wp\/v2\/product_cat?post=6082"},{"taxonomy":"product_tag","embeddable":true,"href":"https:\/\/www.quartzite-stone.com\/de\/wp-json\/wp\/v2\/product_tag?post=6082"}],"curies":[{"name":"wp","href":"https:\/\/api.w.org\/{rel}","templated":true}]}}