{"id":6014,"date":"2023-05-11T10:14:52","date_gmt":"2023-05-11T02:14:52","guid":{"rendered":"https:\/\/www.quartzite-stone.com\/product\/natural-matrix-granite\/"},"modified":"2023-05-11T10:56:25","modified_gmt":"2023-05-11T02:56:25","slug":"granit-mit-naturlicher-matrix","status":"publish","type":"product","link":"https:\/\/www.quartzite-stone.com\/de\/products\/natural-matrix-granite\/","title":{"rendered":"Nat\u00fcrlicher Matrixgranit"},"content":{"rendered":"<p style=\"line-height: 1.5\"><strong>Nat\u00fcrlicher Matrixgranit<\/strong><\/p>\n<p style=\"line-height: 1.5\">Matrix Granit ist eine Art schwarzer Granit, der haupts\u00e4chlich in Brasilien vorkommt. Es ist auch unter Namen wie Black Metal Granite, Granito St Louis, Metallica Granite, Matrix Motion Granite usw. bekannt. Auf dem grau-schwarzen Hintergrund des Steins befinden sich silberne Spiralmuster, graue Kreise und Punkte sowie schwarze Texturen. In diesem Granit ist eine mittlere Variation zu beobachten.<img decoding=\"async\" src=\"https:\/\/data.adwebcloud.com\/public\/material\/220426a7q47o\/product\/MatrixGraniteBigSlab_1683771129973.jpg\" alt=\"\" \/><\/p>\n<p style=\"line-height: 1.5\">Schwarz, tief und zur\u00fcckhaltend, hochwertig und zur\u00fcckhaltend. Als zeitlos beliebte Farbe im Modetrend unterstreicht sie mit einem Hauch von elegantem und pr\u00e4gnantem Schwarz die Qualit\u00e4t und den Luxus des Raumes. Als Vertreter des schwarzen Steins verleiht Matrix Granite mit seiner angeborenen, einzigartigen Textur dem Raum eine modische und k\u00fcnstlerische Atmosph\u00e4re und ist bei vielen Eigent\u00fcmern, Fashionistas und Designern sehr gefragt.<\/p>\n<p style=\"line-height: 1.5\">Unter der Reflexion des Lichts blitzt auf der schwarzen und tief tinten\u00e4hnlichen Oberfl\u00e4che von Matrix Granite ein wenig Sternenlicht auf, das hell leuchtet, genau wie die Sterne am Himmel unter dem Nachthimmel, vertr\u00e4umt und sch\u00f6n, und verleiht dem Raum ein edles und edles Aussehen elegantes Temperament.<img fetchpriority=\"high\" decoding=\"async\" src=\"https:\/\/data.adwebcloud.com\/public\/material\/220426a7q47o\/product\/MatrixGraniteCountertop_1683771145242.jpg\" width=\"1440\" height=\"1080\" alt=\"\" \/><\/p>\n<p style=\"line-height: 1.5\">Erstaunlicher Granit ist Matrix Granit. Es f\u00fchlt sich an wie Wasser, fast wie fl\u00fcssiges Silber. Dieser metallisch aussehende Stein weist wellenf\u00f6rmige Muster auf, die aus Wirbeln, Punkten und Kreisen in Dunkelgrau und Grau mit schwarzen Flecken bestehen. K\u00fcchenarbeitsplatten, Akzentw\u00e4nde, Badezimmerwaschtische und Bartheken sind dramatische Optionen, die als Mittelpunkt des Raumes dienen k\u00f6nnen.<\/p>\n<p style=\"line-height: 1.5\">Matrix-Granit hat eine juwelenartige Farbe, asymmetrische glatte Linien, eine harte Textur und eine dichte Struktur. Seine hochwertigen dunklen T\u00f6ne k\u00f6nnen den Stil des Raums voll zum Ausdruck bringen, wie eine feierliche und elegante Dame, anmutig und luxuri\u00f6s, wenn sie mit einem einfachen und eleganten Design kombiniert werden, werden sich die Menschen von ganzem Herzen wohl und wohl f\u00fchlen. Werfen Sie die Hektik der Stadt hinter sich und lassen Sie die realsten Gedanken in meinem Herzen ruhen. Das Produkt eignet sich f\u00fcr dekorative R\u00e4ume wie B\u00f6den, W\u00e4nde, Hintergrundw\u00e4nde und Schreibtische.<\/p>\n<p style=\"line-height: 1.5\">Natural Matrix Granite ist ein hochwertiger Granitstein, dessen hochwertige Farbe den Menschen immer ein ruhiges, zur\u00fcckhaltendes Gef\u00fchl vermitteln kann und zudem eine geheimnisvolle Atmosph\u00e4re offenbart. Der Raum, den es schm\u00fcckt, sieht ruhig, erwachsen, edel und elegant aus und es wurden viele hervorragende dekorative Arbeiten erzielt.<img decoding=\"async\" src=\"https:\/\/data.adwebcloud.com\/public\/material\/220426a7q47o\/product\/MatrixGraniteUsed_1683771155954.jpg\" width=\"750\" height=\"600\" alt=\"\" \/><\/p>\n<p style=\"line-height: 1.5\">Der attraktive Granit ist als Matrix bekannt und hat einen sch\u00f6nen grauen Hintergrund und schwarze, wellenf\u00f6rmige Adern. Die neutrale Farbe des Matrix-Granits erleichtert die Integration in eine Reihe von Designkonzepten. Es ist eine fantastische Option f\u00fcr Au\u00dfenbereiche, Kaminumrandungen, Barfl\u00e4chen, Badezimmerwaschtische und K\u00fcchenoberfl\u00e4chen.<\/p>\n<p style=\"line-height: 1.5\">Dieser Stein ist nicht nur sch\u00f6n anzusehen, sondern auch ziemlich stark. Es ist verst\u00e4ndlich, warum dieser Naturstein bei Hausbesitzern so beliebt ist, wenn man bedenkt, wie beeindruckend er aussieht und wie gut er die Nutzung in verschiedenen Teilen des Hauses \u00fcbersteht. Dar\u00fcber hinaus kann Granit im Allgemeinen den Wert Ihres Hauses insgesamt steigern, was sehr vorteilhaft sein kann, wenn Sie sich jemals f\u00fcr den Verkauf entscheiden. Der Einbau von Matrix-Granit in Ihr Haus kann sich als eine der besten Entscheidungen erweisen, die Sie jemals daf\u00fcr getroffen haben.<img decoding=\"async\" src=\"https:\/\/data.adwebcloud.com\/public\/material\/220426a7q47o\/product\/PopularMatrixGraniteSlab_1683771174082.jpg\" width=\"1440\" height=\"1039\" alt=\"\" \/><\/p>","protected":false},"excerpt":{"rendered":"<p>Matrix Granite ist ein Biotit-Gneis mit schimmernden silbergrauen Texturen, der in Brasilien abgebaut wird. Dieser exklusive exotische Stein eignet sich besonders gut f\u00fcr Arbeitsplatten, Mosaike, Wand- und Bodenanwendungen im Au\u00dfen- und Innenbereich, Springbrunnen, Pool- und Wandverkleidungen, Treppen, Fensterb\u00e4nke und andere Designprojekte.<\/p>","protected":false},"featured_media":6015,"comment_status":"open","ping_status":"closed","template":"","meta":[],"product_brand":[],"product_cat":[205],"product_tag":[741,734,736,740,738,739,733,737,735,732],"class_list":{"0":"post-6014","1":"product","2":"type-product","3":"status-publish","4":"has-post-thumbnail","6":"product_cat-granite","7":"product_tag-black-metal-granite-accent-wall","8":"product_tag-matrix-3d-granite","9":"product_tag-matrix-granite-background-wall","10":"product_tag-matrix-granite-furniture-table","11":"product_tag-matrix-granite-island-top","12":"product_tag-matrix-granite-table","13":"product_tag-matrix-granite-wall-tiles","14":"product_tag-matrix-motion-granite-tile","15":"product_tag-metallica-granite","16":"product_tag-natural-matrix-granite-countertop","18":"first","19":"instock","20":"shipping-taxable","21":"product-type-simple"},"_links":{"self":[{"href":"https:\/\/www.quartzite-stone.com\/de\/wp-json\/wp\/v2\/product\/6014","targetHints":{"allow":["GET"]}}],"collection":[{"href":"https:\/\/www.quartzite-stone.com\/de\/wp-json\/wp\/v2\/product"}],"about":[{"href":"https:\/\/www.quartzite-stone.com\/de\/wp-json\/wp\/v2\/types\/product"}],"replies":[{"embeddable":true,"href":"https:\/\/www.quartzite-stone.com\/de\/wp-json\/wp\/v2\/comments?post=6014"}],"wp:featuredmedia":[{"embeddable":true,"href":"https:\/\/www.quartzite-stone.com\/de\/wp-json\/wp\/v2\/media\/6015"}],"wp:attachment":[{"href":"https:\/\/www.quartzite-stone.com\/de\/wp-json\/wp\/v2\/media?parent=6014"}],"wp:term":[{"taxonomy":"product_brand","embeddable":true,"href":"https:\/\/www.quartzite-stone.com\/de\/wp-json\/wp\/v2\/product_brand?post=6014"},{"taxonomy":"product_cat","embeddable":true,"href":"https:\/\/www.quartzite-stone.com\/de\/wp-json\/wp\/v2\/product_cat?post=6014"},{"taxonomy":"product_tag","embeddable":true,"href":"https:\/\/www.quartzite-stone.com\/de\/wp-json\/wp\/v2\/product_tag?post=6014"}],"curies":[{"name":"wp","href":"https:\/\/api.w.org\/{rel}","templated":true}]}}