{"id":5992,"date":"2023-05-10T10:18:21","date_gmt":"2023-05-10T02:18:21","guid":{"rendered":"https:\/\/www.quartzite-stone.com\/product\/natural-milas-lilac-marble\/"},"modified":"2023-05-10T10:18:21","modified_gmt":"2023-05-10T02:18:21","slug":"naturlicher-marmor-milas-lila","status":"publish","type":"product","link":"https:\/\/www.quartzite-stone.com\/de\/products\/natural-milas-lilac-marble\/","title":{"rendered":"Nat\u00fcrlicher Milas-Fliedermarmor"},"content":{"rendered":"<p><strong>Nat\u00fcrlicher Milas-Fliedermarmor<\/strong><\/p>\n<p style=\"line-height: 1.5\">Nat\u00fcrlicher Milas-Fliedermarmor ist importierter Marmor, der in der T\u00fcrkei und Italien hergestellt wird. Der Hintergrund ist schneewei\u00df, die Eisendr\u00e4hte sind stark, die violetten Halo-Muster \u00e4hneln winterlichen Pflaumenbl\u00fcten und der dunkle Duft schwebt vom Staub der Welt weg. Das k\u00fcnstlerische Konzept ist edel und klar und eignet sich f\u00fcr die Gestaltung g\u00e4ngiger Einrichtungsstile wie neoklassizistisch, neochinesisch, modern und schlicht.<br \/>Nat\u00fcrlicher Milas-Fliedermarmor \u2013 nat\u00fcrliche Marmorplatte, die Textur ist schlank und elegant, weich und holprig und sehr \u00e4sthetisch. Es ist intuitiv erstaunlich, es dringt direkt ins Innere des Steins ein und die klaren Schichten zeigen den au\u00dfergew\u00f6hnlich kostbaren Stein, genau wie Pflaumenzweige in Schnee und Frost, als ob man seinen schwachen Duft riechen k\u00f6nnte, der den perfekten Geschmack widerspiegelt.<\/p>\n<p style=\"line-height: 1.5\"><img decoding=\"async\" src=\"https:\/\/data.adwebcloud.com\/public\/material\/220426a7q47o\/product\/creativedesigncoffeetable_1683685008428.jpg\" alt=\"\" \/><br \/>Die Grundfarbe ist cremefarben, mit violetten chaotischen Mustern, wie die Wurzeln eines tausend Jahre alten Baumes, die aus dem Boden ragen. Die zarte Textur der Glastextur ist wie eine klassische Sch\u00f6nheit mit cremiger Haut, bedeckt mit lavendelfarbenem T\u00fcll, die wie Eis und Schnee in den Schnee springt und sich anmutig ausdehnt. Nat\u00fcrlicher Milas-Fliedermarmor wandert flink, schwebend und schwebend, dreht sich hin und her und erzeugt einen r\u00e4umlichen Effekt von Schnee dr\u00fcckenden Pflaumenzweigen. Wenn nat\u00fcrlicher Milas-Fliedermarmor auf den Boden gepflastert wird, ist es, als w\u00fcrde man Stifte in Reispapier tauchen, um die Gedanken nach und nach zum Schmelzen zu bringen, Jadeknochen zu Gem\u00e4lden und sp\u00e4rliche Schatten, die mit der K\u00e4lte verschmelzen, die in viele alte und moderne Meister eingedrungen ist. Das Pflaumenherz ist zur\u00fcckhaltend und die Nasenspitze schn\u00fcffelt leicht. In den sp\u00e4rlichen Schatten horizontal scheinen schwache Duftschwaden zu schweben.<\/p>\n<p style=\"line-height: 1.5\">Nat\u00fcrlicher Milas-Fliedermarmor, von dem wir glauben, dass er die perfekte Erg\u00e4nzung f\u00fcr Ihr Zuhause oder Ihren Gewerberaum ist. Unser Marmor ist in verschiedenen Stilen erh\u00e4ltlich, die alle \u00fcber einzigartige und atemberaubende Muster verf\u00fcgen, die die \u00c4sthetik jedes Raums aufwerten.<img fetchpriority=\"high\" decoding=\"async\" src=\"https:\/\/data.adwebcloud.com\/public\/material\/220426a7q47o\/product\/naturalmarblediningtable_1683685027197.jpg\" width=\"750\" height=\"600\" alt=\"\" \/><br \/>Der nat\u00fcrliche Milas-Fliedermarmor ist nicht nur optisch ansprechend, sondern auch langlebig und vielseitig. Es kann f\u00fcr eine Vielzahl von Anwendungen verwendet werden, von Bodenbel\u00e4gen und Wandverkleidungen bis hin zu Tischplatten und Waschtischplatten. Dar\u00fcber hinaus ist unser Marmor leicht zu reinigen und zu pflegen, was ihn zu einer pflegeleichten und dennoch langlebigen Investition macht.<br \/>Um Sie noch mehr zu verf\u00fchren, bieten wir wettbewerbsf\u00e4hige Preise f\u00fcr unseren nat\u00fcrlichen Milas-Fliedermarmor an. Als vertrauensw\u00fcrdiges und kundenorientiertes Unternehmen setzen wir uns daf\u00fcr ein, dass unsere Kunden stets Produkte von h\u00f6chster Qualit\u00e4t zu angemessenen und erschwinglichen Preisen erhalten.<br \/>Die Grundlage von HRST Stone sind unsere fortschrittlichen technologischen Prozesse und unser Team erfahrener Fachleute. Wir glauben an einen au\u00dfergew\u00f6hnlichen Kundenservice und -support, da wir wissen, dass die Bed\u00fcrfnisse eines jeden Kunden einzigartig sind. Unser Team begleitet Sie durch den gesamten Prozess, von der ersten Auswahl bis zur endg\u00fcltigen Verlegung, um eine nahtlose und angenehme Erfahrung zu gew\u00e4hrleisten.<img decoding=\"async\" src=\"https:\/\/data.adwebcloud.com\/public\/material\/220426a7q47o\/product\/whitemarblediningtable_1683685039897.jpg\" width=\"750\" height=\"600\" alt=\"\" \/><\/p>\n<p style=\"line-height: 1.5\">Vielen Dank, dass Sie sich f\u00fcr unseren Naturmarmor Milas Lilac entschieden haben. Setzen Sie sich mit uns in Verbindung, um mehr dar\u00fcber zu erfahren, wie wir Ihnen helfen k\u00f6nnen, Ihren Raum mit unserer Auswahl an Marmorprodukten zu gestalten.<\/p>\n<p style=\"line-height: 1.5\"><img decoding=\"async\" src=\"https:\/\/data.adwebcloud.com\/public\/material\/220426a7q47o\/product\/ImportedMilasLilacMarbleSlab_1683685048218.jpg\" width=\"750\" height=\"600\" alt=\"\" \/><\/p><\/p>","protected":false},"excerpt":{"rendered":"<p>Milas-Fliedermarmor ist eine Art lilafarbener Marmor mit wei\u00dfem Grund, der in der T\u00fcrkei abgebaut wird. Milas Lilac Marble ist ein wei\u00dfer Hintergrund mit dunkleren Adern und lila Farbt\u00f6nen aus farbigem, nicht bl\u00e4ttrigem metamorphem Gestein, das aus rekristallisierten Karbonatmineralien, am h\u00e4ufigsten Calcit oder Dolomit, besteht.<\/p>","protected":false},"featured_media":5988,"comment_status":"open","ping_status":"closed","template":"","meta":[],"product_brand":[],"product_cat":[175],"product_tag":[718,715,712,716,720,719,714,721,717,713],"class_list":{"0":"post-5992","1":"product","2":"type-product","3":"status-publish","4":"has-post-thumbnail","6":"product_cat-marble","7":"product_tag-milas-kavaklidere-lilac-marble","8":"product_tag-milas-lilac-marble-bathroom-vanity-top","9":"product_tag-milas-lilac-marble-countertop","10":"product_tag-milas-lilac-marble-flooring-tiles","11":"product_tag-milas-lilac-marble-furniture-table","12":"product_tag-milas-lilac-marble-table","13":"product_tag-milas-lilac-medium-marble","14":"product_tag-milas-lilac-medium-marble-accent-wall","15":"product_tag-milas-lilac-medium-marble-tile","16":"product_tag-milas-white-lilac-marble","18":"first","19":"instock","20":"shipping-taxable","21":"product-type-simple"},"_links":{"self":[{"href":"https:\/\/www.quartzite-stone.com\/de\/wp-json\/wp\/v2\/product\/5992","targetHints":{"allow":["GET"]}}],"collection":[{"href":"https:\/\/www.quartzite-stone.com\/de\/wp-json\/wp\/v2\/product"}],"about":[{"href":"https:\/\/www.quartzite-stone.com\/de\/wp-json\/wp\/v2\/types\/product"}],"replies":[{"embeddable":true,"href":"https:\/\/www.quartzite-stone.com\/de\/wp-json\/wp\/v2\/comments?post=5992"}],"wp:featuredmedia":[{"embeddable":true,"href":"https:\/\/www.quartzite-stone.com\/de\/wp-json\/wp\/v2\/media\/5988"}],"wp:attachment":[{"href":"https:\/\/www.quartzite-stone.com\/de\/wp-json\/wp\/v2\/media?parent=5992"}],"wp:term":[{"taxonomy":"product_brand","embeddable":true,"href":"https:\/\/www.quartzite-stone.com\/de\/wp-json\/wp\/v2\/product_brand?post=5992"},{"taxonomy":"product_cat","embeddable":true,"href":"https:\/\/www.quartzite-stone.com\/de\/wp-json\/wp\/v2\/product_cat?post=5992"},{"taxonomy":"product_tag","embeddable":true,"href":"https:\/\/www.quartzite-stone.com\/de\/wp-json\/wp\/v2\/product_tag?post=5992"}],"curies":[{"name":"wp","href":"https:\/\/api.w.org\/{rel}","templated":true}]}}