{"id":5983,"date":"2023-05-09T11:31:01","date_gmt":"2023-05-09T03:31:01","guid":{"rendered":"https:\/\/www.quartzite-stone.com\/product\/noir-grand-antique-marble\/"},"modified":"2023-05-09T12:27:16","modified_gmt":"2023-05-09T04:27:16","slug":"noir-grand-antik-marmor","status":"publish","type":"product","link":"https:\/\/www.quartzite-stone.com\/de\/products\/noir-grand-antique-marble\/","title":{"rendered":"Noir Grand Antique Marmor"},"content":{"rendered":"<p><strong>Noir Grand Antique Marmor<\/strong><\/p>\n<p style=\"line-height: 1.5\">Natural Grand Antique Marble ist ein tiefschwarzer Stein mit grafischen wei\u00dfen Maserungen, der einzigartig ist.<\/p>\n<p style=\"line-height: 1.5\">Noir Grand Antique ist ein Marmor, der sich durch die Verflechtung zweier Farben auszeichnet: Wei\u00df und Schwarz.<br \/>Da es sich bei dem Marmor um ein Naturprodukt handelt, sind diese Muster durchschnittlich und k\u00f6nnen variieren. Wir werden stets versuchen, die Konsistenz zumindest so weit wie m\u00f6glich beizubehalten, eine \u00c4hnlichkeit kann jedoch nicht garantiert werden.<\/p>\n<p style=\"line-height: 1.5\"><img decoding=\"async\" src=\"https:\/\/data.adwebcloud.com\/public\/material\/220426a7q47o\/product\/grandantiqueBlackMarbleWashn_1683602963852.jpg\" alt=\"\" \/><br \/>Ein Marmor namens Noir Grand Antique zeichnet sich durch die Verflechtung der Farbt\u00f6ne Wei\u00df und Schwarz aus. Da es sich bei Marmor um ein Naturprodukt handelt, sind diese Muster typisch und k\u00f6nnen sich \u00e4ndern. Wir sind stets bestrebt, die Konsistenz so weit wie m\u00f6glich beizubehalten, eine \u00c4hnlichkeit kann jedoch nicht garantiert werden.<br \/>Dieser Stein weist einen ungew\u00f6hnlichen Schwarz-Wei\u00df-Kontrast auf. Auf schwarzem Hintergrund entstehen durch wei\u00dfe Adern atemberaubende Muster. Angemessene Innenarchitektur, einschlie\u00dflich der Verzierung von B\u00f6den, Treppen, W\u00e4nden, Kaminen, Fensterb\u00e4nken und verschiedenen Badezimmerkomponenten. Zwei g\u00e4ngige Dicken sind 20 und 30 Millimeter.<img fetchpriority=\"high\" decoding=\"async\" src=\"https:\/\/data.adwebcloud.com\/public\/material\/220426a7q47o\/product\/grandantiquemarblecountertop_1683602975590.jpg\" width=\"750\" height=\"600\" alt=\"\" \/><br \/>Natural Noir Grand Antique Marble, auch bekannt als Bulgari Black\/Black and White Flower, klassisches und beliebtes Schwarz und Wei\u00df, zeigt den gro\u00dfartigen galoppierenden Schwung, die riesigen und turbulenten Wellen, die mit dem herrschs\u00fcchtigen und trendigen Sinn des K\u00f6nigs, dem starken Schwarz, flie\u00dfen Der Kontrast und die Kollision von Wei\u00df und Wei\u00df stellen eine wunderbare visuelle Anziehungskraft dar und pr\u00e4gen die Raum\u00e4sthetik, die nie aus der Mode kommen wird.<br \/>Natural Noir Grand Antique Marmor wird von vielen gro\u00dfen Marken wegen seines modernen Musters bevorzugt. Celine wird in vielen Flagship-Stores auf der ganzen Welt verwendet. Es ist gro\u00dffl\u00e4chig gepflastert, um den Hintergrund zu schm\u00fccken, wodurch ein sehr kr\u00e4ftiger Farbstil entsteht. Mit seiner reichen Haltung und Konnotation verschmilzt und sublimiert es mit jedem Kunstwerk und schafft zusammen ein wundersch\u00f6nes dreidimensionales Bild.<img decoding=\"async\" src=\"https:\/\/data.adwebcloud.com\/public\/material\/220426a7q47o\/product\/grandantiquemarbleslab_1683602983250.jpg\" width=\"750\" height=\"600\" alt=\"\" \/><br \/>Unter den Lichtern, Wein, Gr\u00fcn und der Welt der Sterblichen sind Schwarz und Wei\u00df oft die ber\u00fchrendsten, ohne zu viele Designs, sie k\u00f6nnen den eleganten Geschmack, den leichten Luxus und die Atmosph\u00e4re des Besitzers widerspiegeln, und immer mehr Designer und Verbraucher entscheiden sich daf\u00fcr , um einen hochwertigen, hellen und luxuri\u00f6sen Wohnraum zu schaffen;<br \/>Noir Grand Antique Marmor, der in opulenten Innenarchitekturen hochgesch\u00e4tzt wird, wurde im Tal des Flusses Lez in S\u00fcdfrankreich entdeckt. Der Kontrast der Farben Schwarz und Wei\u00df verleiht Ihrem Raum erstaunliche Kunstwerke. Die Grundfarbe ist ein tiefes Schwarz mit auff\u00e4lligen wei\u00dfen Adern. Der Noir Grand Antique Marmor ist sehr langlebig und hat eine feine Textur und wird h\u00e4ufig f\u00fcr Hintergrunddekorationen und Streichholzschachteln verwendet. Dieser Noir Grand Antique Marmor aus Frankreich eignet sich f\u00fcr Innenr\u00e4ume und verleiht jeder Oberfl\u00e4che eine unverwechselbare Note.<img decoding=\"async\" src=\"https:\/\/data.adwebcloud.com\/public\/material\/220426a7q47o\/product\/naturalblackmarbleslab_1683602991927.jpg\" alt=\"\" \/><\/p>\n<p style=\"line-height: 1.5\">Bei HRST Stone verf\u00fcgen wir \u00fcber einen Bestand von mehr als 5000 Quadratmetern Natural Grand Antique Marble, der nach Ma\u00df zu verschiedenen Produkten verarbeitet werden kann, um alle Ihre Anforderungen zu erf\u00fcllen. Wir verf\u00fcgen \u00fcber umfangreiche Erfahrung in der Herstellung dieser Art von Marmor und gew\u00e4hrleisten ein hochwertiges Endprodukt.<\/p>","protected":false},"excerpt":{"rendered":"<p>Noir Grand Antique Marmor ist eine Art schwarzer Brekzienmarmor, der in Frankreich abgebaut wird. Dieser Stein eignet sich besonders gut f\u00fcr Arbeitsplatten, Mosaike, Wand- und Bodenanwendungen im Au\u00dfen- und Innenbereich, Kamine, Springbrunnen, Pool- und Wandverkleidungen, Treppen, Fensterb\u00e4nke und andere Designprojekte. Es wird auch Marbre Petit Antique genannt, <a class=\"wpil_keyword_link\" href=\"https:\/\/www.quartzite-stone.com\/de\/produkt-2\/kleiner-antiker-marmor\/\"   title=\"Kleiner antiker Marmor\" data-wpil-keyword-link=\"linked\">Kleiner antiker Marmor<\/a>, Noir Petit Antique, Petit Antique Bechantillon, Noir Grand Antique Marmor.<\/p>","protected":false},"featured_media":5984,"comment_status":"open","ping_status":"closed","template":"","meta":[],"product_brand":[],"product_cat":[175],"product_tag":[703,705,702,709,704,706,707,708,711,710],"class_list":{"0":"post-5983","1":"product","2":"type-product","3":"status-publish","4":"has-post-thumbnail","6":"product_cat-marble","7":"product_tag-natural-petit-antique","8":"product_tag-noir-grand-antique-marble-bathroom-vanity-top","9":"product_tag-noir-grand-antique-marble-countertop","10":"product_tag-noir-grand-antique-marble-furniture","11":"product_tag-noir-grand-antique-marble-slab","12":"product_tag-noir-grand-antique-marble-table-top","13":"product_tag-noir-grand-antique-marble-tile","14":"product_tag-noir-petit-antique-marble-stone","15":"product_tag-petit-antique-marble-island-top","16":"product_tag-petit-antique-marble-tiles","18":"first","19":"instock","20":"shipping-taxable","21":"product-type-simple"},"_links":{"self":[{"href":"https:\/\/www.quartzite-stone.com\/de\/wp-json\/wp\/v2\/product\/5983","targetHints":{"allow":["GET"]}}],"collection":[{"href":"https:\/\/www.quartzite-stone.com\/de\/wp-json\/wp\/v2\/product"}],"about":[{"href":"https:\/\/www.quartzite-stone.com\/de\/wp-json\/wp\/v2\/types\/product"}],"replies":[{"embeddable":true,"href":"https:\/\/www.quartzite-stone.com\/de\/wp-json\/wp\/v2\/comments?post=5983"}],"wp:featuredmedia":[{"embeddable":true,"href":"https:\/\/www.quartzite-stone.com\/de\/wp-json\/wp\/v2\/media\/5984"}],"wp:attachment":[{"href":"https:\/\/www.quartzite-stone.com\/de\/wp-json\/wp\/v2\/media?parent=5983"}],"wp:term":[{"taxonomy":"product_brand","embeddable":true,"href":"https:\/\/www.quartzite-stone.com\/de\/wp-json\/wp\/v2\/product_brand?post=5983"},{"taxonomy":"product_cat","embeddable":true,"href":"https:\/\/www.quartzite-stone.com\/de\/wp-json\/wp\/v2\/product_cat?post=5983"},{"taxonomy":"product_tag","embeddable":true,"href":"https:\/\/www.quartzite-stone.com\/de\/wp-json\/wp\/v2\/product_tag?post=5983"}],"curies":[{"name":"wp","href":"https:\/\/api.w.org\/{rel}","templated":true}]}}