{"id":5918,"date":"2023-05-06T10:51:23","date_gmt":"2023-05-06T02:51:23","guid":{"rendered":"https:\/\/www.quartzite-stone.com\/product\/super-white-travertine-coffee-table\/"},"modified":"2023-06-10T10:15:57","modified_gmt":"2023-06-10T02:15:57","slug":"superweiser-couchtisch-aus-travertin","status":"publish","type":"product","link":"https:\/\/www.quartzite-stone.com\/de\/products\/super-white-travertine-coffee-table\/","title":{"rendered":"Superwei\u00dfer Couchtisch aus Travertin"},"content":{"rendered":"<p style=\"line-height: 1.5\"><strong>Superwei\u00dfer Travertin<\/strong><\/p>\n<p style=\"line-height: 1.5\">Travertin ist eine Form von terrestrischem Kalkstein, der in der N\u00e4he von Mineralquellen, insbesondere hei\u00dfen Quellen, abgelagert wurde. Er hat oft ein faseriges oder konzentrisches Aussehen und existiert in wei\u00dfen, hellbraunen, cremefarbenen und sogar rostigen Varianten. Er entsteht durch eine rasche Ausf\u00e4llung von Kalziumkarbonat, h\u00e4ufig an der M\u00fcndung einer hei\u00dfen Quelle oder in einer Kalksteinh\u00f6hle. In letzteren kann es Stalaktiten, Stalagmiten und andere Spel\u00e4otheme bilden.<\/p>\n<p style=\"line-height: 1.5\">Travertin hat viele L\u00f6cher, so dass seine H\u00e4rte gering ist und seine Textur relativ weich, leicht abbaubar und sehr plastisch ist. Die fertigen Travertinarbeiten sind au\u00dferdem leicht zu transportieren, weshalb sie bei H\u00e4ndlern sehr beliebt sind. Wegen seiner geringen H\u00e4rte l\u00e4sst sich Travertin auch leicht schnitzen und kann zu verschiedenen Schnitzereien verarbeitet werden.<br \/>Dar\u00fcber hinaus haben die L\u00f6cher in der Klassifizierung von nat\u00fcrlichem Travertin, einem dekorativen Material, auch eine starke F\u00e4higkeit, Schall zu absorbieren. Daher hat Travertin eine sehr gute schalld\u00e4mmende Wirkung, und gleichzeitig kann Travertin auch W\u00e4rme isolieren. Es gibt mehr als zehn Arten von nat\u00fcrlichen Travertin-Oberfl\u00e4chenfarben, und die Oberfl\u00e4chenstruktur ist sehr einzigartig, was sehr dekorativ ist, und kann als Steinf\u00fcllmaterial f\u00fcr Steing\u00e4rten, Bonsai usw. verwendet werden.<img fetchpriority=\"high\" decoding=\"async\" src=\"https:\/\/data.adwebcloud.com\/public\/material\/220426a7q47o\/product\/naturaltravertinetable_1683341347032.jpg\" width=\"750\" height=\"600\" alt=\"\" \/><\/p>\n<p style=\"line-height: 1.5\">Dieser Stein ist f\u00fcr seine sch\u00f6nen und praktischen Eigenschaften bekannt, die ihn f\u00fcr eine breite Palette von Anwendungen ideal machen. Derzeit haben wir \u00fcber 1000 Quadratmeter auf Lager und k\u00f6nnen daraus eine Vielzahl von optisch ansprechenden und praktischen M\u00f6belst\u00fccken fertigen.<br \/>Eine der beliebtesten Verwendungen von Super White Travertine ist die Herstellung praktischer M\u00f6belst\u00fccke. Diese erfreuen sich in letzter Zeit zunehmender Beliebtheit, und unsere HRST Stone-Serie von Super White Travertine-M\u00f6beln ist sowohl erschwinglich als auch stilvoll. Sie sind von hoher Qualit\u00e4t und so vielseitig, dass sie zu einer breiten Palette von Einrichtungsstilen passen und somit eine gute Wahl f\u00fcr viele verschiedene Umgebungen sind.<img decoding=\"async\" src=\"https:\/\/data.adwebcloud.com\/public\/material\/220426a7q47o\/product\/naturalstonetable_1683341355226.jpg\" width=\"750\" height=\"600\" alt=\"\" \/><br \/>Der Super White Travertine ist f\u00fcr sein einzigartiges und auff\u00e4lliges Muster bekannt, das ein perfektes Statement ist. Er ist ein vielseitiges Material und eignet sich sowohl f\u00fcr den Innen- als auch f\u00fcr den Au\u00dfenbereich, wodurch er ideal f\u00fcr den Einsatz in Wohnungen, B\u00fcros oder f\u00fcr gewerbliche Anwendungen ist. Dar\u00fcber hinaus sind unsere Super White Travertine Produkte preisg\u00fcnstig, so dass Sie die Sch\u00f6nheit und Funktionalit\u00e4t dieses Natursteins genie\u00dfen k\u00f6nnen, ohne die Bank zu sprengen.<\/p>\n<p style=\"line-height: 1.5\">Wenn der Herbst naht, verleihen Tische aus Travertin Ihrem Raum Textur und W\u00e4rme, w\u00e4hrend die Jahreszeit abk\u00fchlt. Diese Couchtische haben glatte Travertin-Platten, die die Beine erg\u00e4nzen.<img decoding=\"async\" src=\"https:\/\/data.adwebcloud.com\/public\/material\/220426a7q47o\/product\/whitetravertinetable_1683341364791.jpg\" width=\"750\" height=\"600\" alt=\"\" \/><br \/>Die Verwendung von Travertin zur Herstellung von Couchtischen ist der Favorit von leichten Luxusdesignern aus aller Welt. Alle Arten von kreativen Travertin Esstische, Couchtische und Couchtische zeigen K\u00e4ufer Streben nach Individualit\u00e4t, und die M\u00f6bel auch hofft, anders zu sein.<br \/>Diese Modelle sind auch eine Interpretation der pers\u00f6nlichen Anpassung. Die speziell geformten und polygonalen Travertinplatten erh\u00f6hen die Komplexit\u00e4t des Schneideprozesses, aber der Kunde ist sehr zufrieden mit den Ergebnissen, die sch\u00f6n und funktional sind und trotzdem freundliche Bogenecken haben. Besonderes Augenmerk wird auf die Sicherheit von \u00e4lteren Menschen und Kindern zu Hause gelegt, was bei den Kunden sehr beliebt ist.<img loading=\"lazy\" decoding=\"async\" src=\"https:\/\/data.adwebcloud.com\/public\/material\/220426a7q47o\/product\/ovalstonetable_1683341416344.jpg\" width=\"750\" height=\"600\" alt=\"\" \/><strong><\/strong><\/p>","protected":false},"excerpt":{"rendered":"<p>Super White Travertin ist eine Art hellelfenbeinbeiger Travertin, der im Iran abgebaut wird. Dieser Stein eignet sich besonders gut f\u00fcr Bausteine, Kamine, Treppen, Arbeitsplatten, Waschbecken, Denkm\u00e4ler, Poolumrandungen, Fensterb\u00e4nke, Ziersteine und andere Designprojekte. Es wird auch Super White Iran Travertine, Iran White Travertine, Iran Super White Travertine, Persian White Travertine und Super Light Travertine genannt.<\/p>","protected":false},"featured_media":6763,"comment_status":"open","ping_status":"closed","template":"","meta":[],"product_brand":[],"product_cat":[460],"product_tag":[649,651,650,646,642,648,644,643,645,647],"class_list":{"0":"post-5918","1":"product","2":"type-product","3":"status-publish","4":"has-post-thumbnail","6":"product_cat-stone-furniture","7":"product_tag-iran-super-white-travertine","8":"product_tag-natural-travertine-countertop","9":"product_tag-super-light-travertine","10":"product_tag-super-white-travertine-dining-table","11":"product_tag-super-white-travertine-furniture","12":"product_tag-super-white-travertine-handicrafts","13":"product_tag-super-white-travertine-plinth","14":"product_tag-super-white-travertine-slabs","15":"product_tag-super-white-travertine-table-top","16":"product_tag-super-white-travertine-wall-tiles","18":"first","19":"instock","20":"shipping-taxable","21":"product-type-simple"},"_links":{"self":[{"href":"https:\/\/www.quartzite-stone.com\/de\/wp-json\/wp\/v2\/product\/5918","targetHints":{"allow":["GET"]}}],"collection":[{"href":"https:\/\/www.quartzite-stone.com\/de\/wp-json\/wp\/v2\/product"}],"about":[{"href":"https:\/\/www.quartzite-stone.com\/de\/wp-json\/wp\/v2\/types\/product"}],"replies":[{"embeddable":true,"href":"https:\/\/www.quartzite-stone.com\/de\/wp-json\/wp\/v2\/comments?post=5918"}],"wp:featuredmedia":[{"embeddable":true,"href":"https:\/\/www.quartzite-stone.com\/de\/wp-json\/wp\/v2\/media\/6763"}],"wp:attachment":[{"href":"https:\/\/www.quartzite-stone.com\/de\/wp-json\/wp\/v2\/media?parent=5918"}],"wp:term":[{"taxonomy":"product_brand","embeddable":true,"href":"https:\/\/www.quartzite-stone.com\/de\/wp-json\/wp\/v2\/product_brand?post=5918"},{"taxonomy":"product_cat","embeddable":true,"href":"https:\/\/www.quartzite-stone.com\/de\/wp-json\/wp\/v2\/product_cat?post=5918"},{"taxonomy":"product_tag","embeddable":true,"href":"https:\/\/www.quartzite-stone.com\/de\/wp-json\/wp\/v2\/product_tag?post=5918"}],"curies":[{"name":"wp","href":"https:\/\/api.w.org\/{rel}","templated":true}]}}