{"id":5888,"date":"2023-05-05T11:56:26","date_gmt":"2023-05-05T03:56:26","guid":{"rendered":"https:\/\/www.quartzite-stone.com\/product\/popular-azul-bahia-granite\/"},"modified":"2023-05-05T12:54:12","modified_gmt":"2023-05-05T04:54:12","slug":"beliebter-azul-bahia-granit","status":"publish","type":"product","link":"https:\/\/www.quartzite-stone.com\/de\/products\/popular-azul-bahia-granite\/","title":{"rendered":"Beliebter Azul-Bahia-Granit"},"content":{"rendered":"<p style=\"line-height: 1.5\"><strong>Azul Bahia Granit<\/strong> <br \/>Azul-Bahia-Granit ist ein blaues Mineral, das weithin als Zieredelstein gilt. Es ist eine exquisite Kombination aus Wei\u00df und Blau in einem flie\u00dfenden Muster. Es eignet sich perfekt f\u00fcr K\u00fcchenarbeitsplatten und Badezimmerwaschtische.<\/p>\n<p style=\"line-height: 1.5\"><img fetchpriority=\"high\" decoding=\"async\" src=\"https:\/\/data.adwebcloud.com\/public\/material\/220426a7q47o\/product\/bluegranitedecor_1683258582374.jpg\" width=\"750\" height=\"600\" alt=\"\" \/><br \/>Luxus-Azul-Bahia-Granit ist ein blaues Mineral, das weithin als Zieredelstein gilt. Es ist eine exquisite Kombination aus Wei\u00df und Blau in einem flie\u00dfenden Muster. Es eignet sich perfekt f\u00fcr K\u00fcchenarbeitsplatten und Badezimmerwaschtische.<br \/>Azul Bahia Granit-Arbeitsplattenmaterial ist an jedem unserer Standorte in King of Prussia, Philadelphia, New Castle und Harrisburg erh\u00e4ltlich. Wir entwerfen, liefern und installieren K\u00fcchenarbeitsplatten, Badezimmerwaschtische und ma\u00dfgeschneiderte Arbeitsplatten.<br \/>Azul-Bahia-Granit ist ein blauer Frivolit\u00e4tsstein aus der pr\u00e4kambrischen Zeit, teilweise mit etwas gelbem Kankrinit. International kann dieser Stein als Granit nominiert werden, im Anwendungsbereich der Europ\u00e4ischen Norm muss dieser Stein jedoch als Frivolit\u00e4t nominiert werden. Die Maserung und die Farbe variieren erheblich und eine kleine Probe des Azul-Bahia-Granits repr\u00e4sentiert m\u00f6glicherweise nicht die gesamte Platte. Daher m\u00fcssen bei gro\u00dfen Projekten Musterproben genehmigt werden, um sicherzustellen, dass die Bl\u00f6cke zu Zwecken der \u00dcbereinstimmung alle aus derselben Steinbruchfl\u00e4che gewonnen werden. W\u00e4hrend des Poliervorgangs kann ein transparenter Epoxidharzf\u00fcller verwendet werden, um eventuelle Mikrorisse oder winzige Gr\u00fcbchen zu f\u00fcllen. Dies beeintr\u00e4chtigt jedoch nicht die Integrit\u00e4t des Steins, sondern sorgt lediglich f\u00fcr eine noch glattere Oberfl\u00e4chenbeschaffenheit.<img decoding=\"async\" src=\"https:\/\/data.adwebcloud.com\/public\/material\/220426a7q47o\/product\/BlueGraniteCountertop_1683258615142.jpg\" width=\"750\" height=\"600\" alt=\"\" \/><br \/>Azul Bahia Granite ist f\u00fcr den Innenbereich geeignet, da die Politur nur im Inneren konstant bleibt. Azul Bahia Granite kann durch Kontakt mit S\u00e4ure leicht besch\u00e4digt werden und neigt dazu, die unregelm\u00e4\u00dfigen Platten zu zerbrechen, die oft mit glasfaserverst\u00e4rktem Harz2 verst\u00e4rkt sind. Azul-Bahia-Granit-Spezifikationen: Kundenspezifische Gr\u00f6\u00dfen k\u00f6nnen verf\u00fcgbar sein.<\/p>\n<p style=\"line-height: 1.5\">Azul Bahia Granit ist ein wundersch\u00f6ner Naturstein, der in Brasilien abgebaut wird. Es zeichnet sich durch seine atemberaubende blaue Farbe und Maserung aus, die ihm ein einzigartiges und luxuri\u00f6ses Aussehen verleihen. Der Granit hat eine polierte Oberfl\u00e4che, die seine nat\u00fcrliche Sch\u00f6nheit und Leuchtkraft unterstreicht. Der Stein ist \u00e4u\u00dferst langlebig und kratz-, hitze- und fleckenbest\u00e4ndig, was ihn zu einer hervorragenden Wahl f\u00fcr K\u00fcchenarbeitsplatten und andere stark beanspruchte Bereiche macht.<br \/>Einer der Hauptvorteile von Azul Bahia Granit ist sein \u00e4sthetischer Wert. Die blaue Farbe und das komplizierte Muster des Steins machen ihn zu einem Blickfang in jedem Raum. Es erzeugt einen luxuri\u00f6sen und eleganten Look, der in der Innenarchitektur sehr gefragt ist. Dieser Granit ist vielseitig und kann eine Vielzahl von K\u00fcchenstilen erg\u00e4nzen, von modern bis traditionell.<\/p>\n<p style=\"line-height: 1.5\"><img decoding=\"async\" src=\"https:\/\/data.adwebcloud.com\/public\/material\/220426a7q47o\/product\/naturalbluegraniteslab_1683258644386.jpg\" alt=\"\" \/><br \/>Ein weiterer Vorteil von Azul Bahia Granit ist seine Haltbarkeit. Dieser Stein ist sehr widerstandsf\u00e4hig gegen Besch\u00e4digungen und h\u00e4lt starker Beanspruchung stand, ohne Abnutzungserscheinungen zu zeigen. Au\u00dferdem ist es relativ pflegeleicht und erfordert nur gelegentliches Versiegeln und regelm\u00e4\u00dfige Reinigung mit einer milden Seifen- und Wasserl\u00f6sung.<br \/>Insgesamt ist Azul Bahia Granit aufgrund seiner Sch\u00f6nheit, Haltbarkeit und Vielseitigkeit eine beliebte Wahl f\u00fcr K\u00fcchenarbeitsplatten und andere Innenarchitekturanwendungen. Seine einzigartige blaue Farbe und das komplizierte Muster machen es zu einem \u00e4u\u00dferst gefragten Material, das jedem Raum Wert und Eleganz verleiht.<br \/>3. Azul Bahia Granitanwendung: Villa\/Hotel\/Wohnkultur <br \/>4. Verpackung: Starke, seet\u00fcchtige, begaste Holzkisten <br \/>5. Markt: Naher Osten\/Afrika\/Asien\/S\u00fcdamerika\/Europa\/Nordamerika <br \/>6. Mindestbestellmenge: 10 Quadratmeter<\/p>\n<p>&nbsp;<img decoding=\"async\" src=\"https:\/\/data.adwebcloud.com\/public\/material\/220426a7q47o\/product\/nautralbluegranite_1683258631444.jpg\" width=\"750\" height=\"600\" alt=\"\" \/><\/p>\n<p>&nbsp;<\/p>","protected":false},"excerpt":{"rendered":"<p>Azul-Bahia-Granit ist ein Halbedelstein aus einem Grundgesteinssteinbruch in Bahia, Brasilien. Dieser Stein eignet sich perfekt f\u00fcr Arbeitsplatten, Mosaike, Wand- und Bodenanwendungen im Au\u00dfen- und Innenbereich, Springbrunnen, Pool- und Wandverkleidungen, Treppen, Fensterb\u00e4nke und andere Designprojekte. Es wird auch Azul-Bahia-Granit genannt.<a class=\"wpil_keyword_link\" href=\"https:\/\/www.quartzite-stone.com\/de\/produkt-2\/blauer-bahia-granit\/\"   title=\"Blauer Bahia-Granit\" data-wpil-keyword-link=\"linked\">Blauer Bahia-Granit<\/a>,Bahia Azul Granit,Bahia Blue Granit,Angra Blue Granit.<\/p>","protected":false},"featured_media":5889,"comment_status":"open","ping_status":"closed","template":"","meta":[],"product_brand":[],"product_cat":[205],"product_tag":[605,609,603,607,610,608,604,606,612,611],"class_list":{"0":"post-5888","1":"product","2":"type-product","3":"status-publish","4":"has-post-thumbnail","6":"product_cat-granite","7":"product_tag-azul-bahia-granite","8":"product_tag-azul-bahia-granite-background-wall","9":"product_tag-azul-bahia-granite-countertop","10":"product_tag-azul-bahia-granite-home-decor","11":"product_tag-azul-bahia-granite-table","12":"product_tag-azul-bahia-granite-tile","13":"product_tag-blue-azul-bahia-granite","14":"product_tag-blue-bahia-granite","15":"product_tag-blue-bahia-granite-slabs","16":"product_tag-blue-bahia-granite-wall-tiles","18":"first","19":"instock","20":"shipping-taxable","21":"product-type-simple"},"_links":{"self":[{"href":"https:\/\/www.quartzite-stone.com\/de\/wp-json\/wp\/v2\/product\/5888","targetHints":{"allow":["GET"]}}],"collection":[{"href":"https:\/\/www.quartzite-stone.com\/de\/wp-json\/wp\/v2\/product"}],"about":[{"href":"https:\/\/www.quartzite-stone.com\/de\/wp-json\/wp\/v2\/types\/product"}],"replies":[{"embeddable":true,"href":"https:\/\/www.quartzite-stone.com\/de\/wp-json\/wp\/v2\/comments?post=5888"}],"wp:featuredmedia":[{"embeddable":true,"href":"https:\/\/www.quartzite-stone.com\/de\/wp-json\/wp\/v2\/media\/5889"}],"wp:attachment":[{"href":"https:\/\/www.quartzite-stone.com\/de\/wp-json\/wp\/v2\/media?parent=5888"}],"wp:term":[{"taxonomy":"product_brand","embeddable":true,"href":"https:\/\/www.quartzite-stone.com\/de\/wp-json\/wp\/v2\/product_brand?post=5888"},{"taxonomy":"product_cat","embeddable":true,"href":"https:\/\/www.quartzite-stone.com\/de\/wp-json\/wp\/v2\/product_cat?post=5888"},{"taxonomy":"product_tag","embeddable":true,"href":"https:\/\/www.quartzite-stone.com\/de\/wp-json\/wp\/v2\/product_tag?post=5888"}],"curies":[{"name":"wp","href":"https:\/\/api.w.org\/{rel}","templated":true}]}}