{"id":3551,"date":"2022-09-27T13:48:48","date_gmt":"2022-09-27T05:48:48","guid":{"rendered":"https:\/\/www.quartzite-stone.com\/product\/veder-alpi-marble\/"},"modified":"2023-02-10T11:59:51","modified_gmt":"2023-02-10T03:59:51","slug":"veder-alpi-marmor","status":"publish","type":"product","link":"https:\/\/www.quartzite-stone.com\/de\/products\/veder-alpi-marble\/","title":{"rendered":"Veder Alpi Marmor"},"content":{"rendered":"<p><strong>Veder Alpi Marmor<\/strong><\/p>\n<p>Verde Alpi Marmor ist ein wundersch\u00f6ner italienischer dunkelgr\u00fcner Stein mit einem intensiven Dunkelgr\u00fcn, das von gr\u00fcnen bis wei\u00dfen Adern und hellgr\u00fcnen Adern reicht. Es sind 2 cm oder 3 cm gro\u00dfe Platten erh\u00e4ltlich und dar\u00fcber hinaus sind auch kostenlose Muster auf Lager verf\u00fcgbar.<\/p>\n<p>Verde Alpi-Marmor eignet sich auch f\u00fcr den Innen- und Au\u00dfenbereich und wird haupts\u00e4chlich f\u00fcr Fu\u00dfb\u00f6den, Wandverkleidungen, Tischplatten, Waschtischplatten und Badezimmer verwendet.<\/p>\n<p>Verdi-Alpi-Marmor wird f\u00fcr seine nat\u00fcrliche Sch\u00f6nheit und Eleganz gesch\u00e4tzt. F\u00fcr Wandverkleidungen, Steinm\u00f6bel, Kaminumrandungen, architektonische Paneele und Badezimmer ist Verdi-Alpi-Marmor eine beliebte Steinoption f\u00fcr die Innendekoration. Verde Alpi-Marmor von HRSTSTIBE ist langlebig, tragbar und einfach zu verarbeiten.<\/p>\n<p><strong><img decoding=\"async\" src=\"https:\/\/data.adwebcloud.com\/public\/material\/220426a7q47o\/product\/blobid0_1662004107697.jpg\" \/><\/strong><\/p>\n<p>China Veder Alpi Marmor<strong> <\/strong>ist eine Art gr\u00fcner Marmor mit allen m\u00f6glichen verf\u00fcgbaren Oberfl\u00e4chen. Dies ist ein wundersch\u00f6ner Naturstein, der urspr\u00fcnglich aus Italien mit gr\u00fcn-wei\u00dfen Adern stammt und jedes Design im gewerblichen oder privaten Bereich erf\u00fcllen kann. Jetzt Tischplatten mit diesem dunklen Marmor von China Verde Alp sind auch ein neuer Trend f\u00fcr die Wahl der meisten Menschen zu Hause.<\/p>\n<p>Die meisten Designer finden Eingang in die Innen- oder Au\u00dfendekoration: K\u00fcchenarbeitsplatten, R\u00fcckw\u00e4nde, K\u00fccheninseln mit Wasserfalldesign, Kaminw\u00e4nde, Wohnzimmerwanddekorationen und sogar Badezimmerw\u00e4nde und -b\u00f6den sowie Waschtischplatten und sogar Tischm\u00f6bel wie Couchtisch, Arbeitstisch, Tischplatte, Beistelltische, Esstisch.<\/p>\n<p>Verdi-Alpi-Marmorplatten haben eine abgeschr\u00e4gte Kante oder eine volle Bullnase.<\/p>\n<p>Verdi Alpi Marmorplatten k\u00f6nnen beschichtet werden: eine durchscheinende, hochglanzpolierte Polyesterbeschichtung, um gebrauchsbedingte Flecken zu vermeiden.<br \/>Die satinierte Oberfl\u00e4che verleiht dem Stein ein nat\u00fcrliches, geschliffenes Aussehen und bietet gleichzeitig den gleichen Schutz wie beschichteter Marmor. Satinbeschichtete Verdi Alpi Marble-Marmorplatten: klare, satinierte Polyesterbeschichtung zur Vermeidung gebrauchsbedingter Flecken.<\/p>\n<p><img decoding=\"async\" src=\"https:\/\/data.adwebcloud.com\/public\/material\/220426a7q47o\/product\/blobid1_1662004205979.jpg\" \/><\/p>\n<p>Verde Alpi Marmi ist eine Art majest\u00e4tischer gr\u00fcner Naturstein. Das Material ist der Hauptakzent der R\u00e4ume, die durch seine opulente polierte Oberfl\u00e4che entstehen, die den chromatischen Kontrast zwischen dem kr\u00e4ftigen Gr\u00fcn des Serpentinensteins und der komplexen wei\u00dfen Maserung des Calcits hervorhebt.<\/p>\n<p>Dieser Stein ist auch als Verde Rameggiato oder Verde Aosta bekannt und wird von manchen Menschen auch wie folgt bezeichnet:<br \/>Marmi Verde Alpi Scuro<br \/>Verde Alpi Dunkler Marmor&nbsp;<\/p>\n<p>China Verde Alpi-Marmor ist ein exakter Ersatz f\u00fcr pr\u00e4chtigen nat\u00fcrlichen gr\u00fcnen Stein. Die Marmorplatte Verde Alpi zeichnet sich durch einen tiefgr\u00fcnen Hintergrund und kr\u00e4ftige und lebendige wei\u00dfe Maserungen aus und eignet sich daher ideal f\u00fcr K\u00fcchen und Badezimmer sowie f\u00fcr Wanddekorationen und M\u00f6bel. Seine luxuri\u00f6s polierte Oberfl\u00e4che unterstreicht den chromatischen Kontrast zwischen dem intensiven Gr\u00fcn des Serpentinensteins und der komplizierten wei\u00dfen Maserung des Calcits.<\/p>\n<p>Ein eleganter und klassischer tiefgr\u00fcner italienischer Marmor hei\u00dft Verde Alpi Marble. Es eignet sich hervorragend f\u00fcr eine Vielzahl von Anwendungen und weist auf jeder einzelnen Platte wei\u00dfe und helle Aderbewegungen auf.<\/p>\n<p>Der sattgr\u00fcne Verdi-Alpi-Marmor weist hellgr\u00fcne Maserungen und Muster auf. Verdi Alpi Marmor verleiht jeder Inneneinrichtung Eleganz und Lebendigkeit. Es ist in Plattenform mit geschliffener oder polierter Oberfl\u00e4che oder sogar mit Lederoberfl\u00e4che erh\u00e4ltlich. Geeignet sind interne Anwendungen, insbesondere feuchte Orte wie Badezimmer.<\/p>\n<p><img decoding=\"async\" src=\"https:\/\/data.adwebcloud.com\/public\/material\/220426a7q47o\/product\/blobid3_1662004248618.jpg\" \/><\/p>\n<p><img decoding=\"async\" src=\"https:\/\/data.adwebcloud.com\/public\/material\/220426a7q47o\/product\/blobid2_1662004246768.jpg\" \/><\/p>\n<p>&nbsp;<\/p>\n<p>&nbsp;<\/p>","protected":false},"excerpt":{"rendered":"<p>China Veder Alpi Marmor ist eine Art majest\u00e4tischer gr\u00fcner Naturstein. Durch seine opulente, polierte Oberfl\u00e4che steht das Material im Mittelpunkt der geschaffenen R\u00e4ume. Dieser Stein ist auch als Verde Rameggiato oder Verde Aosta bekannt. Die meisten Menschen w\u00e4hlen es als K\u00fcchenarbeitsplatte, Wanddekoration, Waschtischplatte und Tisch im Badezimmer.<\/p>","protected":false},"featured_media":4878,"comment_status":"closed","ping_status":"closed","template":"","meta":[],"product_brand":[],"product_cat":[175],"product_tag":[421,426,420,417,425,424,418,422,419,423],"class_list":{"0":"post-3551","1":"product","2":"type-product","3":"status-publish","4":"has-post-thumbnail","6":"product_cat-marble","7":"product_tag-marmi-verde-alpi-scuro","8":"product_tag-veder-alpi-marble-accent-wall","9":"product_tag-veder-alpi-marble-bathroom-vanity-top","10":"product_tag-veder-alpi-marble-countertop","11":"product_tag-veder-alpi-marble-furniture-table","12":"product_tag-veder-alpi-marble-table","13":"product_tag-verde-alpi-dark-marble","14":"product_tag-verde-alpi-marble-tile","15":"product_tag-verde-alpi-marmi","16":"product_tag-verde-alpi-stone","18":"first","19":"instock","20":"shipping-taxable","21":"product-type-simple"},"_links":{"self":[{"href":"https:\/\/www.quartzite-stone.com\/de\/wp-json\/wp\/v2\/product\/3551","targetHints":{"allow":["GET"]}}],"collection":[{"href":"https:\/\/www.quartzite-stone.com\/de\/wp-json\/wp\/v2\/product"}],"about":[{"href":"https:\/\/www.quartzite-stone.com\/de\/wp-json\/wp\/v2\/types\/product"}],"replies":[{"embeddable":true,"href":"https:\/\/www.quartzite-stone.com\/de\/wp-json\/wp\/v2\/comments?post=3551"}],"wp:featuredmedia":[{"embeddable":true,"href":"https:\/\/www.quartzite-stone.com\/de\/wp-json\/wp\/v2\/media\/4878"}],"wp:attachment":[{"href":"https:\/\/www.quartzite-stone.com\/de\/wp-json\/wp\/v2\/media?parent=3551"}],"wp:term":[{"taxonomy":"product_brand","embeddable":true,"href":"https:\/\/www.quartzite-stone.com\/de\/wp-json\/wp\/v2\/product_brand?post=3551"},{"taxonomy":"product_cat","embeddable":true,"href":"https:\/\/www.quartzite-stone.com\/de\/wp-json\/wp\/v2\/product_cat?post=3551"},{"taxonomy":"product_tag","embeddable":true,"href":"https:\/\/www.quartzite-stone.com\/de\/wp-json\/wp\/v2\/product_tag?post=3551"}],"curies":[{"name":"wp","href":"https:\/\/api.w.org\/{rel}","templated":true}]}}