{"id":3545,"date":"2022-09-27T13:48:07","date_gmt":"2022-09-27T05:48:07","guid":{"rendered":"https:\/\/www.quartzite-stone.com\/product\/fantasy-macaubas-quartzite\/"},"modified":"2023-06-27T17:58:23","modified_gmt":"2023-06-27T09:58:23","slug":"fantasie-macaubas-quarzit","status":"publish","type":"product","link":"https:\/\/www.quartzite-stone.com\/de\/products\/fantasy-macaubas-quartzite\/","title":{"rendered":"Fantasie-Macaubas-Quarzit"},"content":{"rendered":"<p><strong>Fantasie-Macaubas-Quarzit<\/strong><\/p>\n<p>Wir liefern nicht nur gro\u00dfe Platten, sondern stellen auch hochwertige, langlebige und trendige Arbeitsplatten her. Der Fantasy Macaubas f\u00fcr Arbeitsplatten ist einer der herausragenden Quarzite, die <br \/>bringen neues Leben in jeden Raum.<\/p>\n<p>Fantasy Brown Quarzit haben mild grauen Hintergrund, die leicht mit wei\u00dfen und grauen Adern in gorgous Quarzit gro\u00dfen Platten hervorgehoben haben. Fantasy Macaubas Quarzit normalerweise auf ktichen Arbeitsplatten und Backsplash und Insel oben, Akzent W\u00e4nde Design und B\u00f6den Fliesen, die eine Vielzahl von Design-Stilen von traditionellen Dekor zu modernem Dekor erg\u00e4nzen ist angewendet. Thikness 2cm\/3cm 3\/4inches und 1 1\/4 Zoll sind auf unserem Lager verf\u00fcgbar.<\/p>\n<p>&nbsp;<\/p>\n<p>Fantasy Brown Quartzite ist stark, sch\u00f6n, und gorgous Stein-Muster in unter Entscheidungen f\u00fcr K\u00fcche counters.Fantasy Macaubas Quarzit kann auch als Boden, Backsplash, Bad, oder Kamin sowohl drinnen als auch drau\u00dfen Anwendungen genutzt werden.<\/p>\n<p>Fantasy Macaubas Quarzit wird wie andere Natursteine im Bergbau gewonnen und ist bei richtiger Aufbereitung hitze- und feuchtigkeitsbest\u00e4ndig sowie bakterien-, flecken- und kratzfest. Einzelne Quarzpartikel rekristallisieren, wenn sie w\u00e4hrend des Herstellungsprozesses erhitzt werden, wodurch das Produkt ein sch\u00f6nes und dekoratives, schillerndes Muster erh\u00e4lt.<\/p>\n<p>Fantasy Macaubas Quartzite ist ein sch\u00f6ner Naturstein, der f\u00fcr seine diagonalen Bewegungen, Wirbel und Adern bekannt ist. Er bietet das perfekte Gleichgewicht zwischen interessanter Bewegung und \u00fcberm\u00e4\u00dfiger Gesch\u00e4ftigkeit. Er enth\u00e4lt Kalziumkarbonat und hat eine \u00e4hnliche Farbpalette aus Creme, Wei\u00df, Hellbraun, Braun, Hellgrau und Dunkelgrau. Zwar gibt es von Platte zu Platte eine Vielzahl von Farben, aber die meisten sind eher hellbraun und grau. Einige Platten k\u00f6nnen recht dunkel sein, mit Schattierungen von Holzkohle bis Hellgrau, w\u00e4hrend andere eher dezent sein k\u00f6nnen, mit Schattierungen von Creme, Wei\u00df und hellem Teint.<\/p>\n<p>Fantasy Macaubas Quarzit hat sch\u00f6ne Braun- und Graut\u00f6ne auf wei\u00dfem Grund. In einigen Platten k\u00f6nnen Sie kleine schwarze Flecken sehen. Wie bei jedem Naturstein variieren die Farbe und die Details bei jedem St\u00fcck, so dass jedes St\u00fcck einzigartig ist. Dank seiner neutralen Farbpalette passt der Stein sowohl zu dunklen als auch zu hellen Schr\u00e4nken und passt zu fast jedem K\u00fcchenstil. Die wachsende Beliebtheit von Fantasy Brown Quarzit ist sowohl auf seine Sch\u00f6nheit als auch auf seine Best\u00e4ndigkeit zur\u00fcckzuf\u00fchren. Er setzt einen subtilen Akzent, indem er die Blicke auf sich zieht, ohne von der \u00fcbrigen Raumgestaltung abzulenken.<\/p>\n<\/p>\n<p>Fantasy Brown Quarzit ist ein Naturstein, der f\u00fcr seine einzigartige Mischung aus Farben und Mustern bekannt ist. Er wird in Indien abgebaut und ist eine beliebte Wahl f\u00fcr Arbeitsplatten, Bodenbel\u00e4ge und Wandanwendungen.<\/p>\n<p>Der Fantasy Brown Quarzit weist typischerweise eine Reihe von beigen, braunen, grauen und wei\u00dfen Farbt\u00f6nen auf, oft mit Adern und Wirbeln, die ein marmoriertes oder gewirbeltes Aussehen erzeugen. Einige St\u00fccke k\u00f6nnen auch schwarze oder blaue Flecken oder Sprenkel aufweisen. Aufgrund seiner nat\u00fcrlichen Variationen ist jede Platte aus Fantasy Macaubas-Quarzit ein Unikat.<\/p>\n<p>Fantasy Brown Quarzit ist ein langlebiges und hitzebest\u00e4ndiges Material und daher eine beliebte Wahl f\u00fcr K\u00fcchenarbeitsplatten. Es ist auch leicht zu reinigen und zu pflegen, auch wenn eine Versiegelung zum Schutz vor Flecken erforderlich sein kann.<\/p>\n<\/p>\n<p>Fantasy Macaubas Quartzite haben auch andere Namen:<br \/>Granit Macaubas Fantasie<br \/>Macaubas Quarzit<br \/>Branco Macaubas Quarzit<br \/>Macaubas Wei\u00dfer Quarzit<\/p>\n<\/p>\n<p>WEITERE INFORMATIONEN<\/p>\n<table>\n<tbody>\n<tr>\n<td width=\"124\"><strong>MATERIAL<\/strong><\/td>\n<td width=\"444\">Quarzit<\/td>\n<\/tr>\n<tr>\n<td width=\"124\"><strong>FARBE<\/strong><\/td>\n<td width=\"444\">Braun<\/td>\n<\/tr>\n<tr>\n<td width=\"124\"><strong>HERKUNFTSLAND<\/strong><\/td>\n<td width=\"444\">Brasilien<\/td>\n<\/tr>\n<tr>\n<td width=\"124\"><strong>OBERFL\u00c4CHENFINISH<\/strong><\/td>\n<td width=\"444\">Poliert, geschliffen, beledert<\/td>\n<\/tr>\n<tr>\n<td width=\"124\"><strong>VERWENDEN<\/strong><\/td>\n<td width=\"444\">K\u00fcchen, Badezimmer, B\u00f6den, W\u00e4nde, Fliesen, Platten<\/td>\n<\/tr>\n<tr>\n<td width=\"124\"><strong>VERF\u00dcGBARKEIT<\/strong><\/td>\n<td width=\"444\">Bitte pr\u00fcfen Sie die Verf\u00fcgbarkeit bei HRST STONE vor dem Besuch.<\/p>\n<p>Auch Steinproben sind nicht f\u00fcr jede Steinauswahl verf\u00fcgbar, bitte erkundigen Sie sich nach der Verf\u00fcgbarkeit.<\/p>\n<\/td>\n<\/tr>\n<\/tbody>\n<\/table>\n<p><img decoding=\"async\" src=\"https:\/\/data.adwebcloud.com\/public\/material\/220426a7q47o\/product\/blobid0_1665368642707.jpg\" \/><\/p>\n<h3 style=\"font-size: 19px\">Eigenschaften von braunem Fantasiequarzit<\/h3>\n<p>Fantasy Brown Quarzit ist ein Naturstein, der wegen seines einzigartigen und beeindruckenden Aussehens sehr begehrt ist. Hier sind einige Merkmale von Fantasy Macaubas Quarzit:<\/p>\n<ol>\n<li>Erscheinungsbild: Fantasy Brown Quarzit hat ein einzigartiges Aussehen, das an Marmor erinnert, mit einer Mischung aus warmen und k\u00fchlen T\u00f6nen, darunter Braun-, Grau-, Wei\u00df- und Beiget\u00f6ne. Der Stein weist oft dramatische \u00c4derungen und Muster auf, die seinen visuellen Reiz noch verst\u00e4rken.<\/li>\n<li>Langlebigkeit: Quarzit ist ein harter, langlebiger Naturstein, der resistent gegen Kratzer, Absplitterungen und Flecken ist und sich daher ideal f\u00fcr stark frequentierte Bereiche wie K\u00fcchen und B\u00e4der eignet.<\/li>\n<li>Geringer Pflegeaufwand: Quarzit ist relativ pflegeleicht und muss nur regelm\u00e4\u00dfig versiegelt werden, um ihn vor Flecken zu sch\u00fctzen.<\/li>\n<li>Hitzebest\u00e4ndig: Quarzit ist sehr hitzebest\u00e4ndig und daher eine beliebte Wahl f\u00fcr K\u00fcchenarbeitsplatten.<\/li>\n<li>Vielseitigkeit: Fantasy Brown Quarzit kann f\u00fcr eine Vielzahl von Anwendungen verwendet werden, darunter Arbeitsplatten, Aufkantungen, Fu\u00dfb\u00f6den und Akzentw\u00e4nde.<\/li>\n<li>Seltenheit: Obwohl Fantasy Brown Quarzit immer h\u00e4ufiger erh\u00e4ltlich ist, gilt er immer noch als relativ seltener und exotischer Stein, was ihn f\u00fcr Hausbesitzer und Designer, die einen einzigartigen und unverwechselbaren Look f\u00fcr ihre R\u00e4ume suchen, noch attraktiver macht.<\/li>\n<\/ol>\n<p>Fantasy Macaubas Quarzit ist aus hitorischen Zeit Felsen gebildet und urspr\u00fcnglich aus Sandstein, die dichte und harte Naturstein aus nat\u00fcrlichen Quarz Korn gemacht ist. Und es ist sehr geeignet f\u00fcr K\u00fcchenarbeitsplatten aufgrund seiner \u00e4hnlichen Adern und Aderung Farbplatten zu Marmor Wahl und k\u00fcnstlichen Quarz. Dar\u00fcber hinaus ist es viel h\u00f6her Widerstand gegen jede Art von Flecken oder sogar chemische.<\/p>\n<p>Diese wundersch\u00f6nen Quarzitplatten weisen wei\u00dfe, graue, hellblaue und hellbraune Adern auf, die sich sanft von dem weichen grauen Hintergrund abheben. Die Arbeitsplatten, Akzentw\u00e4nde und Fu\u00dfb\u00f6den aus Macaubas Fantasy Quarzit passen zu einer Reihe von \u00e4sthetischen Entw\u00fcrfen, von traditionell bis modern. Obwohl er sich anf\u00fchlt und aussieht wie Marmor, ist Quarzit tats\u00e4chlich h\u00e4rter als Granit. Macaubas Fantasy Quartzite bietet eine sehr hygienische und bakterienfreie Oberfl\u00e4che, wenn er richtig versiegelt ist. Er eignet sich perfekt f\u00fcr Innenanwendungen wie Barabdeckungen, Kamineinfassungen, Wannenabdeckungen, K\u00fcchen- und Badezimmerabdeckungen und vieles mehr.<\/p>\n<p><img decoding=\"async\" src=\"https:\/\/data.adwebcloud.com\/public\/material\/220426a7q47o\/product\/blobid1_1665368648830.jpg\" \/><\/p>\n<p>Macaubas Fantasy-Quarzit wird in K\u00fcchen und Badezimmern verwendet, manche Menschen verarbeiten die Platten sogar zu gro\u00dfen Fliesen f\u00fcr sch\u00f6ne Bodenbel\u00e4ge oder f\u00fcr die Bepflasterung von Terrassen und Hausg\u00e4rten.<\/p>\n<p>Au\u00dferdem ist es sehr widerstandsf\u00e4hig und wird daher h\u00e4ufig f\u00fcr den Bau von W\u00e4nden und B\u00f6den sowie als Gleisschotter verwendet. Wegen seiner atemberaubenden Sch\u00f6nheit wird er auch h\u00e4ufig als Dekoration f\u00fcr Hotels und Wohnh\u00e4user verwendet. Unser Macaubas Fantasy Quarzit ist eine sehr beliebte Wahl f\u00fcr alle, die ihr Zuhause versch\u00f6nern und gleichzeitig seine Langlebigkeit bewahren wollen.<\/p>\n<p>Macaubas Fantasy ist ein gro\u00dfartiger Quarzit aus brasilianischen Steinbr\u00fcchen mit einem sanften grauen Hintergrund und wei\u00dfen und grauen Adern, die ihn sanft betonen.<br \/>Diese wundersch\u00f6ne Quarzitplatte ist gro\u00df genug und eignet sich ideal f\u00fcr B\u00f6den, Akzentw\u00e4nde und Arbeitsplatten. Dieser Quarzit kann f\u00fcr Au\u00dfengestaltungsprojekte verwendet werden und ist sowohl f\u00fcr Wohn- als auch f\u00fcr Gesch\u00e4ftsgeb\u00e4ude geeignet. Die Oberfl\u00e4che kann poliert oder antikisiert sein.<\/p>\n<p>Macaubas Fantasy Quarzit ist eine sehr sch\u00f6ne Option f\u00fcr Theken Design, wie in der K\u00fcche, Bad und Bar oder sogar Tischplatte in Couchtisch, Beistelltisch, Esstisch und Rezeption oben, mit sehr wettbewerbsf\u00e4higen Preis aufgrund unserer eigenen Fabrik und Steinbruch direkt von unserer eigenen Maschine von Block zu Platten geschnitten. Schicken Sie uns einfach Ihre Anfrage und wir k\u00f6nnen ein ma\u00dfgeschneidertes Design mit der von Ihnen gew\u00fcnschten Gr\u00f6\u00dfe und Platte machen und Ihnen ein sch\u00f6nes Angebot machen.<\/p>\n<p>Also<img decoding=\"async\" src=\"https:\/\/data.adwebcloud.com\/public\/material\/220426a7q47o\/product\/blobid2_1665368658631.jpg\" \/><\/p>\n<p><img decoding=\"async\" src=\"https:\/\/data.adwebcloud.com\/public\/material\/220426a7q47o\/product\/blobid3_1665368676482.jpg\" \/><\/p><\/p>","protected":false},"excerpt":{"rendered":"<p>Fantasie-Macaubas-Quarzite haben einen milden grauen Hintergrund, der durch wei\u00dfe und graue Adern in wundersch\u00f6nen gro\u00dfen Quarzitplatten leicht hervorgehoben ist. Dicken von 2 cm\/3 cm, 3\/4 Zoll und 1 1\/4 Zoll sind in unserem Lager verf\u00fcgbar. Dar\u00fcber hinaus wird es h\u00e4ufig als K\u00fcchenarbeitsplatte, Badezimmerwaschtischplatte, Bodenbelag und Wand verwendet.<\/p>","protected":false},"featured_media":7476,"comment_status":"closed","ping_status":"closed","template":"","meta":[],"product_brand":[],"product_cat":[195],"product_tag":[405,401,446,403,402,445,404,449,447,448],"class_list":{"0":"post-3545","1":"product","2":"type-product","3":"status-publish","4":"has-post-thumbnail","6":"product_cat-quartzite","7":"product_tag-fantasy-macaubas-quartzite","8":"product_tag-fantasy-macaubas-quartzite-countertops","9":"product_tag-fantasy-macaubas-quartzite-kitchen","10":"product_tag-fantasy-macaubas-quartzite-kitchen-countertops","11":"product_tag-fantasy-macaubas-quartzite-slabs","12":"product_tag-macaubas-fantasy","13":"product_tag-macaubas-fantasy-quartzite-island-top","14":"product_tag-macaubas-fantasy-quartzite-kitchen","15":"product_tag-macaubas-fantasy-quartzite-price","16":"product_tag-quartzite-fantasy-macaubas","18":"first","19":"instock","20":"shipping-taxable","21":"product-type-simple"},"_links":{"self":[{"href":"https:\/\/www.quartzite-stone.com\/de\/wp-json\/wp\/v2\/product\/3545","targetHints":{"allow":["GET"]}}],"collection":[{"href":"https:\/\/www.quartzite-stone.com\/de\/wp-json\/wp\/v2\/product"}],"about":[{"href":"https:\/\/www.quartzite-stone.com\/de\/wp-json\/wp\/v2\/types\/product"}],"replies":[{"embeddable":true,"href":"https:\/\/www.quartzite-stone.com\/de\/wp-json\/wp\/v2\/comments?post=3545"}],"wp:featuredmedia":[{"embeddable":true,"href":"https:\/\/www.quartzite-stone.com\/de\/wp-json\/wp\/v2\/media\/7476"}],"wp:attachment":[{"href":"https:\/\/www.quartzite-stone.com\/de\/wp-json\/wp\/v2\/media?parent=3545"}],"wp:term":[{"taxonomy":"product_brand","embeddable":true,"href":"https:\/\/www.quartzite-stone.com\/de\/wp-json\/wp\/v2\/product_brand?post=3545"},{"taxonomy":"product_cat","embeddable":true,"href":"https:\/\/www.quartzite-stone.com\/de\/wp-json\/wp\/v2\/product_cat?post=3545"},{"taxonomy":"product_tag","embeddable":true,"href":"https:\/\/www.quartzite-stone.com\/de\/wp-json\/wp\/v2\/product_tag?post=3545"}],"curies":[{"name":"wp","href":"https:\/\/api.w.org\/{rel}","templated":true}]}}