{"id":3530,"date":"2022-09-27T13:47:24","date_gmt":"2022-09-27T05:47:24","guid":{"rendered":"https:\/\/www.quartzite-stone.com\/product\/alexandrita-quartzite-slabs-for-countertops\/"},"modified":"2023-06-27T18:03:09","modified_gmt":"2023-06-27T10:03:09","slug":"alexandrita-quarzit","status":"publish","type":"product","link":"https:\/\/www.quartzite-stone.com\/de\/products\/alexandrita-quartzite\/","title":{"rendered":"Alexandrita-Quarzit"},"content":{"rendered":"<p><strong>Alexandrita Fantasy Quarzit-Arbeitsplatten&nbsp;<\/strong><\/p>\n<p><strong>Alexandrita-Quarzit <\/strong><\/p>\n<p><strong>Alexandrita Smaragdquarzit <\/strong><\/p>\n<p>Alexandrita-Quarzit ist ein atemberaubender hellgr\u00fcner und elfenbeinfarbener Stein mit subtilen T\u00f6nen von dunklerem Gr\u00fcn und Pfirsich, umgeben von Aquamarint\u00f6nen. Aufgrund seiner Dichte ist Quarzit \u00e4u\u00dferst widerstandsf\u00e4hig gegen Erosion und wechselhaftes Wetter, was Anwendungen wie Wandverkleidungen, Dachziegel sowie Fu\u00dfb\u00f6den und Treppenstufen erm\u00f6glicht.<\/p>\n<p>Alexandrita-Quarzit erfreut sich derzeit im Innenbereich als dekoratives Element und f\u00fcr Arbeitsplatten zunehmender Beliebtheit. Reiner Quarzit hat typischerweise einen neutralen Farbton von Wei\u00df bis Grau, kann aber je nach Menge des vorhandenen Eisenoxids auch verschiedene Rosa- und Rott\u00f6ne annehmen.<\/p>\n<p>Habe auch Namen: Alexandrita-Quarzit, Alexandrita-Smaragd-Quarzit, Alexandrita-Fantasie-Quarzit&nbsp;<\/p>\n<p>Verde Gaya Granit,Verde Gaya Quarzit,Jade Quarzit,Smaragdgr\u00fcner Quarzit,Gaya Gr\u00fcner Quarzit<\/p>\n<p>Cristallo Alexandrita Quarzit<\/p>\n<p><img decoding=\"async\" src=\"https:\/\/data.adwebcloud.com\/public\/material\/220426a7q47o\/product\/blobid0_1661243758169.jpg\" \/><\/p>\n<p>Der starke Naturstein Alexandrita-Quarzit ist bekannt f\u00fcr seine Sch\u00f6nheit und N\u00fctzlichkeit. Alexandrita-Quarzit \u00e4hnelt im Aussehen Marmor, ist aber ebenso langlebig wie Granit. Quarzit ist die ideale kugelsichere Art von Arbeitsplatte. Er ist au\u00dferdem resistent gegen den Verfall durch s\u00e4urehaltige Speisen wie Zitronen, andere S\u00e4fte oder Tomaten und l\u00e4sst sich leicht reinigen.&nbsp;<\/p>\n<p>Wir haben eine gro\u00dfe Auswahl an Quarziten zur Auswahl. Senden Sie uns also einfach Ihre Anfrage und wir k\u00f6nnen eine individuelle K\u00fcchenarbeitsplatte f\u00fcr Ihr eigenes Haus entwerfen. Zu den Quarzitfarben geh\u00f6ren Wei\u00df, Braun, Schwarz und Blau und bunt\u2026<\/p>\n<p>Alexandrita-Quarzit ist h\u00e4rter und widerstandsf\u00e4higer als die meisten anderen Natursteinarten, was ihn zu einer wunderbaren Investition f\u00fcr K\u00fcchenarbeitsplatten, Inselplatten, Wasserf\u00e4lle und R\u00fcckw\u00e4nde sowie Badezimmerwaschtisch-, Wand- oder Bodenbelagsdesigns macht.<\/p>\n<p><img decoding=\"async\" src=\"https:\/\/data.adwebcloud.com\/public\/material\/220426a7q47o\/product\/blobid1_1661243961877.jpg\" \/><\/p>\n<p>Hellgr\u00fcner Quarzit der Sorte Alexandrita ist ein atemberaubender, beruhigender Stein, der sich ideal f\u00fcr Arbeitsplatten, Fu\u00dfb\u00f6den, Wandanwendungen, R\u00fcckw\u00e4nde und Wanddekorationen im Wohnzimmer und sogar f\u00fcr Badezimmer-Badewannen- und Kaminumrandungen eignet.<\/p>\n<p><img decoding=\"async\" src=\"https:\/\/data.adwebcloud.com\/public\/material\/220426a7q47o\/product\/blobid3_1661244342154.jpg\" \/><\/p>\n<p>Einige Designer w\u00e4hlen Alexandrita-Quarzit auch f\u00fcr Springbrunnen, Pool- und Wandverkleidungen, Treppen, Fensterb\u00e4nke und luxuri\u00f6se Tischplatten f\u00fcr Hotel- oder Heimtische wie Couchtische\/Stehtische und Rezeptionen. Projekte\u2026<\/p>\n<p><img decoding=\"async\" src=\"https:\/\/data.adwebcloud.com\/public\/material\/220426a7q47o\/product\/blobid2_1661244282708.jpg\" \/><\/p>\n<p>&nbsp;<\/p>\n<p>&nbsp;<\/p>","protected":false},"excerpt":{"rendered":"<p>Alexandrita-Quarzit ist ein wundersch\u00f6ner Naturstein, der jede Art von Innenarchitektur und architektonischen Anforderungen erf\u00fcllt. Auf K\u00fcchenarbeitsplatten, W\u00e4nde, B\u00f6den und M\u00f6beltischplatten im Innen- oder Au\u00dfenbereich auftragen. Exotischer Stein eignet sich perfekt f\u00fcr gro\u00dfe K\u00fccheninseln und R\u00fcckw\u00e4nde.<\/p>","protected":false},"featured_media":7531,"comment_status":"closed","ping_status":"closed","template":"","meta":[],"product_brand":[],"product_cat":[195],"product_tag":[574,576,578],"class_list":{"0":"post-3530","1":"product","2":"type-product","3":"status-publish","4":"has-post-thumbnail","6":"product_cat-quartzite","7":"product_tag-alexandrita-quartzite-countertops","8":"product_tag-alexandrita-quartzite-countertops-and-backsplash","9":"product_tag-gaya-quartzite-green-quartzite","11":"first","12":"instock","13":"shipping-taxable","14":"product-type-simple"},"_links":{"self":[{"href":"https:\/\/www.quartzite-stone.com\/de\/wp-json\/wp\/v2\/product\/3530","targetHints":{"allow":["GET"]}}],"collection":[{"href":"https:\/\/www.quartzite-stone.com\/de\/wp-json\/wp\/v2\/product"}],"about":[{"href":"https:\/\/www.quartzite-stone.com\/de\/wp-json\/wp\/v2\/types\/product"}],"replies":[{"embeddable":true,"href":"https:\/\/www.quartzite-stone.com\/de\/wp-json\/wp\/v2\/comments?post=3530"}],"wp:featuredmedia":[{"embeddable":true,"href":"https:\/\/www.quartzite-stone.com\/de\/wp-json\/wp\/v2\/media\/7531"}],"wp:attachment":[{"href":"https:\/\/www.quartzite-stone.com\/de\/wp-json\/wp\/v2\/media?parent=3530"}],"wp:term":[{"taxonomy":"product_brand","embeddable":true,"href":"https:\/\/www.quartzite-stone.com\/de\/wp-json\/wp\/v2\/product_brand?post=3530"},{"taxonomy":"product_cat","embeddable":true,"href":"https:\/\/www.quartzite-stone.com\/de\/wp-json\/wp\/v2\/product_cat?post=3530"},{"taxonomy":"product_tag","embeddable":true,"href":"https:\/\/www.quartzite-stone.com\/de\/wp-json\/wp\/v2\/product_tag?post=3530"}],"curies":[{"name":"wp","href":"https:\/\/api.w.org\/{rel}","templated":true}]}}