{"id":3463,"date":"2022-09-27T10:07:56","date_gmt":"2022-09-27T02:07:56","guid":{"rendered":"https:\/\/www.quartzite-stone.com\/product\/statuario-marble\/"},"modified":"2023-02-10T13:09:15","modified_gmt":"2023-02-10T05:09:15","slug":"statuario-marmor","status":"publish","type":"product","link":"https:\/\/www.quartzite-stone.com\/de\/products\/statuario-marble\/","title":{"rendered":"Statuario-Marmor"},"content":{"rendered":"<p>Mit seiner Subtilit\u00e4t wertet Statuario Marble dieses Material mit einem wundersch\u00f6nen Filigran aus grauen Linien auf, das sich in einen zarten wei\u00dfen Hintergrund einf\u00fcgt. Seine dezenten grauen Linien kreuzen sich und vermischen sich mit einem sch\u00f6nen, zarten Wei\u00df. Aufgrund seiner Subtilit\u00e4t ist es eine sehr charakteristische Substanz. Ein einheitliches Liniennetz in verschiedenen Graut\u00f6nen \u00fcberzieht den wei\u00dfen Hintergrund und ergibt den Bianco Statuarietto Marble. Dieses Material gl\u00e4nzt mit grenzenlosen \u00e4sthetischen M\u00f6glichkeiten aufgrund der Linienf\u00fchrung, die an Neuronen im permanenten Synapsenzustand erinnert. Die weit verbreitete Verwendung von wei\u00dfen Marmorplatten und -fliesen von Statuarietto ist nicht \u00fcberraschend. Es funktioniert gut in verschiedenen Stilen und sowohl f\u00fcr den Innen- als auch f\u00fcr den Au\u00dfenbereich.<\/p>\n<p>Klassifizierung und Bewertung der f\u00fcr die Herstellung von schneewei\u00dfem Marmor verwendeten Komponenten<\/p>\n<p>Wei\u00dfer Statuario-Marmor ist von besonderer Qualit\u00e4t und wirkt sich daher auf ganz andere Weise auf die endg\u00fcltige Zierleiste aus. Daher ist es wichtig, das Bewertungssystem von Snowflake zu verstehen, um authentische Materialien zu erhalten und die Qualit\u00e4t des Projekts zu gew\u00e4hrleisten.<br \/>Im Allgemeinen spielen die folgenden Elemente eine wichtige Rolle bei der Bestimmung der Kosten f\u00fcr Calacatta Statuario-Marmor:<\/p>\n<p>1. Je wei\u00dfer der Hintergrund, desto h\u00f6her der Preis; (der Hauptpreisfaktor f\u00fcr Statuario White Marble)<br \/>2. Je ausgepr\u00e4gter die Textur, je weniger feine Linien und je gleichm\u00e4\u00dfiger die Hauptlinien, desto h\u00f6her der Preis;<br \/>3. Der Preis f\u00fcr keine Makula- und Grauflecken ist h\u00f6her; je kleiner der Riss, desto weniger offensichtlich, desto h\u00f6her der Preis;<br \/>4. Der Preis der Platine ohne Farbunterschied ist h\u00f6her.<\/p>\n<p>Nachdem die Statuario Venato-Marmorbl\u00f6cke von der Mine zur Fabrik transportiert wurden, m\u00fcssen sie Folgendes durchlaufen: Sieben der Bl\u00f6cke \u2192 S\u00e4gen und Bearbeiten gro\u00dfer Bretter \u2192 Kleben und Polieren des hinteren Netzes \u2192 Sieben gro\u00dfer Bretter \u2192 Computersatz f\u00fcr Textureffekte \u2192 Infrarot Spezifikationstafeln f\u00fcr die Verarbeitung von Br\u00fcckenschneidemaschinen \u2192 Satzbest\u00e4tigung vor Ort \u2192 Kantenschleifen und Polieren \u2192 sechsseitiger Schutz \u2192 nummerierte Verpackung usw.<\/p>\n<p><img fetchpriority=\"high\" decoding=\"async\" src=\"https:\/\/data.adwebcloud.com\/public\/material\/220426a7q47o\/product\/StatuarioMarbleBlock_1662429954751.jpg\" alt=\"\" width=\"800\" height=\"600\" \/><\/p>\n<p>Dinge, die bei der Verarbeitung von Schneewittchen beachtet werden m\u00fcssen:<\/p>\n<p>1. Wasser wird in allen Aspekten der Steinbearbeitung verwendet. Um Kosten zu sparen und die einschl\u00e4gigen Anforderungen der Umweltschutzbestimmungen zu erf\u00fcllen, nutzen Steinhersteller in der Regel Niederschlagsumlaufwasser. Steinchemikalien, die bei allen Aspekten der Steinbearbeitung verwendet werden, flie\u00dfen in das zirkulierende Wasser (z. B. Steinfarben, Steinpolierwachs usw.).<\/p>\n<p>2. Diese Chemikalien haben keine sp\u00fcrbare Wirkung auf normalen schwarzen oder beigen Stein. Bei dem schneewei\u00dfen und weichen Kalkstein ist es jedoch sehr wahrscheinlich, dass er eine irreversible schwere Verschmutzung verursacht.<\/p>\n<p>3. Daher muss das Wasser, das bei der Verarbeitung der wei\u00dfen Marmorplatten und -fliesen von Statuarietto verwendet wird, Leitungswasser sein. Der wei\u00dfe Stein von Statuario ist in seiner Gesamtheit schneewei\u00df, enth\u00e4lt unz\u00e4hlige feine Kristallpartikel und hat einen extrem hohen Oberfl\u00e4chenglanz. Sobald ein Bruch auftritt, sind die Spuren des Bruchs sichtbar, unabh\u00e4ngig davon, wie er auf der Baustelle repariert wird , und wenn die Installation vor Ort das Nassklebeverfahren f\u00fcr den Bau \u00fcbernimmt, wird das Schneewittchen an der Bruchstelle leicht wieder alkalisch.<\/p>\n<p>4.Und nachdem der Schneeflockenmarmor aus dem Block in ein gro\u00dfes Brett geschnitten wurde, muss er sofort repariert, poliert und r\u00fcckvernetzt werden, um die Gefahr zu verringern, dass die Schneeflocke w\u00e4hrend der Verarbeitung und Installation bricht.<\/p>\n<p>5. Die Arbeitsplatte aus Statuario-Marmor hat eine weiche Textur und die Wahrscheinlichkeit einer Kontamination nach der Installation ist hoch. Daher muss Schneeflockenwei\u00df vor Verlassen des Werks von sechs Seiten gesch\u00fctzt werden.<\/p>\n<p>HRST Stone ist seit \u00fcber 20 Jahren ein f\u00fchrender Hersteller und Exporteur von Natursteinen, der f\u00fcr seine hochwertigen Produkte und seinen ausgezeichneten Kundenservice bekannt ist und Erfahrung in der Herstellung von Marmorfliesen und -platten, Marmorsockeln, Couchtischen, Arbeitsplatten und Tischplatten hat. Wir haben unsere eigene Produktion und Qualit\u00e4tskontrolle Team, das jedes Produkt inspiziert und zertifiziert. Kontaktieren Sie uns f\u00fcr Statuario Marmor Preis pro Quadratmeter.<\/p>\n<p><img decoding=\"async\" src=\"https:\/\/data.adwebcloud.com\/public\/material\/220426a7q47o\/product\/BiancoStatuario1_1654738556265.jpg\" alt=\"\" \/><\/p>\n<p>statuario calacatta Waschbecken f\u00fcr Badezimmer<\/p>\n<p><img decoding=\"async\" src=\"https:\/\/data.adwebcloud.com\/public\/material\/220426a7q47o\/product\/BiancoStatuario2_1654738574444.jpg\" alt=\"\" \/><\/p>\n<p>Statuario Marmorplatte<\/p>\n<p><img decoding=\"async\" src=\"https:\/\/data.adwebcloud.com\/public\/material\/220426a7q47o\/product\/BiancoStatuario3_1654738589362.jpg\" alt=\"\" width=\"753\" height=\"424\" \/><\/p>\n<p>Statuario Polierte gro\u00dfe Platten<\/p>\n<p><img decoding=\"async\" src=\"https:\/\/data.adwebcloud.com\/public\/material\/220426a7q47o\/product\/BiancoStatuario4_1654738606200.jpg\" alt=\"\" width=\"758\" height=\"426\" \/><\/p>","protected":false},"excerpt":{"rendered":"<p>Bianco Statuario White Marble ist ein weiches Filigranmuster aus grauen Linien, das mit einem zarten wei\u00dfen Hintergrund verschmilzt und dieses Material durch seine Subtilit\u00e4t hervorhebt. Seine sanften grauen Linien kreuzen sich und verschmelzen mit einem weichen und zarten Wei\u00df, bis sie verschwimmen. Diese Feinheit macht es zu einem \u00e4u\u00dferst edlen Material.<\/p>","protected":false},"featured_media":4012,"comment_status":"closed","ping_status":"closed","template":"","meta":[],"product_brand":[],"product_cat":[175],"product_tag":[340,341,338,345,346,343,347,344,342,339],"class_list":{"0":"post-3463","1":"product","2":"type-product","3":"status-publish","4":"has-post-thumbnail","6":"product_cat-marble","7":"product_tag-satvario-italian-marble-price","8":"product_tag-statuario-calacatta","9":"product_tag-statuario-marble-price","10":"product_tag-statuario-marble-price-per-square-foot","11":"product_tag-statuario-marble-slab","12":"product_tag-statuario-marble-tiles","13":"product_tag-statuario-polished","14":"product_tag-statuario-tiles-kajaria-price","15":"product_tag-statuario-venato-marble","16":"product_tag-white-statuario-marble","18":"first","19":"instock","20":"shipping-taxable","21":"product-type-simple"},"_links":{"self":[{"href":"https:\/\/www.quartzite-stone.com\/de\/wp-json\/wp\/v2\/product\/3463","targetHints":{"allow":["GET"]}}],"collection":[{"href":"https:\/\/www.quartzite-stone.com\/de\/wp-json\/wp\/v2\/product"}],"about":[{"href":"https:\/\/www.quartzite-stone.com\/de\/wp-json\/wp\/v2\/types\/product"}],"replies":[{"embeddable":true,"href":"https:\/\/www.quartzite-stone.com\/de\/wp-json\/wp\/v2\/comments?post=3463"}],"wp:featuredmedia":[{"embeddable":true,"href":"https:\/\/www.quartzite-stone.com\/de\/wp-json\/wp\/v2\/media\/4012"}],"wp:attachment":[{"href":"https:\/\/www.quartzite-stone.com\/de\/wp-json\/wp\/v2\/media?parent=3463"}],"wp:term":[{"taxonomy":"product_brand","embeddable":true,"href":"https:\/\/www.quartzite-stone.com\/de\/wp-json\/wp\/v2\/product_brand?post=3463"},{"taxonomy":"product_cat","embeddable":true,"href":"https:\/\/www.quartzite-stone.com\/de\/wp-json\/wp\/v2\/product_cat?post=3463"},{"taxonomy":"product_tag","embeddable":true,"href":"https:\/\/www.quartzite-stone.com\/de\/wp-json\/wp\/v2\/product_tag?post=3463"}],"curies":[{"name":"wp","href":"https:\/\/api.w.org\/{rel}","templated":true}]}}