{"id":3413,"date":"2022-09-26T16:38:41","date_gmt":"2022-09-26T08:38:41","guid":{"rendered":"https:\/\/www.quartzite-stone.com\/product\/quartzite-2\/"},"modified":"2023-06-27T17:59:07","modified_gmt":"2023-06-27T09:59:07","slug":"botanischer-gruner-quarzit","status":"publish","type":"product","link":"https:\/\/www.quartzite-stone.com\/de\/products\/botanic-green-quartzite\/","title":{"rendered":"Botanischer gr\u00fcner Quarzit"},"content":{"rendered":"<ul>\n<li>Gr\u00fcner Botanischer Quarzit<\/li>\n<li>Botanischer gr\u00fcner Quarzit<\/li>\n<li>Botanischer gr\u00fcner Bordeaux-Quarzit<\/li>\n<li>Gr\u00fcner Botanischer Quarzit<\/li>\n<li>Botanischer gr\u00fcner Granit<\/li>\n<li>Botanischer Bordeaux Quarzit<\/li>\n<li>Botanischer gr\u00fcner Marmor<\/li>\n<\/ul>\n<p>Der brasilianische Luxusstein Botanic Bordeaux Quartzite hat eine atemberaubende blattgr\u00fcne Farbe. <br \/>Stein mit geringer Wartung Quarzit. Es ist eine Art von dauerhaften mit Top poliert Quarzit <br \/>kann in gro\u00dfen Platten mit einer Dicke von 2 cm und 3 cm geliefert werden, was ideal f\u00fcr das heimische Badezimmer ist, <br \/>K\u00fcchenarbeitsplatten f\u00fcr Privathaushalte oder Hotels oder sogar eine K\u00fccheninsel mit Wasserfall und Backsplash <br \/>Design- und Akzentw\u00e4nde und sogar Anwendungen im Au\u00dfenbereich, wie BBQ-Empfangstische oder <br \/>Tische aus Naturstein.<\/p>\n<p><img decoding=\"async\" src=\"https:\/\/data.adwebcloud.com\/public\/material\/220426a7q47o\/product\/blobid0_1662536549930.jpg\" \/><\/p>\n<p>Gr\u00fcner botanischer Quarzit ist eine Art von kurort\u00e4hnlichen Gr\u00fcnt\u00f6nen, die mit dem <br \/>reiche Goldadernmuster, die sanft eingestreut sind, macht es zu einer fantastischen Erg\u00e4nzung f\u00fcr beide <br \/>Auch die entlang des Natursteins verlaufenden Adern zeichnen ein lineares Bild. <br \/>So ist Botanic Green Quartzite die beste Wahl f\u00fcr Ihren Bodenbelag und Ihr Haus. <br \/>Akzent Wand und sogar K\u00fcchenarbeitsplatten mit Backsplash und K\u00fcche Wasserfall mit <br \/>Insel-Design. F\u00fchlen Sie sich frei, uns zu kontaktieren und wir k\u00f6nnen kostenlos Design f\u00fcr Ihr sch\u00f6nes Zuhause machen <br \/>und auch kostenlose Muster sind erh\u00e4ltlich.<\/p>\n<p><img decoding=\"async\" src=\"https:\/\/data.adwebcloud.com\/public\/material\/220426a7q47o\/product\/blobid2_1662536560110.jpg\" \/><\/p>\n<p>Der Quarzit Botanic Green eignet sich f\u00fcr viele Anwendungen: Arbeitsplatten, Akzentw\u00e4nde, Wandverkleidungen oder sogar eine K\u00fccheninsel mit Wasserfall und ist aufgrund seiner kurort\u00e4hnlichen Gr\u00fcnt\u00f6ne und der sanft kontrastierenden, goldfarbenen Adern die ideale Erg\u00e4nzung f\u00fcr Designstile von klassisch bis modern.<\/p>\n<p>Green Botanic Quartzite machen Ihre einzigartige ktichen Arbeitsplatte Oberfl\u00e4chen und Wasserfall mit sch\u00f6nen Kanten und Buch-angepasste Wanddekoration, und Z\u00e4hler in Ihrem Haus.<br \/>Unabh\u00e4ngig von Ihren Designvorlieben wird ein Blick auf Botanic Green Quartzite Sie verbl\u00fcffen und inspirieren. Diese pr\u00e4chtige und ungew\u00f6hnliche Oberfl\u00e4che wird Ihrem Zuhause eine leichte, exotische und beeindruckende Ausstrahlung verleihen.<\/p>\n<p><img decoding=\"async\" src=\"https:\/\/data.adwebcloud.com\/public\/material\/220426a7q47o\/product\/blobid1_1662536554295.jpg\" \/><\/p>\n<p>Botanic Green Quartzite hat Adern, die beige und rot sind, und ist eine Vision von sanften Gr\u00fcnt\u00f6nen. Er eignet sich f\u00fcr die Gestaltung von Wandfliesen f\u00fcr Wohnr\u00e4ume.<br \/>K\u00fcchen- und Badezimmer-Arbeitsplatten aus botanischem Quarzit sind anspruchsvoll und elegant. Wei\u00dfe und moosgr\u00fcne Adern heben sich vom Gr\u00fcn des Hintergrunds ab. Diese polierten Platten k\u00f6nnen f\u00fcr Arbeitsplatten, Akzentw\u00e4nde, Fu\u00dfb\u00f6den und andere Inneneinrichtungselemente in privaten und gewerblichen R\u00e4umen verwendet werden.<\/p>\n<p>&nbsp;<\/p>\n<p>Botanic Green Quarzit ist aufgrund seiner Standardst\u00e4rke das ideale Material f\u00fcr gro\u00dfe, leichte Formen. Erkundigen Sie sich nach den m\u00f6glichen Texturen und Oberfl\u00e4chen f\u00fcr dieses Material. Wenn Sie daran interessiert sind, seine gr\u00f6\u00dfte Gr\u00f6\u00dfe zu kennen, kontaktieren Sie uns bitte f\u00fcr seine Gr\u00f6\u00dfen und Verf\u00fcgbarkeit f\u00fcr bestimmte Oberfl\u00e4chen und Design f\u00fcr Ihr Haus, auch Tischplatte wie Couchtisch, Esstisch, Arbeitsplatte kann mit der erforderlichen Gr\u00f6\u00dfe angepasst werden, um nach Hause Dekoration passen. Gr\u00fcner Quarzit hat auch viele andere Optionen auf unserem Lager.&nbsp;<\/p>\n<p><img decoding=\"async\" src=\"https:\/\/data.adwebcloud.com\/public\/material\/220426a7q47o\/product\/blobid3_1662536565086.jpg\" \/><\/p>\n<p>Botanic Green Bordeaux Quartzite ist ebenfalls ein gr\u00fcner Quarzit, der sich in zwei Bereiche unterteilen l\u00e4sst <br \/>Platte mit R\u00fcckseite Verbundwerkstoff mit Waben, Glasfaser, so dass es sehr sch\u00f6n aussehen wird mit <br \/>Hintergrundbeleuchtung oder LED-Licht, um es leicht, aber auch widerstandsf\u00e4hig zu machen <br \/>Material f\u00fcr die Dekoration an der Wand akzentuiert.<\/p>\n<p>Botanic Green Granite ist ein wunderbarer Naturstein, der an Wald und Reichtum erinnert. <br \/>Das ist auch der Grund, warum die meisten Menschen einen neuen Trend f\u00fcr Wandverkleidungen setzen, <br \/>besonders Designer machen es als Arbeitsfl\u00e4chen f\u00fcr K\u00fcchen und Badezimmer und Kaffee oder Seite <br \/>Wir liefern vor allem hochwertige und verschiedene Platten f\u00fcr den Einsatz in Luxuswohnungen. <br \/>jedes Wohnungs- oder Hotelprojekt.<\/p>\n<p>Warum Quarzit auch als Aqua bekannt ist: Wegen seines silbrig-metallischen Glanzes, der <br \/>\u00e4hnelt den beruhigenden tealfarbenen Gew\u00e4ssern S\u00fcdamerikas. Botanic Green sieht fantastisch aus in einem <br \/>Wasserumgebung oder in der N\u00e4he einer dichten, \u00fcppigen Vegetation. Die Sch\u00f6nheit von Quarzit ist <br \/>Es ist un\u00fcbertroffen und resistent gegen Verblassen, Flecken und Kratzer.<\/p>","protected":false},"excerpt":{"rendered":"<p>Botanic Bordeaux Quarzit ist eine atemberaubende blattgr\u00fcne Farbe Stein mit geringer Wartung Quarzit. Es ist ideal f\u00fcr Haus Bad, Haus oder Hotel K\u00fcchenarbeitsplatten oder sogar ein Wasserfall K\u00fccheninsel mit Backsplashed zusammen Design und Akzent W\u00e4nde und sogar im Freien BBQ Empfang Top und Tabellen.<\/p>","protected":false},"featured_media":7480,"comment_status":"closed","ping_status":"closed","template":"","meta":[],"product_brand":[],"product_cat":[195],"product_tag":[276,274,275,277,273,272,279,278,280],"class_list":{"0":"post-3413","1":"product","2":"type-product","3":"status-publish","4":"has-post-thumbnail","6":"product_cat-quartzite","7":"product_tag-botanic-bordeaux-quartzite","8":"product_tag-botanic-green-bordeaux-quartzite","9":"product_tag-botanic-green-granite","10":"product_tag-botanic-green-marble","11":"product_tag-botanic-green-quartzite","12":"product_tag-green-botanic-quartzite","13":"product_tag-green-botanic-quartzite-accent-wall","14":"product_tag-green-botanic-quartzite-countertops","15":"product_tag-green-botanic-quartzite-tables","17":"first","18":"instock","19":"shipping-taxable","20":"product-type-simple"},"_links":{"self":[{"href":"https:\/\/www.quartzite-stone.com\/de\/wp-json\/wp\/v2\/product\/3413","targetHints":{"allow":["GET"]}}],"collection":[{"href":"https:\/\/www.quartzite-stone.com\/de\/wp-json\/wp\/v2\/product"}],"about":[{"href":"https:\/\/www.quartzite-stone.com\/de\/wp-json\/wp\/v2\/types\/product"}],"replies":[{"embeddable":true,"href":"https:\/\/www.quartzite-stone.com\/de\/wp-json\/wp\/v2\/comments?post=3413"}],"wp:featuredmedia":[{"embeddable":true,"href":"https:\/\/www.quartzite-stone.com\/de\/wp-json\/wp\/v2\/media\/7480"}],"wp:attachment":[{"href":"https:\/\/www.quartzite-stone.com\/de\/wp-json\/wp\/v2\/media?parent=3413"}],"wp:term":[{"taxonomy":"product_brand","embeddable":true,"href":"https:\/\/www.quartzite-stone.com\/de\/wp-json\/wp\/v2\/product_brand?post=3413"},{"taxonomy":"product_cat","embeddable":true,"href":"https:\/\/www.quartzite-stone.com\/de\/wp-json\/wp\/v2\/product_cat?post=3413"},{"taxonomy":"product_tag","embeddable":true,"href":"https:\/\/www.quartzite-stone.com\/de\/wp-json\/wp\/v2\/product_tag?post=3413"}],"curies":[{"name":"wp","href":"https:\/\/api.w.org\/{rel}","templated":true}]}}