{"id":3107,"date":"2022-08-23T09:58:38","date_gmt":"2022-08-23T01:58:38","guid":{"rendered":"https:\/\/www.quartzite-stone.com\/?post_type=product&#038;p=3107"},"modified":"2023-04-11T11:12:14","modified_gmt":"2023-04-11T03:12:14","slug":"negresco-granit-2","status":"publish","type":"product","link":"https:\/\/www.quartzite-stone.com\/de\/products\/negresco-granite\/","title":{"rendered":"Negresco-Granit"},"content":{"rendered":"<p>Negresco Granit ist ein klassischer farbiger Naturstein. Er ist sehr beliebt bei Designern und Architekten. Zurzeit kann dieser Stein in Jumbo-Platten verarbeitet und in Gr\u00f6\u00dfen mit polierter, geschliffener und gelederter Oberfl\u00e4che geschnitten werden.&nbsp;<\/p>\n<p>Negresco ist ein atemberaubender Granit mit rauchig-wei\u00dfen Adern, die in einen tiefschwarzen Hintergrund eingewoben sind, und einer sch\u00f6nen Wildlederoptik. Er ist der ideale Granit f\u00fcr jede Aufkantung, Badezimmerabdeckung, Wohnbereich im Freien, Kamineinfassung oder K\u00fcchenarbeitsplatte. Der Negresco-Granit wird \u00fcberall, wo Sie ihn verlegen, umwerfend aussehen.<\/p>\n<p>Negresco-Granit ist eine ausgezeichnete Wahl, wenn Sie einen Naturstein mit einem tieferen Farbton f\u00fcr Ihre Renovierungsarbeiten ben\u00f6tigen. Dieser Granit ist nicht nur wundersch\u00f6n, sondern auch eines der h\u00e4rtesten Baumaterialien, die Sie f\u00fcr Ihr Haus verwenden k\u00f6nnen. Nur zwei der vielen Vorteile, die Granit bei Hausbesitzern so beliebt machen, sind seine Sch\u00f6nheit und Haltbarkeit. Einer der besten verf\u00fcgbaren Natursteine ist Negresco-Granit. Eine der besten Entscheidungen, die Sie jemals f\u00fcr Ihr Haus getroffen haben, k\u00f6nnte die Installation dieses Steins sein.<\/p>\n<h3 style=\"font-size: 19px\">Was ist besser f\u00fcr Grantie? Geschliffen oder poliert\uff1f<\/h3>\n<p>Aufgrund seines matten Aussehens ist geschliffener Granit kratzfester. Zwar kann auch geschliffener Granit zerkratzt werden, doch geschieht dies seltener als bei poliertem Granit, da der Kratzer nicht so offensichtlich ist, wenn das Licht von ihm abprallt.<\/p>\n<h3 style=\"font-size: 19px\">Welche Dicke ist f\u00fcr Granitarbeitsplatten ideal?<\/h3>\n<p>F\u00fcr Arbeitsplatten aus Granit empfehlen die meisten Hersteller, Designer und Architekten eine St\u00e4rke von drei Zentimetern. Sie bietet die gr\u00f6\u00dfte Auswahl an Farbm\u00f6glichkeiten, Gr\u00f6\u00dfenflexibilit\u00e4t und Haltbarkeit. Schr\u00e4nke m\u00fcssen nicht mit Sperrholz unterlegt werden, da das 3CM-Material direkt auf sie gelegt werden kann.<\/p>\n<h3 style=\"font-size: 19px\">Muss der Granit auf Sperrholzplatten verlegt werden?<\/h3>\n<p>Wenn der Granit 3 cm dick ist, ben\u00f6tigen Sie keine Sperrholzunterlage, wenn Sie Granitarbeitsplatten verlegen. Bei Granit mit einer Dicke von 2 Millimetern (oder etwa 3\/4 Zoll) m\u00fcssen Sie jedoch zweifellos Sperrholz als Unterlage verwenden.<\/p>\n<h3 style=\"font-size: 19px\">Funktioniert die K\u00fcchenarbeitsplatte aus Granit in 2 cm Dicke?<\/h3>\n<p>Eine 2 cm dicke Arbeitsplatte ist zwar eine Option, aber die Platte muss zus\u00e4tzlich gest\u00fctzt werden, damit sie nicht bricht oder Risse bekommt. Aufgrund des geringeren Arbeits- und Materialaufwands sind 2 cm dicke Arbeitsplatten m\u00f6glicherweise die bessere Wahl, wenn Geld eine Rolle spielt.<\/p>\n<h3 style=\"font-size: 19px\">Muss der Granit auf die Schr\u00e4nke geklebt werden?<\/h3>\n<p>Der beliebteste Klebstoff f\u00fcr die Verlegung von Granitarbeitsplatten ist Epoxidkleber. Er ist stabil genug, um zwei Steinplatten zusammenzuhalten und Granit an Schr\u00e4nken zu befestigen. Sie brauchen Epoxidharz, weil es eine Festigkeit hat, die der des Steins selbst entspricht.<\/p>\n<h3 style=\"font-size: 19px\">Wie k\u00f6nnen Sie die Qualit\u00e4t des Granits bestimmen?<\/h3>\n<p>Hier sind einige der besten Methoden zur Bewertung der Granitqualit\u00e4t:<\/p>\n<p>Granitplatten sollten entweder quadratisch, rechteckig oder individuell auf die Bed\u00fcrfnisse des Kunden zugeschnitten sein.<\/p>\n<p>Es sollte eine gleichm\u00e4\u00dfige Dicke, homogene kristalline Textur und Farbe aufweisen.<\/p>\n<p>Er sollte fest, dicht und stabil sein.<\/p>\n<p>Wenn man darauf schl\u00e4gt, sollte ein lautes Klingeln zu h\u00f6ren sein.<\/p>\n<h3 style=\"font-size: 19px\">Spezifikationen f\u00fcr Negresco-Granit<\/h3>\n<p>Die Spezifikationen von Granit k\u00f6nnen je nach Quelle und Lieferant variieren, umfassen aber im Allgemeinen Folgendes:<\/p>\n<ol>\n<li>Zusammensetzung: Negresco-Granit ist eine Art von Eruptivgestein, das aus Quarz, Feldspat und Glimmermineralien besteht.<\/li>\n<li>Erscheinungsbild: Der Stein hat eine schwarze oder dunkelgraue Grundfarbe mit wei\u00dfen oder goldenen Adern, die ihn durchziehen.<\/li>\n<li>Oberfl\u00e4che: Es kann auf verschiedene Arten bearbeitet werden, z. B. poliert, geschliffen oder geledert, um unterschiedliche Texturen und Erscheinungsbilder zu erzielen.<\/li>\n<li>Die Dichte: Die Dichte von Granit liegt zwischen 2,6 und 2,8 g\/cm\u00b3, was ihn zu einem dauerhaften und starken Material macht.<\/li>\n<li>Verwendung: Negresco-Granit wird h\u00e4ufig f\u00fcr Innen- und Au\u00dfenanwendungen wie Bodenbel\u00e4ge, Arbeitsplatten, Wandverkleidungen und Landschaftsgestaltung verwendet.<\/li>\n<\/ol>\n<p>Es sei darauf hingewiesen, dass diese Spezifikationen nicht universell gelten und sich je nach Steinbruch, Region und Lieferant des Negresco-Granits \u00e4ndern k\u00f6nnen.<\/p>\n<h3 style=\"font-size: 19px\">Vorteile von Negresco-Granit<\/h3>\n<ol>\n<li>Langlebigkeit: Negresco-Granit ist ein langlebiger Naturstein, der starkem Fu\u00dfg\u00e4ngerverkehr, extremen Temperaturen und anderen Abnutzungserscheinungen standhalten kann.<\/li>\n<li>\u00c4sthetik: Es hat ein einzigartiges und attraktives Aussehen aufgrund seiner dunklen Grundfarbe mit wei\u00dfen und goldenen Maserungsvariationen.<\/li>\n<li>Vielseitigkeit: Negresco-Granit kann f\u00fcr eine Vielzahl von Anwendungen im Innen- und Au\u00dfenbereich verwendet werden, z. B. f\u00fcr Arbeitsplatten, Fu\u00dfb\u00f6den, W\u00e4nde und die Landschaftsgestaltung.<\/li>\n<li>Pflege: Es erfordert nur minimale Pflege und ist mit milder Seife und Wasser leicht zu reinigen.<\/li>\n<li>Wiederverkaufswert: Der Einbau von Granit kann den Wert einer Immobilie erh\u00f6hen und den Wiederverkaufswert steigern.<\/li>\n<\/ol>\n<p>Insgesamt ist Negresco-Granit ein hochwertiges Material, das sowohl \u00e4sthetische als auch funktionale Vorteile bietet und daher eine beliebte Wahl f\u00fcr verschiedene Designprojekte ist.<\/p>\n<p><img fetchpriority=\"high\" decoding=\"async\" class=\"size-medium wp-image-3183 aligncenter\" title=\"WechatIMG1660\" src=\"https:\/\/data.adwebcloud.com\/public\/material\/220426a7q47o\/product\/imageFile_1664271822094.jpg\" alt=\"WechatIMG1660\" width=\"300\" height=\"240\" \/><\/p>\n<p><img decoding=\"async\" class=\"size-medium wp-image-3182 aligncenter\" title=\"WechatIMG1659\" src=\"https:\/\/data.adwebcloud.com\/public\/material\/220426a7q47o\/product\/imageFile_1664271822842.jpg\" alt=\"WechatIMG1659\" width=\"300\" height=\"240\" \/><\/p>\n<p><img decoding=\"async\" class=\"size-medium wp-image-3181 aligncenter\" title=\"WechatIMG1658\" src=\"https:\/\/data.adwebcloud.com\/public\/material\/220426a7q47o\/product\/imageFile_1664271823595.jpg\" alt=\"WechatIMG1658\" width=\"300\" height=\"240\" \/><\/p>\n<p><img loading=\"lazy\" decoding=\"async\" class=\"size-medium wp-image-3179 aligncenter\" title=\"WechatIMG1656\" src=\"https:\/\/data.adwebcloud.com\/public\/material\/220426a7q47o\/product\/imageFile_1664271824328.jpg\" alt=\"WechatIMG1656\" width=\"300\" height=\"240\" \/><\/p>\n<p><img loading=\"lazy\" decoding=\"async\" class=\"size-medium wp-image-3180 aligncenter\" title=\"WechatIMG1657\" src=\"https:\/\/data.adwebcloud.com\/public\/material\/220426a7q47o\/product\/imageFile_1664271825045.jpg\" alt=\"WechatIMG1657\" width=\"300\" height=\"240\" \/><\/p>\n<p><img loading=\"lazy\" decoding=\"async\" class=\"size-medium wp-image-3178 aligncenter\" title=\"WechatIMG1655\" src=\"https:\/\/data.adwebcloud.com\/public\/material\/220426a7q47o\/product\/imageFile_1664271825772.jpg\" alt=\"WechatIMG1655\" width=\"300\" height=\"240\" \/><\/p>","protected":false},"excerpt":{"rendered":"<p>Negresco-Granit ist ein Naturstein in klassischer Farbe. Es erfreut sich gro\u00dfer Beliebtheit bei Designern und Architekten. Derzeit kann dieser Stein in Jumbo-Platten verarbeitet und mit polierter, geschliffener und lederartiger Oberfl\u00e4che auf Ma\u00df geschnitten werden. Es eignet sich f\u00fcr K\u00fcchen, Badezimmer, B\u00f6den, W\u00e4nde und Kamine.<\/p>","protected":false},"featured_media":5736,"comment_status":"closed","ping_status":"closed","template":"","meta":[],"product_brand":[],"product_cat":[205],"product_tag":[502,501,506,508,504,503,505,507,499,500],"class_list":{"0":"post-3107","1":"product","2":"type-product","3":"status-publish","4":"has-post-thumbnail","6":"product_cat-granite","7":"product_tag-honed-negresco-granite","8":"product_tag-negresco-granit","9":"product_tag-negresco-granite-countertop","10":"product_tag-negresco-granite-kitchen","11":"product_tag-negresco-granite-price","12":"product_tag-negresco-granite-slab","13":"product_tag-negresco-granite-tiles","14":"product_tag-negresco-granite-wall","15":"product_tag-negresco-honed-granite","16":"product_tag-negresco-leathered-granite","18":"first","19":"instock","20":"shipping-taxable","21":"product-type-simple"},"_links":{"self":[{"href":"https:\/\/www.quartzite-stone.com\/de\/wp-json\/wp\/v2\/product\/3107","targetHints":{"allow":["GET"]}}],"collection":[{"href":"https:\/\/www.quartzite-stone.com\/de\/wp-json\/wp\/v2\/product"}],"about":[{"href":"https:\/\/www.quartzite-stone.com\/de\/wp-json\/wp\/v2\/types\/product"}],"replies":[{"embeddable":true,"href":"https:\/\/www.quartzite-stone.com\/de\/wp-json\/wp\/v2\/comments?post=3107"}],"wp:featuredmedia":[{"embeddable":true,"href":"https:\/\/www.quartzite-stone.com\/de\/wp-json\/wp\/v2\/media\/5736"}],"wp:attachment":[{"href":"https:\/\/www.quartzite-stone.com\/de\/wp-json\/wp\/v2\/media?parent=3107"}],"wp:term":[{"taxonomy":"product_brand","embeddable":true,"href":"https:\/\/www.quartzite-stone.com\/de\/wp-json\/wp\/v2\/product_brand?post=3107"},{"taxonomy":"product_cat","embeddable":true,"href":"https:\/\/www.quartzite-stone.com\/de\/wp-json\/wp\/v2\/product_cat?post=3107"},{"taxonomy":"product_tag","embeddable":true,"href":"https:\/\/www.quartzite-stone.com\/de\/wp-json\/wp\/v2\/product_tag?post=3107"}],"curies":[{"name":"wp","href":"https:\/\/api.w.org\/{rel}","templated":true}]}}