{"id":2945,"date":"2022-07-05T00:05:28","date_gmt":"2022-07-04T16:05:28","guid":{"rendered":"https:\/\/www.quartzite-stone.com\/product\/pink-crytsal-quartz\/"},"modified":"2023-07-11T11:46:23","modified_gmt":"2023-07-11T03:46:23","slug":"rosa-kristallquarzit","status":"publish","type":"product","link":"https:\/\/www.quartzite-stone.com\/de\/products\/pink-crystal-quartzite\/","title":{"rendered":"Rosa Quarzkristall"},"content":{"rendered":"<p style=\"text-align: left\">WEITERE INFORMATIONEN<\/p>\n<table class=\"aligncenter\">\n<tbody>\n<tr>\n<td width=\"124\"><strong>MATERIAL<\/strong><\/td>\n<td width=\"444\">Achat<\/td>\n<\/tr>\n<tr>\n<td width=\"124\"><strong>FARBE<\/strong><\/td>\n<td width=\"444\">Rosa<\/td>\n<\/tr>\n<tr>\n<td width=\"124\"><strong>HERKUNFTSLAND<\/strong><\/td>\n<td width=\"444\">Brasilien<\/td>\n<\/tr>\n<tr>\n<td width=\"124\"><strong>OBERFL\u00c4CHENFINISH<\/strong><\/td>\n<td width=\"444\">Poliert, geschliffen, beledert<\/td>\n<\/tr>\n<tr>\n<td width=\"124\"><strong>VERWENDEN<\/strong><\/td>\n<td width=\"444\">K\u00fcchen, Badezimmer, B\u00f6den, W\u00e4nde, Fliesen, Platten<\/td>\n<\/tr>\n<tr>\n<td width=\"124\"><strong>VERF\u00dcGBARKEIT<\/strong><\/td>\n<td width=\"444\">Bitte pr\u00fcfen Sie die Verf\u00fcgbarkeit bei HRST STONE vor dem Besuch.<\/p>\n<p>Auch Steinproben sind nicht f\u00fcr jede Steinauswahl verf\u00fcgbar, bitte erkundigen Sie sich nach der Verf\u00fcgbarkeit.<\/p>\n<\/td>\n<\/tr>\n<\/tbody>\n<\/table>\n<p style=\"text-align: left\">Rosa Kristallquarz ist der Kristall der universellen Liebe, sowohl \u00e4u\u00dferlich als auch innerlich. Rosa Kristall schm\u00fcckt den Innenraum, der Spannungen l\u00f6sen, Reizbarkeit lindern, dabei helfen kann, tief ins Herz vorzudringen, sich selbst zu entdecken und das Verst\u00e4ndnis zu verbessern. Rosa Kristall hat einen sanften und attraktiven rosa Schimmer. Eine Platte ist eine einzigartige M\u00f6glichkeit, einen Kristall zu pr\u00e4sentieren. Sie k\u00f6nnen entweder Dinge auf die Platte legen oder sie auf einem St\u00e4nder ausstellen.<\/p>\n<p>&nbsp;<\/p>\n<p>Rosa Kristallquarz ist ein sehr beliebter Quarzkristall. Es ist billig, aber es ist der grundlegendste Stein des Herzchakras. Seine Energieessenz ist Selbstverwirklichung und innerer Frieden und es verleiht dem Tr\u00e4ger und Benutzer die F\u00e4higkeit zu lieben und geliebt zu werden.<\/p>\n<p>&nbsp;<\/p>\n<p>Die bekannteste Funktion von rosa Kristallquarz besteht darin, Pfirsichbl\u00fcten anzulocken und Menschen zu helfen. Die Person, die rosa Kristallquarz tr\u00e4gt und verwendet, st\u00e4rkt die Energie des Herzchakras und erbt gleichzeitig die kraftvolle Heilenergie, die die sanften und s\u00fc\u00dfen Frequenzen von Rosa manifestiert. Indem man sein Energiefeld mit sanften Frequenzen anpasst und die Energie der Liebe manifestiert, ist es einfacher, andere freundlich zu behandeln und von anderen geliebt zu werden.<\/p>\n<p>&nbsp;<\/p>\n<h2>Empfehlungen zur Auswahl von rosa Kristallquarz&nbsp;<\/h2>\n<h3>Welche Art von Pulverkristall ist besser?<\/h3>\n<p>W\u00e4hlen Sie einfach die aus, f\u00fcr die Sie ein gutes Auge haben oder die gl\u00fccklich aussieht. Wenn Sie rosafarbenen Kristallquarz verwenden m\u00fcssen, um sich selbst zu heilen oder um Ihnen mehr Gef\u00fchle und Liebeserlebnisse zu bescheren, empfiehlt es sich, einige rohe, unpolierte rosafarbene Kristalle zu w\u00e4hlen. Der Roherzkristall beh\u00e4lt einen Teil der urspr\u00fcnglichen Energie des Kristalls und l\u00e4sst sich leichter verkn\u00fcpfen und kofrequenzisieren.<\/p>\n<p>&nbsp;<\/p>\n<h3>Wie spielt man die Wirkung von rosa Kristallquarz aus?<\/h3>\n<p>Sie k\u00f6nnen w\u00e4hlen, ob Sie Kristalle tragen oder rohe Kristalle verwenden m\u00f6chten. Halten Sie den Kristall in Ihrer Handfl\u00e4che und stellen Sie sich eine T\u00fcr \u00fcber Ihrem Kopf vor, die sich langsam \u00f6ffnet, kosmische Energie empf\u00e4ngt und Ihre pers\u00f6nliche Energie ins Universum sendet. Stellen Sie sich ein rosa Licht vor, das von der Oberseite Ihres Kopfes bis in den tiefsten Teil des Universums ausstrahlt, und stellen Sie sich dann vor, wie ein rosa Licht aus dem Universum zu Ihnen zur\u00fcckkehrt und Ihr Herz mit der gr\u00f6\u00dften, reichsten und barmherzigsten Liebe im Universumsrad zur\u00fcckbringt. Sp\u00fcren Sie, wie die Energie durch Ihr Herzchakra flie\u00dft und Ihren K\u00f6rper erf\u00fcllt. Verbessern Sie Ihre F\u00e4higkeit zu lieben und geliebt zu werden.<\/p>\n<p>Wenn rosa Kristallquarz als Heilstein verwendet wird, ist es unter der Resonanz der Energie einfacher, die tiefe Heilf\u00e4higkeit des Kristalls zu stimulieren und mehr Energie zu entwickeln.<\/p>\n<p>&nbsp;<\/p>\n<h3>Geeignet f\u00fcr diejenigen, die rosa Kristallquarz tragen?<\/h3>\n<p>Wenn Sie immer das Gef\u00fchl haben, dass Sie nicht geliebt werden oder die F\u00e4higkeit haben, andere zu lieben, k\u00f6nnen Sie Rosenquarz tragen.<\/p>\n<p>Wenn Sie Ihren Partner m\u00f6glichst schnell finden m\u00f6chten, k\u00f6nnen Sie auch Kristalle tragen.<\/p>\n<p>Wenn Sie sich eine gr\u00f6\u00dfere Beliebtheit w\u00fcnschen, k\u00f6nnen Sie immer noch Kristalle tragen.<\/p>\n<p>&nbsp;<\/p>\n<h3>Wenn rosa Kristallquarz auf Aura trifft<\/h3>\n<p>Reiki ist eine Art positive Energie im Universum, die auf jedes Material gesegnet und dann am K\u00f6rper getragen werden kann, um das eigene Energiefeld zu ver\u00e4ndern. Der beste Weg ist, den Kristall zu segnen, denn der Kristall selbst hat die Funktion, Energie zu speichern, und er verf\u00fcgt \u00fcber ein eigenes Magnetfeld. Wenn sich die Aura auf dem rosa Kristall befindet, kann sie schneller und effektiver die Rolle des rosa Kristallquarzes spielen.<\/p>\n<p style=\"text-align: center\"><img decoding=\"async\" src=\"https:\/\/data.adwebcloud.com\/public\/material\/220426a7q47o\/product\/imageFile_1664271903774.jpg\" alt=\"\" \/><\/p>\n<p style=\"text-align: center\"><img decoding=\"async\" src=\"https:\/\/data.adwebcloud.com\/public\/material\/220426a7q47o\/product\/imageFile_1664271904585.jpg\" alt=\"\" \/><\/p>\n<p><img decoding=\"async\" class=\"aligncenter\" src=\"https:\/\/data.adwebcloud.com\/public\/material\/220426a7q47o\/product\/imageFile_1664271905396.jpg\" alt=\"\" style=\"margin-left: auto;margin-right: auto\" \/><img decoding=\"async\" class=\"aligncenter\" src=\"https:\/\/data.adwebcloud.com\/public\/material\/220426a7q47o\/product\/imageFile_1664271906236.jpg\" alt=\"\" style=\"margin-left: auto;margin-right: auto\" \/><\/p>\n<p>Mineralische Halbedelsteine \u200b\u200bliegen meist in kleinen St\u00fccken vor, w\u00e4hrend die gesamten Halbedelsteinplatten von Kunsthandwerkern handverlesene Muster sind und St\u00fcck f\u00fcr St\u00fcck zusammengef\u00fcgt werden. Jedes St\u00fcck aus rein nat\u00fcrlichen Halbedelsteinplatten wird von erfahrenen Handwerkern mit feiner Schrift von Hand zusammengesetzt, was das luxuri\u00f6se Gef\u00fchl von Halbedelsteinplatten zum Ausdruck bringen kann.<\/p>\n<p>Der rosafarbene Achat hat einen Gegenlichteffekt und ist ein luxuri\u00f6ser Stein, der h\u00e4ufig f\u00fcr Arbeitsplatten, Waschtische, W\u00e4nde, B\u00f6den usw. verwendet wird.<\/p>\n<\/p><\/p>","protected":false},"excerpt":{"rendered":"<p>Rosa Kristallquarz ist der Kristall der universellen Liebe, sowohl \u00e4u\u00dferlich als auch innerlich. Rosa Kristall schm\u00fcckt den Innenraum, der Spannungen l\u00f6sen, Reizbarkeit lindern, dabei helfen kann, tief ins Herz vorzudringen, sich selbst zu entdecken und das Verst\u00e4ndnis zu verbessern. Rosa Kristall hat einen sanften und attraktiven rosa Schimmer.<\/p>\n<\/p><\/p>","protected":false},"featured_media":7952,"comment_status":"closed","ping_status":"closed","template":"","meta":[],"product_brand":[],"product_cat":[208],"product_tag":[840,835,842,837,843,836,841,839,838,834],"class_list":{"0":"post-2945","1":"product","2":"type-product","3":"status-publish","4":"has-post-thumbnail","6":"product_cat-agate","7":"product_tag-light-pink-crystal","8":"product_tag-mangano-calcite","9":"product_tag-natural-rose-quartz","10":"product_tag-pink-agate","11":"product_tag-pink-agate-crystal","12":"product_tag-pink-calcite","13":"product_tag-pink-crystal","14":"product_tag-pink-crystal-stone","15":"product_tag-pink-rose-quartz","16":"product_tag-rose-quartz-crystal","18":"first","19":"instock","20":"product-type-simple"},"_links":{"self":[{"href":"https:\/\/www.quartzite-stone.com\/de\/wp-json\/wp\/v2\/product\/2945","targetHints":{"allow":["GET"]}}],"collection":[{"href":"https:\/\/www.quartzite-stone.com\/de\/wp-json\/wp\/v2\/product"}],"about":[{"href":"https:\/\/www.quartzite-stone.com\/de\/wp-json\/wp\/v2\/types\/product"}],"replies":[{"embeddable":true,"href":"https:\/\/www.quartzite-stone.com\/de\/wp-json\/wp\/v2\/comments?post=2945"}],"wp:featuredmedia":[{"embeddable":true,"href":"https:\/\/www.quartzite-stone.com\/de\/wp-json\/wp\/v2\/media\/7952"}],"wp:attachment":[{"href":"https:\/\/www.quartzite-stone.com\/de\/wp-json\/wp\/v2\/media?parent=2945"}],"wp:term":[{"taxonomy":"product_brand","embeddable":true,"href":"https:\/\/www.quartzite-stone.com\/de\/wp-json\/wp\/v2\/product_brand?post=2945"},{"taxonomy":"product_cat","embeddable":true,"href":"https:\/\/www.quartzite-stone.com\/de\/wp-json\/wp\/v2\/product_cat?post=2945"},{"taxonomy":"product_tag","embeddable":true,"href":"https:\/\/www.quartzite-stone.com\/de\/wp-json\/wp\/v2\/product_tag?post=2945"}],"curies":[{"name":"wp","href":"https:\/\/api.w.org\/{rel}","templated":true}]}}