{"id":2898,"date":"2022-07-05T00:04:03","date_gmt":"2022-07-04T16:04:03","guid":{"rendered":"https:\/\/www.quartzite-stone.com\/product\/blue-agate-slabs\/"},"modified":"2023-07-11T11:46:46","modified_gmt":"2023-07-11T03:46:46","slug":"blaue-achat-platten","status":"publish","type":"product","link":"https:\/\/www.quartzite-stone.com\/de\/products\/blue-agate-slabs\/","title":{"rendered":"Blaue Achatplatten"},"content":{"rendered":"<p>WEITERE INFORMATIONEN<\/p>\n<table>\n<tbody>\n<tr>\n<td width=\"124\"><strong>MATERIAL<\/strong><\/td>\n<td width=\"444\">Achat<\/td>\n<\/tr>\n<tr>\n<td width=\"124\"><strong>FARBE<\/strong><\/td>\n<td width=\"444\">Blau<\/td>\n<\/tr>\n<tr>\n<td width=\"124\"><strong>HERKUNFTSLAND<\/strong><\/td>\n<td width=\"444\">Brasilien<\/td>\n<\/tr>\n<tr>\n<td width=\"124\"><strong>OBERFL\u00c4CHENFINISH<\/strong><\/td>\n<td width=\"444\">Poliert, geschliffen, beledert<\/td>\n<\/tr>\n<tr>\n<td width=\"124\"><strong>VERWENDEN<\/strong><\/td>\n<td width=\"444\">K\u00fcchen, Badezimmer, B\u00f6den, W\u00e4nde, Fliesen, Platten<\/td>\n<\/tr>\n<tr>\n<td width=\"124\"><strong>VERF\u00dcGBARKEIT<\/strong><\/td>\n<td width=\"444\">Bitte pr\u00fcfen Sie die Verf\u00fcgbarkeit bei HRST STONE vor dem Besuch.<\/p>\n<p>Auch Steinproben sind nicht f\u00fcr jede Steinauswahl verf\u00fcgbar, bitte erkundigen Sie sich nach der Verf\u00fcgbarkeit.<\/p>\n<\/td>\n<\/tr>\n<\/tbody>\n<\/table>\n<p>Blauer Achat ist eine Variante von geb\u00e4ndertem Chalcedon, der in verschiedenen Schichten von Hellblau geb\u00e4ndert ist und von helleren Blaut\u00f6nen, Wei\u00dft\u00f6nen und immer braunen Farbf\u00e4den durchzogen ist. Achat ist auch als Erdregenbogen bekannt. Blauer Achat ist einer der sch\u00f6nsten Steine. Blauer Achat hat ein ultrafeines und friedliches Muster. Dieser Stein ist mit einer sehr feinen Politur erh\u00e4ltlich, wodurch sich dieser Stein gut f\u00fcr Arbeitsplatten, Tischplatten, B\u00f6den, Wandverkleidungen und Treppengestaltungen sowie ausschlie\u00dflich f\u00fcr Ausstellungszwecke eignet.<\/p>\n<\/p>\n<p>Die Textur der blauen Achatplatten springt und die Mode ist tief darin verankert. Die pr\u00e4gnanten und kraftvollen Tischbeine sind mit pr\u00e4gnanten gebrochenen Linien gestaltet, was uns positive Energie und gro\u00dfartigen Respekt bringt. Einfache Linien, atmosph\u00e4rische Koordination, zarte und strukturierte, geometrische Linien umrahmen einen quadratischen Umriss, kein komplizierter Splei\u00dfprozess, dr\u00fccken die Sch\u00f6nheit der Einfachheit voll aus und verleihen den Menschen einen atmosph\u00e4rischen Stil, einfach, aber nicht eint\u00f6nig, rein und nicht einfach.<\/p>\n<\/p>\n<p>Blaue Achatplatten sind Achate in den Farben Blau und Wei\u00df, die ihren Ursprung in Brasilien und Afrika haben. Der Hauptbestandteil ist SiO2, das zur kryptokristallinen Quarzjade geh\u00f6rt. Es hat das gleiche nat\u00fcrliche Muster wie persischer Achat, gewunden und unregelm\u00e4\u00dfig, wie die kr\u00e4uselnden Wellen am Meeresufer, wie ein Sonnenbad in der Sonne. Wundersch\u00f6ne blaue Muscheln auf wei\u00dfem Sand.<\/p>\n<\/p>\n<p>Blauer Achat ist eine Variante des Chalcedons, einem Mineral aus der Familie der Quarze. Es zeichnet sich durch seine blaue oder bl\u00e4ulich-graue Farbe aus, die typischerweise durch Spuren von Eisen oder Mangan im Mineral verursacht wird. Blauer Achat kommt an Orten auf der ganzen Welt vor und wird aufgrund seiner attraktiven Farbe und einzigartigen Streifenmuster h\u00e4ufig f\u00fcr Schmuck und Dekorationsgegenst\u00e4nde verwendet. Dar\u00fcber hinaus wird angenommen, dass blauer Achat verschiedene heilende Eigenschaften hat und h\u00e4ufig in alternativen Medizinpraktiken wie der Kristallheilung eingesetzt wird.<\/p>\n<\/p>\n<h3 style=\"font-size: 19px\">Eigenschaften von blauem Achat<\/h3>\n<p>Blauer Achat ist eine Art Halbedelstein, der mehrere Besonderheiten aufweist, darunter:<\/p>\n<ol>\n<li>Farbe: Blauer Achat ist f\u00fcr seine wundersch\u00f6ne blaue Farbe bekannt, die von blassen bis zu tiefen Farbt\u00f6nen reichen kann.<\/li>\n<li>Streifenbildung: Blauer Achat ist oft von wei\u00dfen oder grauen Streifenmustern durchzogen, die ihm ein einzigartiges und auff\u00e4lliges Aussehen verleihen k\u00f6nnen.<\/li>\n<li>Lichtdurchl\u00e4ssigkeit: Blauer Achat ist im Allgemeinen durchscheinend, was bedeutet, dass Licht bis zu einem gewissen Grad durch ihn hindurchtreten kann.<\/li>\n<li>H\u00e4rte: Blauer Achat hat eine H\u00e4rte von etwa 7 auf der Mohs-Skala, was ihn relativ langlebig und kratzfest macht.<\/li>\n<li>Entstehung: Blauer Achat entsteht typischerweise in Vulkangestein, oft in Schichten oder Hohlr\u00e4umen, und kommt h\u00e4ufig in Brasilien, Uruguay und Argentinien vor.<\/li>\n<li>Verwendung: Blauer Achat wird h\u00e4ufig f\u00fcr Schmuck, Dekorationsgegenst\u00e4nde und spirituelle Zwecke wie Meditation und Heilung verwendet.<\/li>\n<\/ol>\n<p style=\"padding-left: 40px\"><img fetchpriority=\"high\" decoding=\"async\" class=\"aligncenter\" src=\"https:\/\/data.adwebcloud.com\/public\/material\/220426a7q47o\/product\/imageFile_1664271895408.jpg\" alt=\"\" width=\"750\" height=\"600\" \/><\/p>\n<p style=\"padding-left: 40px\"><img decoding=\"async\" class=\"aligncenter\" src=\"https:\/\/data.adwebcloud.com\/public\/material\/220426a7q47o\/product\/imageFile_1664271896236.jpg\" alt=\"\" \/><\/p>\n<p style=\"padding-left: 40px\"><img decoding=\"async\" class=\"aligncenter\" src=\"https:\/\/data.adwebcloud.com\/public\/material\/220426a7q47o\/product\/imageFile_1664271897128.jpg\" alt=\"\" \/><\/p>\n<p style=\"padding-left: 40px\"><img decoding=\"async\" class=\"aligncenter\" src=\"https:\/\/data.adwebcloud.com\/public\/material\/220426a7q47o\/product\/imageFile_1664271897897.jpg\" alt=\"\" \/><\/p><\/p>","protected":false},"excerpt":{"rendered":"<p>Blauer Achat ist eine Variante von geb\u00e4ndertem Chalcedon, der in verschiedenen Schichten von Hellblau geb\u00e4ndert ist und von helleren Blaut\u00f6nen, Wei\u00dft\u00f6nen und immer braunen Farbf\u00e4den durchzogen ist. Achat ist auch als Erdregenbogen bekannt. Blauer Achat ist einer der sch\u00f6nsten Steine. Blauer Achat hat ein ultrafeines und friedliches Muster. Das ist \u2026<\/p><\/p>","protected":false},"featured_media":7954,"comment_status":"closed","ping_status":"closed","template":"","meta":[],"product_brand":[],"product_cat":[208],"product_tag":[878,871,873,876,879,877,874,875,870,872],"class_list":{"0":"post-2898","1":"product","2":"type-product","3":"status-publish","4":"has-post-thumbnail","6":"product_cat-agate","7":"product_tag-blue-agate-countertop","8":"product_tag-blue-agate-crystal","9":"product_tag-blue-agate-stone","10":"product_tag-blue-agate-table","11":"product_tag-blue-agate-tiles","12":"product_tag-blue-agate-wall","13":"product_tag-blue-gem-stone","14":"product_tag-blue-semi-precious-stones","15":"product_tag-dark-blue-agate","16":"product_tag-light-blue-agate","18":"first","19":"instock","20":"product-type-simple"},"_links":{"self":[{"href":"https:\/\/www.quartzite-stone.com\/de\/wp-json\/wp\/v2\/product\/2898","targetHints":{"allow":["GET"]}}],"collection":[{"href":"https:\/\/www.quartzite-stone.com\/de\/wp-json\/wp\/v2\/product"}],"about":[{"href":"https:\/\/www.quartzite-stone.com\/de\/wp-json\/wp\/v2\/types\/product"}],"replies":[{"embeddable":true,"href":"https:\/\/www.quartzite-stone.com\/de\/wp-json\/wp\/v2\/comments?post=2898"}],"wp:featuredmedia":[{"embeddable":true,"href":"https:\/\/www.quartzite-stone.com\/de\/wp-json\/wp\/v2\/media\/7954"}],"wp:attachment":[{"href":"https:\/\/www.quartzite-stone.com\/de\/wp-json\/wp\/v2\/media?parent=2898"}],"wp:term":[{"taxonomy":"product_brand","embeddable":true,"href":"https:\/\/www.quartzite-stone.com\/de\/wp-json\/wp\/v2\/product_brand?post=2898"},{"taxonomy":"product_cat","embeddable":true,"href":"https:\/\/www.quartzite-stone.com\/de\/wp-json\/wp\/v2\/product_cat?post=2898"},{"taxonomy":"product_tag","embeddable":true,"href":"https:\/\/www.quartzite-stone.com\/de\/wp-json\/wp\/v2\/product_tag?post=2898"}],"curies":[{"name":"wp","href":"https:\/\/api.w.org\/{rel}","templated":true}]}}