{"id":2890,"date":"2022-07-05T00:04:03","date_gmt":"2022-07-04T16:04:03","guid":{"rendered":"https:\/\/www.quartzite-stone.com\/product\/grey-agate\/"},"modified":"2023-07-11T11:46:06","modified_gmt":"2023-07-11T03:46:06","slug":"grauer-achat-2","status":"publish","type":"product","link":"https:\/\/www.quartzite-stone.com\/de\/products\/grey-agate\/","title":{"rendered":"Grauer Achat"},"content":{"rendered":"<p>Grauer Achat, ein seltenes Steinmaterial, w\u00e4chst in allen Teilen der Welt und wird seit Tausenden von Jahren getauft und ausgef\u00e4llt. Nat\u00fcrlich glatt, glatt und zart, Achat-Achat-Alabaster sind mit abgestuften Farben und klaren Schichten erh\u00e4ltlich. Wenn sich die hohe K\u00e4lte mit W\u00e4rme und Weichheit verbindet, verwischt das Grau und die eleganteste Bewegung entsteht in der Symphonie.<\/p>\n<p>&nbsp;<\/p>\n<h2>1.Grey Agat Produkteinf\u00fchrung<\/h2>\n<p>&nbsp;<\/p>\n<p><a class=\"wpil_keyword_link\" href=\"https:\/\/www.quartzite-stone.com\/de\/produkt-2\/grune-achatplatte-hinterleuchtete-arbeitsplatte\/\"   title=\"Achatsteinplatten\" data-wpil-keyword-link=\"linked\">Achatsteinplatten<\/a> Qualit\u00e4t und Gef\u00fchle existieren nebeneinander und die Textur ist miteinander verflochten. Die verblasste Textur zeichnet sich durch die klare Textur des Steins ab. Es ist zur\u00fcckhaltend und ruhig, trennt die Hektik der Stadt von der Hektik der Stadt und ebnet eine gro\u00dfe Fl\u00e4che, als w\u00fcrde man auf den Sternenhimmel treten und den Nebel umkr\u00e4nzen<\/p>\n<p>&nbsp;<\/p>\n<h2>2.Graue Achatfliesenspezifikation: 2700 x 1200 mm<\/h2>\n<p>Anzahl der Fl\u00e4chen und Muster: Ein Stein auf drei Seiten, willk\u00fcrlich unendlich ineinandergreifend, und die graue Achatsteinplatte spielt eine ganz andere Stimmung aus <a href=\"https:\/\/www.quartzite-stone.com\/de\/produkt-2\/schwarzer-achat\/\">schwarzer Achat<\/a>. Die verblasste Textur sticht in der klaren Textur des Steins hervor und unterstreicht den Trend des Musters und die Form des Kristalls.<\/p>\n<p>&nbsp;<\/p>\n<h2>3. Inspiration f\u00fcr grauen Achat<\/h2>\n<p>In den Augen des Designers sind die grauen Achatsteinplatten die vollkommenste neutrale Farbe in der Natur, der Charme von Grau ist beispiellos. Das elegante Temperament und der au\u00dfergew\u00f6hnliche Stil des grauen Achats sind in das Knochenmark eingraviert, der Gesamteffekt ist ruhig und stilvoll, nie aus der Mode, grauer Achat ist einzigartig und exquisit, klassisch und elegant, vielseitig und nicht fettig, und die klare Edelsteintextur macht Menschen berauschend . Achat-Steinplatten machen diese einst unbezahlbaren Sch\u00e4tze zu einem wundersch\u00f6nen Element, das den Innenraum versch\u00f6nert.<\/p>\n<p>&nbsp;<\/p>\n<h2>4. Raumsch\u00f6nheit aus grauem Achat<\/h2>\n<p>Die stabile Atmosph\u00e4re der grauen Achatfliesen passt perfekt zu den M\u00f6beln und unterstreicht die hohe Lebensqualit\u00e4t. Ob im Wohnzimmer oder in der K\u00fcche, die Pflasteranwendung von Agate Stone Slab kann den Menschen ein Gef\u00fchl von Stabilit\u00e4t, Reife, Ruhe und Praktikabilit\u00e4t vermitteln. Gleichzeitig ist die graue Dekoration sehr schmutzabweisend, nicht leicht zu veralten und l\u00e4sst sich sorgenfreier verwenden. Mit Agate Stone Slab, einem breiten Spektrum an Pflasteranwendungen, k\u00f6nnen wir den Charme eines stilvollen und stimmungsvollen Designs erleben, das sich mit grenzenloser Fantasie unendlich im Raum ausbreitet.<\/p>\n<p>&nbsp;<\/p>\n<p>WEITERE INFORMATIONEN<\/p>\n<table>\n<tbody>\n<tr>\n<td width=\"124\"><strong>MATERIAL<\/strong><\/td>\n<td width=\"444\">Achat<\/td>\n<\/tr>\n<tr>\n<td width=\"124\"><strong>FARBE<\/strong><\/td>\n<td width=\"444\">Grau<\/td>\n<\/tr>\n<tr>\n<td width=\"124\"><strong>HERKUNFTSLAND<\/strong><\/td>\n<td width=\"444\">Brasilien<\/td>\n<\/tr>\n<tr>\n<td width=\"124\"><strong>OBERFL\u00c4CHENFINISH<\/strong><\/td>\n<td width=\"444\">Poliert, geschliffen, beledert<\/td>\n<\/tr>\n<tr>\n<td width=\"124\"><strong>VERWENDEN<\/strong><\/td>\n<td width=\"444\">K\u00fcchen, Badezimmer, B\u00f6den, W\u00e4nde, Fliesen, Platten<\/td>\n<\/tr>\n<tr>\n<td width=\"124\"><strong>VERF\u00dcGBARKEIT<\/strong><\/td>\n<td width=\"444\">Bitte pr\u00fcfen Sie die Verf\u00fcgbarkeit bei HRST STONE vor dem Besuch.<\/p>\n<p>Auch Steinproben sind nicht f\u00fcr jede Steinauswahl verf\u00fcgbar, bitte erkundigen Sie sich nach der Verf\u00fcgbarkeit.<\/td>\n<\/tr>\n<\/tbody>\n<\/table>\n<p>&nbsp;<\/p>\n<p>Grauer Achat ist aufgrund seiner gem\u00e4\u00dfigten Gl\u00e4tte besonders sch\u00f6n. Das Band ist wie Baumstammringe, nat\u00fcrlich elegant; Wie zum Beispiel Landschaftsmalerei mit Spritztinte, gro\u00dfartig; Als Symbol f\u00fcr Ausdauer wird gesagt, dass die Energie des grauen Achats Unreinheiten aus der Aura entfernen und den eigenen Charme effektiv stimulieren kann.<\/p>\n<p><img decoding=\"async\" class=\"aligncenter\" src=\"https:\/\/data.adwebcloud.com\/public\/material\/220426a7q47o\/product\/imageFile_1664271909703.jpg\" alt=\"\" \/><\/p>\n<p><img decoding=\"async\" class=\"aligncenter\" src=\"https:\/\/data.adwebcloud.com\/public\/material\/220426a7q47o\/product\/imageFile_1664271910596.jpg\" alt=\"\" \/><\/p>\n<p><img decoding=\"async\" class=\"aligncenter\" src=\"https:\/\/data.adwebcloud.com\/public\/material\/220426a7q47o\/product\/imageFile_1664271911379.jpg\" alt=\"\" \/><\/p>","protected":false},"excerpt":{"rendered":"<p>Grauer Achat ist aufgrund seiner gem\u00e4\u00dfigten Gl\u00e4tte besonders sch\u00f6n. Das Band ist wie Baumstammringe, nat\u00fcrlich elegant; Wie zum Beispiel Landschaftsmalerei mit Spritztinte, gro\u00dfartig; Als Symbol der Beharrlichkeit wird gesagt, dass die Energie des grauen Achats Unreinheiten aus der Aura entfernen und effektiv\u2026<\/p>\n<div id=\"gtx-trans\">\n<div class=\"gtx-trans-icon\"><\/div>\n<\/div>","protected":false},"featured_media":7950,"comment_status":"closed","ping_status":"closed","template":"","meta":[],"product_brand":[],"product_cat":[208],"product_tag":[861,864,863,867,859,865,862,866,869,860,868],"class_list":{"0":"post-2890","1":"product","2":"type-product","3":"status-publish","4":"has-post-thumbnail","6":"product_cat-agate","7":"product_tag-agate-gray","8":"product_tag-agate-grey-and-white","9":"product_tag-blue-grey-agate","10":"product_tag-dark-grey-agate","11":"product_tag-gray-agate","12":"product_tag-gray-agate-crystal","13":"product_tag-gray-agate-stone","14":"product_tag-grey-agate-raw","15":"product_tag-grey-agate-slab","16":"product_tag-grey-agate-stone","17":"product_tag-grey-agate-table","19":"first","20":"instock","21":"product-type-simple"},"_links":{"self":[{"href":"https:\/\/www.quartzite-stone.com\/de\/wp-json\/wp\/v2\/product\/2890","targetHints":{"allow":["GET"]}}],"collection":[{"href":"https:\/\/www.quartzite-stone.com\/de\/wp-json\/wp\/v2\/product"}],"about":[{"href":"https:\/\/www.quartzite-stone.com\/de\/wp-json\/wp\/v2\/types\/product"}],"replies":[{"embeddable":true,"href":"https:\/\/www.quartzite-stone.com\/de\/wp-json\/wp\/v2\/comments?post=2890"}],"wp:featuredmedia":[{"embeddable":true,"href":"https:\/\/www.quartzite-stone.com\/de\/wp-json\/wp\/v2\/media\/7950"}],"wp:attachment":[{"href":"https:\/\/www.quartzite-stone.com\/de\/wp-json\/wp\/v2\/media?parent=2890"}],"wp:term":[{"taxonomy":"product_brand","embeddable":true,"href":"https:\/\/www.quartzite-stone.com\/de\/wp-json\/wp\/v2\/product_brand?post=2890"},{"taxonomy":"product_cat","embeddable":true,"href":"https:\/\/www.quartzite-stone.com\/de\/wp-json\/wp\/v2\/product_cat?post=2890"},{"taxonomy":"product_tag","embeddable":true,"href":"https:\/\/www.quartzite-stone.com\/de\/wp-json\/wp\/v2\/product_tag?post=2890"}],"curies":[{"name":"wp","href":"https:\/\/api.w.org\/{rel}","templated":true}]}}