{"id":2874,"date":"2022-07-05T00:03:19","date_gmt":"2022-07-04T16:03:19","guid":{"rendered":"https:\/\/www.quartzite-stone.com\/product\/black-agate\/"},"modified":"2023-07-11T11:46:33","modified_gmt":"2023-07-11T03:46:33","slug":"schwarzer-achat","status":"publish","type":"product","link":"https:\/\/www.quartzite-stone.com\/de\/products\/black-agate\/","title":{"rendered":"Schwarzer Achat"},"content":{"rendered":"<h2>Die Wirksamkeit und Rolle von schwarzem Achat:<\/h2>\n<p>Schwarzer Achat ist auch als Stein der Langlebigkeit bekannt, der Gl\u00fcck und F\u00fclle f\u00f6rdert. Es kann Gl\u00fcck bringen und helfen, Stress abzubauen.<\/p>\n<p>&nbsp;<\/p>\n<h2>Pflege von schwarzem Achat:<\/h2>\n<p>Achten Sie beim Tragen von Schmuck aus schwarzem Achat darauf, nicht mit harten Gegenst\u00e4nden zusammenzusto\u00dfen oder ihn fallen zu lassen, und bewahren Sie ihn bei Nichtgebrauch in einer weichen Schmuckschatulle auf. Versuchen Sie, den Kontakt mit Parf\u00fcm, chemischen Fl\u00fcssigkeiten, Seife oder menschlichem Schwei\u00df zu vermeiden, um Erosion zu verhindern und die Helligkeit des schwarzen Achats zu beeintr\u00e4chtigen. Vermeiden Sie unbedingt W\u00e4rmequellen wie Sonnenlicht, \u00d6fen usw., da sich schwarzer Achat beim Erhitzen ausdehnt und die Vergr\u00f6\u00dferung des Molek\u00fclvolumens die Qualit\u00e4t der Jade beeintr\u00e4chtigt. Auch die st\u00e4ndige Einwirkung hoher Temperaturen f\u00fchrt dazu, dass schwarzer Achat platzt.<\/p>\n<p>&nbsp;<\/p>\n<p>WEITERE INFORMATIONEN<\/p>\n<table>\n<tbody>\n<tr>\n<td width=\"124\"><strong>MATERIAL<\/strong><\/td>\n<td width=\"444\">Achat<\/td>\n<\/tr>\n<tr>\n<td width=\"124\"><strong>FARBE<\/strong><\/td>\n<td width=\"444\">Schwarz<\/td>\n<\/tr>\n<tr>\n<td width=\"124\"><strong>HERKUNFTSLAND<\/strong><\/td>\n<td width=\"444\">Brasilien<\/td>\n<\/tr>\n<tr>\n<td width=\"124\"><strong>OBERFL\u00c4CHENFINISH<\/strong><\/td>\n<td width=\"444\">Poliert, geschliffen, beledert<\/td>\n<\/tr>\n<tr>\n<td width=\"124\"><strong>VERWENDEN<\/strong><\/td>\n<td width=\"444\">K\u00fcchen, Badezimmer, B\u00f6den, W\u00e4nde, Fliesen, Platten<\/td>\n<\/tr>\n<tr>\n<td width=\"124\"><strong>VERF\u00dcGBARKEIT<\/strong><\/td>\n<td width=\"444\">Bitte pr\u00fcfen Sie die Verf\u00fcgbarkeit bei HRST STONE vor dem Besuch.<\/p>\n<p>Auch Steinproben sind nicht f\u00fcr jede Steinauswahl verf\u00fcgbar, bitte erkundigen Sie sich nach der Verf\u00fcgbarkeit.<\/p>\n<\/td>\n<\/tr>\n<\/tbody>\n<\/table>\n<p>&nbsp;<\/p>\n<p>Schwarzer Achat ist aufgrund seiner zarten und glatten gem\u00e4\u00dfigten Zone besonders sch\u00f6n. Die Farbb\u00e4nder \u00e4hneln Baumstammringen, die nat\u00fcrlich und elegant sind; wie zum Beispiel mit Tinte bespritzte Landschaftsgem\u00e4lde, gro\u00dfartig; Als Symbol der Beharrlichkeit wird gesagt, dass die Nutzung der Energie des schwarzen Achats Verunreinigungen aus dem Gasfeld entfernen und dann effektiv seinen eigenen Charme entfalten kann.<\/p>\n<p><img decoding=\"async\" class=\"aligncenter\" src=\"https:\/\/data.adwebcloud.com\/public\/material\/220426a7q47o\/product\/imageFile_1664271907154.jpg\" alt=\"\" \/><\/p>\n<p><img decoding=\"async\" class=\"aligncenter\" src=\"https:\/\/data.adwebcloud.com\/public\/material\/220426a7q47o\/product\/imageFile_1664271908078.jpg\" alt=\"\" \/><\/p>\n<p><img decoding=\"async\" class=\"aligncenter\" src=\"https:\/\/data.adwebcloud.com\/public\/material\/220426a7q47o\/product\/imageFile_1664271908898.jpg\" alt=\"\" \/><\/p>","protected":false},"excerpt":{"rendered":"<p>Schwarzer Achat ist aufgrund seiner zarten und glatten gem\u00e4\u00dfigten Zone besonders sch\u00f6n. Die Farbb\u00e4nder \u00e4hneln Baumstammringen, die nat\u00fcrlich und elegant sind; wie zum Beispiel mit Tinte bespritzte Landschaftsgem\u00e4lde, gro\u00dfartig; Als Symbol der Beharrlichkeit soll die Nutzung der Energie des schwarzen Achats \u2026<\/p>","protected":false},"featured_media":7949,"comment_status":"closed","ping_status":"closed","template":"","meta":[],"product_brand":[],"product_cat":[208],"product_tag":[479,478,473,474,471,475,470,477,472,476],"class_list":{"0":"post-2874","1":"product","2":"type-product","3":"status-publish","4":"has-post-thumbnail","6":"product_cat-agate","7":"product_tag-black-agate-bar-tops","8":"product_tag-black-agate-countertop","9":"product_tag-black-agate-floors","10":"product_tag-black-agate-kitchens","11":"product_tag-black-agate-slab","12":"product_tag-black-agate-table","13":"product_tag-black-agate-tiles","14":"product_tag-black-agate-walls","15":"product_tag-black-semi-precious-stones","16":"product_tag-transparent-black-agate","18":"first","19":"instock","20":"product-type-simple"},"_links":{"self":[{"href":"https:\/\/www.quartzite-stone.com\/de\/wp-json\/wp\/v2\/product\/2874","targetHints":{"allow":["GET"]}}],"collection":[{"href":"https:\/\/www.quartzite-stone.com\/de\/wp-json\/wp\/v2\/product"}],"about":[{"href":"https:\/\/www.quartzite-stone.com\/de\/wp-json\/wp\/v2\/types\/product"}],"replies":[{"embeddable":true,"href":"https:\/\/www.quartzite-stone.com\/de\/wp-json\/wp\/v2\/comments?post=2874"}],"wp:featuredmedia":[{"embeddable":true,"href":"https:\/\/www.quartzite-stone.com\/de\/wp-json\/wp\/v2\/media\/7949"}],"wp:attachment":[{"href":"https:\/\/www.quartzite-stone.com\/de\/wp-json\/wp\/v2\/media?parent=2874"}],"wp:term":[{"taxonomy":"product_brand","embeddable":true,"href":"https:\/\/www.quartzite-stone.com\/de\/wp-json\/wp\/v2\/product_brand?post=2874"},{"taxonomy":"product_cat","embeddable":true,"href":"https:\/\/www.quartzite-stone.com\/de\/wp-json\/wp\/v2\/product_cat?post=2874"},{"taxonomy":"product_tag","embeddable":true,"href":"https:\/\/www.quartzite-stone.com\/de\/wp-json\/wp\/v2\/product_tag?post=2874"}],"curies":[{"name":"wp","href":"https:\/\/api.w.org\/{rel}","templated":true}]}}