{"id":2867,"date":"2022-07-05T00:03:19","date_gmt":"2022-07-04T16:03:19","guid":{"rendered":"https:\/\/www.quartzite-stone.com\/product\/white-crystal-agate\/"},"modified":"2023-07-11T11:55:10","modified_gmt":"2023-07-11T03:55:10","slug":"weiser-kristallachat","status":"publish","type":"product","link":"https:\/\/www.quartzite-stone.com\/de\/products\/white-crystal-agate\/","title":{"rendered":"Kristallwei\u00dfer Achat"},"content":{"rendered":"<h3 style=\"font-size: 19px\">Wei\u00dfer Kristallachat ist geeignet f\u00fcr<\/h3>\n<ul>\n<li>K\u00fcchenarbeitsplatten;<\/li>\n<li>Spritzschutzplatten f\u00fcr die K\u00fcche;<\/li>\n<li>Mit Dekorationsartikeln wie Kerzen, Kunstwerken und Tabletts k\u00f6nnen Sie auch ohne teure Dekoration mit dem Trend Schritt halten;<\/li>\n<li>dekorative Wand im Bad oder in der K\u00fcche;<\/li>\n<li>Badezimmer-Waschtisch;<\/li>\n<li>Kamin;<\/li>\n<li>M\u00f6bel aus Holz.<\/li>\n<\/ul>\n<p>&nbsp;<\/p>\n<p>Home Dekoration, Wohnzimmer wird immer das Highlight, gro\u00dfe Felsplatte Wand und Boden Anwendung, geben volles Spiel, um seine gro\u00dfen visuellen Vorteile, hochwertige wei\u00dfe Achat Bodenbelag, mit durchsetzungsf\u00e4higen Textur, zarte Textur, die Gestaltung der Pers\u00f6nlichkeit des Raumes, hochwertige White Achat Hintergrund Wand ein St\u00fcck an die Spitze, stark reduziert die Splei\u00dfen Spuren, und der Wohnraum ist stark verbessert sowohl in Aussehen und Qualit\u00e4t.<\/p>\n<p>&nbsp;<\/p>\n<p>Das Schlafzimmer ist ein Ort, wo man s\u00fc\u00df und gesund schlafen k\u00f6nnen, so dass, ob es die Farbgebung des Raumes.Wenn es um weiche Kleidung kommt, muss es f\u00fcr die angemessen sein <a href=\"https:\/\/www.quartzite-stone.com\/de\/unternehmensvorstellung\/\">Porzellan HRST Steinfabrik<\/a> -wei\u00dfen Achat Hintergrund Wand, um eine v\u00f6llig andere Stimmung als schwarz Achat zu schaffen. Die verblasste Textur taucht in der klaren Textur des Steins auf und unterstreicht den Trend des Musters und die Form des Kristalls.<\/p>\n<p>&nbsp;<\/p>\n<p>Das Badezimmer ist der am h\u00e4ufigsten genutzte Ort im Wohnbereich. Die Gestaltung des Badezimmers sollte praktisch und komfortabel sein. Das reine und reiche Layout von wei\u00dfem Achat ist \u00fcber die W\u00e4nde und B\u00f6den verteilt, mit einer schwachen wei\u00dfen Textur punktiert, die die nat\u00fcrliche Textur interpretiert, die nicht repliziert werden kann, und schafft eine tiefe und atmosph\u00e4rische Raumatmosph\u00e4re.<\/p>\n<p>&nbsp;<\/p>\n<p>WEITERE INFORMATIONEN<\/p>\n<table>\n<tbody>\n<tr>\n<td width=\"124\"><strong>MATERIAL<\/strong><\/td>\n<td width=\"444\">Achat<\/td>\n<\/tr>\n<tr>\n<td width=\"124\"><strong>FARBE<\/strong><\/td>\n<td width=\"444\">Weiss<\/td>\n<\/tr>\n<tr>\n<td width=\"124\"><strong>HERKUNFTSLAND<\/strong><\/td>\n<td width=\"444\">Brasilien<\/td>\n<\/tr>\n<tr>\n<td width=\"124\"><strong>OBERFL\u00c4CHENFINISH<\/strong><\/td>\n<td width=\"444\">Poliert, geschliffen, beledert<\/td>\n<\/tr>\n<tr>\n<td width=\"124\"><strong>VERWENDEN<\/strong><\/td>\n<td width=\"444\">K\u00fcchen, Badezimmer, B\u00f6den, W\u00e4nde, Fliesen, Platten<\/td>\n<\/tr>\n<tr>\n<td width=\"124\"><strong>VERF\u00dcGBARKEIT<\/strong><\/td>\n<td width=\"444\">Bitte pr\u00fcfen Sie die Verf\u00fcgbarkeit bei HRST STONE vor dem Besuch.<\/p>\n<p>Auch Steinproben sind nicht f\u00fcr jede Steinauswahl verf\u00fcgbar, bitte erkundigen Sie sich nach der Verf\u00fcgbarkeit.<\/p>\n<\/td>\n<\/tr>\n<\/tbody>\n<\/table>\n<p>&nbsp;<\/p>\n<p>Der transparente und reine wei\u00dfe Kristallachat ist eines der magischen Geschenke der Erde. Wei\u00dfer Kristall Achat ist die stabilste und reine magnetische Energie aller Arten von Kristall. Es ist auch die Synthese aller Farbenergie und die beste Wahl, um die Energie im K\u00f6rper auszugleichen. wei\u00dfer Kristall hat reine Energie, kann effektiv die freie Reiki verbessern, stimulieren Potenzial, Gesundheit Anpassung, machen seinen Geist mehr friedlich.<\/p>\n<\/p>\n<p>Wei\u00dfer Achat ist eine Variet\u00e4t von Chalcedon, einem Mineral aus der Familie der Quarze. Er ist in der Regel wei\u00df oder durchscheinend mit einer wachsartigen oder matten Oberfl\u00e4che und kann eine B\u00e4nderung oder andere Muster aufweisen. Wei\u00dfer Kristallachat wird h\u00e4ufig f\u00fcr Schmuck und andere dekorative Gegenst\u00e4nde verwendet und wird von einigen als Heilstein angesehen. Er wird in vielen Teilen der Welt gefunden, darunter Brasilien, Indien und die Vereinigten Staaten.<\/p>\n<\/p>\n<h3 style=\"font-size: 19px\">Eigenschaften von wei\u00dfem Kristallachat<\/h3>\n<p>Wei\u00dfer Achat ist eine Art Halbedelstein, der sich durch mehrere Merkmale auszeichnet, darunter:<\/p>\n<ol>\n<li>Farbe: Wei\u00dfer Kristallachat ist bekannt f\u00fcr seine milchig wei\u00dfe oder durchscheinende Farbe.<\/li>\n<li>B\u00e4nderung: Wie andere Achatarten ist auch wei\u00dfer Kristallachat oft von B\u00e4ndern durchzogen, was ihm ein einzigartiges und interessantes Aussehen verleihen kann.<\/li>\n<li>Halbtransparent: Wei\u00dfer Kristallachat ist im Allgemeinen halbtransparent, d. h., das Licht kann teilweise durch ihn hindurchdringen.<\/li>\n<li>H\u00e4rte: Wei\u00dfer Kristallachat hat eine H\u00e4rte von etwa 7 auf der Mohs-Skala, was ihn relativ widerstandsf\u00e4hig und resistent gegen Kratzer macht.<\/li>\n<li>Formation: Wei\u00dfer Kristallachat bildet sich typischerweise in vulkanischem Gestein, oft in Schichten oder Hohlr\u00e4umen.<\/li>\n<li>Verwendungsm\u00f6glichkeiten: Wei\u00dfer Achat wird h\u00e4ufig f\u00fcr die Herstellung von Schmuck wie Perlen, Anh\u00e4ngern und Armb\u00e4ndern sowie f\u00fcr dekorative Gegenst\u00e4nde wie Buchst\u00fctzen, Untersetzer und Vasen verwendet. Ihm werden auch spirituelle Eigenschaften zugeschrieben, und er wird f\u00fcr Meditations- und Heilpraktiken verwendet.<\/li>\n<\/ol>\n<p><img decoding=\"async\" class=\"aligncenter\" src=\"https:\/\/data.adwebcloud.com\/public\/material\/220426a7q47o\/product\/imageFile_1664271893813.jpg\" alt=\"transparenter wei\u00dfer Achat\" height=\"600\" \/><\/p>\n<p><img fetchpriority=\"high\" decoding=\"async\" src=\"https:\/\/data.adwebcloud.com\/public\/material\/220426a7q47o\/product\/WhiteCrystalwithGoldtabletop_1665558311520.jpg\" alt=\"Sofatisch Kristallwei\u00df\" width=\"750\" height=\"999\" \/><\/p>\n<p><img decoding=\"async\" src=\"https:\/\/data.adwebcloud.com\/public\/material\/220426a7q47o\/product\/CrystalWhiteTable_1665561378730.jpg\" alt=\"Wei\u00dfe Kristalltische\" width=\"750\" height=\"563\" \/><\/p><\/p>","protected":false},"excerpt":{"rendered":"<p>Hochwertiger Bodenbelag aus wei\u00dfem Achat mit markanter Textur und zarter Textur pr\u00e4gt die Pers\u00f6nlichkeit des Raums. Die hochwertige Hintergrundwand aus wei\u00dfem Achat ist bis zur Oberseite einteilig, wodurch die Verbindungsspuren erheblich reduziert werden und der Wohnraum sowohl optisch als auch hochwertig verbessert wird.<\/p>","protected":false},"featured_media":7988,"comment_status":"closed","ping_status":"closed","template":"","meta":[],"product_brand":[],"product_cat":[208],"product_tag":[589,597,591,590,596,593,592,594,595],"class_list":{"0":"post-2867","1":"product","2":"type-product","3":"status-publish","4":"has-post-thumbnail","6":"product_cat-agate","7":"product_tag-crystal-white","8":"product_tag-transparent-white-agate","9":"product_tag-white-agate","10":"product_tag-white-cristallo","11":"product_tag-white-crystal-kitchen","12":"product_tag-white-crystal-slabs","13":"product_tag-white-crystal-table","14":"product_tag-white-crystal-tiles","15":"product_tag-white-crystal-walls","17":"first","18":"instock","19":"product-type-simple"},"_links":{"self":[{"href":"https:\/\/www.quartzite-stone.com\/de\/wp-json\/wp\/v2\/product\/2867","targetHints":{"allow":["GET"]}}],"collection":[{"href":"https:\/\/www.quartzite-stone.com\/de\/wp-json\/wp\/v2\/product"}],"about":[{"href":"https:\/\/www.quartzite-stone.com\/de\/wp-json\/wp\/v2\/types\/product"}],"replies":[{"embeddable":true,"href":"https:\/\/www.quartzite-stone.com\/de\/wp-json\/wp\/v2\/comments?post=2867"}],"wp:featuredmedia":[{"embeddable":true,"href":"https:\/\/www.quartzite-stone.com\/de\/wp-json\/wp\/v2\/media\/7988"}],"wp:attachment":[{"href":"https:\/\/www.quartzite-stone.com\/de\/wp-json\/wp\/v2\/media?parent=2867"}],"wp:term":[{"taxonomy":"product_brand","embeddable":true,"href":"https:\/\/www.quartzite-stone.com\/de\/wp-json\/wp\/v2\/product_brand?post=2867"},{"taxonomy":"product_cat","embeddable":true,"href":"https:\/\/www.quartzite-stone.com\/de\/wp-json\/wp\/v2\/product_cat?post=2867"},{"taxonomy":"product_tag","embeddable":true,"href":"https:\/\/www.quartzite-stone.com\/de\/wp-json\/wp\/v2\/product_tag?post=2867"}],"curies":[{"name":"wp","href":"https:\/\/api.w.org\/{rel}","templated":true}]}}