{"id":2800,"date":"2022-07-05T00:01:16","date_gmt":"2022-07-04T16:01:16","guid":{"rendered":"https:\/\/www.quartzite-stone.com\/product\/labradorite-blue-granite\/"},"modified":"2023-04-19T14:18:04","modified_gmt":"2023-04-19T06:18:04","slug":"labradoritblauer-granit","status":"publish","type":"product","link":"https:\/\/www.quartzite-stone.com\/de\/products\/labradorite-blue-granite\/","title":{"rendered":"Labradorit Blauer Granit"},"content":{"rendered":"<p>WEITERE INFORMATIONEN<\/p>\n<table>\n<tbody>\n<tr>\n<td width=\"124\"><strong>MATERIAL<\/strong><\/td>\n<td width=\"444\">Granit<\/td>\n<\/tr>\n<tr>\n<td width=\"124\"><strong>FARBE<\/strong><\/td>\n<td width=\"444\">Blau<\/td>\n<\/tr>\n<tr>\n<td width=\"124\"><strong>HERKUNFTSLAND<\/strong><\/td>\n<td width=\"444\">Madagaskar<\/td>\n<\/tr>\n<tr>\n<td width=\"124\"><strong>OBERFL\u00c4CHENFINISH<\/strong><\/td>\n<td width=\"444\">Poliert, geschliffen, beledert<\/td>\n<\/tr>\n<tr>\n<td width=\"124\"><strong>VERWENDEN<\/strong><\/td>\n<td width=\"444\">K\u00fcchen, Badezimmer, B\u00f6den, W\u00e4nde, Fliesen, Platten<\/td>\n<\/tr>\n<tr>\n<td width=\"124\"><strong>VERF\u00dcGBARKEIT<\/strong><\/td>\n<td width=\"444\">Bitte pr\u00fcfen Sie die Verf\u00fcgbarkeit bei HRST STONE vor dem Besuch.<\/p>\n<p>Auch Steinproben sind nicht f\u00fcr jede Steinauswahl verf\u00fcgbar, bitte erkundigen Sie sich nach der Verf\u00fcgbarkeit.<\/p>\n<\/td>\n<\/tr>\n<\/tbody>\n<\/table>\n<p>Labradorit Blue Granite besteht haupts\u00e4chlich aus Omphacit, die Textur ist zart und das Licht ist super vertr\u00e4umt, eisdurchdringend, und die Wassers\u00e4ule ist ausgezeichnet, zur\u00fcckhaltend, aber nicht langweilig, elegant, aber unaufdringlich, der blaue Jadeit ist genauso sch\u00f6n und vertr\u00e4umt wie die Farbe des Meeres und des Himmels. Im Vergleich zu anderen Innendekorationsplatten ist Luxusstein leicht, luxuri\u00f6s und voller Charme. Die Wahl eines Luxussteins zur Beleuchtung des Lebens kann auf jeden Fall ein einzigartiges visuelles Fest bescheren.<\/p>\n<p>Labradorit-Granit passt farblich zu fast jedem Schrank, da er im Gegensatz zu jeder anderen Farbe zum Mittelpunkt der K\u00fcche wird. Wei\u00dfe Schr\u00e4nke, cremefarbene Schr\u00e4nke, Schr\u00e4nke aus Kirschbaumholz und Schr\u00e4nke aus Eichenholz machen diesen Stein zu etwas Besonderem. Schauen Sie sich unseren Labradorit-Granit an. Wir bieten Granit in verschiedenen Farben an. W\u00e4hlen Sie ein einzigartiges und besonderes Design f\u00fcr Ihre Arbeitsplatte. Der Preis pro Quadratfu\u00df von Labradorit-Granit variiert je nach Farbe. F\u00fcr den aktuellen Preis f\u00fcr Labradorit Blue Granite wenden Sie sich bitte an HRST STONE.<\/p>\n<p>Labradorit ist eine Art Plagioklas, eine isomorphe Reihe aus Albit und Anorthit mit einem triklinen Kristallsystem. Die Kristalle sind meist plattenf\u00f6rmig oder s\u00e4ulenf\u00f6rmig, wei\u00dfgrau oder grauschwarz, gelegentlich gelb, braun, rot und gr\u00fcn, glasgl\u00e4nzend, transparent oder leicht transparent, relative Dichte 2,69\u20132,2, H\u00e4rte 6\u20136,5, keine Fluoreszenzreaktion.<\/p>\n<p>Labradorit ist relativ h\u00e4ufig und wird als Dekorationsmaterial verwendet, und einige schillernde Labradorite werden auch als Edelsteine verwendet. Diejenigen, die die Edelsteinstufe erreichen, sind durchscheinend und zeigen blaue, gr\u00fcne, orange, rote oder andere Farbver\u00e4nderungen in einer bestimmten Richtung. Drehen Sie den Labradorit und Sie k\u00f6nnen die wundersch\u00f6nen Farben aus verschiedenen Richtungen sehen. Labradorit mit Farbspiel, auch \u201eSpektralstein\u201c genannt, ist in den Farben Blau, Gelbgr\u00fcn und Rot hochwertig verarbeitet.<\/p>\n<h3 style=\"font-size: 19px\">Die Rolle von labradoritblauem Granit:<\/h3>\n<p>Labradorit lindert Schmerzen in den Augen und im Hals, insbesondere lindert es Schmerzen und absorbiert die M\u00fcdigkeit des menschlichen K\u00f6rpers. Es kann die k\u00f6rperliche Kraft schnell wieder auff\u00fcllen und den Menschen beibringen, lange zu arbeiten, ohne sich m\u00fcde zu f\u00fchlen. Es kann dabei helfen, das Potenzial zu erkennen, unangenehme Emotionen zu beseitigen, Einsicht und Beobachtung zu verbessern und T\u00e4uschungen zu vermeiden. Da es auch Mitglied des Schwarzsteinsystems ist, hat es auch die Funktion, negative Energie zu bek\u00e4mpfen.<\/p>\n<h3 style=\"font-size: 19px\">Pflege von labradoritblauem Granit<\/h3>\n<p>Labradorit-Granit ist ein wundersch\u00f6ner und langlebiger Naturstein, der jedem Raum einen Hauch von Eleganz verleihen kann. Hier sind einige Tipps, die Ihnen bei der Pflege Ihres Labradorit-Granits helfen:<\/p>\n<ol>\n<li>Regelm\u00e4\u00dfig reinigen: Wischen Sie Ihre Arbeitsplatten oder Oberfl\u00e4chen aus Labradorite Blue Granite regelm\u00e4\u00dfig mit einem weichen, feuchten Tuch ab. Vermeiden Sie die Verwendung von Scheuermitteln, sauren oder alkalischen Reinigungsmitteln oder anderen aggressiven Chemikalien.<\/li>\n<li>Versiegeln Sie den Granit: Labradorit-Granit ist ein por\u00f6ser Stein, der leicht Flecken hinterlassen kann. Um Flecken vorzubeugen, tragen Sie mindestens einmal im Jahr eine Granitversiegelung auf die Oberfl\u00e4che auf. Befolgen Sie die Anweisungen des Herstellers sorgf\u00e4ltig, um die besten Ergebnisse zu erzielen.<\/li>\n<li>Vermeiden Sie Hitzeeinwirkung: Granit kann durch hohe Hitze besch\u00e4digt werden. Verwenden Sie daher immer einen Untersetzer oder eine Heizunterlage, wenn Sie hei\u00dfe Gegenst\u00e4nde auf Ihren Labradorite Blue Granite-Oberfl\u00e4chen platzieren.<\/li>\n<li>Gehen Sie vorsichtig damit um: Obwohl Granit ein langlebiges Material ist, kann es dennoch absplittern oder zerkratzen, wenn es starken St\u00f6\u00dfen oder scharfen Gegenst\u00e4nden ausgesetzt wird. Seien Sie vorsichtig, wenn Sie in der N\u00e4he Ihrer Granitoberfl\u00e4chen mit schweren Gegenst\u00e4nden hantieren oder scharfe Werkzeuge verwenden.<\/li>\n<li>Versch\u00fcttete Fl\u00fcssigkeiten sofort entfernen: Wenn Fl\u00fcssigkeit auf Ihren Labradorit-Granit versch\u00fcttet wird, reinigen Sie diese sofort, um Flecken zu vermeiden. Wischen Sie versch\u00fcttete Fl\u00fcssigkeiten mit einem feuchten Tuch auf und trocknen Sie die Oberfl\u00e4che anschlie\u00dfend gr\u00fcndlich ab.<\/li>\n<\/ol>\n<p><img decoding=\"async\" class=\"aligncenter\" src=\"https:\/\/data.adwebcloud.com\/public\/material\/220426a7q47o\/product\/imageFile_1664271865190.jpg\" alt=\"\" \/><\/p>\n<p><img decoding=\"async\" class=\"aligncenter\" src=\"https:\/\/data.adwebcloud.com\/public\/material\/220426a7q47o\/product\/imageFile_1664271866156.jpg\" alt=\"\" \/><\/p>\n<p><img decoding=\"async\" class=\"aligncenter\" src=\"https:\/\/data.adwebcloud.com\/public\/material\/220426a7q47o\/product\/imageFile_1664271866969.jpg\" alt=\"\" \/><\/p>\n<p>FAQ<br \/>F: Was ist Labradorit-Blaugranit?<br \/>A: Labradorit-Granit ist ein Naturstein, der haupts\u00e4chlich aus Labradorit-Feldspat und verschiedenen anderen Mineralien besteht.<\/p>\n<p>F: Welche Farbe hat Labradorit-Granit?<br \/>A: Wie der Name schon sagt, hat Labradorit-Granit einen bl\u00e4ulich-grauen Farbton mit schillernden Blau-, Gr\u00fcn- und Goldblitzen.<\/p>\n<p>F: Woher wird Labradorit-Granit bezogen?<br \/>A: Labradorit-Granit wird aus Steinbr\u00fcchen gewonnen, die sich haupts\u00e4chlich in Madagaskar und Brasilien befinden.<\/p>\n<p>F: Was sind die h\u00e4ufigsten Verwendungszwecke von Labradorit-Granit?<br \/>A: Labradoritblauer Granit wird h\u00e4ufig f\u00fcr K\u00fcchenarbeitsplatten, Badezimmerwaschtische, Fu\u00dfb\u00f6den und Kaminumrandungen verwendet. Es wird auch im Landschaftsbau und bei Au\u00dfenprojekten eingesetzt.<\/p>\n<p>F: Ist Labradorit-Granit ein langlebiges Material?<br \/>A: Ja, Labradorit-Granit ist ein \u00e4u\u00dferst haltbares Material, das kratz-, hitze- und fleckenbest\u00e4ndig ist. Au\u00dferdem ist es bei regelm\u00e4\u00dfiger Reinigung leicht zu pflegen.<\/p>\n<p>F: Kann Labradorit-Granit im Au\u00dfenbereich verwendet werden?<br \/>A: Ja, Labradorit-Granit ist f\u00fcr den Au\u00dfenbereich geeignet, da er witterungs- und UV-best\u00e4ndig ist.<\/p>\n<p>F: Ist Labradorit-Granit teuer?<br \/>A: Labradorit-Granit ist ein preisg\u00fcnstiger Stein. Die Kosten k\u00f6nnen je nach Qualit\u00e4t des Steins, der Gr\u00f6\u00dfe des Projekts und dem Standort des Lieferanten variieren.<\/p>\n<p>F: Wie kann ich die Sch\u00f6nheit meiner Arbeitsplatten aus Labradorite Blue Granite bewahren?<br \/>A: Um die Sch\u00f6nheit Ihrer Labradorit-Granit-Arbeitsplatten zu erhalten, reinigen Sie sie regelm\u00e4\u00dfig mit einer milden Seifen- und Wasserl\u00f6sung. Vermeiden Sie die Verwendung scharfer Chemikalien oder Scheuermittel, die die Steinoberfl\u00e4che besch\u00e4digen k\u00f6nnen. Versiegeln Sie die Arbeitsplatten au\u00dferdem j\u00e4hrlich neu, um Flecken und Wassersch\u00e4den zu vermeiden.<\/p>","protected":false},"excerpt":{"rendered":"<p>Labradorit Blue Granite besteht haupts\u00e4chlich aus Omphacit, die Textur ist zart und das Licht ist super vertr\u00e4umt, eisdurchdringend, und die Wassers\u00e4ule ist ausgezeichnet, zur\u00fcckhaltend, aber nicht langweilig, elegant, aber unaufdringlich, der blaue Jadeit ist genauso sch\u00f6n und vertr\u00e4umt wie die Farbe des Meeres und des Himmels. Verglichen \u2026<\/p><\/p>","protected":false},"featured_media":5810,"comment_status":"closed","ping_status":"closed","template":"","meta":[],"product_brand":[],"product_cat":[205],"product_tag":[176,200,177,206,178,180,181,182],"class_list":{"0":"post-2800","1":"product","2":"type-product","3":"status-publish","4":"has-post-thumbnail","6":"product_cat-granite","7":"product_tag-bathrooms","8":"product_tag-blue","9":"product_tag-floors","10":"product_tag-granite","11":"product_tag-kitchens","12":"product_tag-slabs","13":"product_tag-tiles","14":"product_tag-walls","16":"first","17":"instock","18":"product-type-simple"},"_links":{"self":[{"href":"https:\/\/www.quartzite-stone.com\/de\/wp-json\/wp\/v2\/product\/2800","targetHints":{"allow":["GET"]}}],"collection":[{"href":"https:\/\/www.quartzite-stone.com\/de\/wp-json\/wp\/v2\/product"}],"about":[{"href":"https:\/\/www.quartzite-stone.com\/de\/wp-json\/wp\/v2\/types\/product"}],"replies":[{"embeddable":true,"href":"https:\/\/www.quartzite-stone.com\/de\/wp-json\/wp\/v2\/comments?post=2800"}],"wp:featuredmedia":[{"embeddable":true,"href":"https:\/\/www.quartzite-stone.com\/de\/wp-json\/wp\/v2\/media\/5810"}],"wp:attachment":[{"href":"https:\/\/www.quartzite-stone.com\/de\/wp-json\/wp\/v2\/media?parent=2800"}],"wp:term":[{"taxonomy":"product_brand","embeddable":true,"href":"https:\/\/www.quartzite-stone.com\/de\/wp-json\/wp\/v2\/product_brand?post=2800"},{"taxonomy":"product_cat","embeddable":true,"href":"https:\/\/www.quartzite-stone.com\/de\/wp-json\/wp\/v2\/product_cat?post=2800"},{"taxonomy":"product_tag","embeddable":true,"href":"https:\/\/www.quartzite-stone.com\/de\/wp-json\/wp\/v2\/product_tag?post=2800"}],"curies":[{"name":"wp","href":"https:\/\/api.w.org\/{rel}","templated":true}]}}