{"id":2715,"date":"2022-07-04T23:57:22","date_gmt":"2022-07-04T15:57:22","guid":{"rendered":"https:\/\/www.quartzite-stone.com\/product\/oyster-white-quartzite\/"},"modified":"2023-06-27T16:28:14","modified_gmt":"2023-06-27T08:28:14","slug":"austernweiser-quarzit","status":"publish","type":"product","link":"https:\/\/www.quartzite-stone.com\/de\/products\/oyster-white-quartzite\/","title":{"rendered":"Austernwei\u00dfer Quarzit"},"content":{"rendered":"<p>WEITERE INFORMATIONEN<\/p>\n<table>\n<tbody>\n<tr>\n<td width=\"124\"><strong>MATERIAL<\/strong><\/td>\n<td width=\"444\">Granit<\/td>\n<\/tr>\n<tr>\n<td width=\"124\"><strong>FARBE<\/strong><\/td>\n<td width=\"444\">Creme<\/td>\n<\/tr>\n<tr>\n<td width=\"124\"><strong>HERKUNFTSLAND<\/strong><\/td>\n<td width=\"444\">Brasilien<\/td>\n<\/tr>\n<tr>\n<td width=\"124\"><strong>OBERFL\u00c4CHENFINISH<\/strong><\/td>\n<td width=\"444\">Poliert, geschliffen, beledert<\/td>\n<\/tr>\n<tr>\n<td width=\"124\"><strong>VERWENDEN<\/strong><\/td>\n<td width=\"444\">K\u00fcchen, Badezimmer, B\u00f6den, W\u00e4nde, Fliesen, Platten<\/td>\n<\/tr>\n<tr>\n<td width=\"124\"><strong>VERF\u00dcGBARKEIT<\/strong><\/td>\n<td width=\"444\">Bitte pr\u00fcfen Sie die Verf\u00fcgbarkeit bei HRST STONE vor dem Besuch.<\/p>\n<p>Auch Steinproben sind nicht f\u00fcr jede Steinauswahl verf\u00fcgbar, bitte erkundigen Sie sich nach der Verf\u00fcgbarkeit.<\/p>\n<\/td>\n<\/tr>\n<\/tbody>\n<\/table>\n<p>Oyster White Quartzite sieht mit seinen geschichteten, strukturierten und gesprenkelten Mustern modern aus - \"Spezialeffekte\", die die Natur seit Jahrtausenden bietet. Die Farben dieses Marmors, von wei\u00df bis hell- und dunkelgrau, lassen sich f\u00fcr viele Anwendungen mit anderen Materialien kombinieren und f\u00fcr die feinsten Designprojekte verwenden, die einen besonderen Akzent erfordern.<\/p>\n<p>Austernwei\u00dfer Quarzit ist ein wei\u00dfer Naturstein mit hellgrauen, schwarzen und gr\u00fcnen Strukturen. Dieser Stein hat eine gewisse Lichtdurchl\u00e4ssigkeit. Die drei Farben Wei\u00df, Schwarz und Gr\u00fcn auf der Oberfl\u00e4che der Platte sind durchsetzt, und das Bild hat das Gef\u00fchl von Austern.<\/p>\n<p><img decoding=\"async\" class=\"aligncenter\" src=\"https:\/\/data.adwebcloud.com\/public\/material\/220426a7q47o\/product\/imageFile_1664271807933.jpg\" alt=\"\" \/><\/p>\n<p>Die Farbe von Oyster White Quartzite kann von cremewei\u00df bis hellgrau reichen und erinnert an die weichen und subtilen Schattierungen von Austernschalen. Dank dieser neutralen Farbpalette f\u00fcgt er sich nahtlos in verschiedene Designstile und Farbschemata ein. Der Stein weist oft eine leichte Transluzenz auf, die ihm eine einzigartige Tiefe und visuelles Interesse verleiht.<\/p>\n<p>Eines der bemerkenswertesten Merkmale von Austernquarzit ist seine sch\u00f6ne \u00c4derung und Musterung. Er kann zarte Adern in Grau- und Beiget\u00f6nen oder sogar mit einem Hauch von Blassblau oder Gr\u00fcn aufweisen. Diese Adern verleihen dem Stein Dimension und Charakter und sorgen f\u00fcr ein fesselndes und anspruchsvolles Aussehen.<\/p>\n<p><img decoding=\"async\" class=\"aligncenter\" src=\"https:\/\/data.adwebcloud.com\/public\/material\/220426a7q47o\/product\/imageFile_1664271808809.jpg\" alt=\"\" \/><\/p>\n<p>Oyster White Quartzite ist nicht nur \u00e4sthetisch ansprechend, sondern bietet auch eine hervorragende Haltbarkeit und Leistung. Er ist sehr widerstandsf\u00e4hig gegen Hitze, Kratzer und Flecken und eignet sich daher f\u00fcr eine Vielzahl von Anwendungen. Er wird h\u00e4ufig f\u00fcr Arbeitsplatten, Aufkantungen, Fu\u00dfb\u00f6den und Wandverkleidungen sowohl im privaten als auch im gewerblichen Bereich verwendet.<\/p>\n<p>Oyster White Quartzite bietet ein zeitloses und klassisches Aussehen, das es vielseitig f\u00fcr eine Vielzahl von Inneneinrichtungsthemen einsetzbar macht. Er l\u00e4sst sich gut mit verschiedenen Schrankoberfl\u00e4chen, Bodenbel\u00e4gen und dekorativen Elementen kombinieren und bietet so unendlich viele M\u00f6glichkeiten, elegante und stimmige R\u00e4ume zu schaffen.<\/p>\n<p><img decoding=\"async\" class=\"aligncenter\" src=\"https:\/\/data.adwebcloud.com\/public\/material\/220426a7q47o\/product\/imageFile_1664271809722.jpg\" alt=\"\" \/><\/p>\n<p>Oyster White Quartzite bietet ein zeitloses und klassisches Aussehen, das es vielseitig f\u00fcr eine Vielzahl von Inneneinrichtungsthemen einsetzbar macht. Er l\u00e4sst sich gut mit verschiedenen Schrankoberfl\u00e4chen, Bodenbel\u00e4gen und dekorativen Elementen kombinieren und bietet so unendlich viele M\u00f6glichkeiten, elegante und stimmige R\u00e4ume zu schaffen.<\/p>\n<p>Bei der Auswahl von Oyster White Quartzite ist es wichtig zu bedenken, dass Variationen in Farbe, Maserung und Muster dem Naturstein eigen sind. Es ist ratsam, die Platten, die Sie verwenden m\u00f6chten, zu besichtigen und auszuw\u00e4hlen, um sicherzustellen, dass sie den gew\u00fcnschten \u00e4sthetischen Anforderungen entsprechen.<\/p>\n<p>Zusammenfassend l\u00e4sst sich sagen, dass Oyster White Quartzite ein anspruchsvoller und dauerhafter Naturstein mit einer neutralen Farbpalette und einer komplizierten Maserung ist. Seine Vielseitigkeit, kombiniert mit seiner St\u00e4rke und Eleganz, macht ihn zu einer beliebten Wahl, um jedem Wohn- oder Gesch\u00e4ftsraum einen Hauch von Raffinesse zu verleihen.<\/p><\/p>","protected":false},"excerpt":{"rendered":"<p>Oyster White Quartzite sieht mit seinen geschichteten, strukturierten und gesprenkelten Mustern modern aus \u2013 \u201eSpezialeffekte\u201c, die die Natur seit Jahrtausenden bietet. Die Farben dieses Marmors, von Wei\u00df \u00fcber Hell- bis Dunkelgrau, k\u00f6nnen f\u00fcr viele Anwendungen mit anderen Materialien kombiniert und f\u00fcr die \u2026 verwendet werden.<\/p>","protected":false},"featured_media":7322,"comment_status":"closed","ping_status":"closed","template":"","meta":[],"product_brand":[],"product_cat":[195],"product_tag":[1023,1024,1025,1026,1028,1027,1029,1030],"class_list":{"0":"post-2715","1":"product","2":"type-product","3":"status-publish","4":"has-post-thumbnail","6":"product_cat-quartzite","7":"product_tag-oyster-white-quartzite-bathrooms","8":"product_tag-oyster-white-quartzite-countertop","9":"product_tag-oyster-white-quartzite-floors","10":"product_tag-oyster-white-quartzite-kitchens","11":"product_tag-oyster-white-quartzite-slabs","12":"product_tag-oyster-white-quartzite-table","13":"product_tag-oyster-white-quartzite-tiles","14":"product_tag-oyster-white-quartzite-walls","16":"first","17":"instock","18":"product-type-simple"},"_links":{"self":[{"href":"https:\/\/www.quartzite-stone.com\/de\/wp-json\/wp\/v2\/product\/2715","targetHints":{"allow":["GET"]}}],"collection":[{"href":"https:\/\/www.quartzite-stone.com\/de\/wp-json\/wp\/v2\/product"}],"about":[{"href":"https:\/\/www.quartzite-stone.com\/de\/wp-json\/wp\/v2\/types\/product"}],"replies":[{"embeddable":true,"href":"https:\/\/www.quartzite-stone.com\/de\/wp-json\/wp\/v2\/comments?post=2715"}],"wp:featuredmedia":[{"embeddable":true,"href":"https:\/\/www.quartzite-stone.com\/de\/wp-json\/wp\/v2\/media\/7322"}],"wp:attachment":[{"href":"https:\/\/www.quartzite-stone.com\/de\/wp-json\/wp\/v2\/media?parent=2715"}],"wp:term":[{"taxonomy":"product_brand","embeddable":true,"href":"https:\/\/www.quartzite-stone.com\/de\/wp-json\/wp\/v2\/product_brand?post=2715"},{"taxonomy":"product_cat","embeddable":true,"href":"https:\/\/www.quartzite-stone.com\/de\/wp-json\/wp\/v2\/product_cat?post=2715"},{"taxonomy":"product_tag","embeddable":true,"href":"https:\/\/www.quartzite-stone.com\/de\/wp-json\/wp\/v2\/product_tag?post=2715"}],"curies":[{"name":"wp","href":"https:\/\/api.w.org\/{rel}","templated":true}]}}