{"id":2707,"date":"2022-07-04T23:57:22","date_gmt":"2022-07-04T15:57:22","guid":{"rendered":"https:\/\/www.quartzite-stone.com\/product\/allure-quartzite\/"},"modified":"2023-07-07T16:00:42","modified_gmt":"2023-07-07T08:00:42","slug":"verfuhrerischer-quarzit","status":"publish","type":"product","link":"https:\/\/www.quartzite-stone.com\/de\/products\/allure-quartzite\/","title":{"rendered":"Allure Quarzit"},"content":{"rendered":"<h3 style=\"font-size: 19px\">Allure Quarzit-Arbeitsplatte Einf\u00fchrung<\/h3>\n<p>Allure-Quarzit ist derzeit das am h\u00e4ufigsten verwendete Material f\u00fcr K\u00fcchenarbeitsplatten, ein Muss f\u00fcr 80% der Haushalte. Es handelt sich um eine neue Art von Stein, der k\u00fcnstlich aus mehr als 90% Quarzkristallen sowie Harz und anderen Spurenelementen synthetisiert wird.<\/p>\n<p>Allure-Quarzit ist eine Art von Naturstein, der f\u00fcr sein einzigartiges und auff\u00e4lliges Aussehen bekannt ist. Es handelt sich um ein metamorphes Gestein, das sich bildet, wenn Sandstein im Laufe der Zeit gro\u00dfer Hitze und hohem Druck ausgesetzt wird. Das daraus resultierende Gestein hat eine breite Palette von Farben, darunter Wei\u00df, Grau, Blau und Gr\u00fcn, mit Adern und Strudeln in kontrastierenden Farben.<\/p>\n<p>Eine der wichtigsten Eigenschaften von Allure-Quarzit ist seine Langlebigkeit und Widerstandsf\u00e4higkeit gegen Kratzer, Hitze und Flecken, was ihn zu einer beliebten Wahl f\u00fcr K\u00fcchenarbeitsplatten, Aufkantungen und Fu\u00dfb\u00f6den macht. Er kann auch f\u00fcr dekorative Zwecke wie Wandverkleidungen und Akzentteile verwendet werden.<\/p>\n<p>Wie alle Natursteine erfordert auch Allure-Quarzit die richtige Pflege, um seine Sch\u00f6nheit und Haltbarkeit zu erhalten. Es wird empfohlen, ihn mit einer milden Seife und warmem Wasser zu reinigen und scharfe Chemikalien oder Scheuermittel zu vermeiden, die die Oberfl\u00e4che des Steins besch\u00e4digen k\u00f6nnen. Es ist auch wichtig, den Stein regelm\u00e4\u00dfig neu zu versiegeln, um zu verhindern, dass Flecken und Feuchtigkeit in die Oberfl\u00e4che eindringen.<\/p>\n<\/p>\n<p>&nbsp;<\/p>\n<p>WEITERE INFORMATIONEN<\/p>\n<table>\n<tbody>\n<tr>\n<td width=\"124\"><strong>MATERIAL<\/strong><\/td>\n<td width=\"444\">Quarzit<\/td>\n<\/tr>\n<tr>\n<td width=\"124\"><strong>FARBE<\/strong><\/td>\n<td width=\"444\">Blau<\/td>\n<\/tr>\n<tr>\n<td width=\"124\"><strong>HERKUNFTSLAND<\/strong><\/td>\n<td width=\"444\">Brasilien<\/td>\n<\/tr>\n<tr>\n<td width=\"124\"><strong>OBERFL\u00c4CHENFINISH<\/strong><\/td>\n<td width=\"444\">Poliert, geschliffen, beledert<\/td>\n<\/tr>\n<tr>\n<td width=\"124\"><strong>VERWENDEN<\/strong><\/td>\n<td width=\"444\">K\u00fcchen, Badezimmer, B\u00f6den, W\u00e4nde, Fliesen, Platten<\/td>\n<\/tr>\n<tr>\n<td width=\"124\"><strong>VERF\u00dcGBARKEIT<\/strong><\/td>\n<td width=\"444\">Bitte pr\u00fcfen Sie die Verf\u00fcgbarkeit bei HRST STONE vor dem Besuch.<\/p>\n<p>Auch Steinproben sind nicht f\u00fcr jede Steinauswahl verf\u00fcgbar, bitte erkundigen Sie sich nach der Verf\u00fcgbarkeit.<\/p>\n<\/td>\n<\/tr>\n<\/tbody>\n<\/table>\n<p>&nbsp;<\/p>\n<p><img decoding=\"async\" class=\"aligncenter\" src=\"https:\/\/data.adwebcloud.com\/public\/material\/220426a7q47o\/product\/imageFile_1664271805226.jpg\" alt=\"\" \/><\/p>\n<p><img decoding=\"async\" class=\"aligncenter\" src=\"https:\/\/data.adwebcloud.com\/public\/material\/220426a7q47o\/product\/imageFile_1664271806105.jpg\" alt=\"\" \/><\/p>\n<p><p>Allure Quartzite ist ein auffallend intensives Farbspektrum von sehr tiefem bis hellem Blau auf wei\u00df-grauem Hintergrund, akzentuiert mit wei\u00dfen Wellen, exotischer Quarzit, der in Brasilien abgebaut wird. Dieser Stein eignet sich besonders gut f\u00fcr Arbeitsplatten, Waschtischplatten, Barabdeckungen, Treppen, Wand- und Bodenfliesen, Mosaike und andere Designprojekte.<\/p>\n<p>&nbsp;<\/p>\n<p>Allure Quarzit ist ein kostbares und<a href=\"https:\/\/www.quartzite-stone.com\/de\/produkte-2\/\"> beliebter Quarzit<\/a> Der Stein wird in Brasilien abgebaut und weist verschiedene Blaut\u00f6ne und rotbraune Maserungen auf, was ihn zu einem wirklich einzigartigen und beneidenswerten Kunstwerk der Natur macht. Als Teil einer K\u00fcchentheke, eines Badezimmer-Waschbeckens, einer Badewanne oder Dusche, eines Kamins oder eines Wohnraums im Freien wird er sicher beeindrucken.<\/p>\n<p>&nbsp;<\/p>\n<p>Allure Quartzite ist eine ausgezeichnete Wahl f\u00fcr Hausbesitzer, die eine neutrale Farbpalette bevorzugen, sich aber einen Farbtupfer w\u00fcnschen, der ihnen zus\u00e4tzliche Pers\u00f6nlichkeit verleiht.<\/p>\n<\/p>\n<p><img decoding=\"async\" class=\"aligncenter\" src=\"https:\/\/data.adwebcloud.com\/public\/material\/220426a7q47o\/product\/imageFile_1664271807041.jpg\" alt=\"\" \/><\/p>\n<h3 style=\"font-size: 19px\">Vorteile von allure quartzite<\/h3>\n<ol>\n<li>Hohe H\u00e4rte. Die H\u00e4rte von Allure-Quarzit ist relativ hoch, und seine H\u00e4rte ist \u00e4hnlich hoch wie die von Diamant.<\/li>\n<li>Hohe Fleckenbest\u00e4ndigkeit. Bei der Auswahl einer K\u00fcchenarbeitsplatte kommt es vor allem darauf an, ob die Fleckenbest\u00e4ndigkeit gut ist oder nicht. Wenn die Zutaten, die beim t\u00e4glichen Kochen verwendet werden, auf die Arbeitsplatte gelangen und in das Innere eindringen, beeintr\u00e4chtigt dies nicht nur die \u00c4sthetik, sondern zeigt auch, dass die Qualit\u00e4t nicht ausreichend ist.<\/li>\n<li>Abriebfest, kratzfest, hochwertig, sch\u00f6n, strahlungsfrei, nat\u00fcrlich und umweltfreundlich.<\/li>\n<\/ol>\n<h3 style=\"font-size: 19px\">Allure Quarzit t\u00e4gliche Pflege<\/h3>\n<ol>\n<li>\n<h3><span style=\"font-size: 16px\">T\u00e4gliche Wartung<\/span><\/h3>\n<\/li>\n<\/ol>\n<p>Allure-Quarzit ist ein gr\u00fcner und umweltfreundlicher Stein. Das Produkt ist nicht radioaktiv, und die Lebensmittel k\u00f6nnen direkt mit der Oberfl\u00e4che in Ber\u00fchrung kommen. Es wird h\u00e4ufig f\u00fcr Schr\u00e4nke, Esstische und andere Bereiche verwendet. \u00d6lflecken, Kaffeeflecken, Wein- und Essigflecken, Zucker- und Salzflecken usw. lassen sich nicht vermeiden und werden schlampig. In diesem Fall kann die Arbeitsplatte nur durch Abwischen mit warmem Wasser und Seifenlauge gereinigt und aufger\u00e4umt werden. Bei hartn\u00e4ckigen Flecken k\u00f6nnen Sie einen Scheuerschwamm verwenden, um sie zu entfernen.<\/p>\n<ol start=\"2\">\n<li>\n<h3><span style=\"font-size: 16px\">Wasserflecken und Rost entfernen<\/span><\/h3>\n<\/li>\n<\/ol>\n<p>Da in der K\u00fcche viel Metallkochgeschirr steht, sind l\u00e4stige Wasserflecken und Rost auf der Arbeitsplatte unvermeidlich. Um diese Rostflecken zu beseitigen, k\u00f6nnen Sie die Oberfl\u00e4chenflecken mit einem feuchten Tuch abschrubben, dann den Fleck etwa 10 Minuten lang mit Zahnpasta, wei\u00dfem Essig oder 84 Desinfektionsmittel einweichen und anschlie\u00dfend mit einem Tuch schrubben, damit sich die Flecken leicht entfernen lassen.<\/p>\n<ol start=\"3\">\n<li>\n<h3><span style=\"font-size: 16px\">Klare Tintenhandschrift<\/span><\/h3>\n<\/li>\n<\/ol>\n<p>Die Tintenhandschrift kann mit einem Radiergummi gel\u00f6scht werden, nachdem die Oberfl\u00e4chenflecken mit einem feuchten Tuch gereinigt wurden. Wenn noch Spuren vorhanden sind, verwenden Sie Waschpulver und Wasser im Verh\u00e4ltnis 1:0,5, wodurch das gemischte Waschpulver klebrig wird und eine gewisse Reibungskraft hat. Lassen Sie das vorbereitete Waschpulver etwa 5 Minuten lang auf der Arbeitsplatte einwirken und b\u00fcrsten Sie es dann mit einer kleinen B\u00fcrste ab, bis die Flecken entfernt sind, und sp\u00fclen Sie anschlie\u00dfend mit klarem Wasser nach.<\/p>\n<ol start=\"4\">\n<li>\n<h3><span style=\"font-size: 16px\">Vermeiden Sie hohe Temperaturen<\/span><\/h3>\n<\/li>\n<\/ol>\n<p>Allure-Quarzit besteht zum gr\u00f6\u00dften Teil aus Quarzsand und zu einem geringen Teil aus Harz, das mit Pigmenten und Beschleunigern in mehreren strengen Produktionsprozessen kombiniert wird. Es ist genial und hat eine bessere Hitzebest\u00e4ndigkeit als die Oberfl\u00e4che anderer Materialien. Allerdings hat Harz thermische Ausdehnungs- und Schrumpfungseigenschaften. Im t\u00e4glichen Gebrauch kann die Verwendung von W\u00e4rmeisolierpads und W\u00e4rmeisolierstativen die Oberfl\u00e4che der Arbeitsplatte, insbesondere die Kanten, besser sch\u00fctzen und pl\u00f6tzliche Risse in der Arbeitsplatte aufgrund von hohen Temperaturen vermeiden.<\/p>\n<ol start=\"5\">\n<li>\n<h3><span style=\"font-size: 16px\">Vermeiden Sie heftiges Schaben oder Sto\u00dfen<\/span><\/h3>\n<\/li>\n<\/ol>\n<p>Im t\u00e4glichen Gebrauch sollte Allure Quarzit auch Kratzer durch starke \u00e4u\u00dfere Kr\u00e4fte vermeiden. Vermeiden Sie es beispielsweise, die Arbeitsplatte mit einer Stahldrahtkugel zu schrubben, schneiden Sie Gem\u00fcse nicht direkt auf der Arbeitsplatte, sondern legen Sie ein dickes Tuch und dann ein Schneidebrett auf, wenn Sie Gem\u00fcse schneiden; verwenden Sie keine mechanische Gewalt wie ein Messer oder eine Bohrmaschine, um sie zu ersch\u00fcttern.<\/p>\n<ol start=\"6\">\n<li>\n<h3><span style=\"font-size: 16px\">Wasserdicht<\/span><\/h3>\n<\/li>\n<\/ol>\n<p>Wenn Wasserflecken auf der Oberfl\u00e4che von hochwertigem Allure-Quarzit auftauchen, verfl\u00fcchtigen sie sich f\u00fcr eine gewisse Zeit und sickern nicht durch. Verschiedene Fleckensubstanzen selbst haben keinen Einfluss auf Quarzit. Nur wenn der Fleck mit Wasser in Ber\u00fchrung kommt und sich chemisch ver\u00e4ndert, kommt es zu F\u00e4rbe- und Verschmutzungsproblemen. Dar\u00fcber hinaus ist eine dauerhaft feuchte Umgebung besonders anf\u00e4llig f\u00fcr gesundheitssch\u00e4dliche Bakterien. Wasserflecken sind der schlimmste Feind von Allure-Quarzit-Arbeitsplatten, daher ist es besonders wichtig, dass die Arbeitsplatte bel\u00fcftet und trocken gehalten wird.<\/p>\n<ol start=\"7\">\n<li>\n<h3><span style=\"font-size: 16px\">Korrosionsbest\u00e4ndigkeit<\/span><\/h3>\n<\/li>\n<\/ol>\n<p>H\u00fcten Sie sich vor aggressiven Chemikalien, die mit allure Quarzit-Arbeitsplatten in Ber\u00fchrung kommen, wie z. B. Farbentferner, Metallreiniger, Ofenreiniger, Methylenchlorid, Aceton (Nagellackentferner), stark s\u00e4urehaltige Reinigungsmittel usw.<\/p><\/p>","protected":false},"excerpt":{"rendered":"<p>Allure Quartzite besticht durch seine intensive Farbpalette von sehr tief bis hellblau auf einem wei\u00dfgrauen Hintergrund, akzentuiert durch wei\u00dfe Wellen aus exotischem Quarzit, der in Brasilien abgebaut wird. Dieser Stein eignet sich besonders gut f\u00fcr Arbeitsplatten, Waschtischplatten, Baroberfl\u00e4chen, Treppen, Wand- und Bodenfliesen, Mosaike und andere Designs \u2026<\/p><\/p>","protected":false},"featured_media":7770,"comment_status":"closed","ping_status":"closed","template":"","meta":[],"product_brand":[],"product_cat":[195],"product_tag":[1119,1127,1121,1122,1277,1123,1124,1125,1126,1278],"class_list":{"0":"post-2707","1":"product","2":"type-product","3":"status-publish","4":"has-post-thumbnail","6":"product_cat-quartzite","7":"product_tag-allure-quartzite-bathrooms","8":"product_tag-allure-quartzite-countertop","9":"product_tag-allure-quartzite-floors","10":"product_tag-allure-quartzite-kitchens","11":"product_tag-allure-quartzite-made-in-china","12":"product_tag-allure-quartzite-price","13":"product_tag-allure-quartzite-slabs","14":"product_tag-allure-quartzite-tiles","15":"product_tag-allure-quartzite-walls","16":"product_tag-china-allure-quartzite","18":"first","19":"instock","20":"product-type-simple"},"_links":{"self":[{"href":"https:\/\/www.quartzite-stone.com\/de\/wp-json\/wp\/v2\/product\/2707","targetHints":{"allow":["GET"]}}],"collection":[{"href":"https:\/\/www.quartzite-stone.com\/de\/wp-json\/wp\/v2\/product"}],"about":[{"href":"https:\/\/www.quartzite-stone.com\/de\/wp-json\/wp\/v2\/types\/product"}],"replies":[{"embeddable":true,"href":"https:\/\/www.quartzite-stone.com\/de\/wp-json\/wp\/v2\/comments?post=2707"}],"wp:featuredmedia":[{"embeddable":true,"href":"https:\/\/www.quartzite-stone.com\/de\/wp-json\/wp\/v2\/media\/7770"}],"wp:attachment":[{"href":"https:\/\/www.quartzite-stone.com\/de\/wp-json\/wp\/v2\/media?parent=2707"}],"wp:term":[{"taxonomy":"product_brand","embeddable":true,"href":"https:\/\/www.quartzite-stone.com\/de\/wp-json\/wp\/v2\/product_brand?post=2707"},{"taxonomy":"product_cat","embeddable":true,"href":"https:\/\/www.quartzite-stone.com\/de\/wp-json\/wp\/v2\/product_cat?post=2707"},{"taxonomy":"product_tag","embeddable":true,"href":"https:\/\/www.quartzite-stone.com\/de\/wp-json\/wp\/v2\/product_tag?post=2707"}],"curies":[{"name":"wp","href":"https:\/\/api.w.org\/{rel}","templated":true}]}}