{"id":2671,"date":"2022-07-04T23:55:55","date_gmt":"2022-07-04T15:55:55","guid":{"rendered":"https:\/\/www.quartzite-stone.com\/product\/arctic-ocean-quartzite\/"},"modified":"2023-06-27T17:59:14","modified_gmt":"2023-06-27T09:59:14","slug":"arktischer-ozean-quarzit","status":"publish","type":"product","link":"https:\/\/www.quartzite-stone.com\/de\/products\/arctic-ocean-quartzite\/","title":{"rendered":"Quarzit aus dem Arktischen Ozean"},"content":{"rendered":"<p>WEITERE INFORMATIONEN<\/p>\n<table>\n<tbody>\n<tr>\n<td width=\"124\"><strong>MATERIAL<\/strong><\/td>\n<td width=\"444\">Quarzit<\/td>\n<\/tr>\n<tr>\n<td width=\"124\"><strong>FARBE<\/strong><\/td>\n<td width=\"444\">Grau<\/td>\n<\/tr>\n<tr>\n<td width=\"124\"><strong>HERKUNFTSLAND<\/strong><\/td>\n<td width=\"444\">Brasilien<\/td>\n<\/tr>\n<tr>\n<td width=\"124\"><strong>OBERFL\u00c4CHENFINISH<\/strong><\/td>\n<td width=\"444\">Poliert, geschliffen, beledert<\/td>\n<\/tr>\n<tr>\n<td width=\"124\"><strong>VERWENDEN<\/strong><\/td>\n<td width=\"444\">K\u00fcchen, Badezimmer, B\u00f6den, W\u00e4nde, Fliesen, Platten<\/td>\n<\/tr>\n<tr>\n<td width=\"124\"><strong>VERF\u00dcGBARKEIT<\/strong><\/td>\n<td width=\"444\">Bitte pr\u00fcfen Sie die Verf\u00fcgbarkeit bei HRST STONE vor dem Besuch.<\/p>\n<p>Auch Steinproben sind nicht f\u00fcr jede Steinauswahl verf\u00fcgbar, bitte erkundigen Sie sich nach der Verf\u00fcgbarkeit.<\/p>\n<\/td>\n<\/tr>\n<\/tbody>\n<\/table>\n<p>Quarzit aus dem Arktischen Ozean ist ein Naturstein mit diagonalen Streifen in milden Wei\u00df- und Graut\u00f6nen mit weit verbreiteten schwarzen Streifen. Die einzigartige, gletschergraue Hintergrundfarbe von Arctic Ocean Quartzite, hochwertig und doch warm, gemischt mit schwarzer Textur, verst\u00e4rkt sofort die W\u00e4rme des eisgrauen Stils und dringt in jede Ecke dieser Unbefangenheit ein, ganz so, als w\u00fcrde man die Sch\u00f6nheit der Natur mit der Natur verbinden Die Mission der Steinvormundschaft ist es, in das Haus einzuziehen.<\/p>\n<p>Naturstein selbst hat die Vorteile von Antifouling-, Anti-Kratz-, Gesundheits- und anderen Materialien, die andere Materialien nicht haben, und ist im ruhigen Traumraum beruhigender.<\/p>\n<p>Blue Arctic Ocean Quartzite eignet sich f\u00fcr eine Vielzahl von Innen- und Au\u00dfenprojekten: Erstellen Sie auff\u00e4llige, kr\u00e4ftige und sch\u00f6ne Granit-Arbeitsplatten. Der Arctic Ocean ist ein dunkel get\u00f6nter Marmor mit halbwei\u00dfem Hintergrund, der in Kanada abgebaut wird. Dieser Stein eignet sich besonders f\u00fcr Bausteine, Waschbecken, Denkm\u00e4ler, Pooloberfl\u00e4chen, Fensterb\u00e4nke, Ziersteine, Innen- und Au\u00dfenbereiche, W\u00e4nde, B\u00f6den, Pflaster und andere Designprojekte. Auf dem chinesischen Steinmarkt auch als Arktischer Ozean, Arktischer Ozean-Quarzit, Spirited Away bekannt: Spirited Away (Qi\u0101n y\u01d4 qi\u0101n x\u00fan), Arktischer Ozean (B\u011bib\u012bngy\u00e1ng). In manchen Quellen auch Quarzit genannt.<\/p>\n<p>Arktischer Ozeanquarzit ist ein Naturstein mit klar definierten blasswei\u00dfen und grauen Schr\u00e4gfl\u00fcssen und einem durchdringenden schwarzen Fluss.<\/p>\n<p>&nbsp;<\/p>\n<p>Merkmale:<\/p>\n<p>Biege- und Schlagfestigkeit, starke Tragf\u00e4higkeit<\/p>\n<p>Exquisite Verarbeitung, hervorragende Rutschfestigkeit<\/p>\n<p>Quarzit aus dem Arktischen Ozean, feuerfest und hochtemperaturbest\u00e4ndig<\/p>\n<p>Gute Abriebfestigkeit, langlebig<\/p>\n<p>Dicht und dick, super Antifouling<\/p>\n<p>Doppelte Null-Wasseraufnahme, wasserdicht und feuchtigkeitsbest\u00e4ndig<\/p>\n<p>Die Textur ist fortgeschritten und die Atmosph\u00e4re f\u00fchlt sich warm an<\/p>\n<p>Streng dichte N\u00e4hte, hohe Ebenheit<\/p>\n<p><img decoding=\"async\" class=\"aligncenter\" src=\"https:\/\/data.adwebcloud.com\/public\/material\/220426a7q47o\/product\/imageFile_1664271784238.jpg\" alt=\"\" \/><\/p>\n<p><img decoding=\"async\" class=\"aligncenter\" src=\"https:\/\/data.adwebcloud.com\/public\/material\/220426a7q47o\/product\/imageFile_1664271785117.jpg\" alt=\"\" \/><\/p>\n<p><img decoding=\"async\" class=\"aligncenter\" src=\"https:\/\/data.adwebcloud.com\/public\/material\/220426a7q47o\/product\/imageFile_1664271787650.jpg\" alt=\"\" \/><\/p>\n<p><img decoding=\"async\" class=\"aligncenter\" src=\"https:\/\/data.adwebcloud.com\/public\/material\/220426a7q47o\/product\/imageFile_1664271788680.jpg\" alt=\"\" \/><\/p>\n<p>&nbsp;<\/p><\/p>","protected":false},"excerpt":{"rendered":"<p>Quarzit aus dem Arktischen Ozean ist ein Naturstein mit diagonalen Streifen in milden Wei\u00df- und Graut\u00f6nen mit weit verbreiteten schwarzen Streifen. Die einzigartige gletschergraue Hintergrundfarbe von Arctic Ocean Quartzite, hochwertig und dennoch warm, gemischt mit schwarzer Textur, verst\u00e4rkt sofort die W\u00e4rme des eisgrauen \u2026<\/p>","protected":false},"featured_media":7519,"comment_status":"closed","ping_status":"closed","template":"","meta":[],"product_brand":[],"product_cat":[195],"product_tag":[1128,1132,1130,1131,1136,1133,1134,1135,1006],"class_list":{"0":"post-2671","1":"product","2":"type-product","3":"status-publish","4":"has-post-thumbnail","6":"product_cat-quartzite","7":"product_tag-arctic-ocean-quartzite-bathrooms","8":"product_tag-arctic-ocean-quartzite-countertop","9":"product_tag-arctic-ocean-quartzite-floors","10":"product_tag-arctic-ocean-quartzite-kitchens","11":"product_tag-arctic-ocean-quartzite-price","12":"product_tag-arctic-ocean-quartzite-slabs","13":"product_tag-arctic-ocean-quartzite-tiles","14":"product_tag-arctic-ocean-quartzite-walls","15":"product_tag-grey-quartzite","17":"first","18":"instock","19":"product-type-simple"},"_links":{"self":[{"href":"https:\/\/www.quartzite-stone.com\/de\/wp-json\/wp\/v2\/product\/2671","targetHints":{"allow":["GET"]}}],"collection":[{"href":"https:\/\/www.quartzite-stone.com\/de\/wp-json\/wp\/v2\/product"}],"about":[{"href":"https:\/\/www.quartzite-stone.com\/de\/wp-json\/wp\/v2\/types\/product"}],"replies":[{"embeddable":true,"href":"https:\/\/www.quartzite-stone.com\/de\/wp-json\/wp\/v2\/comments?post=2671"}],"wp:featuredmedia":[{"embeddable":true,"href":"https:\/\/www.quartzite-stone.com\/de\/wp-json\/wp\/v2\/media\/7519"}],"wp:attachment":[{"href":"https:\/\/www.quartzite-stone.com\/de\/wp-json\/wp\/v2\/media?parent=2671"}],"wp:term":[{"taxonomy":"product_brand","embeddable":true,"href":"https:\/\/www.quartzite-stone.com\/de\/wp-json\/wp\/v2\/product_brand?post=2671"},{"taxonomy":"product_cat","embeddable":true,"href":"https:\/\/www.quartzite-stone.com\/de\/wp-json\/wp\/v2\/product_cat?post=2671"},{"taxonomy":"product_tag","embeddable":true,"href":"https:\/\/www.quartzite-stone.com\/de\/wp-json\/wp\/v2\/product_tag?post=2671"}],"curies":[{"name":"wp","href":"https:\/\/api.w.org\/{rel}","templated":true}]}}