{"id":2661,"date":"2022-07-04T23:54:31","date_gmt":"2022-07-04T15:54:31","guid":{"rendered":"https:\/\/www.quartzite-stone.com\/product\/atlantic-grey-quartzite\/"},"modified":"2023-06-27T17:59:14","modified_gmt":"2023-06-27T09:59:14","slug":"atlantischer-grauer-quarzit","status":"publish","type":"product","link":"https:\/\/www.quartzite-stone.com\/de\/products\/atlantic-grey-quartzite\/","title":{"rendered":"Atlantischer grauer Quarzit"},"content":{"rendered":"<p>WEITERE INFORMATIONEN<\/p>\n<table>\n<tbody>\n<tr>\n<td width=\"124\"><strong>MATERIAL<\/strong><\/td>\n<td width=\"444\">Quarzit<\/td>\n<\/tr>\n<tr>\n<td width=\"124\"><strong>FARBE<\/strong><\/td>\n<td width=\"444\">Grau<\/td>\n<\/tr>\n<tr>\n<td width=\"124\"><strong>HERKUNFTSLAND<\/strong><\/td>\n<td width=\"444\">Brasilien<\/td>\n<\/tr>\n<tr>\n<td width=\"124\"><strong>OBERFL\u00c4CHENFINISH<\/strong><\/td>\n<td width=\"444\">Poliert, geschliffen, beledert<\/td>\n<\/tr>\n<tr>\n<td width=\"124\"><strong>VERWENDEN<\/strong><\/td>\n<td width=\"444\">K\u00fcchen, Badezimmer, B\u00f6den, W\u00e4nde, Fliesen, Platten<\/td>\n<\/tr>\n<tr>\n<td width=\"124\"><strong>VERF\u00dcGBARKEIT<\/strong><\/td>\n<td width=\"444\">Bitte pr\u00fcfen Sie die Verf\u00fcgbarkeit bei HRST STONE vor dem Besuch.<\/p>\n<p>Auch Steinproben sind nicht f\u00fcr jede Steinauswahl verf\u00fcgbar, bitte erkundigen Sie sich nach der Verf\u00fcgbarkeit.<\/p>\n<\/td>\n<\/tr>\n<\/tbody>\n<\/table>\n<p>Atlantikgrauer Quarzit ist ein zartgrauer bis bl\u00e4ulichgrauer historischer Stein mit Adern in gebrochenem Wei\u00df und verblasstem Beige, die eine gewisse Gr\u00f6\u00dfe aufweisen. Quarzit ist eine Alternative f\u00fcr Steinb\u00f6den, die mit Marmor vergleichbare Farbt\u00f6ne und Maserungen aufweist, aber gleichzeitig die ber\u00fchmte Kraft und H\u00e4rte von Granit besitzt. Er eignet sich sowohl f\u00fcr den Innen- als auch f\u00fcr den Au\u00dfenbereich in Industrie- und Wohngeb\u00e4uden.<\/p>\n<p>&nbsp;<\/p>\n<p><img fetchpriority=\"high\" decoding=\"async\" class=\"aligncenter\" src=\"https:\/\/data.adwebcloud.com\/public\/material\/220426a7q47o\/product\/imageFile_1664271780829.jpg\" alt=\"\" width=\"750\" height=\"600\" \/><\/p>\n<p><img decoding=\"async\" class=\"aligncenter\" src=\"https:\/\/data.adwebcloud.com\/public\/material\/220426a7q47o\/product\/imageFile_1664271782160.jpg\" alt=\"\" \/><\/p>\n<p>Dieser Naturstein ist eines der haltbarsten Materialien und eignet sich daher hervorragend f\u00fcr K\u00fcchenarbeitsplatten, B\u00e4der, Wand- und Bodenanwendungen, Treppen, Fensterb\u00e4nke und andere Designprojekte. Vervollst\u00e4ndigen Sie den Schliff. Abmessungen Fliesen werden auf Ma\u00df geschnitten und individuell angepasst. Mit seinem eleganten und atemberaubenden Erscheinungsbild ist dieser Stein eine beliebte Erg\u00e4nzung f\u00fcr H\u00e4user \u00fcberall.<\/p>\n<p>erinnert mit seiner Maserung und F\u00e4rbung an einen Marmor. Dieser extrem dichte und harte Stein kann sowohl im Innen- als auch im Au\u00dfenbereich verwendet werden. Er sieht poliert, geschliffen oder geflammt gro\u00dfartig aus und f\u00e4llt durch seine ausgepr\u00e4gten Graut\u00f6ne sofort ins Auge.<\/p>\n<p><img decoding=\"async\" class=\"aligncenter\" src=\"https:\/\/data.adwebcloud.com\/public\/material\/220426a7q47o\/product\/imageFile_1664271782986.jpg\" alt=\"\" \/><\/p><\/p>","protected":false},"excerpt":{"rendered":"<p>Atlantischer grauer Quarzit ist eine zartgraue bis bl\u00e4ulich-graue Farbe mit Adern in gebrochenem Wei\u00df und verblasstem Beige sowie Graut\u00f6nen. Quarzit ist eine Steinbodenalternative, die mit Marmor vergleichbare Farbt\u00f6ne und Maserungen aufweist, gepaart mit der ber\u00fchmten Kraft und H\u00e4rte von Granit. Es ist \u2026<\/p>","protected":false},"featured_media":7497,"comment_status":"closed","ping_status":"closed","template":"","meta":[],"product_brand":[],"product_cat":[195],"product_tag":[1105,1107,1106,1108,1110,1109,1111,1129,1006],"class_list":{"0":"post-2661","1":"product","2":"type-product","3":"status-publish","4":"has-post-thumbnail","6":"product_cat-quartzite","7":"product_tag-atlantic-grey-quartzite-bathrooms","8":"product_tag-atlantic-grey-quartzite-countertop","9":"product_tag-atlantic-grey-quartzite-floors","10":"product_tag-atlantic-grey-quartzite-kitchens","11":"product_tag-atlantic-grey-quartzite-price","12":"product_tag-atlantic-grey-quartzite-slab","13":"product_tag-atlantic-grey-quartzite-tiles","14":"product_tag-atlantic-grey-quartzite-walls","15":"product_tag-grey-quartzite","17":"first","18":"instock","19":"product-type-simple"},"_links":{"self":[{"href":"https:\/\/www.quartzite-stone.com\/de\/wp-json\/wp\/v2\/product\/2661","targetHints":{"allow":["GET"]}}],"collection":[{"href":"https:\/\/www.quartzite-stone.com\/de\/wp-json\/wp\/v2\/product"}],"about":[{"href":"https:\/\/www.quartzite-stone.com\/de\/wp-json\/wp\/v2\/types\/product"}],"replies":[{"embeddable":true,"href":"https:\/\/www.quartzite-stone.com\/de\/wp-json\/wp\/v2\/comments?post=2661"}],"wp:featuredmedia":[{"embeddable":true,"href":"https:\/\/www.quartzite-stone.com\/de\/wp-json\/wp\/v2\/media\/7497"}],"wp:attachment":[{"href":"https:\/\/www.quartzite-stone.com\/de\/wp-json\/wp\/v2\/media?parent=2661"}],"wp:term":[{"taxonomy":"product_brand","embeddable":true,"href":"https:\/\/www.quartzite-stone.com\/de\/wp-json\/wp\/v2\/product_brand?post=2661"},{"taxonomy":"product_cat","embeddable":true,"href":"https:\/\/www.quartzite-stone.com\/de\/wp-json\/wp\/v2\/product_cat?post=2661"},{"taxonomy":"product_tag","embeddable":true,"href":"https:\/\/www.quartzite-stone.com\/de\/wp-json\/wp\/v2\/product_tag?post=2661"}],"curies":[{"name":"wp","href":"https:\/\/api.w.org\/{rel}","templated":true}]}}