{"id":2623,"date":"2022-07-04T23:53:18","date_gmt":"2022-07-04T15:53:18","guid":{"rendered":"https:\/\/www.quartzite-stone.com\/product\/brazil-infinity-white-quartzite\/"},"modified":"2023-06-27T16:45:17","modified_gmt":"2023-06-27T08:45:17","slug":"brasilien-infinity-weiser-quarzit","status":"publish","type":"product","link":"https:\/\/www.quartzite-stone.com\/de\/products\/brazil-infinity-white-quartzite\/","title":{"rendered":"Unendlicher wei\u00dfer Quarzit"},"content":{"rendered":"<p>WEITERE INFORMATIONEN<\/p>\n<table width=\"568\">\n<tbody>\n<tr>\n<td width=\"148\"><strong>MATERIAL<\/strong><\/td>\n<td width=\"420\">Quarzit<\/td>\n<\/tr>\n<tr>\n<td width=\"148\"><strong>FARBE<\/strong><\/td>\n<td width=\"420\">Wei\u00df mit grauen Adern<\/td>\n<\/tr>\n<tr>\n<td width=\"148\"><strong>HERKUNFTSLAND<\/strong><\/td>\n<td width=\"420\">Brasilien<\/td>\n<\/tr>\n<tr>\n<td width=\"148\"><strong>OBERFL\u00c4CHENFINISH<\/strong><\/td>\n<td width=\"420\">Poliert, geschliffen, beledert<\/td>\n<\/tr>\n<tr>\n<td width=\"148\"><strong>VERWENDEN<\/strong><\/td>\n<td width=\"420\">K\u00fcchen, Badezimmer, B\u00f6den, W\u00e4nde, Kamin, Fliesen, Platten<\/td>\n<\/tr>\n<tr>\n<td width=\"148\"><strong>VERF\u00dcGBARKEIT<\/strong><\/td>\n<td width=\"420\">Bitte erkundigen Sie sich beim HRST-Verkaufsteam nach der Verf\u00fcgbarkeit der Steine.<\/p>\n<p>Auch Steinproben sind nicht f\u00fcr jede Steinauswahl verf\u00fcgbar, bitte erkundigen Sie sich nach der Verf\u00fcgbarkeit.<\/p>\n<\/td>\n<\/tr>\n<\/tbody>\n<\/table>\n<p>Infinity White Quartzite ist ein ungew\u00f6hnlicher Quarzit, der in Brasilien abgebaut wird und einen wei\u00dfen Hintergrund mit dunkleren Adern aufweist. Arbeitsplatten, Denkm\u00e4ler, Mosaike, Wand- und Bodenanwendungen im Au\u00dfen- und Innenbereich, Brunnen, Pool- und Wandverkleidungen, Treppen, Fensterb\u00e4nke und andere Designprojekte profitieren sehr von diesem Stein. Sea Pearl Quartzite, Macaubas White Quartzite, Branco Macaubas Quartzite, Bianco Macaubas Quartzite, Macaubas White Quartzite, White Macabas Quartzite, White Macaubas Quartzite, Quarzito Branco Diamantina Quartzite Polished, Sawn Cut, Sanded, Rockfaced, Sandblasted, Tumbled und weitere Oberfl\u00e4chen sind f\u00fcr Infinity White Quartzite erh\u00e4ltlich.<\/p>\n<p>Wei\u00dfer Quarzit ist ein Naturstein mit einem fast wei\u00dfen Farbton und einem hellgrauen Hintergrund. Es hat auch ausgepr\u00e4gte nat\u00fcrliche Adern. Dieser Quarzit ist aufgrund seiner wundersch\u00f6nen Marmoroptik eine wunderbare Wahl f\u00fcr die Arbeitsplattenoberfl\u00e4che. Aufgrund seiner H\u00e4rte weist es au\u00dferdem eine hohe Strapazierf\u00e4higkeit auf und ist daher f\u00fcr den Einsatz als Bodenbelag geeignet.<\/p>\n<p>Brazil Infinity Wei\u00dfer Quarzit, 30 mm, poliert. Dieser atemberaubende Quarzit mit seinen unglaublichen Graut\u00f6nen ist ein wahres Meisterwerk der Natur. Jede Platte ist ein Unikat.<\/p>\n<\/p>\n<p><img decoding=\"async\" class=\"aligncenter\" src=\"https:\/\/data.adwebcloud.com\/public\/material\/220426a7q47o\/product\/imageFile_1664271842329.jpg\" alt=\"\" \/><\/p>\n<p>Quarzit entsteht im Untergrund, wenn Sandstein Hitze und Druck ausgesetzt wird. Die K\u00f6rner rekristallisieren und verzahnen sich, wodurch sie extrem hart werden und eine mit Granit vergleichbare Haltbarkeit aufweisen. Wir bieten brasilianischen Infinity-wei\u00dfen Quarzit mit einer Tiefe und Einzigartigkeit, die Sie mit Sicherheit beeindrucken wird.<\/p>\n<p>Es ist f\u00fcr sein sch\u00f6nes und exotisches Aussehen und seine extreme H\u00e4rte bekannt und es ist leicht zu erkennen, warum es in stark beanspruchten Bereichen zu einer beliebten Wahl wird.<\/p>\n<p>Verf\u00fcgbare Oberfl\u00e4chen sind in der Regel poliert (Hochglanz), geschliffen (matt\/satiniert) und etwas Edelsteinleder (Lederoptik und -struktur).<\/p>\n<p>Da es sich um einen nat\u00fcrlichen, langlebigen Stein handelt, ist jeder Look ein Unikat, der brasilianische Infinity-wei\u00dfe Quarzit<\/p>\n<p>wird einen bleibenden Eindruck hinterlassen. Vereinbaren Sie einen Termin und schauen Sie sich unser Sortiment an.<\/p>\n<p><img decoding=\"async\" class=\"aligncenter\" src=\"https:\/\/data.adwebcloud.com\/public\/material\/220426a7q47o\/product\/imageFile_1664271843438.jpg\" alt=\"\" \/><\/p>\n<p>Infinity White Quartzite ist eine Art Naturstein, der h\u00e4ufig f\u00fcr Arbeitsplatten, Fu\u00dfb\u00f6den und andere Anwendungen im Innen- und Au\u00dfenbereich verwendet wird. Es ist ein langlebiges und strapazierf\u00e4higes Material, das f\u00fcr seine charakteristischen wei\u00dfen und grauen Maserungsmuster bekannt ist, die von Platte zu Platte variieren k\u00f6nnen. Quarzit ist ein metamorphes Gestein, das sich unter starker Hitze und Druck aus Sandstein bildet, wodurch seine Quarzk\u00f6rner rekristallisieren und zu einem harten, dichten Material verschmelzen.<\/p>\n<\/p>\n<p><img decoding=\"async\" class=\"aligncenter\" src=\"https:\/\/data.adwebcloud.com\/public\/material\/220426a7q47o\/product\/imageFile_1664271845220.jpg\" alt=\"\" \/><\/p>\n<p>Infinity White Quartzite ist eine beliebte Wahl f\u00fcr diejenigen, die einen Naturstein mit dem Aussehen von Marmor, aber mit der Haltbarkeit und Widerstandsf\u00e4higkeit von Granit suchen. Es ist relativ leicht zu pflegen und zu reinigen und resistent gegen Hitze, Kratzer und Flecken. Allerdings empfiehlt es sich, wie bei allen Natursteinen, auf s\u00e4urehaltige Substanzen wie Essig oder Zitronensaft zu verzichten, da diese mit der Zeit die Oberfl\u00e4che ver\u00e4tzen k\u00f6nnen. Es ist wichtig, Quarzit richtig zu versiegeln und zu pflegen, um seine Langlebigkeit und Sch\u00f6nheit zu gew\u00e4hrleisten.<\/p>\n<p><img decoding=\"async\" class=\"aligncenter\" src=\"https:\/\/data.adwebcloud.com\/public\/material\/220426a7q47o\/product\/imageFile_1664271846238.jpg\" alt=\"\" \/><\/p>\n<h3 style=\"font-size: 19px\">Anwendungsszenarien von Infinity White Quarzit<\/h3>\n<p>Infinity-Quarzit eignet sich f\u00fcr eine Vielzahl von Anwendungen, darunter:<\/p>\n<ol style=\"list-style-type: decimal\">\n<li>\n<p>K\u00fcchenarbeitsplatten: Aufgrund seiner Haltbarkeit und Best\u00e4ndigkeit gegen Hitze und Flecken ist es eine ausgezeichnete Wahl f\u00fcr K\u00fcchenarbeitsplatten.<\/p>\n<\/li>\n<li>\n<p>Badezimmer-Arbeitsplatten: Sie k\u00f6nnen als sch\u00f6ne und wartungsarme Option f\u00fcr Badezimmer-Waschtischplatten verwendet werden.<\/p>\n<\/li>\n<li>\n<p>R\u00fcckw\u00e4nde: Sie k\u00f6nnen jeder K\u00fcchen- oder Badezimmerr\u00fcckwand ein luxuri\u00f6ses und elegantes Aussehen verleihen.<\/p>\n<\/li>\n<li>\n<p>Bodenbelag: Seine Haltbarkeit und sein einzigartiges Aussehen machen ihn zur idealen Wahl f\u00fcr stark frequentierte Bereiche wie Flure, Foyers und K\u00fcchen.<\/p>\n<\/li>\n<li>\n<p>W\u00e4nde: Infinity White Quartzite kann auch f\u00fcr Akzentw\u00e4nde in Wohnzimmern, Schlafzimmern oder Essbereichen verwendet werden.<\/p>\n<\/li>\n<li>\n<p>Verwendung im Freien: Aufgrund seiner Witterungsbest\u00e4ndigkeit und Haltbarkeit eignet es sich f\u00fcr Au\u00dfenanwendungen wie Terrassen, Pooldecks und Gehwege.<\/p>\n<\/li>\n<\/ol>\n<p>Insgesamt ist Infinity White Quartzite ein vielseitiges Material, das jedem Wohn- oder Gewerberaum Eleganz und Sch\u00f6nheit verleihen kann.<\/p>\n<\/p><\/p>","protected":false},"excerpt":{"rendered":"<p>Infinity White Quartzite ist ein ungew\u00f6hnlicher Quarzit, der in Brasilien abgebaut wird und einen wei\u00dfen Hintergrund und dunklere Adern aufweist. Arbeitsplatten, Denkm\u00e4ler, Mosaike, Au\u00dfen- und Innenwand- und Bodenanwendungen, Springbrunnen, Pool- und Wandverkleidungen, Treppen, Fensterb\u00e4nke und andere Designprojekte profitieren in hohem Ma\u00dfe von diesem Stein.<\/p><\/p>","protected":false},"featured_media":7396,"comment_status":"closed","ping_status":"closed","template":"","meta":[],"product_brand":[],"product_cat":[195],"product_tag":[1087,1080,1081,1082,1083,1084,1085,1086,249,1054],"class_list":{"0":"post-2623","1":"product","2":"type-product","3":"status-publish","4":"has-post-thumbnail","6":"product_cat-quartzite","7":"product_tag-infinity-quartzite","8":"product_tag-infinity-white-quartzite-bathrooms","9":"product_tag-infinity-white-quartzite-countertop","10":"product_tag-infinity-white-quartzite-floors","11":"product_tag-infinity-white-quartzite-kitchens","12":"product_tag-infinity-white-quartzite-slabs","13":"product_tag-infinity-white-quartzite-tiles","14":"product_tag-infinity-white-quartzite-walls","15":"product_tag-white-quartzite","16":"product_tag-white-with-grey-veins-quartzite","18":"first","19":"instock","20":"product-type-simple"},"_links":{"self":[{"href":"https:\/\/www.quartzite-stone.com\/de\/wp-json\/wp\/v2\/product\/2623","targetHints":{"allow":["GET"]}}],"collection":[{"href":"https:\/\/www.quartzite-stone.com\/de\/wp-json\/wp\/v2\/product"}],"about":[{"href":"https:\/\/www.quartzite-stone.com\/de\/wp-json\/wp\/v2\/types\/product"}],"replies":[{"embeddable":true,"href":"https:\/\/www.quartzite-stone.com\/de\/wp-json\/wp\/v2\/comments?post=2623"}],"wp:featuredmedia":[{"embeddable":true,"href":"https:\/\/www.quartzite-stone.com\/de\/wp-json\/wp\/v2\/media\/7396"}],"wp:attachment":[{"href":"https:\/\/www.quartzite-stone.com\/de\/wp-json\/wp\/v2\/media?parent=2623"}],"wp:term":[{"taxonomy":"product_brand","embeddable":true,"href":"https:\/\/www.quartzite-stone.com\/de\/wp-json\/wp\/v2\/product_brand?post=2623"},{"taxonomy":"product_cat","embeddable":true,"href":"https:\/\/www.quartzite-stone.com\/de\/wp-json\/wp\/v2\/product_cat?post=2623"},{"taxonomy":"product_tag","embeddable":true,"href":"https:\/\/www.quartzite-stone.com\/de\/wp-json\/wp\/v2\/product_tag?post=2623"}],"curies":[{"name":"wp","href":"https:\/\/api.w.org\/{rel}","templated":true}]}}