{"id":2586,"date":"2022-07-04T23:52:04","date_gmt":"2022-07-04T15:52:04","guid":{"rendered":"https:\/\/www.quartzite-stone.com\/product\/china-ice-green-marble\/"},"modified":"2022-09-27T17:43:37","modified_gmt":"2022-09-27T09:43:37","slug":"china-eisgruner-marmor","status":"publish","type":"product","link":"https:\/\/www.quartzite-stone.com\/de\/products\/china-ice-green-marble\/","title":{"rendered":"China eisgr\u00fcner Marmor"},"content":{"rendered":"<h2><strong>Einf\u00fchrung in china ice green marmor<\/strong><\/h2>\n<p>In den letzten zwei Jahren sind viele beliebte Steinsorten auf den Markt gekommen, von mikrokristallinem Marmor \u00fcber Felsplatten und Luxussteine bis hin zu vielversprechendem Terrazzo usw. Der chinesische eisgr\u00fcne Marmor ist ein edles und geheimnisvolles Bestsellerprodukt. Der chinesische eisgr\u00fcne Marmor wird in Yunnan hergestellt. In Bezug auf die Farbe ist es nicht eine sehr reine Farbe, die Hintergrundfarbe ist wei\u00df, die Platte ist schwarz, gr\u00fcn, etc. Eine Mischung von Farben oder Farbabstufungen, so dass die ausgezeichnete China Eis gr\u00fcner Marmor ist in Yunnan produziert, so dass es mehr geheimnisvoll als Hintergrund Dekoration. Er ist einer der beliebtesten gr\u00fcnen Marmorarten.<\/p>\n<p>Der chinesische eisgr\u00fcne Marmor ist von Natur aus farbges\u00e4ttigt, enth\u00e4lt keine k\u00fcnstlichen Pigmente, ist rein nat\u00fcrlich und umweltfreundlich. Als Vertreter der umweltfreundlichen Produkte hat der chinesische eisgr\u00fcne Marmor nat\u00fcrlich seine eigenen Eigenschaften. Ausgezeichneter chinesischer eisgr\u00fcner Marmor hat nicht nur eine gute Steifigkeit und ist nicht leicht zu verformen, sondern seine H\u00e4rte ist auch relativ hoch im Vergleich zu \u00e4hnlichen Produkten, und seine Verschlei\u00dffestigkeit ist auch stark, so dass es keinen Grund gibt, sich um seine Integrit\u00e4t und \u00c4sthetik zu sorgen, wenn er mit anderen harten Objekten kollidiert.<\/p>\n<p>Ausgezeichneter eisgr\u00fcner Porzellanmarmor hat seine eigenen Regeln in den chaotischen Linien. Der Geist wird zu einem Gedicht, und der Glanz ist wie Jade. Das moderne und saubere Temperament ist mit Eleganz infiltriert, so dass die Menschen sicher und komfortabel f\u00fchlen, interpretiert eine einzigartige elegante und leichte Luxus-Stil.<\/p>\n<p>Eisgr\u00fcner Marmor aus China ist ein atemberaubender gr\u00fcner Stein, der f\u00fcr Aufsehen sorgen wird. White Beauty ist ein anderer Name f\u00fcr diesen Stein.Ice Green Marble ist eine gr\u00fcne, wei\u00dfe und schwarze Mischfarben <a href=\"https:\/\/www.quartzite-stone.com\/de\/produkt-2\/spanien-armani-brauner-marmor\/\">Porzellan Naturmarmor<\/a>. Dieser Marmor kann mit LED auf der R\u00fcckseite beleuchtet werden, so ist es weit verbreitet Anwendung f\u00fcr Wandverkleidung wie TV-Wand, Kamin Wand, Deckenbereich etc. Auch kann es mit K\u00fcchenschrank oder Eingangst\u00fcr kombiniert werden, so dass sie einzigartig sein.<\/p>\n<p>&nbsp;<\/p>\n<h2><strong>Vorteile und Nutzen von china ice green marmor<\/strong><\/h2>\n<ol>\n<li>Sch\u00f6nes Muster: China Eis gr\u00fcner Marmor hat eine Art nat\u00fcrliche Sch\u00f6nheit, glatte und zarte Textur, und ist glatt und hell, luxuri\u00f6s und atmosph\u00e4risch.<\/li>\n<li>Gr\u00fcner Umweltschutz: Nat\u00fcrlicher Porzellan Eisgr\u00fcner Marmor ist wie Pflanzen und B\u00e4ume im nat\u00fcrlichen Leben. Er vertr\u00e4gt sich sehr gut mit Menschen, und es gibt keine radioaktiven Stoffe, die die menschliche Gesundheit beeintr\u00e4chtigen.<\/li>\n<li>Klassisch und zeitlos: Ausgezeichneter eisgr\u00fcner Marmor aus Porzellan hat einzigartige Eigenschaften und ist sehr selten.<\/li>\n<\/ol>\n<p>&nbsp;<\/p>\n<h2><strong>Zus\u00e4tzliche Informationen<\/strong><\/h2>\n<table width=\"568\">\n<tbody>\n<tr>\n<td width=\"148\"><strong>MATERIAL<\/strong><\/td>\n<td width=\"420\">Marmor<\/td>\n<\/tr>\n<tr>\n<td width=\"148\"><strong>FARBE<\/strong><\/td>\n<td width=\"420\">Gr\u00fcn, Wei\u00df und Schwarz<\/td>\n<\/tr>\n<tr>\n<td width=\"148\"><strong>HERKUNFTSLAND<\/strong><\/td>\n<td width=\"420\">China<\/td>\n<\/tr>\n<tr>\n<td width=\"148\"><strong>OBERFL\u00c4CHENFINISH<\/strong><\/td>\n<td width=\"420\">Poliert, geschliffen, beledert<\/td>\n<\/tr>\n<tr>\n<td width=\"148\"><strong>VERWENDEN<\/strong><\/td>\n<td width=\"420\">K\u00fcchen, Badezimmer, B\u00f6den, W\u00e4nde, Kamin, Fliesen, Platten<\/td>\n<\/tr>\n<tr>\n<td width=\"148\"><strong>VERF\u00dcGBARKEIT<\/strong><\/td>\n<td width=\"420\">Bitte erkundigen Sie sich beim HRST-Verkaufsteam nach der Verf\u00fcgbarkeit der Steine.<\/p>\n<p>Auch Steinproben sind nicht f\u00fcr jede Steinauswahl verf\u00fcgbar, bitte erkundigen Sie sich nach der Verf\u00fcgbarkeit.<\/td>\n<\/tr>\n<\/tbody>\n<\/table>\n<p>&nbsp;<\/p>\n<p><img decoding=\"async\" class=\"aligncenter\" src=\"https:\/\/data.adwebcloud.com\/public\/material\/220426a7q47o\/product\/imageFile_1664271757338.jpg\" alt=\"\" \/><\/p>\n<p><img decoding=\"async\" class=\"aligncenter\" src=\"https:\/\/data.adwebcloud.com\/public\/material\/220426a7q47o\/product\/imageFile_1664271758229.jpg\" alt=\"\" \/><\/p>\n<p><img fetchpriority=\"high\" decoding=\"async\" class=\"aligncenter\" src=\"https:\/\/data.adwebcloud.com\/public\/material\/220426a7q47o\/product\/imageFile_1664271759203.jpg\" alt=\"\" width=\"750\" height=\"600\" \/><\/p>","protected":false},"excerpt":{"rendered":"<p>In den letzten zwei Jahren sind viele popul\u00e4re Steinsorten auf den Markt gekommen, von mikrokristallinem Marmor \u00fcber Felsplatten und Luxussteine bis hin zu vielversprechendem Terrazzo usw., wobei der eisgr\u00fcne Marmor aus China ein edles und geheimnisvolles Bestsellerprodukt ist.<\/p>","protected":false},"featured_media":3644,"comment_status":"closed","ping_status":"closed","template":"","meta":[],"product_brand":[],"product_cat":[175],"product_tag":[373],"class_list":{"0":"post-2586","1":"product","2":"type-product","3":"status-publish","4":"has-post-thumbnail","6":"product_cat-marble","7":"product_tag-bathroomsfireplacefloorsgreenwhiteblackkitchensmarbleslabstileswalls","9":"first","10":"instock","11":"product-type-simple"},"_links":{"self":[{"href":"https:\/\/www.quartzite-stone.com\/de\/wp-json\/wp\/v2\/product\/2586","targetHints":{"allow":["GET"]}}],"collection":[{"href":"https:\/\/www.quartzite-stone.com\/de\/wp-json\/wp\/v2\/product"}],"about":[{"href":"https:\/\/www.quartzite-stone.com\/de\/wp-json\/wp\/v2\/types\/product"}],"replies":[{"embeddable":true,"href":"https:\/\/www.quartzite-stone.com\/de\/wp-json\/wp\/v2\/comments?post=2586"}],"wp:featuredmedia":[{"embeddable":true,"href":"https:\/\/www.quartzite-stone.com\/de\/wp-json\/wp\/v2\/media\/3644"}],"wp:attachment":[{"href":"https:\/\/www.quartzite-stone.com\/de\/wp-json\/wp\/v2\/media?parent=2586"}],"wp:term":[{"taxonomy":"product_brand","embeddable":true,"href":"https:\/\/www.quartzite-stone.com\/de\/wp-json\/wp\/v2\/product_brand?post=2586"},{"taxonomy":"product_cat","embeddable":true,"href":"https:\/\/www.quartzite-stone.com\/de\/wp-json\/wp\/v2\/product_cat?post=2586"},{"taxonomy":"product_tag","embeddable":true,"href":"https:\/\/www.quartzite-stone.com\/de\/wp-json\/wp\/v2\/product_tag?post=2586"}],"curies":[{"name":"wp","href":"https:\/\/api.w.org\/{rel}","templated":true}]}}