{"id":2561,"date":"2022-07-04T23:52:04","date_gmt":"2022-07-04T15:52:04","guid":{"rendered":"https:\/\/www.quartzite-stone.com\/product\/china-blue-river-marble\/"},"modified":"2022-09-28T09:38:29","modified_gmt":"2022-09-28T01:38:29","slug":"china-blue-river-marmor","status":"publish","type":"product","link":"https:\/\/www.quartzite-stone.com\/de\/products\/china-blue-river-marble\/","title":{"rendered":"China Blue River Marmor"},"content":{"rendered":"<h2>\u00dcberlegene Eigenschaften des blauen Flussmarmors aus China<\/h2>\n<ol>\n<li>\n<h3>Die Sch\u00f6nheit der Natur<\/h3>\n<\/li>\n<\/ol>\n<p>Dem Muster nach zu urteilen, hat der lange geologische Diageneseprozess die wundersch\u00f6nen Muster des China Blue River-Marmors geschaffen, die vielf\u00e4ltig sind und nicht reproduziert werden k\u00f6nnen. Zuverl\u00e4ssiger China Blue River-Marmor ist reich an Farbe, hellem Glanz und weist eine sehr gute Verschmelzung auf. Was die Textur betrifft, ist China Blue River Marmor ein nat\u00fcrlicher Marmor, der \u201e\u00fcber Hunderte von Millionen Jahren geformt\u201c wurde und jedes St\u00fcck eine andere Textur aufweisen kann, entweder nass, hart oder gut geschichtet.<\/p>\n<ol start=\"2\">\n<li>\n<h3>Langlebiger chinesischer Blue-River-Marmor<\/h3>\n<\/li>\n<\/ol>\n<p>Viele historische Architekturdenkm\u00e4ler aus Naturmarmor haben eine jahrtausendealte Geschichte. Dar\u00fcber hinaus machen die \u201ereproduzierbaren\u201c und \u201ereparierbaren\u201c Eigenschaften China Blue River Marmor haltbarer und sch\u00f6ner, was bei keinem anderen verwandten Baumaterial der Fall ist.<\/p>\n<ol start=\"3\">\n<li>\n<h3>Klassisch zeitlos<\/h3>\n<\/li>\n<\/ol>\n<p>China Blue River Marble macht die Vereinigten Staaten mit seiner Einzigartigkeit und Knappheit ewig. Es gibt viele Keramikfliesenprodukte auf dem Markt, die China-Blue-River-Marmor imitieren, aber diese Art von Produkt, das in unbegrenzten Mengen nachgebildet werden kann, kann nicht mit den nat\u00fcrlichen und sch\u00f6nen Eigenschaften von China-Blue-River-Marmor verglichen werden. Selten und teuer zu sein, spiegelt am besten den ewigen Wert des garantiert zuverl\u00e4ssigen chinesischen Blue-River-Marmors wider. China Blue River Marble ist das Ergebnis der Kraft der Natur. Keine k\u00fcnstliche Umgebung kann wirklich repliziert oder imitiert werden und kann niemals \u00fcbertroffen werden. Daher ist die Sch\u00f6nheit von China Blue River Marble die klassischste und zeitloseste.<\/p>\n<ol start=\"4\">\n<li>\n<h3>Au\u00dfergew\u00f6hnlicher Geschmack<\/h3>\n<\/li>\n<\/ol>\n<p>In alten Zivilisationen wurde bew\u00e4hrter blauer Flussmarmor aus China als wertvolles Material h\u00e4ufig f\u00fcr den Bau architektonischer Wunderwerke wie Kaiserpal\u00e4ste, Tempel und Statuen verwendet, um die Verehrung von Herrschern und G\u00f6ttern sowie die Ehrfurcht vor der Kraft der Natur zu zeigen. In der heutigen Zeit zuverl\u00e4ssig <a href=\"https:\/\/www.quartzite-stone.com\/de\/marmor\/\">China Blue River Marmor<\/a> wird immer noch als unersetzliches Top-Baumaterial verwendet und ist zur besten Wahl f\u00fcr Orte wie nationale Projekte, Star-Hotels und legend\u00e4re Villen geworden. Geb\u00e4ude wie die \u201eGoldene Halle\u201c der Gro\u00dfen Halle des Volkes und das Gro\u00dfe Nationaltheater best\u00e4tigen die Weitergabe des au\u00dfergew\u00f6hnlichen Geschmacks von China Blue River und Marmor.<\/p>\n<ol start=\"5\">\n<li>\n<h3>Gr\u00fcn und umweltfreundlich<\/h3>\n<\/li>\n<\/ol>\n<p>Chinesischer Blue-River-Marmor wird aus der Natur hergestellt, wie Blumen und B\u00e4ume, ist umweltfreundlich und enth\u00e4lt keine radioaktiven Substanzen, die die menschliche Gesundheit beeintr\u00e4chtigen k\u00f6nnten. Nach Tests ist die Strahlenbelastung von zuverl\u00e4ssigem China Blue River-Marmor sogar weitaus geringer als die von industriell hergestellten Dekorationsmaterialien wie Fliesen und B\u00f6den.<\/p>\n<h2><strong><b>Weitere Informationen<\/b><\/strong><\/h2>\n<table width=\"568\">\n<tbody>\n<tr>\n<td width=\"148\"><strong>MATERIAL<\/strong><\/td>\n<td width=\"420\">Marmor<\/td>\n<\/tr>\n<tr>\n<td width=\"148\"><strong>FARBE<\/strong><\/td>\n<td width=\"420\">Blau und Gr\u00fcn<\/td>\n<\/tr>\n<tr>\n<td width=\"148\"><strong>HERKUNFTSLAND<\/strong><\/td>\n<td width=\"420\">China<\/td>\n<\/tr>\n<tr>\n<td width=\"148\"><strong>OBERFL\u00c4CHENFINISH<\/strong><\/td>\n<td width=\"420\">Poliert, geschliffen, beledert<\/td>\n<\/tr>\n<tr>\n<td width=\"148\"><strong>VERWENDEN<\/strong><\/td>\n<td width=\"420\">K\u00fcchen, Badezimmer, B\u00f6den, W\u00e4nde, Kamin, Fliesen, Platten<\/td>\n<\/tr>\n<tr>\n<td width=\"148\"><strong>VERF\u00dcGBARKEIT<\/strong><\/td>\n<td width=\"420\">Bitte erkundigen Sie sich beim HRST-Verkaufsteam nach der Verf\u00fcgbarkeit der Steine.<\/p>\n<p>Auch Steinproben sind nicht f\u00fcr jede Steinauswahl verf\u00fcgbar, bitte erkundigen Sie sich nach der Verf\u00fcgbarkeit.<\/td>\n<\/tr>\n<\/tbody>\n<\/table>\n<p>Blue River ist als China Blue River Marmor bekannt. Arbeitsplatten, Mosaike, Au\u00dfen- und Innenwand- und Bodenanwendungen, Springbrunnen, Pool- und Wandverkleidungen, Stufen, Fensterb\u00e4nke und andere Designprojekte profitieren in hohem Ma\u00dfe von diesem Stein. China Blue Marble ist auch als Lemon Ice Marble, Spring River Marble, Changbai White Jade und China Blue River bekannt. Poliert, ges\u00e4gt, geschliffen, steinbeschichtet, sandgestrahlt, getrommelt und weitere Ausf\u00fchrungen sind f\u00fcr China Blue River Marmor erh\u00e4ltlich.<\/p>\n<p>Gleichzeitig ist China Blue River Marmor ein weiterer wundersch\u00f6ner chinesischer blauer Marmor. Dieser Marmor kann auch von hinten beleuchtet werden. Er eignet sich sehr gut f\u00fcr die Innendekoration wie W\u00e4nde, Fu\u00dfb\u00f6den, Kamine, Verkleidungen und Arbeitsplatten usw. Aufgrund seiner besonderen Texturen und Farben wurde dieser blaue Marmor erfolgreich in vielen ber\u00fchmten Hotelprojekten in China eingesetzt. Im Gegensatz zu anderen exotischen blauen Murmeln ist dieser blaue Marmor preisg\u00fcnstiger und preisg\u00fcnstiger.<img decoding=\"async\" class=\"aligncenter\" src=\"https:\/\/data.adwebcloud.com\/public\/material\/220426a7q47o\/product\/imageFile_1664271746761.jpg\" alt=\"\" \/><\/p>\n<p><img decoding=\"async\" class=\"aligncenter\" src=\"https:\/\/data.adwebcloud.com\/public\/material\/220426a7q47o\/product\/imageFile_1664271748022.jpg\" alt=\"\" \/><\/p>\n<p><img decoding=\"async\" class=\"aligncenter\" src=\"https:\/\/data.adwebcloud.com\/public\/material\/220426a7q47o\/product\/imageFile_1664271749035.jpg\" alt=\"\" \/><\/p>\n<p><img decoding=\"async\" class=\"aligncenter\" src=\"https:\/\/data.adwebcloud.com\/public\/material\/220426a7q47o\/product\/imageFile_1664271750015.jpg\" alt=\"\" \/><\/p>","protected":false},"excerpt":{"rendered":"<p>Der in China abgebaute blaue Marmor ist als China Blue River Marble bekannt. Arbeitsplatten, Mosaike, Au\u00dfen- und Innenwand- und Bodenanwendungen, Springbrunnen, Pool- und Wandverkleidungen, Stufen, Fensterb\u00e4nke und andere Designprojekte profitieren in hohem Ma\u00dfe von diesem Stein. Dem Muster nach zu urteilen, hat der lange geologische Diageneseprozess die wundersch\u00f6nen Muster von geschaffen China Blue River Marmor, die vielf\u00e4ltig sind und nicht reproduziert werden k\u00f6nnen.<\/p>","protected":false},"featured_media":4112,"comment_status":"closed","ping_status":"closed","template":"","meta":[],"product_brand":[],"product_cat":[175],"product_tag":[370],"class_list":{"0":"post-2561","1":"product","2":"type-product","3":"status-publish","4":"has-post-thumbnail","6":"product_cat-marble","7":"product_tag-bathroomsbluegreenfireplacefloorskitchensmarbleslabstileswalls","9":"first","10":"instock","11":"product-type-simple"},"_links":{"self":[{"href":"https:\/\/www.quartzite-stone.com\/de\/wp-json\/wp\/v2\/product\/2561","targetHints":{"allow":["GET"]}}],"collection":[{"href":"https:\/\/www.quartzite-stone.com\/de\/wp-json\/wp\/v2\/product"}],"about":[{"href":"https:\/\/www.quartzite-stone.com\/de\/wp-json\/wp\/v2\/types\/product"}],"replies":[{"embeddable":true,"href":"https:\/\/www.quartzite-stone.com\/de\/wp-json\/wp\/v2\/comments?post=2561"}],"wp:featuredmedia":[{"embeddable":true,"href":"https:\/\/www.quartzite-stone.com\/de\/wp-json\/wp\/v2\/media\/4112"}],"wp:attachment":[{"href":"https:\/\/www.quartzite-stone.com\/de\/wp-json\/wp\/v2\/media?parent=2561"}],"wp:term":[{"taxonomy":"product_brand","embeddable":true,"href":"https:\/\/www.quartzite-stone.com\/de\/wp-json\/wp\/v2\/product_brand?post=2561"},{"taxonomy":"product_cat","embeddable":true,"href":"https:\/\/www.quartzite-stone.com\/de\/wp-json\/wp\/v2\/product_cat?post=2561"},{"taxonomy":"product_tag","embeddable":true,"href":"https:\/\/www.quartzite-stone.com\/de\/wp-json\/wp\/v2\/product_tag?post=2561"}],"curies":[{"name":"wp","href":"https:\/\/api.w.org\/{rel}","templated":true}]}}