{"id":2481,"date":"2022-07-04T23:49:04","date_gmt":"2022-07-04T15:49:04","guid":{"rendered":"https:\/\/www.quartzite-stone.com\/product\/calacatta-oro-marble\/"},"modified":"2022-11-17T01:13:56","modified_gmt":"2022-11-16T17:13:56","slug":"calacatta-oro-marmor","status":"publish","type":"product","link":"https:\/\/www.quartzite-stone.com\/de\/products\/calacatta-oro-marble\/","title":{"rendered":"Calacatta Oro Marmor"},"content":{"rendered":"<p>Calacata Oro Marmor, der aus Italien stammende Edelstein, hat die Eleganz von Wei\u00df und den einzigartigen Luxus von Gold. Wei\u00df und Gold kontrastieren miteinander, und die Textur ist ungez\u00fcgelt, frei und leicht, was eine einzigartige Sch\u00f6nheit umrei\u00dft und ein elegantes, aber dennoch stilvolles und schlichtes Temperament schafft.<\/p>\n<p>Seine Grundfarbe ist reines Wei\u00df mit eingelegten goldenen Grauf\u00e4den und stammt aus Italiens nat\u00fcrlichem wei\u00dfen Marmorladen Calacatta Gold, wei\u00dfem Marmor. Gold hat einen wundersch\u00f6nen Glanz; Wei\u00df hat ein majest\u00e4tisches, edles und k\u00fchles Gef\u00fchl; Die Kombination aus Gold und Wei\u00df ist wie das goldene Licht auf einem schneebedeckten Berg und schafft eine unendlich melancholische Atmosph\u00e4re.<\/p>\n<p>WEITERE INFORMATIONEN<\/p>\n<table>\n<tbody>\n<tr>\n<td width=\"124\"><strong>MATERIAL<\/strong><\/td>\n<td width=\"444\">Marmor<\/td>\n<\/tr>\n<tr>\n<td width=\"124\"><strong>FARBE<\/strong><\/td>\n<td width=\"444\">Weiss<\/td>\n<\/tr>\n<tr>\n<td width=\"124\"><strong>HERKUNFTSLAND<\/strong><\/td>\n<td width=\"444\">Italien<\/td>\n<\/tr>\n<tr>\n<td width=\"124\"><strong>OBERFL\u00c4CHENFINISH<\/strong><\/td>\n<td width=\"444\">Poliert, geschliffen, beledert<\/td>\n<\/tr>\n<tr>\n<td width=\"124\"><strong>VERWENDEN<\/strong><\/td>\n<td width=\"444\">K\u00fcchen, Badezimmer, B\u00f6den, W\u00e4nde, Fliesen, Platten<\/td>\n<\/tr>\n<tr>\n<td width=\"124\"><strong>VERF\u00dcGBARKEIT<\/strong><\/td>\n<td width=\"444\">Bitte pr\u00fcfen Sie die Verf\u00fcgbarkeit bei HRST STONE vor dem Besuch.<\/p>\n<p>Auch Steinproben sind nicht f\u00fcr jede Steinauswahl verf\u00fcgbar, bitte erkundigen Sie sich nach der Verf\u00fcgbarkeit.<\/p>\n<\/td>\n<\/tr>\n<\/tbody>\n<\/table>\n<p>&nbsp;<\/p>\n<p>Dieser italienische Marmor ist h\u00e4ufig in einer Reihe von Farbt\u00f6nen zu sehen, darunter Gold, Grau und Wei\u00df. Das stimmt, vielleicht sieht man die Goldt\u00f6ne im Stoff nicht auf den ersten Blick. Dies gilt insbesondere dann, wenn das Dekor goldene Akzente enth\u00e4lt. Diese wei\u00dfen und grauen Steine weisen h\u00e4ufig goldene Flecken auf. In anderen F\u00e4llen weisen sie brillante Goldakzente auf, die dem Stein Charakter verleihen.<\/p>\n<p>Dies ist eines der besten Materialien, die der Planet zu bieten hat. Er wird wie viele andere feine Marmorformen in Italien abgebaut. Der Einbau von Marmor in Ihr Zuhause kann nicht nur seine Sch\u00f6nheit steigern, sondern auch seinen Wert steigern. Dies ist besonders dann sinnvoll, wenn Sie planen, Ihre Immobilie in Zukunft zu verkaufen, da Marmoroberfl\u00e4chen bei Hausbesitzern zu den beliebtesten Oberfl\u00e4chen geh\u00f6ren. Der Einbau von Calacatta Oro-Marmor ist eine gro\u00dfartige Entscheidung, da er Ihrer Umgebung Sch\u00f6nheit verleiht und Ihrer Immobilie einen Mehrwert verleiht.<\/p>\n<p>Mit wundersch\u00f6nen grauen \u00c4derungsdetails auf einer wei\u00dfen Basis setzt Calacatta Oro ein raffiniertes Statement. Als einer der beliebtesten Calacatta-Marmorsorten bei Designern und Architekten eignet er sich f\u00fcr viele Verwendungszwecke und Wohnr\u00e4ume (K\u00fcchen, Badezimmer, Fu\u00dfb\u00f6den, W\u00e4nde, Platten); ein geschliffener oder polierter Naturstein f\u00fcr h\u00f6chste Anspr\u00fcche.<\/p>\n<p><img fetchpriority=\"high\" decoding=\"async\" class=\"aligncenter\" src=\"https:\/\/data.adwebcloud.com\/public\/material\/220426a7q47o\/product\/imageFile_1664271729939.jpg\" alt=\"\" width=\"750\" height=\"600\" \/><\/p>\n<p><img decoding=\"async\" class=\"aligncenter\" src=\"https:\/\/data.adwebcloud.com\/public\/material\/220426a7q47o\/product\/imageFile_1664271730763.jpg\" alt=\"\" \/><\/p>\n<p><img decoding=\"async\" class=\"aligncenter\" src=\"https:\/\/data.adwebcloud.com\/public\/material\/220426a7q47o\/product\/imageFile_1664271731550.jpg\" alt=\"\" \/><\/p>\n<p><img decoding=\"async\" class=\"aligncenter\" src=\"https:\/\/data.adwebcloud.com\/public\/material\/220426a7q47o\/product\/imageFile_1664271732348.jpg\" alt=\"\" \/><\/p>","protected":false},"excerpt":{"rendered":"<p>Mit wundersch\u00f6nen grauen \u00c4derungsdetails auf einer wei\u00dfen Basis setzt Calacatta Oro ein raffiniertes Statement. Als einer der beliebtesten Calacatta-Marmorsorten bei Designern und Architekten eignet er sich f\u00fcr viele Verwendungszwecke und Wohnr\u00e4ume (K\u00fcchen, Badezimmer, Fu\u00dfb\u00f6den, W\u00e4nde, Platten); ein geschliffener oder polierter Naturstein f\u00fcr h\u00f6chste Anspr\u00fcche.<\/p>","protected":false},"featured_media":4621,"comment_status":"closed","ping_status":"closed","template":"","meta":[],"product_brand":[],"product_cat":[175],"product_tag":[176,177,178,179,180,181,182,183],"class_list":{"0":"post-2481","1":"product","2":"type-product","3":"status-publish","4":"has-post-thumbnail","6":"product_cat-marble","7":"product_tag-bathrooms","8":"product_tag-floors","9":"product_tag-kitchens","10":"product_tag-marble","11":"product_tag-slabs","12":"product_tag-tiles","13":"product_tag-walls","14":"product_tag-white","16":"first","17":"instock","18":"product-type-simple"},"_links":{"self":[{"href":"https:\/\/www.quartzite-stone.com\/de\/wp-json\/wp\/v2\/product\/2481","targetHints":{"allow":["GET"]}}],"collection":[{"href":"https:\/\/www.quartzite-stone.com\/de\/wp-json\/wp\/v2\/product"}],"about":[{"href":"https:\/\/www.quartzite-stone.com\/de\/wp-json\/wp\/v2\/types\/product"}],"replies":[{"embeddable":true,"href":"https:\/\/www.quartzite-stone.com\/de\/wp-json\/wp\/v2\/comments?post=2481"}],"wp:featuredmedia":[{"embeddable":true,"href":"https:\/\/www.quartzite-stone.com\/de\/wp-json\/wp\/v2\/media\/4621"}],"wp:attachment":[{"href":"https:\/\/www.quartzite-stone.com\/de\/wp-json\/wp\/v2\/media?parent=2481"}],"wp:term":[{"taxonomy":"product_brand","embeddable":true,"href":"https:\/\/www.quartzite-stone.com\/de\/wp-json\/wp\/v2\/product_brand?post=2481"},{"taxonomy":"product_cat","embeddable":true,"href":"https:\/\/www.quartzite-stone.com\/de\/wp-json\/wp\/v2\/product_cat?post=2481"},{"taxonomy":"product_tag","embeddable":true,"href":"https:\/\/www.quartzite-stone.com\/de\/wp-json\/wp\/v2\/product_tag?post=2481"}],"curies":[{"name":"wp","href":"https:\/\/api.w.org\/{rel}","templated":true}]}}