{"id":2472,"date":"2022-07-04T23:49:04","date_gmt":"2022-07-04T15:49:04","guid":{"rendered":"https:\/\/www.quartzite-stone.com\/product\/calacatta-gold-marble\/"},"modified":"2023-03-27T15:21:37","modified_gmt":"2023-03-27T07:21:37","slug":"calacatta-goldmarmor","status":"publish","type":"product","link":"https:\/\/www.quartzite-stone.com\/de\/products\/calacatta-gold-marble\/","title":{"rendered":"Calacatta-Goldmarmor"},"content":{"rendered":"<p>WEITERE INFORMATIONEN<\/p>\n<table style=\"width: 53.0762%;height: 252px\">\n<tbody>\n<tr style=\"height: 22px\">\n<td width=\"124\" style=\"width: 21.4533%;height: 22px\"><strong>MATERIAL<\/strong><\/td>\n<td width=\"444\" style=\"width: 76.8166%;height: 22px\">Marmor<\/td>\n<\/tr>\n<tr style=\"height: 22px\">\n<td width=\"124\" style=\"width: 21.4533%;height: 22px\"><strong>FARBE<\/strong><\/td>\n<td width=\"444\" style=\"width: 76.8166%;height: 22px\">Weiss<\/td>\n<\/tr>\n<tr style=\"height: 44px\">\n<td width=\"124\" style=\"width: 21.4533%;height: 44px\"><strong>HERKUNFTSLAND<\/strong><\/td>\n<td width=\"444\" style=\"width: 76.8166%;height: 44px\">Italien<\/td>\n<\/tr>\n<tr style=\"height: 44px\">\n<td width=\"124\" style=\"width: 21.4533%;height: 44px\"><strong>OBERFL\u00c4CHENFINISH<\/strong><\/td>\n<td width=\"444\" style=\"width: 76.8166%;height: 44px\">Poliert, geschliffen, beledert<\/td>\n<\/tr>\n<tr style=\"height: 22px\">\n<td width=\"124\" style=\"width: 21.4533%;height: 22px\"><strong>VERWENDEN<\/strong><\/td>\n<td width=\"444\" style=\"width: 76.8166%;height: 22px\">K\u00fcchen, Badezimmer, B\u00f6den, W\u00e4nde, Fliesen, Platten<\/td>\n<\/tr>\n<tr style=\"height: 98px\">\n<td width=\"124\" style=\"width: 21.4533%;height: 98px\"><strong>VERF\u00dcGBARKEIT<\/strong><\/td>\n<td width=\"444\" style=\"width: 76.8166%;height: 98px\">Bitte pr\u00fcfen Sie die Verf\u00fcgbarkeit bei HRST STONE vor dem Besuch.<\/p>\n<p>Auch Steinproben sind nicht f\u00fcr jede Steinauswahl verf\u00fcgbar, bitte erkundigen Sie sich nach der Verf\u00fcgbarkeit.<\/p>\n<\/td>\n<\/tr>\n<\/tbody>\n<\/table>\n<p>&nbsp;<\/p>\n<p><span style=\"font-family: 'PingFang SC', 'Microsoft YaHei', sans-serif\">Calacatta Gold Marmor ist ein unverwechselbarer wei\u00dfer italienischer Marmor mit grauen und goldenen \u00c4derungen. Erh\u00e4ltlich als Marmorplatten und Marmorfliesen in geschliffener und polierter Ausf\u00fchrung ist dieser elegante Naturstein die perfekte Wahl f\u00fcr beeindruckende Marmorarbeitsplatten, Marmork\u00fccheninseln, Marmorb\u00f6den und Wandverkleidungen. F\u00fcr mehr Flexibilit\u00e4t bei der Gestaltung und Verlegung ist eine gro\u00dfe Auswahl an passenden Wandfliesen, Bodenfliesen und Mosaikfliesen erh\u00e4ltlich.<\/span><\/p>\n<p><span style=\"font-family: 'PingFang SC', 'Microsoft YaHei', sans-serif\">Dieser italienische Calacatta-Goldmarmor wird h\u00e4ufig in einer Reihe von Farbt\u00f6nen gefunden, darunter Gold, Grau und Wei\u00df. Das hei\u00dft, dass man die Goldt\u00f6ne im Stoff vielleicht nicht auf den ersten Blick sieht. Das gilt vor allem dann, wenn der Stein von goldenen Brennpunkten umgeben ist. Diese wei\u00dfen und grauen Steine haben h\u00e4ufig goldene Flecken. In anderen F\u00e4llen haben sie lebhafte Goldakzente, die dem Stein mehr Pers\u00f6nlichkeit verleihen.<\/span><\/p>\n<p><span style=\"font-family: 'PingFang SC', 'Microsoft YaHei', sans-serif\">Seine Grundfarbe ist reines Wei\u00df mit eingelegten grauen Goldf\u00e4den, und er stammt aus dem nat\u00fcrlichen wei\u00dfen Marmor Italiens, dem italienischen Calacatta-Goldmarmor. Gold hat einen sch\u00f6nen Glanz; Wei\u00df wirkt majest\u00e4tisch, edel und k\u00fchl; die Kombination von Gold und Wei\u00df ist wie das goldene Licht auf einem schneebedeckten Berg und schafft eine unendlich melancholische Umgebung.<\/span><\/p>\n<p><span style=\"font-family: 'PingFang SC', 'Microsoft YaHei', sans-serif\"><\/span><\/p>\n<h3 style=\"font-size: 19px\"><span style=\"font-family: 'PingFang SC', 'Microsoft YaHei', sans-serif\">Anwendungsszenarien f\u00fcr Calacatta Gold Marmor<\/span><\/h3>\n<ol>\n<li><a class=\"wpil_keyword_link\" href=\"https:\/\/www.quartzite-stone.com\/de\/produkt-2\/calacatta-viola-marmor\/\"   title=\"Calacatta-Marmor\" data-wpil-keyword-link=\"linked\">Calacatta-Marmor<\/a> ist ein hochwertiges, luxuri\u00f6ses Material, das in einer Vielzahl von Szenarien verwendet werden kann, darunter:<\/li>\n<li>K\u00fcchenarbeitsplatten: Die Sch\u00f6nheit und Haltbarkeit von Calacatta-Marmor machen ihn zu einer beliebten Wahl f\u00fcr K\u00fcchenarbeitsplatten. Seine Widerstandsf\u00e4higkeit gegen\u00fcber Hitze, Kratzern und Flecken macht ihn zum idealen Material f\u00fcr die K\u00fcche.<\/li>\n<li>Badezimmer-Eitelkeiten: Das elegante Aussehen von Calacatta-Marmor macht ihn zu einer gro\u00dfartigen Wahl f\u00fcr Badezimmer-Eitelkeiten, die ein anspruchsvolles Aussehen bieten, das jedes Dekor erg\u00e4nzt.<\/li>\n<li>Bodenbelag: Calacatta-Marmor kann als Bodenbelag im ganzen Haus oder in gewerblichen Geb\u00e4uden verwendet werden und verleiht jedem Raum einen Hauch von Luxus und Eleganz.<\/li>\n<li>Kamineinfassungen: Aufgrund seiner hitzebest\u00e4ndigen Eigenschaften eignet sich Calacatta-Marmor auch als Kaminumrandung, die einen beeindruckenden Blickfang in jedem Raum bildet.<\/li>\n<li>Wandverkleidungen: Calacatta-Marmor kann als Wandverkleidung sowohl in Wohn- als auch in Gesch\u00e4ftsr\u00e4umen verwendet werden, um eine beeindruckende Wand oder einen Akzent zu setzen.<\/li>\n<li>Skulpturen und dekorative Objekte: Die exquisite nat\u00fcrliche Maserung des Calacatta Gold Marmors macht ihn zu einem beliebten Material f\u00fcr Bildhauer und K\u00fcnstler, die aus diesem einzigartigen Stein beeindruckende Kunstwerke schaffen.<\/li>\n<\/ol>\n<p><span style=\"font-family: arial, helvetica, sans-serif\"><img fetchpriority=\"high\" decoding=\"async\" class=\"aligncenter\" src=\"https:\/\/data.adwebcloud.com\/public\/material\/220426a7q47o\/product\/imageFile_1664271907104.jpg\" alt=\"\" width=\"750\" height=\"600\" \/><\/span><\/p>\n<p><span style=\"font-family: arial, helvetica, sans-serif\"><img decoding=\"async\" class=\"aligncenter\" src=\"https:\/\/data.adwebcloud.com\/public\/material\/220426a7q47o\/product\/imageFile_1664271907907.jpg\" alt=\"\" width=\"750\" height=\"600\" \/><\/span><\/p>\n<p><span style=\"font-family: arial, helvetica, sans-serif\"><img decoding=\"async\" class=\"aligncenter\" src=\"https:\/\/data.adwebcloud.com\/public\/material\/220426a7q47o\/product\/imageFile_1664271908804.jpg\" alt=\"\" \/><\/span><\/p>\n<p><span style=\"font-family: 'PingFang SC', 'Microsoft YaHei', sans-serif\">Calacatta Gold, auch Calacatta Goldmarmor oder Calacatta Oro genannt, ist ein einzigartiger, au\u00dfergew\u00f6hnlicher Marmor, der nur an einem einzigen Ort auf der Erde zu finden ist. Nur in Carrara, Italien, wird Calacatta-Marmor zusammen mit Carrara-Marmor abgebaut. F\u00fcr das unge\u00fcbte Auge k\u00f6nnen diese beiden exquisiten Steine gleich aussehen, denn sie sind \u00fcberwiegend wei\u00df mit \u00fcberwiegend grauen Adern und Streifen.<\/span><\/p>\n<p><span style=\"font-family: 'PingFang SC', 'Microsoft YaHei', sans-serif\">&nbsp;<\/span><\/p>\n<p><span style=\"font-family: 'PingFang SC', 'Microsoft YaHei', sans-serif\">Im Gegensatz zum italienischen Calacatta-Goldmarmor weist Calacatta-Verona-Marmor eine st\u00e4rkere \u00c4derung auf, die von Gold bis zu Braun\/Grau reichen kann, und eine deutlich wei\u00dfere Grundfarbe. Dies l\u00e4sst Calacatta-Marmorplatten auff\u00e4llig und unverwechselbar erscheinen. Zur obersten Qualit\u00e4tskategorie des Marmors aus der Carrara-Region in Italien geh\u00f6rt Calacatta.<\/span><\/p>\n<p><span style=\"font-family: 'PingFang SC', 'Microsoft YaHei', sans-serif\">&nbsp;<\/span><\/p>\n<p><span style=\"font-family: 'PingFang SC', 'Microsoft YaHei', sans-serif\">Der italienische Calacatta-Goldmarmor wird aufgrund seiner Seltenheit (und des entsprechend h\u00f6heren Preises) haupts\u00e4chlich im Innenbereich verwendet. Zu den h\u00e4ufigsten Projekten geh\u00f6ren K\u00fcchenarbeitsplatten aus Calacatta Gold, Wandverkleidungen aus Calacatta Gold und Bodenfliesen aus Calacatta Gold. Sitzungss\u00e4le und Gemeinschaftsr\u00e4ume in Hotels werden regelm\u00e4\u00dfig mit Calacatta-Marmor dekoriert, der auch h\u00e4ufig in kommerziellen Anwendungen verwendet wird. Dar\u00fcber hinaus wird er h\u00e4ufig in Book-Matching-Situationen verwendet, wo einheitlichere Marmorarten weniger effektiv sind. Diese Verarbeitungen passen gut zu den auff\u00e4lligen und sp\u00e4rlichen \u00c4derungen des Calacatta-Marmors.<\/span><\/p>\n<p><span style=\"font-family: 'PingFang SC', 'Microsoft YaHei', sans-serif\">&nbsp;<\/span><\/p>\n<p><span style=\"font-family: 'PingFang SC', 'Microsoft YaHei', sans-serif\">Aufgrund seiner Seltenheit wird italienischer Calacatta-Goldmarmor vor allem im Innenbereich verwendet (und ist dementsprechend teurer). K\u00fcchenarbeitsplatten, Wandverkleidungen und Bodenbel\u00e4ge f\u00fcr Foyers oder Eing\u00e4nge sind die h\u00e4ufigsten Anwendungen. Calacatta-Marmorfliesen f\u00fcr Aufkantungen, die \u00fcblicherweise im gewerblichen Bereich verwendet werden, werden h\u00e4ufig zur Versch\u00f6nerung von Vorstandsetagen und Hotelzimmern gleicherma\u00dfen eingesetzt. Er wird in der Regel auch f\u00fcr die Verkleidung von R\u00e4umen verwendet, in denen einheitlichere Marmorsorten weniger gut zur Geltung kommen. Das ausgepr\u00e4gtere und sp\u00e4rlichere \u00c4derungsmuster des Calacatta-Marmors passt gut zu Book-Matching-Behandlungen.<\/span><\/p>\n<p><span style=\"font-family: 'PingFang SC', 'Microsoft YaHei', sans-serif\">&nbsp;<\/span><\/p>\n<h3 style=\"font-size: 19px\"><span style=\"font-family: 'PingFang SC', 'Microsoft YaHei', sans-serif\">Italienischer Calacatta-Goldmarmor Details<\/span><\/h3>\n<p><span style=\"font-family: 'PingFang SC', 'Microsoft YaHei', sans-serif\">Badezimmer, Schlafzimmer, Diele, Wohnzimmer, K\u00fcche und Wintergarten sind geeignete R\u00e4ume.<\/span><\/p>\n<p><span style=\"font-family: 'PingFang SC', 'Microsoft YaHei', sans-serif\">Oberfl\u00e4che: Matt, poliert oder geschliffen<\/span><\/p>\n<p><span style=\"font-family: 'PingFang SC', 'Microsoft YaHei', sans-serif\">Geeignet f\u00fcr: Innenbereich<\/span><\/p>\n<p><span style=\"font-family: 'PingFang SC', 'Microsoft YaHei', sans-serif\">W\u00e4nde, B\u00f6den und Arbeitsfl\u00e4chen sind geeignete Oberfl\u00e4chen.<\/span><\/p>\n<p><span style=\"font-family: 'PingFang SC', 'Microsoft YaHei', sans-serif\">Verf\u00fcgbarkeit:<\/span><\/p>\n<p><span style=\"font-family: 'PingFang SC', 'Microsoft YaHei', sans-serif\">Platten: 20 mm dick; typische Gr\u00f6\u00dfe 2400\/3000 X 1300\/1900 mm<\/span><\/p>\n<p><span style=\"font-family: 'PingFang SC', 'Microsoft YaHei', sans-serif\">10 mm dicke Fliesen mit den Ma\u00dfen 305 x 305, 610 x 305, 610 x 610 und 1220 x 610<\/span><\/p>\n<p><span style=\"font-family: 'PingFang SC', 'Microsoft YaHei', sans-serif\">20 mm dick | Gr\u00f6\u00dfe, Zuschnitt nach Bespoke<\/span><\/p>\n<p><span style=\"font-family: 'PingFang SC', 'Microsoft YaHei', sans-serif\">&nbsp;<\/span><\/p>\n<p><span style=\"font-family: 'PingFang SC', 'Microsoft YaHei', sans-serif\">Italienischer Calacatta-Goldmarmor ist ein pr\u00e4chtiger Stein, der sehr begehrt ist und ein traditionelles Beispiel f\u00fcr polierten wei\u00dfen Marmor aus Italien mit subtilen grauen und goldenen \u00c4derungen ist. Seit Jahrzehnten werden elegante Wohnh\u00e4user mit seiner subtilen Ausstrahlung gesegnet. Calacatta Gold ist die ideale Option f\u00fcr unsere ma\u00dfgeschneiderten Mosaik- und Wasserstrahlmuster und ist als Platte und in verschiedenen Fliesenformaten leicht erh\u00e4ltlich.<\/span><\/p>\n<p><img decoding=\"async\" class=\"aligncenter\" src=\"https:\/\/data.adwebcloud.com\/public\/material\/220426a7q47o\/product\/imageFile_1664271909763.jpg\" alt=\"\" \/><\/p>\n<p><span style=\"font-family: 'PingFang SC', 'Microsoft YaHei', sans-serif;font-size: 16px\">Italienischer Calacatta-Goldmarmor ist ein pr\u00e4chtiger Stein, der sehr begehrt ist und ein traditionelles Beispiel f\u00fcr polierten wei\u00dfen Marmor aus Italien mit subtilen grauen und goldenen \u00c4derungen ist. Seit Jahrzehnten werden elegante Wohnh\u00e4user mit seiner subtilen Ausstrahlung gesegnet. Calacatta Gold ist die ideale Option f\u00fcr unsere ma\u00dfgeschneiderten Mosaik- und Wasserstrahlmuster und ist als Platte und in verschiedenen Fliesenformaten leicht erh\u00e4ltlich.<\/span><\/p>\n<p><span style=\"font-family: 'PingFang SC', 'Microsoft YaHei', sans-serif;font-size: 16px\">&nbsp;<\/span><\/p>\n<p><span style=\"font-family: 'PingFang SC', 'Microsoft YaHei', sans-serif;font-size: 16px\">Kontaktieren Sie HRST Stone f\u00fcr Calacatta Gold Marmorplatten und Fliesen Preis. HRST Stone Team in der Stein-Gesch\u00e4ft f\u00fcr mehr als 10 Jahren engagiert, hatte viele Stein-Projekte in den USA, Kanada, Australien etc mehr als 70 L\u00e4ndern geliefert, hatten wir die Erfolge und Erfahrungen in der Lieferung, Installation, Design, Management und Marketing von Stein zu gewinnen.<\/span><\/p><\/p>","protected":false},"excerpt":{"rendered":"<p>Calacatta Gold-Marmor ist ein charakteristischer wei\u00dfer italienischer Marmor mit grauen und goldenen Maserungen. Dieser wundersch\u00f6ne Naturstein eignet sich ideal f\u00fcr die Herstellung wundersch\u00f6ner Marmorarbeitsplatten, Marmork\u00fccheninseln, Marmorb\u00f6den und Marmorr\u00fcckw\u00e4nde. Seine Grundfarbe ist reines Wei\u00df mit eingelegten goldenen Grauf\u00e4den und wird aus dem nat\u00fcrlichen wei\u00dfen Marmor Italiens, Calacatta White Marble, gewonnen.<\/p>","protected":false},"featured_media":5637,"comment_status":"closed","ping_status":"closed","template":"","meta":[],"product_brand":[],"product_cat":[175],"product_tag":[534,537,533,532,535,536],"class_list":{"0":"post-2472","1":"product","2":"type-product","3":"status-publish","4":"has-post-thumbnail","6":"product_cat-marble","7":"product_tag-calacatta-gold","8":"product_tag-calacatta-gold-italian-marble","9":"product_tag-calacatta-gold-marble","10":"product_tag-calacatta-gold-marble-countertop","11":"product_tag-calacatta-gold-polished","12":"product_tag-gold-calacatta","14":"first","15":"instock","16":"product-type-simple"},"_links":{"self":[{"href":"https:\/\/www.quartzite-stone.com\/de\/wp-json\/wp\/v2\/product\/2472","targetHints":{"allow":["GET"]}}],"collection":[{"href":"https:\/\/www.quartzite-stone.com\/de\/wp-json\/wp\/v2\/product"}],"about":[{"href":"https:\/\/www.quartzite-stone.com\/de\/wp-json\/wp\/v2\/types\/product"}],"replies":[{"embeddable":true,"href":"https:\/\/www.quartzite-stone.com\/de\/wp-json\/wp\/v2\/comments?post=2472"}],"wp:featuredmedia":[{"embeddable":true,"href":"https:\/\/www.quartzite-stone.com\/de\/wp-json\/wp\/v2\/media\/5637"}],"wp:attachment":[{"href":"https:\/\/www.quartzite-stone.com\/de\/wp-json\/wp\/v2\/media?parent=2472"}],"wp:term":[{"taxonomy":"product_brand","embeddable":true,"href":"https:\/\/www.quartzite-stone.com\/de\/wp-json\/wp\/v2\/product_brand?post=2472"},{"taxonomy":"product_cat","embeddable":true,"href":"https:\/\/www.quartzite-stone.com\/de\/wp-json\/wp\/v2\/product_cat?post=2472"},{"taxonomy":"product_tag","embeddable":true,"href":"https:\/\/www.quartzite-stone.com\/de\/wp-json\/wp\/v2\/product_tag?post=2472"}],"curies":[{"name":"wp","href":"https:\/\/api.w.org\/{rel}","templated":true}]}}