{"id":2671,"date":"2022-07-04T23:55:55","date_gmt":"2022-07-04T15:55:55","guid":{"rendered":"https:\/\/www.quartzite-stone.com\/product\/arctic-ocean-quartzite\/"},"modified":"2023-06-27T17:59:14","modified_gmt":"2023-06-27T09:59:14","slug":"%d9%83%d9%88%d8%a7%d8%b1%d8%aa%d8%b2%d9%8a%d8%aa-%d8%a7%d9%84%d9%85%d8%ad%d9%8a%d8%b7-%d8%a7%d9%84%d9%82%d8%b7%d8%a8%d9%8a-%d8%a7%d9%84%d8%b4%d9%85%d8%a7%d9%84%d9%8a","status":"publish","type":"product","link":"https:\/\/www.quartzite-stone.com\/ar\/products\/arctic-ocean-quartzite\/","title":{"rendered":"\u0643\u0648\u0627\u0631\u062a\u0632 \u0627\u0644\u0645\u062d\u064a\u0637 \u0627\u0644\u0645\u062a\u062c\u0645\u062f \u0627\u0644\u0634\u0645\u0627\u0644\u064a"},"content":{"rendered":"<p>\u0645\u0639\u0644\u0648\u0645\u0627\u062a \u0625\u0636\u0627\u0641\u064a\u0629<\/p>\n<table>\n<tbody>\n<tr>\n<td width=\"124\"><strong>\u0645\u0627\u062f\u0629<\/strong><\/td>\n<td width=\"444\">\u0643\u0648\u0627\u0631\u062a\u0632\u064a\u062a<\/td>\n<\/tr>\n<tr>\n<td width=\"124\"><strong>\u0644\u0648\u0646<\/strong><\/td>\n<td width=\"444\">\u0631\u0645\u0627\u062f\u064a<\/td>\n<\/tr>\n<tr>\n<td width=\"124\"><strong>\u0628\u0644\u062f \u0627\u0644\u0645\u0646\u0634\u0623<\/strong><\/td>\n<td width=\"444\">\u0627\u0644\u0628\u0631\u0627\u0632\u064a\u0644<\/td>\n<\/tr>\n<tr>\n<td width=\"124\"><strong>\u0635\u0642\u0644 \u0627\u0644\u0623\u0633\u0637\u062d<\/strong><\/td>\n<td width=\"444\">\u0645\u0635\u0642\u0648\u0644 \u060c \u0634\u062d\u0630 \u060c \u0644\u064a\u062b\u064a\u0631\u064a\u062f<\/td>\n<\/tr>\n<tr>\n<td width=\"124\"><strong>\u064a\u0633\u062a\u062e\u062f\u0645<\/strong><\/td>\n<td width=\"444\">\u0627\u0644\u0645\u0637\u0627\u0628\u062e \u0648\u0627\u0644\u062d\u0645\u0627\u0645\u0627\u062a \u0648\u0627\u0644\u0623\u0631\u0636\u064a\u0627\u062a \u0648\u0627\u0644\u062c\u062f\u0631\u0627\u0646 \u0648\u0627\u0644\u0628\u0644\u0627\u0637 \u0648\u0627\u0644\u0623\u0644\u0648\u0627\u062d<\/td>\n<\/tr>\n<tr>\n<td width=\"124\"><strong>\u0627\u0644\u062a\u0648\u0641\u0631<\/strong><\/td>\n<td width=\"444\">\u064a\u064f\u0631\u062c\u0649 \u0627\u0644\u062a\u062d\u0642\u0642 \u0645\u0646 \u062a\u0648\u0627\u0641\u0631 \u0627\u0644\u0645\u062e\u0632\u0648\u0646 \u0644\u062f\u0649 HRST STONE \u0644\u0644\u0632\u064a\u0627\u0631\u0629.<\/p>\n<p>\u0639\u064a\u0646\u0627\u062a \u0627\u0644\u0623\u062d\u062c\u0627\u0631 \u063a\u064a\u0631 \u0645\u062a\u0648\u0641\u0631\u0629 \u0623\u064a\u0636\u064b\u0627 \u0644\u0643\u0644 \u0627\u062e\u062a\u064a\u0627\u0631 \u062d\u062c\u0631 \u060c \u064a\u0631\u062c\u0649 \u0627\u0644\u0627\u0633\u062a\u0641\u0633\u0627\u0631 \u0639\u0646 \u0627\u0644\u062a\u0648\u0627\u0641\u0631.<\/p>\n<\/td>\n<\/tr>\n<\/tbody>\n<\/table>\n<p>\u0627\u0644\u0645\u062d\u064a\u0637 \u0627\u0644\u0645\u062a\u062c\u0645\u062f \u0627\u0644\u0634\u0645\u0627\u0644\u064a \u0643\u0648\u0627\u0631\u062a\u0632\u064a\u062a \u0647\u0648 \u062d\u062c\u0631 \u0637\u0628\u064a\u0639\u064a \u0628\u0647 \u062a\u064a\u0627\u0631\u0627\u062a \u0642\u0637\u0631\u064a\u0629 \u0645\u0648\u0635\u0648\u0641\u0629 \u0645\u0646 \u0627\u0644\u0623\u0628\u064a\u0636 \u0627\u0644\u0645\u0639\u062a\u062f\u0644 \u0648\u0627\u0644\u0631\u0645\u0627\u062f\u064a \u0645\u0639 \u062a\u064a\u0627\u0631\u0627\u062a \u0633\u0648\u062f\u0627\u0621 \u0648\u0627\u0633\u0639\u0629 \u0627\u0644\u0627\u0646\u062a\u0634\u0627\u0631. \u0644\u0648\u0646 \u0627\u0644\u062e\u0644\u0641\u064a\u0629 \u0627\u0644\u0631\u0645\u0627\u062f\u064a \u0627\u0644\u062c\u0644\u064a\u062f\u064a \u0627\u0644\u0641\u0631\u064a\u062f \u0645\u0646 \u0646\u0648\u0639\u0647 \u0641\u064a \u0627\u0644\u0645\u062d\u064a\u0637 \u0627\u0644\u0642\u0637\u0628\u064a \u0627\u0644\u0634\u0645\u0627\u0644\u064a \u060c \u0639\u0627\u0644\u064a \u0627\u0644\u062c\u0648\u062f\u0629 \u0648\u0644\u0643\u0646\u0647 \u062f\u0627\u0641\u0626 \u060c \u0645\u0645\u0632\u0648\u062c \u0628\u0646\u0633\u064a\u062c \u0623\u0633\u0648\u062f \u060c \u064a\u0639\u0632\u0632 \u0639\u0644\u0649 \u0627\u0644\u0641\u0648\u0631 \u062f\u0641\u0621 \u0627\u0644\u0646\u0645\u0637 \u0627\u0644\u0631\u0645\u0627\u062f\u064a \u0627\u0644\u062c\u0644\u064a\u062f\u064a \u060c \u0648\u064a\u062e\u062a\u0631\u0642 \u0647\u0630\u0627 \u0627\u0644\u0627\u0645\u062a\u062f\u0627\u062f \u0645\u0646 \u0639\u062f\u0645 \u0627\u0644\u062a\u0642\u064a\u064a\u062f \u0641\u064a \u0643\u0644 \u0632\u0627\u0648\u064a\u0629 \u060c \u062a\u0645\u0627\u0645\u064b\u0627 \u0645\u062b\u0644 \u0627\u0644\u062c\u0645\u0639 \u0628\u064a\u0646 \u062c\u0645\u0627\u0644 \u0627\u0644\u0637\u0628\u064a\u0639\u0629 \u0648\u0627\u0644\u0637\u0628\u064a\u0639\u0629 \u0623\u0639\u0637 \u0645\u0647\u0645\u0629 \u0627\u0644\u0648\u0635\u0627\u064a\u0629 \u0639\u0644\u0649 \u0627\u0644\u062d\u062c\u0631 \u0644\u0644\u0627\u0646\u062a\u0642\u0627\u0644 \u0625\u0644\u0649 \u0627\u0644\u0645\u0646\u0632\u0644.<\/p>\n<p>\u064a\u062a\u0645\u064a\u0632 \u0627\u0644\u062d\u062c\u0631 \u0627\u0644\u0637\u0628\u064a\u0639\u064a \u0646\u0641\u0633\u0647 \u0628\u0645\u0632\u0627\u064a\u0627 \u0627\u0644\u0645\u0648\u0627\u062f \u0627\u0644\u0645\u0636\u0627\u062f\u0629 \u0644\u0644\u0642\u0627\u0630\u0648\u0631\u0627\u062a \u0648\u0627\u0644\u0645\u0636\u0627\u062f\u0629 \u0644\u0644\u062e\u062f\u0634 \u0648\u0627\u0644\u0635\u062d\u0629 \u0648\u063a\u064a\u0631\u0647\u0627 \u0645\u0646 \u0627\u0644\u0645\u0648\u0627\u062f \u0627\u0644\u062a\u064a \u0644\u0627 \u062a\u062d\u062a\u0648\u064a \u0639\u0644\u064a\u0647\u0627 \u0627\u0644\u0645\u0648\u0627\u062f \u0627\u0644\u0623\u062e\u0631\u0649 \u060c \u0648\u0647\u0648 \u0623\u0643\u062b\u0631 \u0627\u0637\u0645\u0626\u0646\u0627\u0646\u064b\u0627 \u0641\u064a \u0645\u0633\u0627\u062d\u0629 \u0627\u0644\u0623\u062d\u0644\u0627\u0645 \u0627\u0644\u0647\u0627\u062f\u0626\u0629.<\/p>\n<p>Blue Arctic Ocean Quartzite \u0645\u0646\u0627\u0633\u0628 \u0644\u0645\u062c\u0645\u0648\u0639\u0629 \u0645\u062a\u0646\u0648\u0639\u0629 \u0645\u0646 \u0627\u0644\u0645\u0634\u0627\u0631\u064a\u0639 \u0627\u0644\u062f\u0627\u062e\u0644\u064a\u0629 \u0648\u0627\u0644\u062e\u0627\u0631\u062c\u064a\u0629: \u0625\u0646\u0634\u0627\u0621 \u0623\u0633\u0637\u062d \u0645\u0646 \u0627\u0644\u063a\u0631\u0627\u0646\u064a\u062a \u0645\u0630\u0647\u0644\u0629 \u0648\u062c\u0631\u064a\u0626\u0629 \u0648\u062c\u0645\u064a\u0644\u0629 \u0627\u0644\u0645\u062d\u064a\u0637 \u0627\u0644\u0645\u062a\u062c\u0645\u062f \u0627\u0644\u0634\u0645\u0627\u0644\u064a \u0639\u0628\u0627\u0631\u0629 \u0639\u0646 \u062e\u0644\u0641\u064a\u0629 \u0634\u0628\u0647 \u0628\u064a\u0636\u0627\u0621 \u0648\u0631\u062e\u0627\u0645 \u062f\u0627\u0643\u0646 \u0627\u0644\u0644\u0648\u0646 \u0645\u0633\u062a\u062e\u0631\u062c \u0641\u064a \u0643\u0646\u062f\u0627. \u0647\u0630\u0627 \u0627\u0644\u062d\u062c\u0631 \u0645\u0646\u0627\u0633\u0628 \u0628\u0634\u0643\u0644 \u062e\u0627\u0635 \u0644\u062d\u062c\u0631 \u0627\u0644\u0628\u0646\u0627\u0621 \u060c \u0648\u0627\u0644\u0645\u0635\u0627\u0631\u0641 \u060c \u0648\u0627\u0644\u0646\u0635\u0628 \u0627\u0644\u062a\u0630\u0643\u0627\u0631\u064a\u0629 \u060c \u0648\u0623\u0633\u0637\u062d \u0627\u0644\u0645\u0633\u0627\u0628\u062d \u060c \u0648\u0639\u062a\u0628\u0627\u062a \u0627\u0644\u0646\u0648\u0627\u0641\u0630 \u060c \u0648\u0623\u062d\u062c\u0627\u0631 \u0627\u0644\u0632\u064a\u0646\u0629 \u060c \u0648\u0627\u0644\u062f\u0627\u062e\u0644\u064a\u0629 \u060c \u0648\u0627\u0644\u062e\u0627\u0631\u062c\u064a\u0629 \u060c \u0648\u0627\u0644\u062c\u062f\u0631\u0627\u0646 \u060c \u0648\u0627\u0644\u0623\u0631\u0636\u064a\u0627\u062a \u060c \u0648\u0627\u0644\u0631\u0635\u0641 \u0648\u0645\u0634\u0627\u0631\u064a\u0639 \u0627\u0644\u062a\u0635\u0645\u064a\u0645 \u0627\u0644\u0623\u062e\u0631\u0649. \u064a\u064f\u0639\u0631\u0641 \u0623\u064a\u0636\u064b\u0627 \u0628\u0627\u0633\u0645 \u0627\u0644\u0645\u062d\u064a\u0637 \u0627\u0644\u0645\u062a\u062c\u0645\u062f \u0627\u0644\u0634\u0645\u0627\u0644\u064a \u060c \u0643\u0648\u0627\u0631\u062a\u0632\u064a\u062a \u0627\u0644\u0645\u062d\u064a\u0637 \u0627\u0644\u0645\u062a\u062c\u0645\u062f \u0627\u0644\u0634\u0645\u0627\u0644\u064a \u060c Spirited Away \u060c \u0641\u064a \u0633\u0648\u0642 \u0627\u0644\u062d\u062c\u0631 \u0627\u0644\u0635\u064a\u0646\u064a: Spirited Away (Qi\u0101n y\u01d4 qi\u0101n xn) \u060c \u0627\u0644\u0645\u062d\u064a\u0637 \u0627\u0644\u0645\u062a\u062c\u0645\u062f \u0627\u0644\u0634\u0645\u0627\u0644\u064a (B\u011bib\u012bngy\u00e1ng). \u064a\u0633\u0645\u0649 \u0623\u064a\u0636\u064b\u0627 \u0627\u0644\u0643\u0648\u0627\u0631\u062a\u0632\u064a\u062a \u0641\u064a \u0628\u0639\u0636 \u0627\u0644\u0645\u0635\u0627\u062f\u0631.<\/p>\n<p>\u0627\u0644\u0645\u062d\u064a\u0637 \u0627\u0644\u0645\u062a\u062c\u0645\u062f \u0627\u0644\u0634\u0645\u0627\u0644\u064a \u0643\u0648\u0627\u0631\u062a\u0632\u064a\u062a \u0647\u0648 \u062d\u062c\u0631 \u0637\u0628\u064a\u0639\u064a \u0645\u0639 \u062a\u062f\u0641\u0642\u0627\u062a \u0645\u0627\u0626\u0644\u0629 \u0628\u064a\u0636\u0627\u0621 \u0648\u0631\u0645\u0627\u062f\u064a\u0629 \u0634\u0627\u062d\u0628\u0629 \u0648\u0627\u0636\u062d\u0629 \u0627\u0644\u0645\u0639\u0627\u0644\u0645 \u0648\u062a\u062f\u0641\u0642 \u0623\u0633\u0648\u062f \u0648\u0627\u0633\u0639 \u0627\u0644\u0627\u0646\u062a\u0634\u0627\u0631.<\/p>\n<p>&nbsp;<\/p>\n<p>\u0633\u0645\u0627\u062a:<\/p>\n<p>\u0645\u0642\u0627\u0648\u0645\u0629 \u0627\u0644\u0627\u0646\u062d\u0646\u0627\u0621 \u0648\u0627\u0644\u062a\u0623\u062b\u064a\u0631 \u060c \u0642\u062f\u0631\u0629 \u062a\u062d\u0645\u0644 \u0642\u0648\u064a\u0629<\/p>\n<p>\u0635\u0646\u0639\u0629 \u0631\u0627\u0626\u0639\u0629 \u060c \u0645\u0645\u062a\u0627\u0632\u0629 \u063a\u064a\u0631 \u0642\u0627\u0628\u0644\u0629 \u0644\u0644\u0627\u0646\u0632\u0644\u0627\u0642<\/p>\n<p>\u0643\u0648\u0627\u0631\u062a\u0632\u064a\u062a \u0627\u0644\u0645\u062d\u064a\u0637 \u0627\u0644\u0645\u062a\u062c\u0645\u062f \u0627\u0644\u0634\u0645\u0627\u0644\u064a \u0645\u0642\u0627\u0648\u0645 \u0644\u0644\u062d\u0631\u064a\u0642 \u0648\u0645\u0642\u0627\u0648\u0645 \u0644\u062f\u0631\u062c\u0627\u062a \u0627\u0644\u062d\u0631\u0627\u0631\u0629 \u0627\u0644\u0639\u0627\u0644\u064a\u0629<\/p>\n<p>\u0645\u0642\u0627\u0648\u0645\u0629 \u062c\u064a\u062f\u0629 \u0644\u0644\u062a\u0622\u0643\u0644 \u0648\u062f\u0627\u0626\u0645<\/p>\n<p>\u0643\u062b\u064a\u0641\u0629 \u0648\u0633\u0645\u064a\u0643\u0629 \u060c \u0641\u0627\u0626\u0642\u0629 \u0645\u0642\u0627\u0648\u0645\u0629 \u0627\u0644\u0642\u0627\u0630\u0648\u0631\u0627\u062a<\/p>\n<p>\u0636\u0639\u0641 \u0627\u0645\u062a\u0635\u0627\u0635 \u0627\u0644\u0645\u0627\u0621 \u060c \u0645\u0642\u0627\u0648\u0645 \u0644\u0644\u0645\u0627\u0621 \u0648\u0627\u0644\u0631\u0637\u0648\u0628\u0629<\/p>\n<p>\u0627\u0644\u0645\u0644\u0645\u0633 \u0645\u062a\u0642\u062f\u0645 \u0648\u0627\u0644\u062c\u0648 \u062f\u0627\u0641\u0626 \u0639\u0646\u062f \u0627\u0644\u0644\u0645\u0633<\/p>\n<p>\u0637\u0628\u0642\u0627\u062a \u0636\u064a\u0642\u0629 \u0635\u0627\u0631\u0645\u0629 \u060c \u062a\u0633\u0637\u064a\u062d \u0639\u0627\u0644\u064a<\/p>\n<p><img decoding=\"async\" class=\"aligncenter\" src=\"https:\/\/data.adwebcloud.com\/public\/material\/220426a7q47o\/product\/imageFile_1664271784238.jpg\" alt=\"\" \/><\/p>\n<p><img decoding=\"async\" class=\"aligncenter\" src=\"https:\/\/data.adwebcloud.com\/public\/material\/220426a7q47o\/product\/imageFile_1664271785117.jpg\" alt=\"\" \/><\/p>\n<p><img decoding=\"async\" class=\"aligncenter\" src=\"https:\/\/data.adwebcloud.com\/public\/material\/220426a7q47o\/product\/imageFile_1664271787650.jpg\" alt=\"\" \/><\/p>\n<p><img decoding=\"async\" class=\"aligncenter\" src=\"https:\/\/data.adwebcloud.com\/public\/material\/220426a7q47o\/product\/imageFile_1664271788680.jpg\" alt=\"\" \/><\/p>\n<p>&nbsp;<\/p><\/p>","protected":false},"excerpt":{"rendered":"<p>\u0627\u0644\u0645\u062d\u064a\u0637 \u0627\u0644\u0645\u062a\u062c\u0645\u062f \u0627\u0644\u0634\u0645\u0627\u0644\u064a \u0643\u0648\u0627\u0631\u062a\u0632\u064a\u062a \u0647\u0648 \u062d\u062c\u0631 \u0637\u0628\u064a\u0639\u064a \u0628\u0647 \u062a\u064a\u0627\u0631\u0627\u062a \u0642\u0637\u0631\u064a\u0629 \u0645\u0648\u0635\u0648\u0641\u0629 \u0645\u0646 \u0627\u0644\u0623\u0628\u064a\u0636 \u0627\u0644\u0645\u0639\u062a\u062f\u0644 \u0648\u0627\u0644\u0631\u0645\u0627\u062f\u064a \u0645\u0639 \u062a\u064a\u0627\u0631\u0627\u062a \u0633\u0648\u062f\u0627\u0621 \u0648\u0627\u0633\u0639\u0629 \u0627\u0644\u0627\u0646\u062a\u0634\u0627\u0631. \u0644\u0648\u0646 \u0627\u0644\u062e\u0644\u0641\u064a\u0629 \u0627\u0644\u0631\u0645\u0627\u062f\u064a \u0627\u0644\u062c\u0644\u064a\u062f\u064a \u0627\u0644\u0641\u0631\u064a\u062f \u0644\u0643\u0648\u0627\u0631\u062a\u0632 \u0627\u0644\u0645\u062d\u064a\u0637 \u0627\u0644\u0642\u0637\u0628\u064a \u0627\u0644\u0634\u0645\u0627\u0644\u064a \u060c \u0639\u0627\u0644\u064a \u0627\u0644\u062c\u0648\u062f\u0629 \u0648\u0644\u0643\u0646\u0647 \u062f\u0627\u0641\u0626 \u060c \u0645\u0645\u0632\u0648\u062c \u0628\u0627\u0644\u0645\u0644\u0645\u0633 \u0627\u0644\u0623\u0633\u0648\u062f \u060c \u064a\u0639\u0632\u0632 \u0639\u0644\u0649 \u0627\u0644\u0641\u0648\u0631 \u062f\u0641\u0621 \u0627\u0644\u0644\u0648\u0646 \u0627\u0644\u0631\u0645\u0627\u062f\u064a \u0627\u0644\u062c\u0644\u064a\u062f\u064a ...<\/p>","protected":false},"featured_media":7519,"comment_status":"closed","ping_status":"closed","template":"","meta":[],"product_brand":[],"product_cat":[195],"product_tag":[1128,1132,1130,1131,1136,1133,1134,1135,1006],"class_list":{"0":"post-2671","1":"product","2":"type-product","3":"status-publish","4":"has-post-thumbnail","6":"product_cat-quartzite","7":"product_tag-arctic-ocean-quartzite-bathrooms","8":"product_tag-arctic-ocean-quartzite-countertop","9":"product_tag-arctic-ocean-quartzite-floors","10":"product_tag-arctic-ocean-quartzite-kitchens","11":"product_tag-arctic-ocean-quartzite-price","12":"product_tag-arctic-ocean-quartzite-slabs","13":"product_tag-arctic-ocean-quartzite-tiles","14":"product_tag-arctic-ocean-quartzite-walls","15":"product_tag-grey-quartzite","17":"first","18":"instock","19":"product-type-simple"},"_links":{"self":[{"href":"https:\/\/www.quartzite-stone.com\/ar\/wp-json\/wp\/v2\/product\/2671","targetHints":{"allow":["GET"]}}],"collection":[{"href":"https:\/\/www.quartzite-stone.com\/ar\/wp-json\/wp\/v2\/product"}],"about":[{"href":"https:\/\/www.quartzite-stone.com\/ar\/wp-json\/wp\/v2\/types\/product"}],"replies":[{"embeddable":true,"href":"https:\/\/www.quartzite-stone.com\/ar\/wp-json\/wp\/v2\/comments?post=2671"}],"wp:featuredmedia":[{"embeddable":true,"href":"https:\/\/www.quartzite-stone.com\/ar\/wp-json\/wp\/v2\/media\/7519"}],"wp:attachment":[{"href":"https:\/\/www.quartzite-stone.com\/ar\/wp-json\/wp\/v2\/media?parent=2671"}],"wp:term":[{"taxonomy":"product_brand","embeddable":true,"href":"https:\/\/www.quartzite-stone.com\/ar\/wp-json\/wp\/v2\/product_brand?post=2671"},{"taxonomy":"product_cat","embeddable":true,"href":"https:\/\/www.quartzite-stone.com\/ar\/wp-json\/wp\/v2\/product_cat?post=2671"},{"taxonomy":"product_tag","embeddable":true,"href":"https:\/\/www.quartzite-stone.com\/ar\/wp-json\/wp\/v2\/product_tag?post=2671"}],"curies":[{"name":"\u062f\u0628\u0644\u064a\u0648 \u0628\u064a","href":"https:\/\/api.w.org\/{rel}","templated":true}]}}